{"id":8341,"date":"2020-06-01T18:04:44","date_gmt":"2020-06-01T16:04:44","guid":{"rendered":"http:\/\/easda.es\/wp\/?page_id=8341"},"modified":"2024-07-11T10:39:01","modified_gmt":"2024-07-11T08:39:01","slug":"otras-gestiones-administrativas","status":"publish","type":"page","link":"https:\/\/easda.es\/?page_id=8341","title":{"rendered":"Gestiones Administrativas"},"content":{"rendered":"\n<p>[vc_row gap=\u00bb30&#8243;][vc_column][vc_row_inner][vc_column_inner]<div class=\"qodef-section-title-holder  qodef-st-standard qodef-st-title-left qodef-st-normal-space \" >\n\t<div class=\"qodef-st-inner\">\n\t\t\t\t\t<h2 class=\"qodef-st-title\" >\n\t\t\t\tGestiones Administrativas\t\t\t<\/h2>\n\t\t\t\t\t<\/div>\n<\/div>[vc_empty_space height=\u00bb24px\u00bb][vc_column_text]<\/p>\n\n\n\n<p><strong>HORARIO DE ATENCI\u00d3N GESTIONES ADMINISTRATIVAS:<\/strong><\/p>\n\n\n\n<p>&#8211; De lunes a viernes de 9:00h a 13:30h (*)<br>&#8211; Jueves tambi\u00e9n de 16:30h a 19:00h<\/p>\n\n\n\n<p>*(a partir del d\u00eda 01\/07\/24 el horario de atenci\u00f3n al p\u00fablico ser\u00e1 de 9:00 a 14:00 horas. Por las tardes la escuela permanecer\u00e1 cerrada).<\/p>\n\n\n\n<p><\/p>\n\n\n\n<p>  [\/vc_column_text] [vc_empty_space height=\u00bb40px\u00bb][vc_wp_custommenu nav_menu=\u00bb553&#8243; el_class=\u00bbasignaturas\u00bb][\/vc_column_inner][\/vc_row_inner][\/vc_column][\/vc_row]    <\/p>\n\n\n\n<p><\/p>\n\n\n\n<p><\/p>\n\n\n\n<p><\/p>\n\n\n\n<p><\/p>\n\n\n\n<p><\/p>\n\n\n\n<p><\/p>\n\n\n\n<p><\/p>\n","protected":false},"excerpt":{"rendered":"<p>[vc_row gap=\u00bb30&#8243;][vc_column][vc_row_inner][vc_column_inner][vc_empty_space height=\u00bb24px\u00bb][vc_column_text] HORARIO DE ATENCI\u00d3N GESTIONES ADMINISTRATIVAS: &#8211; De lunes a viernes de 9:00h a 13:30h (*)&#8211; Jueves tambi\u00e9n de 16:30h a 19:00h *(a partir del d\u00eda 01\/07\/24 el horario de atenci\u00f3n al p\u00fablico ser\u00e1 de 9:00 a 14:00 [&hellip;]<\/p>\n","protected":false},"author":8,"featured_media":0,"parent":0,"menu_order":0,"comment_status":"closed","ping_status":"closed","template":"","meta":{"footnotes":""},"class_list":["post-8341","page","type-page","status-publish","hentry"],"_links":{"self":[{"href":"https:\/\/easda.es\/index.php?rest_route=\/wp\/v2\/pages\/8341","targetHints":{"allow":["GET"]}}],"collection":[{"href":"https:\/\/easda.es\/index.php?rest_route=\/wp\/v2\/pages"}],"about":[{"href":"https:\/\/easda.es\/index.php?rest_route=\/wp\/v2\/types\/page"}],"author":[{"embeddable":true,"href":"https:\/\/easda.es\/index.php?rest_route=\/wp\/v2\/users\/8"}],"replies":[{"embeddable":true,"href":"https:\/\/easda.es\/index.php?rest_route=%2Fwp%2Fv2%2Fcomments&post=8341"}],"version-history":[{"count":31,"href":"https:\/\/easda.es\/index.php?rest_route=\/wp\/v2\/pages\/8341\/revisions"}],"predecessor-version":[{"id":16712,"href":"https:\/\/easda.es\/index.php?rest_route=\/wp\/v2\/pages\/8341\/revisions\/16712"}],"wp:attachment":[{"href":"https:\/\/easda.es\/index.php?rest_route=%2Fwp%2Fv2%2Fmedia&parent=8341"}],"curies":[{"name":"wp","href":"https:\/\/api.w.org\/{rel}","templated":true}]}}