{"id":79,"date":"2022-03-20T20:15:00","date_gmt":"2022-03-20T19:15:00","guid":{"rendered":"http:\/\/scribbler.select-themes.com\/?page_id=79"},"modified":"2026-04-02T10:04:42","modified_gmt":"2026-04-02T08:04:42","slug":"inicio","status":"publish","type":"page","link":"https:\/\/easda.es\/","title":{"rendered":"Inicio"},"content":{"rendered":"<p>[vc_row css_animation=\u00bbnone\u00bb]<\/p>\n<p>[vc_column css_animation=\u00bbfadeIn\u00bb el_class=\u00bbminibanners\u00bb offset=\u00bbvc_col-lg-offset-0 vc_col-lg-4 vc_col-md-offset-0 vc_col-md-4 vc_col-sm-offset-0 vc_col-xs-12&#8243;][vc_row_inner][vc_column_inner]<div class=\"qodef-banner-holder minibanner qodef-visible-on-default\">\n    <div class=\"qodef-banner-image\">\n        <img loading=\"lazy\" decoding=\"async\" width=\"550\" height=\"550\" src=\"https:\/\/easda.es\/wp-content\/uploads\/2026\/04\/MasterBotonHome_5.jpg\" class=\"attachment-full size-full\" alt=\"\" srcset=\"https:\/\/easda.es\/wp-content\/uploads\/2026\/04\/MasterBotonHome_5.jpg 550w, https:\/\/easda.es\/wp-content\/uploads\/2026\/04\/MasterBotonHome_5-300x300.jpg 300w, https:\/\/easda.es\/wp-content\/uploads\/2026\/04\/MasterBotonHome_5-150x150.jpg 150w\" sizes=\"auto, (max-width: 550px) 100vw, 550px\" \/>    <\/div>\n    <div class=\"qodef-banner-text-holder\" >\n\t    <div class=\"qodef-banner-text-outer\">\n\t\t    <div class=\"qodef-banner-text-inner\">\n\t\t\t\t\t\t\t\t\t<div class=\"qodef-banner-title\" >\n\t\t\t\t\tM\u00e1ster en Ense\u00f1anzas Art\u00edsticas\t\t\t\t\t<\/div>\n\t\t\t\t\t\t        \t\t\t\t\t\t            <a itemprop=\"url\" href=\"http:\/\/easda.es\/?page_id=12134\" target=\"_self\" class=\"qodef-banner-link-text\" >\n\t\t\t            <span class=\"qodef-banner-link-original\">\n\t\t\t\t            <span class=\"qodef-banner-link-icon ion-arrow-right-c\"><\/span>\n\t\t\t                <span class=\"qodef-banner-link-label\">Ver<\/span>\n\t\t\t            <\/span>\n\t\t\t            <span class=\"qodef-banner-link-hover\">\n\t\t\t\t            <span class=\"qodef-banner-link-icon ion-arrow-right-c\"><\/span>\n\t\t\t                <span class=\"qodef-banner-link-label\">Ver<\/span>\n\t\t\t            <\/span>\n\t\t            <\/a>\n\t\t        \t\t\t<\/div>\n\t\t<\/div>\n\t<\/div>\n\t        <a itemprop=\"url\" class=\"qodef-banner-link\" href=\"http:\/\/easda.es\/?page_id=12134\" target=\"_self\"><\/a>\n    <\/div>[vc_empty_space][\/vc_column_inner][\/vc_row_inner][\/vc_column]<\/p>\n<p>[vc_column css_animation=\u00bbfadeIn\u00bb el_class=\u00bbminibanners\u00bb offset=\u00bbvc_col-lg-offset-0 vc_col-lg-4 vc_col-md-offset-0 vc_col-md-4 vc_col-sm-offset-0 vc_col-xs-12&#8243;][vc_row_inner][vc_column_inner]<div class=\"qodef-banner-holder minibanner qodef-visible-on-default\">\n    <div class=\"qodef-banner-image\">\n        <img loading=\"lazy\" decoding=\"async\" width=\"800\" height=\"800\" src=\"https:\/\/easda.es\/wp-content\/uploads\/2018\/12\/estudios-superiores-destacado.jpg\" class=\"attachment-full size-full\" alt=\"\" srcset=\"https:\/\/easda.es\/wp-content\/uploads\/2018\/12\/estudios-superiores-destacado.jpg 800w, https:\/\/easda.es\/wp-content\/uploads\/2018\/12\/estudios-superiores-destacado-150x150.jpg 150w, https:\/\/easda.es\/wp-content\/uploads\/2018\/12\/estudios-superiores-destacado-300x300.jpg 300w, https:\/\/easda.es\/wp-content\/uploads\/2018\/12\/estudios-superiores-destacado-768x768.jpg 768w, https:\/\/easda.es\/wp-content\/uploads\/2018\/12\/estudios-superiores-destacado-550x550.jpg 550w\" sizes=\"auto, (max-width: 800px) 100vw, 800px\" \/>    <\/div>\n    <div class=\"qodef-banner-text-holder\" >\n\t    <div class=\"qodef-banner-text-outer\">\n\t\t    <div class=\"qodef-banner-text-inner\">\n\t\t\t\t\t\t\t\t\t<div class=\"qodef-banner-title\" >\n\t\t\t\t\tGrados en Ense\u00f1anzas Art\u00edsticas Superiores de Dise\u00f1o\t\t\t\t\t<\/div>\n\t\t\t\t\t\t        \t\t\t\t\t\t            <a itemprop=\"url\" href=\"http:\/\/easda.es\/?page_id=2756\" target=\"_self\" class=\"qodef-banner-link-text\" >\n\t\t\t            <span class=\"qodef-banner-link-original\">\n\t\t\t\t            <span class=\"qodef-banner-link-icon ion-arrow-right-c\"><\/span>\n\t\t\t                <span class=\"qodef-banner-link-label\">Ver<\/span>\n\t\t\t            <\/span>\n\t\t\t            <span class=\"qodef-banner-link-hover\">\n\t\t\t\t            <span class=\"qodef-banner-link-icon ion-arrow-right-c\"><\/span>\n\t\t\t                <span class=\"qodef-banner-link-label\">Ver<\/span>\n\t\t\t            <\/span>\n\t\t            <\/a>\n\t\t        \t\t\t<\/div>\n\t\t<\/div>\n\t<\/div>\n\t        <a itemprop=\"url\" class=\"qodef-banner-link\" href=\"http:\/\/easda.es\/?page_id=2756\" target=\"_self\"><\/a>\n    <\/div>[vc_empty_space][\/vc_column_inner][\/vc_row_inner][\/vc_column]<\/p>\n<p>[vc_column css_animation=\u00bbfadeIn\u00bb el_class=\u00bbminibanners\u00bb offset=\u00bbvc_col-lg-offset-0 vc_col-lg-4 vc_col-md-offset-0 vc_col-md-4 vc_col-sm-offset-0 vc_col-xs-12&#8243;][vc_row_inner][vc_column_inner]<div class=\"qodef-banner-holder minibanner qodef-visible-on-default\">\n    <div class=\"qodef-banner-image\">\n        <img loading=\"lazy\" decoding=\"async\" width=\"800\" height=\"800\" src=\"https:\/\/easda.es\/wp-content\/uploads\/2018\/12\/ciclos-formativos-destacada.jpg\" class=\"attachment-full size-full\" alt=\"\" srcset=\"https:\/\/easda.es\/wp-content\/uploads\/2018\/12\/ciclos-formativos-destacada.jpg 800w, https:\/\/easda.es\/wp-content\/uploads\/2018\/12\/ciclos-formativos-destacada-150x150.jpg 150w, https:\/\/easda.es\/wp-content\/uploads\/2018\/12\/ciclos-formativos-destacada-300x300.jpg 300w, https:\/\/easda.es\/wp-content\/uploads\/2018\/12\/ciclos-formativos-destacada-768x768.jpg 768w, https:\/\/easda.es\/wp-content\/uploads\/2018\/12\/ciclos-formativos-destacada-550x550.jpg 550w\" sizes=\"auto, (max-width: 800px) 100vw, 800px\" \/>    <\/div>\n    <div class=\"qodef-banner-text-holder\" >\n\t    <div class=\"qodef-banner-text-outer\">\n\t\t    <div class=\"qodef-banner-text-inner\">\n\t\t\t\t\t\t\t\t\t<div class=\"qodef-banner-title\" >\n\t\t\t\t\tCiclos Formativos de Artes Pl\u00e1sticas y Dise\u00f1o\t\t\t\t\t<\/div>\n\t\t\t\t\t\t        \t\t\t\t\t\t            <a itemprop=\"url\" href=\"http:\/\/easda.es\/?page_id=2758\" target=\"_self\" class=\"qodef-banner-link-text\" >\n\t\t\t            <span class=\"qodef-banner-link-original\">\n\t\t\t\t            <span class=\"qodef-banner-link-icon ion-arrow-right-c\"><\/span>\n\t\t\t                <span class=\"qodef-banner-link-label\">Ver<\/span>\n\t\t\t            <\/span>\n\t\t\t            <span class=\"qodef-banner-link-hover\">\n\t\t\t\t            <span class=\"qodef-banner-link-icon ion-arrow-right-c\"><\/span>\n\t\t\t                <span class=\"qodef-banner-link-label\">Ver<\/span>\n\t\t\t            <\/span>\n\t\t            <\/a>\n\t\t        \t\t\t<\/div>\n\t\t<\/div>\n\t<\/div>\n\t        <a itemprop=\"url\" class=\"qodef-banner-link\" href=\"http:\/\/easda.es\/?page_id=2758\" target=\"_self\"><\/a>\n    <\/div>[vc_empty_space][\/vc_column_inner][\/vc_row_inner][\/vc_column]<\/p>\n<p>[vc_row css_animation=\u00bbnone\u00bb]<\/p>\n<p>[vc_column css_animation=\u00bbfadeIn\u00bb el_class=\u00bbminibanners\u00bb offset=\u00bbvc_col-lg-offset-0 vc_col-lg-4 vc_col-md-offset-0 vc_col-md-4 vc_col-sm-offset-0 vc_col-xs-12&#8243;][vc_row_inner][vc_column_inner]<div class=\"qodef-banner-holder minibanner qodef-visible-on-default\">\n    <div class=\"qodef-banner-image\">\n        <img loading=\"lazy\" decoding=\"async\" width=\"1200\" height=\"798\" src=\"https:\/\/easda.es\/wp-content\/uploads\/2019\/04\/onu.jpg\" class=\"attachment-full size-full\" alt=\"\" srcset=\"https:\/\/easda.es\/wp-content\/uploads\/2019\/04\/onu.jpg 1200w, https:\/\/easda.es\/wp-content\/uploads\/2019\/04\/onu-300x200.jpg 300w, https:\/\/easda.es\/wp-content\/uploads\/2019\/04\/onu-768x511.jpg 768w, https:\/\/easda.es\/wp-content\/uploads\/2019\/04\/onu-1024x681.jpg 1024w\" sizes=\"auto, (max-width: 1200px) 100vw, 1200px\" \/>    <\/div>\n    <div class=\"qodef-banner-text-holder\" >\n\t    <div class=\"qodef-banner-text-outer\">\n\t\t    <div class=\"qodef-banner-text-inner\">\n\t\t\t\t\t\t\t\t\t<div class=\"qodef-banner-title\" >\n\t\t\t\t\tPan-European Seal\t\t\t\t\t<\/div>\n\t\t\t\t\t\t        \t\t\t\t\t\t            <a itemprop=\"url\" href=\"http:\/\/easda.es\/?p=13791\" target=\"_self\" class=\"qodef-banner-link-text\" >\n\t\t\t            <span class=\"qodef-banner-link-original\">\n\t\t\t\t            <span class=\"qodef-banner-link-icon ion-arrow-right-c\"><\/span>\n\t\t\t                <span class=\"qodef-banner-link-label\">Ver<\/span>\n\t\t\t            <\/span>\n\t\t\t            <span class=\"qodef-banner-link-hover\">\n\t\t\t\t            <span class=\"qodef-banner-link-icon ion-arrow-right-c\"><\/span>\n\t\t\t                <span class=\"qodef-banner-link-label\">Ver<\/span>\n\t\t\t            <\/span>\n\t\t            <\/a>\n\t\t        \t\t\t<\/div>\n\t\t<\/div>\n\t<\/div>\n\t        <a itemprop=\"url\" class=\"qodef-banner-link\" href=\"http:\/\/easda.es\/?p=13791\" target=\"_self\"><\/a>\n    <\/div>[vc_empty_space][\/vc_column_inner][\/vc_row_inner][\/vc_column]<\/p>\n<p>[vc_column css_animation=\u00bbfadeIn\u00bb offset=\u00bbvc_col-lg-offset-0 vc_col-lg-4 vc_col-md-offset-0 vc_col-md-4 vc_col-sm-offset-0 vc_col-xs-12&#8243;][vc_row_inner][vc_column_inner]<div class=\"qodef-banner-holder minibanner qodef-visible-on-default\">\n    <div class=\"qodef-banner-image\">\n        <img loading=\"lazy\" decoding=\"async\" width=\"1200\" height=\"798\" src=\"https:\/\/easda.es\/wp-content\/uploads\/2021\/03\/carta_eche.jpg\" class=\"attachment-full size-full\" alt=\"\" srcset=\"https:\/\/easda.es\/wp-content\/uploads\/2021\/03\/carta_eche.jpg 1200w, https:\/\/easda.es\/wp-content\/uploads\/2021\/03\/carta_eche-300x200.jpg 300w, https:\/\/easda.es\/wp-content\/uploads\/2021\/03\/carta_eche-1024x681.jpg 1024w, https:\/\/easda.es\/wp-content\/uploads\/2021\/03\/carta_eche-768x511.jpg 768w\" sizes=\"auto, (max-width: 1200px) 100vw, 1200px\" \/>    <\/div>\n    <div class=\"qodef-banner-text-holder\" >\n\t    <div class=\"qodef-banner-text-outer\">\n\t\t    <div class=\"qodef-banner-text-inner\">\n\t\t\t\t\t\t\t\t\t<div class=\"qodef-banner-title\" >\n\t\t\t\t\tCarta ECHE \/ Reconocimiento ONU\t\t\t\t\t<\/div>\n\t\t\t\t\t\t        \t\t\t\t\t\t            <a itemprop=\"url\" href=\"http:\/\/easda.es\/?p=6381\" target=\"_blank\" class=\"qodef-banner-link-text\" >\n\t\t\t            <span class=\"qodef-banner-link-original\">\n\t\t\t\t            <span class=\"qodef-banner-link-icon ion-arrow-right-c\"><\/span>\n\t\t\t                <span class=\"qodef-banner-link-label\">Ver<\/span>\n\t\t\t            <\/span>\n\t\t\t            <span class=\"qodef-banner-link-hover\">\n\t\t\t\t            <span class=\"qodef-banner-link-icon ion-arrow-right-c\"><\/span>\n\t\t\t                <span class=\"qodef-banner-link-label\">Ver<\/span>\n\t\t\t            <\/span>\n\t\t            <\/a>\n\t\t        \t\t\t<\/div>\n\t\t<\/div>\n\t<\/div>\n\t        <a itemprop=\"url\" class=\"qodef-banner-link\" href=\"http:\/\/easda.es\/?p=6381\" target=\"_blank\"><\/a>\n    <\/div>[vc_empty_space][\/vc_column_inner][\/vc_row_inner][\/vc_column]<\/p>\n<p>[vc_column css_animation=\u00bbfadeIn\u00bb offset=\u00bbvc_col-lg-offset-0 vc_col-lg-4 vc_col-md-offset-0 vc_col-md-4 vc_col-sm-offset-0 vc_col-xs-12&#8243;][vc_row_inner][vc_column_inner]<div class=\"qodef-banner-holder minibanner qodef-visible-on-default\">\n    <div class=\"qodef-banner-image\">\n        <img loading=\"lazy\" decoding=\"async\" width=\"902\" height=\"600\" src=\"https:\/\/easda.es\/wp-content\/uploads\/2019\/04\/bolsaempleo-e1647958718122.jpg\" class=\"attachment-full size-full\" alt=\"\" \/>    <\/div>\n    <div class=\"qodef-banner-text-holder\" >\n\t    <div class=\"qodef-banner-text-outer\">\n\t\t    <div class=\"qodef-banner-text-inner\">\n\t\t\t\t\t\t\t\t\t<div class=\"qodef-banner-title\" >\n\t\t\t\t\tPr\u00e1cticas en Empresa\t\t\t\t\t<\/div>\n\t\t\t\t\t\t        \t\t\t\t\t\t            <a itemprop=\"url\" href=\"http:\/\/easda.es\/?page_id=18249\" target=\"_self\" class=\"qodef-banner-link-text\" >\n\t\t\t            <span class=\"qodef-banner-link-original\">\n\t\t\t\t            <span class=\"qodef-banner-link-icon ion-arrow-right-c\"><\/span>\n\t\t\t                <span class=\"qodef-banner-link-label\">Ver<\/span>\n\t\t\t            <\/span>\n\t\t\t            <span class=\"qodef-banner-link-hover\">\n\t\t\t\t            <span class=\"qodef-banner-link-icon ion-arrow-right-c\"><\/span>\n\t\t\t                <span class=\"qodef-banner-link-label\">Ver<\/span>\n\t\t\t            <\/span>\n\t\t            <\/a>\n\t\t        \t\t\t<\/div>\n\t\t<\/div>\n\t<\/div>\n\t        <a itemprop=\"url\" class=\"qodef-banner-link\" href=\"http:\/\/easda.es\/?page_id=18249\" target=\"_self\"><\/a>\n    <\/div>[vc_empty_space][\/vc_column_inner][\/vc_row_inner][\/vc_column][\/vc_row][vc_row][vc_column][vc_empty_space height=\u00bb80px\u00bb][\/vc_column][\/vc_row]<\/p>\n\n\n<p><\/p>\n","protected":false},"excerpt":{"rendered":"<p>[vc_row css_animation=\u00bbnone\u00bb] [vc_column css_animation=\u00bbfadeIn\u00bb el_class=\u00bbminibanners\u00bb offset=\u00bbvc_col-lg-offset-0 vc_col-lg-4 vc_col-md-offset-0 vc_col-md-4 vc_col-sm-offset-0 vc_col-xs-12&#8243;][vc_row_inner][vc_column_inner][vc_empty_space][\/vc_column_inner][\/vc_row_inner][\/vc_column] [vc_column css_animation=\u00bbfadeIn\u00bb el_class=\u00bbminibanners\u00bb offset=\u00bbvc_col-lg-offset-0 vc_col-lg-4 vc_col-md-offset-0 vc_col-md-4 vc_col-sm-offset-0 vc_col-xs-12&#8243;][vc_row_inner][vc_column_inner][vc_empty_space][\/vc_column_inner][\/vc_row_inner][\/vc_column] [vc_column css_animation=\u00bbfadeIn\u00bb el_class=\u00bbminibanners\u00bb offset=\u00bbvc_col-lg-offset-0 vc_col-lg-4 vc_col-md-offset-0 vc_col-md-4 vc_col-sm-offset-0 vc_col-xs-12&#8243;][vc_row_inner][vc_column_inner][vc_empty_space][\/vc_column_inner][\/vc_row_inner][\/vc_column] [vc_row css_animation=\u00bbnone\u00bb] [vc_column css_animation=\u00bbfadeIn\u00bb el_class=\u00bbminibanners\u00bb offset=\u00bbvc_col-lg-offset-0 vc_col-lg-4 vc_col-md-offset-0 vc_col-md-4 vc_col-sm-offset-0 vc_col-xs-12&#8243;][vc_row_inner][vc_column_inner][vc_empty_space][\/vc_column_inner][\/vc_row_inner][\/vc_column] [&hellip;]<\/p>\n","protected":false},"author":10,"featured_media":0,"parent":0,"menu_order":0,"comment_status":"closed","ping_status":"closed","template":"","meta":{"footnotes":""},"class_list":["post-79","page","type-page","status-publish","hentry"],"_links":{"self":[{"href":"https:\/\/easda.es\/index.php?rest_route=\/wp\/v2\/pages\/79","targetHints":{"allow":["GET"]}}],"collection":[{"href":"https:\/\/easda.es\/index.php?rest_route=\/wp\/v2\/pages"}],"about":[{"href":"https:\/\/easda.es\/index.php?rest_route=\/wp\/v2\/types\/page"}],"author":[{"embeddable":true,"href":"https:\/\/easda.es\/index.php?rest_route=\/wp\/v2\/users\/10"}],"replies":[{"embeddable":true,"href":"https:\/\/easda.es\/index.php?rest_route=%2Fwp%2Fv2%2Fcomments&post=79"}],"version-history":[{"count":345,"href":"https:\/\/easda.es\/index.php?rest_route=\/wp\/v2\/pages\/79\/revisions"}],"predecessor-version":[{"id":21043,"href":"https:\/\/easda.es\/index.php?rest_route=\/wp\/v2\/pages\/79\/revisions\/21043"}],"wp:attachment":[{"href":"https:\/\/easda.es\/index.php?rest_route=%2Fwp%2Fv2%2Fmedia&parent=79"}],"curies":[{"name":"wp","href":"https:\/\/api.w.org\/{rel}","templated":true}]}}