{"id":7276,"date":"2019-07-25T07:10:03","date_gmt":"2019-07-25T07:10:03","guid":{"rendered":"http:\/\/easda.es\/wp\/?page_id=7276"},"modified":"2025-09-10T10:44:24","modified_gmt":"2025-09-10T08:44:24","slug":"business-english-for-designers","status":"publish","type":"page","link":"https:\/\/easda.es\/?page_id=7276","title":{"rendered":"Business English for Designers"},"content":{"rendered":"<p>[vc_row][vc_column]<div class=\"avt_masterslider_el \" >\n\t\t<!-- MasterSlider -->\n\t\t<div id=\"P_MS69e094d147e5e\" class=\"master-slider-parent msl ms-parent-id-54\" style=\"max-width:800px;\">\n\n\t\t\t\n\t\t\t<!-- MasterSlider Main -->\n\t\t\t<div id=\"MS69e094d147e5e\" class=\"master-slider ms-skin-default\" >\n\t\t\t\t \t\t\t\t \n\t\t\t\t<div  class=\"ms-slide\" data-delay=\"3\" data-fill-mode=\"fill\"  >\n\t\t\t\t\t<img decoding=\"async\" src=\"https:\/\/easda.es\/wp-content\/plugins\/master-slider\/public\/assets\/css\/blank.gif\" alt=\"\" title=\"\" data-src=\"https:\/\/easda.es\/wp-content\/uploads\/2020\/07\/business-1-1.jpg\" \/>\n\n\n\t<div class=\"ms-thumb\" ><div class=\"ms-tab-context\"><div class=\"&quot;ms-tab-context&quot;\"><\/div><\/div>\n<\/div>\n\t\t\t\t<\/div>\n\t\t\t\t<div  class=\"ms-slide\" data-delay=\"3\" data-fill-mode=\"fill\"  >\n\t\t\t\t\t<img decoding=\"async\" src=\"https:\/\/easda.es\/wp-content\/plugins\/master-slider\/public\/assets\/css\/blank.gif\" alt=\"\" title=\"\" data-src=\"https:\/\/easda.es\/wp-content\/uploads\/2020\/07\/business-2-1.jpg\" \/>\n\n\n\t<div class=\"ms-thumb\" ><div class=\"ms-tab-context\"><div class=\"&quot;ms-tab-context&quot;\"><\/div><\/div>\n<\/div>\n\t\t\t\t<\/div>\n\t\t\t\t<div  class=\"ms-slide\" data-delay=\"3\" data-fill-mode=\"fill\"  >\n\t\t\t\t\t<img decoding=\"async\" src=\"https:\/\/easda.es\/wp-content\/plugins\/master-slider\/public\/assets\/css\/blank.gif\" alt=\"\" title=\"\" data-src=\"https:\/\/easda.es\/wp-content\/uploads\/2020\/07\/business-3-1.jpg\" \/>\n\n\n\t<div class=\"ms-thumb\" ><div class=\"ms-tab-context\"><div class=\"&quot;ms-tab-context&quot;\"><\/div><\/div>\n<\/div>\n\t\t\t\t<\/div>\n\n\t\t\t<\/div>\n\t\t\t<!-- END MasterSlider Main -->\n\n\t\t\t \n\t\t<\/div>\n\t\t<!-- END MasterSlider -->\n\n\t\t<script>\n\t\t(function ( $ ) {\n\t\t\t\"use strict\";\n\n\t\t\t$(function () {\n\t\t\t\tvar masterslider_7e5e = new MasterSlider();\n\n\t\t\t\t\/\/ slider controls\n\n\t\t\t\t\/\/ slider setup\n\t\t\t\tmasterslider_7e5e.setup(\"MS69e094d147e5e\", {\n\t\t\t\t\t\twidth           : 1200,\n\t\t\t\t\t\theight          : 600,\n\t\t\t\t\t\tminHeight       : 0,\n\t\t\t\t\t\tspace           : 0,\n\t\t\t\t\t\tstart           : 1,\n\t\t\t\t\t\tgrabCursor      : true,\n\t\t\t\t\t\tswipe           : true,\n\t\t\t\t\t\tmouse           : true,\n\t\t\t\t\t\tlayout          : \"boxed\",\n\t\t\t\t\t\twheel           : false,\n\t\t\t\t\t\tautoplay        : true,\n\t\t\t\t\t\tinstantStartLayers:false,\n\t\t\t\t\t\tloop            : true,\n\t\t\t\t\t\tshuffle         : false,\n\t\t\t\t\t\tpreload         : 0,\n\t\t\t\t\t\theightLimit     : true,\n\t\t\t\t\t\tautoHeight      : false,\n\t\t\t\t\t\tsmoothHeight    : true,\n\t\t\t\t\t\tendPause        : false,\n\t\t\t\t\t\toverPause       : false,\n\t\t\t\t\t\tfillMode        : \"fill\",\n\t\t\t\t\t\tcenterControls  : true,\n\t\t\t\t\t\tstartOnAppear   : false,\n\t\t\t\t\t\tlayersMode      : \"center\",\n\t\t\t\t\t\thideLayers      : false,\n\t\t\t\t\t\tfullscreenMargin: 0,\n\t\t\t\t\t\tspeed           : 20,\n\t\t\t\t\t\tdir             : \"h\",\n\t\t\t\t\t\tparallaxMode    : 'swipe',\n\t\t\t\t\t\tview            : \"fade\"\n\t\t\t\t});\n\n\t\t\t\t\n\t\t\t\twindow.masterslider_instances = window.masterslider_instances || [];\n\t\t\t\twindow.masterslider_instances.push( masterslider_7e5e );\n\t\t\t });\n\n\t\t})(jQuery);\n\t\t<\/script>\n\n<\/div>[vc_empty_space]<div class=\"qodef-section-title-holder  qodef-st-standard qodef-st-title-left qodef-st-normal-space \" >\n\t<div class=\"qodef-st-inner\">\n\t\t\t\t\t<h2 class=\"qodef-st-title\" >\n\t\t\t\tBusiness English for Designers\t\t\t<\/h2>\n\t\t\t\t\t<\/div>\n<\/div>[vc_empty_space][vc_column_text]La materia proporciona un dominio pr\u00e1ctico del ingl\u00e9s en los \u00e1mbitos formativo, laboral, social y tecnol\u00f3gico de modo que se pueda recoger informaci\u00f3n significativa y de esa manera sintetizarla, analizarla y gestionarla para una \u00f3ptima actuaci\u00f3n en el d\u00eda a d\u00eda del entorno laboral.<\/p>\n<p>Es una herramienta b\u00e1sica para formarse, mantenerse al d\u00eda, investigar, crear y comunicar que puede ser clave para ampliar horizontes laborales. Las salidas profesionales aumentan con el dominio de la lengua inglesa.<\/p>\n<h5><strong>Contenidos<\/strong><\/h5>\n<ul>\n<li>PRESENTACIONES, CONVERSACIONES T\u00d3PICAS\n<ul>\n<li>Pronunciation Matters<\/li>\n<\/ul>\n<\/li>\n<li>TERMINOLOG\u00cdA PROPIA DEL DISE\u00d1O\n<ul>\n<li>Macs &amp; PCs<\/li>\n<li>Electronic Publishing<\/li>\n<li>Advertising and Marketing<\/li>\n<li>Connecting to Clients<\/li>\n<li>Creative Design<\/li>\n<li>Corporate Design<\/li>\n<li>Interior Design<\/li>\n<li>Fashion Design<\/li>\n<li>Music Industry Design<\/li>\n<\/ul>\n<\/li>\n<li>REDACCI\u00d3N DE UN PROYECTO (instrucciones, descripci\u00f3n t\u00e9cnica de la obra gr\u00e1fica o de los proyectos de reformas, reglas para su presentaci\u00f3n escrita y oral)<\/li>\n<li>EXPOSICI\u00d3N ORAL Y CR\u00cdTICA DEL PROYECTO (valoraci\u00f3n en debate cr\u00edtico de los proyectos expuestos)<\/li>\n<li>NUEVAS TECNLOG\u00cdAS\n<ul>\n<li>Cell Phones Affect Memory<\/li>\n<li>Internet is Forever<\/li>\n<\/ul>\n<\/li>\n<li>B\u00daSQUEDA DE TRABAJO, CV EUROPEO<\/li>\n<li>ENTREVISTA DE TRABAJO (consejos, tipolog\u00eda de las preguntas, estrategias para su realizaci\u00f3n con garant\u00edas de \u00e9xito)<\/li>\n<li>REVISI\u00d3N Y PLANIFICACI\u00d3N DE LOS OBJETIVOS DE APRENDIZAJE DEL ALUMNO, AUTO-EXAMEN Y AUTOEVALUACI\u00d3N.<\/li>\n<\/ul>\n<h5><strong>Resultados de aprendizaje<\/strong><\/h5>\n<ul>\n<li>Comprende mensajes y textos orales y\/o escritos de tem\u00e1tica general y profesional producidos y distribuidos por alg\u00fan medio y canal de comunicaci\u00f3n.<\/li>\n<li>Mejora la capacidad comunicativa en ingl\u00e9s en las cuatro habilidades b\u00e1sicas (entender, leer, hablar y escribir).<\/li>\n<li>Produce oralmente y por escrito mensajes y textos de diversa tipolog\u00eda: conversaciones telef\u00f3nicas (solicitud de informaci\u00f3n, realizaci\u00f3n de gestiones, reservas, comunicaci\u00f3n con clientes\u2026). Elaboraci\u00f3n de notas, avisos, comunicados, carteles, CV, trabajos y proyectos. Cumplimentar formularios.<\/li>\n<li>Entrevista de trabajo, reuniones, debates, conferencias, presentaciones ante una audiencia especializada, etc.<\/li>\n<li>Utiliza las habilidades comunicativas y la cr\u00edtica constructiva en el trabajo en equipo en ingl\u00e9s<\/li>\n<li>Utiliza el ingl\u00e9s como clave de acceso a fuentes de informaci\u00f3n especializadas espec\u00edficamente relacionadas con la profesi\u00f3n, las nuevas tecnolog\u00edas y el mundo educativo.<\/li>\n<li>Utiliza el ingl\u00e9s como lengua vehicular del proceso de ense\u00f1anza-aprendizaje y como fuente de diversi\u00f3n en actividades de ocio realizadas en esta lengua.<\/li>\n<li>Plantea, evalua y desarrolla estrategias adecuadas a la consecuci\u00f3n de los objetivos personales y profesionales.<\/li>\n<li>Comunica ideas y proyectos a los clientes, argumenta razonadamente, eval\u00faa propuestas y canaliza el di\u00e1logo en ingl\u00e9s.<\/li>\n<li>Aplica m\u00e9todos de verificaci\u00f3n de la eficacia comunicativa.<\/li>\n<li>Conoce el marco de referencia de la Comisi\u00f3n Europea y su posible uso para la planificaci\u00f3n de los estudios, as\u00ed como la certificaci\u00f3n del aprendizaje de lenguas (portfolio y Europass), y los programas de formaci\u00f3n permanente.<\/li>\n<\/ul>\n<h5><strong>Imparte<\/strong> <strong>la asignatura<\/strong><\/h5>\n<p>Curso escolar 2025\/2026: Asunci\u00f3n Salvador-Rabaza Ramos<\/p>\n<p>[\/vc_column_text][\/vc_column][\/vc_row]<\/p>\n\n\n<p><\/p>\n","protected":false},"excerpt":{"rendered":"<p>[vc_row][vc_column][vc_empty_space][vc_empty_space][vc_column_text]La materia proporciona un dominio pr\u00e1ctico del ingl\u00e9s en los \u00e1mbitos formativo, laboral, social y tecnol\u00f3gico de modo que se pueda recoger informaci\u00f3n significativa y de esa manera sintetizarla, analizarla y gestionarla para una \u00f3ptima actuaci\u00f3n en el d\u00eda a [&hellip;]<\/p>\n","protected":false},"author":7,"featured_media":0,"parent":0,"menu_order":0,"comment_status":"closed","ping_status":"closed","template":"","meta":{"footnotes":""},"class_list":["post-7276","page","type-page","status-publish","hentry"],"_links":{"self":[{"href":"https:\/\/easda.es\/index.php?rest_route=\/wp\/v2\/pages\/7276","targetHints":{"allow":["GET"]}}],"collection":[{"href":"https:\/\/easda.es\/index.php?rest_route=\/wp\/v2\/pages"}],"about":[{"href":"https:\/\/easda.es\/index.php?rest_route=\/wp\/v2\/types\/page"}],"author":[{"embeddable":true,"href":"https:\/\/easda.es\/index.php?rest_route=\/wp\/v2\/users\/7"}],"replies":[{"embeddable":true,"href":"https:\/\/easda.es\/index.php?rest_route=%2Fwp%2Fv2%2Fcomments&post=7276"}],"version-history":[{"count":12,"href":"https:\/\/easda.es\/index.php?rest_route=\/wp\/v2\/pages\/7276\/revisions"}],"predecessor-version":[{"id":19575,"href":"https:\/\/easda.es\/index.php?rest_route=\/wp\/v2\/pages\/7276\/revisions\/19575"}],"wp:attachment":[{"href":"https:\/\/easda.es\/index.php?rest_route=%2Fwp%2Fv2%2Fmedia&parent=7276"}],"curies":[{"name":"wp","href":"https:\/\/api.w.org\/{rel}","templated":true}]}}