{"id":7272,"date":"2019-07-25T07:06:43","date_gmt":"2019-07-25T07:06:43","guid":{"rendered":"http:\/\/easda.es\/wp\/?page_id=7272"},"modified":"2021-02-10T11:34:13","modified_gmt":"2021-02-10T10:34:13","slug":"montaje-cinematografico-y-publicitario","status":"publish","type":"page","link":"https:\/\/easda.es\/?page_id=7272","title":{"rendered":"Montaje cinematogr\u00e1fico y publicitario"},"content":{"rendered":"\n<div class=\"wp-block-image\"><figure class=\"aligncenter size-large\"><img loading=\"lazy\" decoding=\"async\" width=\"1024\" height=\"512\" src=\"https:\/\/easda.es\/wp-content\/uploads\/2021\/02\/montaje-cinematografico-1-1024x512.jpg\" alt=\"\" class=\"wp-image-10337\" srcset=\"https:\/\/easda.es\/wp-content\/uploads\/2021\/02\/montaje-cinematografico-1-1024x512.jpg 1024w, https:\/\/easda.es\/wp-content\/uploads\/2021\/02\/montaje-cinematografico-1-300x150.jpg 300w, https:\/\/easda.es\/wp-content\/uploads\/2021\/02\/montaje-cinematografico-1-768x384.jpg 768w, https:\/\/easda.es\/wp-content\/uploads\/2021\/02\/montaje-cinematografico-1-1100x550.jpg 1100w, https:\/\/easda.es\/wp-content\/uploads\/2021\/02\/montaje-cinematografico-1.jpg 1200w\" sizes=\"auto, (max-width: 1024px) 100vw, 1024px\" \/><\/figure><\/div>\n\n\n<p>[vc_row][vc_column][vc_empty_space]<div class=\"qodef-section-title-holder  qodef-st-standard qodef-st-title-left qodef-st-normal-space \" >\n\t<div class=\"qodef-st-inner\">\n\t\t\t\t\t<h2 class=\"qodef-st-title\" >\n\t\t\t\tMontaje cinematogr\u00e1fico y publicitario\t\t\t<\/h2>\n\t\t\t\t\t<\/div>\n<\/div>[vc_empty_space][vc_column_text]Profesional cualificado capaz de concebir, fundamentar y documentar un proceso creativo a trav\u00e9s del dominio de los principios te\u00f3ricos y pr\u00e1cticos del dise\u00f1o y de la metodolog\u00eda proyectual, capaz de integrar los diversos lenguajes, las t\u00e9cnicas y las tecnolog\u00edas en la correcta materializaci\u00f3n de mensajes significativos.<\/p>\n<h5><strong>Contenidos<\/strong><\/h5>\n<p><strong>Teor\u00edas del montaje:<br \/><\/strong>&#8211; Montaje y formaci\u00f3n del lenguaje audiovisual moderno.<br \/>&#8211; Textos y manifiestos sobre el montaje cinematogr\u00e1fico<br \/>&#8211; Evoluci\u00f3n del montaje cinematogr\u00e1fico<br \/>&#8211; Montaje, g\u00e9neros cinematogr\u00e1ficos y formatos audiovisuales<\/p>\n<p><strong>An\u00e1lisis del montaje y la composici\u00f3n audiovisual:<br \/><\/strong>&#8211; Elipsis y composici\u00f3n audiovisual<br \/>&#8211; Tipolog\u00edas del montaje<br \/>&#8211; Raccord y articulaci\u00f3n espacio-temporal<br \/>&#8211; Montaje y ritmo audiovisual<br \/>&#8211; El sonido y la m\u00fasica en el montaje<\/p>\n<p><strong>El montaje en el proceso audiovisual:<br \/><\/strong>&#8211; El montaje en el proceso de ideaci\u00f3n y preproducci\u00f3n audiovisual<br \/>&#8211; El montaje en el proceso de producci\u00f3n audiovisual<br \/>&#8211; El proceso de edici\u00f3n audiovisual<br \/>&#8211; Postproducci\u00f3n y arte final de proyectos audiovisuales<\/p>\n<h5><strong>Resultados de aprendizaje<\/strong><\/h5>\n<ul>\n<li>Manejar correctamente la tecnolog\u00eda relacionada con la fotograf\u00eda y los medios audiovisuales.<\/li>\n<li>Asimilar la terminolog\u00eda espec\u00edfica del lenguaje audiovisual y del montaje.<\/li>\n<li>Realizar ediciones audiovisuales.<\/li>\n<\/ul>\n<h5>Propone la asignatura<\/h5>\n<p>David Marrades y Ruth Briz[\/vc_column_text][\/vc_column][\/vc_row]<\/p>","protected":false},"excerpt":{"rendered":"<p>[vc_row][vc_column][vc_empty_space][vc_empty_space][vc_column_text]Profesional cualificado capaz de concebir, fundamentar y documentar un proceso creativo a trav\u00e9s del dominio de los principios te\u00f3ricos y pr\u00e1cticos del dise\u00f1o y de la metodolog\u00eda proyectual, capaz de integrar los diversos lenguajes, las t\u00e9cnicas y las tecnolog\u00edas en [&hellip;]<\/p>\n","protected":false},"author":7,"featured_media":0,"parent":0,"menu_order":0,"comment_status":"closed","ping_status":"closed","template":"","meta":{"footnotes":""},"class_list":["post-7272","page","type-page","status-publish","hentry"],"_links":{"self":[{"href":"https:\/\/easda.es\/index.php?rest_route=\/wp\/v2\/pages\/7272","targetHints":{"allow":["GET"]}}],"collection":[{"href":"https:\/\/easda.es\/index.php?rest_route=\/wp\/v2\/pages"}],"about":[{"href":"https:\/\/easda.es\/index.php?rest_route=\/wp\/v2\/types\/page"}],"author":[{"embeddable":true,"href":"https:\/\/easda.es\/index.php?rest_route=\/wp\/v2\/users\/7"}],"replies":[{"embeddable":true,"href":"https:\/\/easda.es\/index.php?rest_route=%2Fwp%2Fv2%2Fcomments&post=7272"}],"version-history":[{"count":9,"href":"https:\/\/easda.es\/index.php?rest_route=\/wp\/v2\/pages\/7272\/revisions"}],"predecessor-version":[{"id":10351,"href":"https:\/\/easda.es\/index.php?rest_route=\/wp\/v2\/pages\/7272\/revisions\/10351"}],"wp:attachment":[{"href":"https:\/\/easda.es\/index.php?rest_route=%2Fwp%2Fv2%2Fmedia&parent=7272"}],"curies":[{"name":"wp","href":"https:\/\/api.w.org\/{rel}","templated":true}]}}