{"id":7253,"date":"2019-07-24T11:26:03","date_gmt":"2019-07-24T11:26:03","guid":{"rendered":"http:\/\/easda.es\/wp\/?page_id=7253"},"modified":"2025-09-10T11:06:39","modified_gmt":"2025-09-10T09:06:39","slug":"realidad-virtual-realidad-aumentada","status":"publish","type":"page","link":"https:\/\/easda.es\/?page_id=7253","title":{"rendered":"Realidad Virtual &#038; Realidad Aumentada"},"content":{"rendered":"<p>[vc_row][vc_column][vc_empty_space]<div class=\"qodef-section-title-holder  qodef-st-standard qodef-st-title-left qodef-st-normal-space \" >\n\t<div class=\"qodef-st-inner\">\n\t\t\t\t\t<h2 class=\"qodef-st-title\" >\n\t\t\t\tRealidad Virtual &amp; Realidad Aumentada\t\t\t<\/h2>\n\t\t\t\t\t<\/div>\n<\/div>[vc_empty_space][vc_column_text]Familiarizarse con los conceptos b\u00e1sicos de la Realidad Virtual y Realidad Aumentada, y conocer las posibles aplicaciones en el campo del interiorismo, marketing, publicidad, entretenimiento, dise\u00f1o&#8230;.<\/p>\n<p>Conocer que dispositivos de realidad virtual existen, como funcionan y como crear App con una de las tecnolog\u00edas emergentes m\u00e1s populares en la industria del entretenimiento en la actualidad, pero que adem\u00e1s se ha ido extendiendo a otros sectores y campos como educaci\u00f3n, decoraci\u00f3n, retail, eventos\u2026.<\/p>\n<p>Aprender a crear tu propia experiencia de realidad virtual construy\u00e9ndola desde cero.<\/p>\n<p>Aprender a crear din\u00e1micamente objetos y escenas 3D y manipularlos. Moverse por el mundo 3D.<\/p>\n<p>Aprender a crear contenidos que mezclan im\u00e1genes reales con otras virtuales, realidad Aumentada. La realidad aumentada ser\u00e1 una experiencia que superpondr\u00e1 una capa de contexto digital utilizando dispositivos m\u00f3viles y wearables. La clave est\u00e1 en enriquecer el contexto.<\/p>\n<h5><strong>Contenidos<\/strong><\/h5>\n<p>UD1. Introducci\u00f3n a la RV y RA, dispositivos, software y hardware.<\/p>\n<p>UD2. Introducci\u00f3n a los motores de juegos para aplicaciones de RV y RA.<\/p>\n<p>UD3. Experiencias de realidad virtual a partir de modelos 3D.<\/p>\n<p>UD4.Objectos 3D. Propiedades. Colisiones. Selecciones. Fisica y la interacci\u00f3n Gaze.<\/p>\n<p>UD5. Interfaz de usuario y locomoci\u00f3n. Como movernos en un espacio tridimensional.<\/p>\n<p>UD6. Fotograf\u00eda 360\u00ba<\/p>\n<p>UD7. Realidad Aumentada.<\/p>\n<p>UD8. Publicaci\u00f3n e instalaci\u00f3n de Apps<\/p>\n<h5><strong>Resultados de aprendizaje<\/strong><\/h5>\n<ul>\n<li>Conocer que es la realidad virtual desde sus inicios a la actualidad, y las caracter\u00edsticas del software y hardware necesario para poder implementar esta tecnolog\u00eda.<\/li>\n<li>Aprender a configurar el entorno Unity 3D para aplicaciones de realidad virtual.<\/li>\n<li>Aplicar realidad virtual a partir de modelos 3D.<\/li>\n<li>Familiarizarse con el entorno de trabajo. Crear y editar objetos 3D, darle propiedades f\u00edsicas, detecci\u00f3n de colisiones y responder a ellas, y como seleccionar estos con los dipositivos de realidad virtual.<\/li>\n<li>Crear botones para una funcionalidad de men\u00fa simple y aprender a movernos comodamente en un espacio tridimensional.<\/li>\n<li>Crear imagenes 360\u00ba e incorporarlas en nuestro mundo virtual.<\/li>\n<li>Conocer que es la Realidad Aumentada y aprender a configurar el entorno de UNITY para aplicaciones de Realidad Aumentada.<\/li>\n<li>Publicar e instalar Apps.<\/li>\n<\/ul>\n<h5><strong>Imparte la asignatura<br \/>\n<\/strong><\/h5>\n<p>Curso escolar 2025\/2026: Mari\u00e1n P\u00e9rez [\/vc_column_text][\/vc_column][\/vc_row][vc_row][\/vc_row]<\/p>\n","protected":false},"excerpt":{"rendered":"<p>[vc_row][vc_column][vc_empty_space][vc_empty_space][vc_column_text]Familiarizarse con los conceptos b\u00e1sicos de la Realidad Virtual y Realidad Aumentada, y conocer las posibles aplicaciones en el campo del interiorismo, marketing, publicidad, entretenimiento, dise\u00f1o&#8230;. Conocer que dispositivos de realidad virtual existen, como funcionan y como crear App con [&hellip;]<\/p>\n","protected":false},"author":7,"featured_media":0,"parent":0,"menu_order":0,"comment_status":"closed","ping_status":"closed","template":"","meta":{"footnotes":""},"class_list":["post-7253","page","type-page","status-publish","hentry"],"_links":{"self":[{"href":"https:\/\/easda.es\/index.php?rest_route=\/wp\/v2\/pages\/7253","targetHints":{"allow":["GET"]}}],"collection":[{"href":"https:\/\/easda.es\/index.php?rest_route=\/wp\/v2\/pages"}],"about":[{"href":"https:\/\/easda.es\/index.php?rest_route=\/wp\/v2\/types\/page"}],"author":[{"embeddable":true,"href":"https:\/\/easda.es\/index.php?rest_route=\/wp\/v2\/users\/7"}],"replies":[{"embeddable":true,"href":"https:\/\/easda.es\/index.php?rest_route=%2Fwp%2Fv2%2Fcomments&post=7253"}],"version-history":[{"count":10,"href":"https:\/\/easda.es\/index.php?rest_route=\/wp\/v2\/pages\/7253\/revisions"}],"predecessor-version":[{"id":19590,"href":"https:\/\/easda.es\/index.php?rest_route=\/wp\/v2\/pages\/7253\/revisions\/19590"}],"wp:attachment":[{"href":"https:\/\/easda.es\/index.php?rest_route=%2Fwp%2Fv2%2Fmedia&parent=7253"}],"curies":[{"name":"wp","href":"https:\/\/api.w.org\/{rel}","templated":true}]}}