{"id":7231,"date":"2019-07-24T11:03:02","date_gmt":"2019-07-24T11:03:02","guid":{"rendered":"http:\/\/easda.es\/wp\/?page_id=7231"},"modified":"2025-09-10T10:46:31","modified_gmt":"2025-09-10T08:46:31","slug":"color-expresivo","status":"publish","type":"page","link":"https:\/\/easda.es\/?page_id=7231","title":{"rendered":"Color Expresivo"},"content":{"rendered":"<p>[vc_row][vc_column]<div class=\"avt_masterslider_el \" >\n\t\t<!-- MasterSlider -->\n\t\t<div id=\"P_MS69e094d191597\" class=\"master-slider-parent msl ms-parent-id-47\" style=\"max-width:800px;\">\n\n\t\t\t\n\t\t\t<!-- MasterSlider Main -->\n\t\t\t<div id=\"MS69e094d191597\" class=\"master-slider ms-skin-default\" >\n\t\t\t\t \t\t\t\t \n\t\t\t\t<div  class=\"ms-slide\" data-delay=\"3\" data-fill-mode=\"fill\"  >\n\t\t\t\t\t<img decoding=\"async\" src=\"https:\/\/easda.es\/wp-content\/plugins\/master-slider\/public\/assets\/css\/blank.gif\" alt=\"\" title=\"\" data-src=\"https:\/\/easda.es\/wp-content\/uploads\/2020\/07\/Diccionario-color-Perles-1200x600.jpg\" \/>\n\n\n\t<div class=\"ms-thumb\" ><div class=\"ms-tab-context\"><div class=\"&quot;ms-tab-context&quot;\"><\/div><\/div>\n<\/div>\n\t\t\t\t<\/div>\n\t\t\t\t<div  class=\"ms-slide\" data-delay=\"3\" data-fill-mode=\"fill\"  >\n\t\t\t\t\t<img decoding=\"async\" src=\"https:\/\/easda.es\/wp-content\/plugins\/master-slider\/public\/assets\/css\/blank.gif\" alt=\"\" title=\"\" data-src=\"https:\/\/easda.es\/wp-content\/uploads\/2020\/07\/MOODBOARD.jpg\" \/>\n\n\n\t<div class=\"ms-thumb\" ><div class=\"ms-tab-context\"><div class=\"&quot;ms-tab-context&quot;\"><\/div><\/div>\n<\/div>\n\t\t\t\t<\/div>\n\t\t\t\t<div  class=\"ms-slide\" data-delay=\"3\" data-fill-mode=\"fill\"  >\n\t\t\t\t\t<img decoding=\"async\" src=\"https:\/\/easda.es\/wp-content\/plugins\/master-slider\/public\/assets\/css\/blank.gif\" alt=\"\" title=\"\" data-src=\"https:\/\/easda.es\/wp-content\/uploads\/2020\/07\/mural-definitivo.jpg\" \/>\n\n\n\t<div class=\"ms-thumb\" ><div class=\"ms-tab-context\"><div class=\"&quot;ms-tab-context&quot;\"><\/div><\/div>\n<\/div>\n\t\t\t\t<\/div>\n\n\t\t\t<\/div>\n\t\t\t<!-- END MasterSlider Main -->\n\n\t\t\t \n\t\t<\/div>\n\t\t<!-- END MasterSlider -->\n\n\t\t<script>\n\t\t(function ( $ ) {\n\t\t\t\"use strict\";\n\n\t\t\t$(function () {\n\t\t\t\tvar masterslider_1597 = new MasterSlider();\n\n\t\t\t\t\/\/ slider controls\n\n\t\t\t\t\/\/ slider setup\n\t\t\t\tmasterslider_1597.setup(\"MS69e094d191597\", {\n\t\t\t\t\t\twidth           : 1200,\n\t\t\t\t\t\theight          : 600,\n\t\t\t\t\t\tminHeight       : 0,\n\t\t\t\t\t\tspace           : 0,\n\t\t\t\t\t\tstart           : 1,\n\t\t\t\t\t\tgrabCursor      : true,\n\t\t\t\t\t\tswipe           : true,\n\t\t\t\t\t\tmouse           : true,\n\t\t\t\t\t\tlayout          : \"boxed\",\n\t\t\t\t\t\twheel           : false,\n\t\t\t\t\t\tautoplay        : true,\n\t\t\t\t\t\tinstantStartLayers:false,\n\t\t\t\t\t\tloop            : true,\n\t\t\t\t\t\tshuffle         : false,\n\t\t\t\t\t\tpreload         : 0,\n\t\t\t\t\t\theightLimit     : true,\n\t\t\t\t\t\tautoHeight      : false,\n\t\t\t\t\t\tsmoothHeight    : true,\n\t\t\t\t\t\tendPause        : false,\n\t\t\t\t\t\toverPause       : false,\n\t\t\t\t\t\tfillMode        : \"fill\",\n\t\t\t\t\t\tcenterControls  : true,\n\t\t\t\t\t\tstartOnAppear   : false,\n\t\t\t\t\t\tlayersMode      : \"center\",\n\t\t\t\t\t\thideLayers      : false,\n\t\t\t\t\t\tfullscreenMargin: 0,\n\t\t\t\t\t\tspeed           : 20,\n\t\t\t\t\t\tdir             : \"h\",\n\t\t\t\t\t\tparallaxMode    : 'swipe',\n\t\t\t\t\t\tview            : \"fade\"\n\t\t\t\t});\n\n\t\t\t\t\n\t\t\t\twindow.masterslider_instances = window.masterslider_instances || [];\n\t\t\t\twindow.masterslider_instances.push( masterslider_1597 );\n\t\t\t });\n\n\t\t})(jQuery);\n\t\t<\/script>\n\n<\/div>[vc_empty_space]<div class=\"qodef-section-title-holder  qodef-st-standard qodef-st-title-left qodef-st-normal-space \" >\n\t<div class=\"qodef-st-inner\">\n\t\t\t\t\t<h2 class=\"qodef-st-title\" >\n\t\t\t\tColor Expresivo\t\t\t<\/h2>\n\t\t\t\t\t<\/div>\n<\/div>[vc_empty_space][vc_column_text]Asignatura pr\u00e1ctica, basada en ejercicios que desarrollan la experimentaci\u00f3n con el color. Se profundiza en su conocimiento mediante la creaci\u00f3n de cartas de color, moodboards de tendencias y fichas de an\u00e1lisis crom\u00e1tico aplicadas al mundo del cine.<\/p>\n<h5><strong>Contenidos<\/strong><\/h5>\n<ul>\n<li>El Color en el Cine: se analizan pel\u00edculas en las que el color tenga una gran carga simb\u00f3lica o psicol\u00f3gica, y se crean cartas de color y dise\u00f1os relacionados con dichas pel\u00edculas, con t\u00e9cnicas mixtas variadas.<\/li>\n<li>Diccionario de Color: se buscan definiciones de color poco conocidas, se crean muestras de color y se ordenan de manera intuitiva.<\/li>\n<li>Carta de Color para un libro de Tendencias: se elige una tendencia y se estudia desde el punto de vista del color expresivo, creando moodboards y cartas de color con t\u00e9cnicas mixtas (rotuladores, l\u00e1pices de color, collage, pastel, gouache, acuarela).<\/li>\n<li>Aplicaciones para crear esquemas crom\u00e1ticos o cartas de color sobre tendencias determinadas (Adobe Color CC, Colour Lovers), o para practicar con las dimensiones del color (Color Method of Action, Blendoku, I Love Hue).<\/li>\n<\/ul>\n<h5><strong>Resultados de aprendizaje<\/strong><\/h5>\n<ul>\n<li>Realizar cartas de color, moodboards y fichas t\u00e9cnicas crom\u00e1ticas, usando y combinando t\u00e9cnicas variadas, tanto manuales como digitales.<\/li>\n<li>Reconocer e interpretar el significado del color en todo tipo de manifestaciones culturales (pel\u00edculas, moda, dise\u00f1o gr\u00e1fico, dise\u00f1o de producto, interiores).<\/li>\n<li>Dominar las t\u00e9cnicas mixtas, superponiendo capas de l\u00e1piz de color y pastel sobre bases de rotulador y acuarela, para conseguir colores ajustados a determinadas caracter\u00edsticas.<\/li>\n<li>Conocer las diferentes aplicaciones relacionadas con el color, y c\u00f3mo pueden usarse para buscar informaci\u00f3n y experimentar.<\/li>\n<li>Dominar los recursos gr\u00e1fico \u2013 pl\u00e1sticos de la representaci\u00f3n bi y tridimensional.<\/li>\n<\/ul>\n<h5>Imparte la asignatura<\/h5>\n<p>Curso escolar 2025\/2026: David G\u00f3mez<\/p>\n<p>[\/vc_column_text][\/vc_column][\/vc_row]<\/p>\n","protected":false},"excerpt":{"rendered":"<p>[vc_row][vc_column][vc_empty_space][vc_empty_space][vc_column_text]Asignatura pr\u00e1ctica, basada en ejercicios que desarrollan la experimentaci\u00f3n con el color. Se profundiza en su conocimiento mediante la creaci\u00f3n de cartas de color, moodboards de tendencias y fichas de an\u00e1lisis crom\u00e1tico aplicadas al mundo del cine. Contenidos El Color [&hellip;]<\/p>\n","protected":false},"author":7,"featured_media":0,"parent":0,"menu_order":0,"comment_status":"closed","ping_status":"closed","template":"","meta":{"footnotes":""},"class_list":["post-7231","page","type-page","status-publish","hentry"],"_links":{"self":[{"href":"https:\/\/easda.es\/index.php?rest_route=\/wp\/v2\/pages\/7231","targetHints":{"allow":["GET"]}}],"collection":[{"href":"https:\/\/easda.es\/index.php?rest_route=\/wp\/v2\/pages"}],"about":[{"href":"https:\/\/easda.es\/index.php?rest_route=\/wp\/v2\/types\/page"}],"author":[{"embeddable":true,"href":"https:\/\/easda.es\/index.php?rest_route=\/wp\/v2\/users\/7"}],"replies":[{"embeddable":true,"href":"https:\/\/easda.es\/index.php?rest_route=%2Fwp%2Fv2%2Fcomments&post=7231"}],"version-history":[{"count":13,"href":"https:\/\/easda.es\/index.php?rest_route=\/wp\/v2\/pages\/7231\/revisions"}],"predecessor-version":[{"id":19576,"href":"https:\/\/easda.es\/index.php?rest_route=\/wp\/v2\/pages\/7231\/revisions\/19576"}],"wp:attachment":[{"href":"https:\/\/easda.es\/index.php?rest_route=%2Fwp%2Fv2%2Fmedia&parent=7231"}],"curies":[{"name":"wp","href":"https:\/\/api.w.org\/{rel}","templated":true}]}}