{"id":7192,"date":"2019-07-23T07:58:36","date_gmt":"2019-07-23T07:58:36","guid":{"rendered":"http:\/\/easda.es\/wp\/?page_id=7192"},"modified":"2020-09-04T11:15:16","modified_gmt":"2020-09-04T09:15:16","slug":"taller-de-creacion-experimental-estampacion-y-acabados-en-superficies","status":"publish","type":"page","link":"https:\/\/easda.es\/?page_id=7192","title":{"rendered":"Taller de creaci\u00f3n experimental: estampaci\u00f3n y acabados en superficies"},"content":{"rendered":"<p>[vc_row][vc_column]<div class=\"avt_masterslider_el \" >\n\t\t<!-- MasterSlider -->\n\t\t<div id=\"P_MS69f386d7d3088\" class=\"master-slider-parent msl ms-parent-id-45\" style=\"max-width:800px;\">\n\n\t\t\t\n\t\t\t<!-- MasterSlider Main -->\n\t\t\t<div id=\"MS69f386d7d3088\" class=\"master-slider ms-skin-default\" >\n\t\t\t\t \t\t\t\t \n\t\t\t\t<div  class=\"ms-slide\" data-delay=\"3\" data-fill-mode=\"fill\"  >\n\t\t\t\t\t<img decoding=\"async\" src=\"https:\/\/easda.es\/wp-content\/plugins\/master-slider\/public\/assets\/css\/blank.gif\" alt=\"\" title=\"\" data-src=\"https:\/\/easda.es\/wp-content\/uploads\/2019\/07\/001taller-creaci\u00f3n-experimental_web-1200x600.jpg\" \/>\n\n\n\t<div class=\"ms-thumb\" ><div class=\"ms-tab-context\"><div class=\"&quot;ms-tab-context&quot;\"><\/div><\/div>\n<\/div>\n\t\t\t\t<\/div>\n\t\t\t\t<div  class=\"ms-slide\" data-delay=\"3\" data-fill-mode=\"fill\"  >\n\t\t\t\t\t<img decoding=\"async\" src=\"https:\/\/easda.es\/wp-content\/plugins\/master-slider\/public\/assets\/css\/blank.gif\" alt=\"\" title=\"\" data-src=\"https:\/\/easda.es\/wp-content\/uploads\/2019\/07\/002taller-de-creaci\u00f3n-experimental_web-1200x600.jpg\" \/>\n\n\n\t<div class=\"ms-thumb\" ><div class=\"ms-tab-context\"><div class=\"&quot;ms-tab-context&quot;\"><\/div><\/div>\n<\/div>\n\t\t\t\t<\/div>\n\t\t\t\t<div  class=\"ms-slide\" data-delay=\"3\" data-fill-mode=\"fill\"  >\n\t\t\t\t\t<img decoding=\"async\" src=\"https:\/\/easda.es\/wp-content\/plugins\/master-slider\/public\/assets\/css\/blank.gif\" alt=\"\" title=\"\" data-src=\"https:\/\/easda.es\/wp-content\/uploads\/2019\/07\/003taller-de-creaci\u00f3n-experimental-1200x600.jpg\" \/>\n\n\n\t<div class=\"ms-thumb\" ><div class=\"ms-tab-context\"><div class=\"&quot;ms-tab-context&quot;\"><\/div><\/div>\n<\/div>\n\t\t\t\t<\/div>\n\n\t\t\t<\/div>\n\t\t\t<!-- END MasterSlider Main -->\n\n\t\t\t \n\t\t<\/div>\n\t\t<!-- END MasterSlider -->\n\n\t\t<script>\n\t\t(function ( $ ) {\n\t\t\t\"use strict\";\n\n\t\t\t$(function () {\n\t\t\t\tvar masterslider_3088 = new MasterSlider();\n\n\t\t\t\t\/\/ slider controls\n\n\t\t\t\t\/\/ slider setup\n\t\t\t\tmasterslider_3088.setup(\"MS69f386d7d3088\", {\n\t\t\t\t\t\twidth           : 1200,\n\t\t\t\t\t\theight          : 600,\n\t\t\t\t\t\tminHeight       : 0,\n\t\t\t\t\t\tspace           : 0,\n\t\t\t\t\t\tstart           : 1,\n\t\t\t\t\t\tgrabCursor      : true,\n\t\t\t\t\t\tswipe           : true,\n\t\t\t\t\t\tmouse           : true,\n\t\t\t\t\t\tlayout          : \"boxed\",\n\t\t\t\t\t\twheel           : false,\n\t\t\t\t\t\tautoplay        : true,\n\t\t\t\t\t\tinstantStartLayers:false,\n\t\t\t\t\t\tloop            : true,\n\t\t\t\t\t\tshuffle         : false,\n\t\t\t\t\t\tpreload         : 0,\n\t\t\t\t\t\theightLimit     : true,\n\t\t\t\t\t\tautoHeight      : false,\n\t\t\t\t\t\tsmoothHeight    : true,\n\t\t\t\t\t\tendPause        : false,\n\t\t\t\t\t\toverPause       : false,\n\t\t\t\t\t\tfillMode        : \"fill\",\n\t\t\t\t\t\tcenterControls  : true,\n\t\t\t\t\t\tstartOnAppear   : false,\n\t\t\t\t\t\tlayersMode      : \"center\",\n\t\t\t\t\t\thideLayers      : false,\n\t\t\t\t\t\tfullscreenMargin: 0,\n\t\t\t\t\t\tspeed           : 20,\n\t\t\t\t\t\tdir             : \"h\",\n\t\t\t\t\t\tparallaxMode    : 'swipe',\n\t\t\t\t\t\tview            : \"fade\"\n\t\t\t\t});\n\n\t\t\t\t\n\t\t\t\twindow.masterslider_instances = window.masterslider_instances || [];\n\t\t\t\twindow.masterslider_instances.push( masterslider_3088 );\n\t\t\t });\n\n\t\t})(jQuery);\n\t\t<\/script>\n\n<\/div>[vc_empty_space]<div class=\"qodef-section-title-holder  qodef-st-standard qodef-st-title-left qodef-st-normal-space \" >\n\t<div class=\"qodef-st-inner\">\n\t\t\t\t\t<h2 class=\"qodef-st-title\" >\n\t\t\t\tTaller de creaci\u00f3n experimental: estampaci\u00f3n y acabados en superficies\t\t\t<\/h2>\n\t\t\t\t\t<\/div>\n<\/div>[vc_empty_space][vc_column_text]Tomando como punto de partida el dise\u00f1o conceptual y la moda, elaboraremos un producto de dise\u00f1o en el que los efectos visuales, las texturas y vol\u00famenes cobren especial relevancia a trav\u00e9s de la intervenci\u00f3n de superficies en materiales textiles.<\/p>\n<h5>Contenidos<\/h5>\n<ul>\n<li>Bloque 1. Investigaci\u00f3n y experimentaci\u00f3n previa. Planificaci\u00f3n de propuestas personales para la estampaci\u00f3n y el tratamiento de superficies textiles.<\/li>\n<li>Bloque 2. Experimentaci\u00f3n con materiales y t\u00e9cnicas. Desarrollo del concepto mediante el tratamiento de los materiales textiles y la aplicaci\u00f3n de t\u00e9cnicas de tratamiento superficial (estampaci\u00f3n de motivos gr\u00e1ficos, tinciones, mercerizados con reserva, termofijado, blanqueo, degradados superficiales de color\u2026)<\/li>\n<li>Bloque 3: Desarrollo creativo y prototipado de dise\u00f1os. Aplicaci\u00f3n de los procesos necesario para la consecuci\u00f3n del dise\u00f1o.<\/li>\n<li>Bloque 4: Presentaci\u00f3n de los resultados obtenidos y realizaci\u00f3n de un diario de taller.<\/li>\n<\/ul>\n<h5>Resultados de aprendizaje<\/h5>\n<ul>\n<li>Utilizar los distintos materiales, t\u00e9cnicas impresi\u00f3n y estampaci\u00f3n y recursos creativos para la elaboraci\u00f3n de piezas o dise\u00f1os espec\u00edficos, conforme a requerimientos est\u00e9ticos, t\u00e9cnicos y comunicativos que puedan entrar a formar parte en el dise\u00f1o de futuros proyectos.<\/li>\n<li>Diferenciar las diferentes t\u00e9cnicas y tratamientos superficiales y de estampaci\u00f3n y sus aplicaciones en diferentes tipos de superficies.<\/li>\n<li>Saber seleccionar los materiales, t\u00e9cnicas y estrategias adecuados al proceso creativo para garantizar el \u00e9xito de los dise\u00f1os creados y editados, resolviendo problemas t\u00e9cnicos durante la elaboraci\u00f3n de los mismos.<\/li>\n<li>Buscar y aplicar soluciones respetuosas, ecol\u00f3gicas e innovadoras desde el punto de vista del desarrollo.<\/li>\n<\/ul>\n<h5>Imparten la asignatura<\/h5>\n<p>Curso escolar 2020\/2021: Isabel Alemany Garc\u00eda y Vicent Llorca Esteve [\/vc_column_text][\/vc_column][\/vc_row]<\/p>\n","protected":false},"excerpt":{"rendered":"<p>[vc_row][vc_column][vc_empty_space][vc_empty_space][vc_column_text]Tomando como punto de partida el dise\u00f1o conceptual y la moda, elaboraremos un producto de dise\u00f1o en el que los efectos visuales, las texturas y vol\u00famenes cobren especial relevancia a trav\u00e9s de la intervenci\u00f3n de superficies en materiales textiles. Contenidos [&hellip;]<\/p>\n","protected":false},"author":7,"featured_media":0,"parent":0,"menu_order":0,"comment_status":"closed","ping_status":"closed","template":"","meta":{"footnotes":""},"class_list":["post-7192","page","type-page","status-publish","hentry"],"_links":{"self":[{"href":"https:\/\/easda.es\/index.php?rest_route=\/wp\/v2\/pages\/7192","targetHints":{"allow":["GET"]}}],"collection":[{"href":"https:\/\/easda.es\/index.php?rest_route=\/wp\/v2\/pages"}],"about":[{"href":"https:\/\/easda.es\/index.php?rest_route=\/wp\/v2\/types\/page"}],"author":[{"embeddable":true,"href":"https:\/\/easda.es\/index.php?rest_route=\/wp\/v2\/users\/7"}],"replies":[{"embeddable":true,"href":"https:\/\/easda.es\/index.php?rest_route=%2Fwp%2Fv2%2Fcomments&post=7192"}],"version-history":[{"count":8,"href":"https:\/\/easda.es\/index.php?rest_route=\/wp\/v2\/pages\/7192\/revisions"}],"predecessor-version":[{"id":9160,"href":"https:\/\/easda.es\/index.php?rest_route=\/wp\/v2\/pages\/7192\/revisions\/9160"}],"wp:attachment":[{"href":"https:\/\/easda.es\/index.php?rest_route=%2Fwp%2Fv2%2Fmedia&parent=7192"}],"curies":[{"name":"wp","href":"https:\/\/api.w.org\/{rel}","templated":true}]}}