{"id":7177,"date":"2019-07-23T07:45:27","date_gmt":"2019-07-23T07:45:27","guid":{"rendered":"http:\/\/easda.es\/wp\/?page_id=7177"},"modified":"2024-09-30T14:02:39","modified_gmt":"2024-09-30T12:02:39","slug":"taller-de-web-avanzado","status":"publish","type":"page","link":"https:\/\/easda.es\/?page_id=7177","title":{"rendered":"Taller de web avanzado"},"content":{"rendered":"<p>[vc_row][vc_column][vc_empty_space]<div class=\"qodef-section-title-holder  qodef-st-standard qodef-st-title-left qodef-st-normal-space \" >\n\t<div class=\"qodef-st-inner\">\n\t\t\t\t\t<h2 class=\"qodef-st-title\" >\n\t\t\t\tTaller de web avanzado\t\t\t<\/h2>\n\t\t\t\t\t<\/div>\n<\/div>[vc_empty_space][vc_column_text]El objetivo general de la asignatura es conseguir que el alumnado sea capaz de crear y publicar un sitio web din\u00e1mico apoy\u00e1ndose en sistemas de gesti\u00f3n de contenidos abiertos como WordPress. Esta asignatura completa los conocimientos de dise\u00f1o web que los\/as alumnos\/as han adquirido en la asignatura de T\u00e9cnicas de Edici\u00f3n Digital 1 del grado de Dise\u00f1o Gr\u00e1fico, o bien por su cuenta. En ella se explican conceptos que normalmente los\/as dise\u00f1adores\/as no aprenden de forma autodidacta y que se suelen solicitar por empresas del sector.<\/p>\n<h5>CONTENIDOS<\/h5>\n<p>El contenido de la asignatura se puede resumir en los tres siguientes puntos:<\/p>\n<ul>\n<li>Uso de un sistema de gesti\u00f3n din\u00e1mica de contenidos (WordPress)<\/li>\n<li>Lenguaje PHP b\u00e1sico adaptado para ese sistema de gesti\u00f3n de contenidos<\/li>\n<li>Dise\u00f1o y creaci\u00f3n de plantillas desde cero para WordPress<\/li>\n<\/ul>\n<h5>RESULTADOS DE APRENDIZAJE<\/h5>\n<ul>\n<li>Preparar un entorno local para crear el sitio web con un sistema de gesti\u00f3n de contenidos como WordPress<\/li>\n<li>Usar WordPress para crear un sitio web multilenguaje usando los recursos (plantillas, plugins) que \u00e9ste nos ofrece<\/li>\n<li>Crear una plantilla para WordPress adaptada a las necesidades de un proyecto de sitio web<\/li>\n<\/ul>\n<h5>Imparte la asignatura<\/h5>\n<p>Curso escolar 2024\/2025: David Rizo<\/p>\n<p>[\/vc_column_text][\/vc_column][\/vc_row]<\/p>\n","protected":false},"excerpt":{"rendered":"<p>[vc_row][vc_column][vc_empty_space][vc_empty_space][vc_column_text]El objetivo general de la asignatura es conseguir que el alumnado sea capaz de crear y publicar un sitio web din\u00e1mico apoy\u00e1ndose en sistemas de gesti\u00f3n de contenidos abiertos como WordPress. Esta asignatura completa los conocimientos de dise\u00f1o web que [&hellip;]<\/p>\n","protected":false},"author":7,"featured_media":0,"parent":0,"menu_order":0,"comment_status":"closed","ping_status":"closed","template":"","meta":{"footnotes":""},"class_list":["post-7177","page","type-page","status-publish","hentry"],"_links":{"self":[{"href":"https:\/\/easda.es\/index.php?rest_route=\/wp\/v2\/pages\/7177","targetHints":{"allow":["GET"]}}],"collection":[{"href":"https:\/\/easda.es\/index.php?rest_route=\/wp\/v2\/pages"}],"about":[{"href":"https:\/\/easda.es\/index.php?rest_route=\/wp\/v2\/types\/page"}],"author":[{"embeddable":true,"href":"https:\/\/easda.es\/index.php?rest_route=\/wp\/v2\/users\/7"}],"replies":[{"embeddable":true,"href":"https:\/\/easda.es\/index.php?rest_route=%2Fwp%2Fv2%2Fcomments&post=7177"}],"version-history":[{"count":10,"href":"https:\/\/easda.es\/index.php?rest_route=\/wp\/v2\/pages\/7177\/revisions"}],"predecessor-version":[{"id":17178,"href":"https:\/\/easda.es\/index.php?rest_route=\/wp\/v2\/pages\/7177\/revisions\/17178"}],"wp:attachment":[{"href":"https:\/\/easda.es\/index.php?rest_route=%2Fwp%2Fv2%2Fmedia&parent=7177"}],"curies":[{"name":"wp","href":"https:\/\/api.w.org\/{rel}","templated":true}]}}