{"id":6923,"date":"2019-05-29T00:29:47","date_gmt":"2019-05-29T00:29:47","guid":{"rendered":"http:\/\/easda.es\/wp\/?page_id=6923"},"modified":"2025-09-23T12:46:09","modified_gmt":"2025-09-23T10:46:09","slug":"resultados-pruebas-de-acceso-y-admitidos","status":"publish","type":"page","link":"https:\/\/easda.es\/?page_id=6923","title":{"rendered":"Resultados pruebas de acceso y admitidos"},"content":{"rendered":"\n<p>[vc_row][vc_column][vc_empty_space height=\u00bb48px\u00bb]<div class=\"qodef-section-title-holder  qodef-st-standard qodef-st-title-left qodef-st-normal-space \" >\n\t<div class=\"qodef-st-inner\">\n\t\t\t\t\t<h2 class=\"qodef-st-title\" >\n\t\t\t\tResultados pruebas de acceso y admitidos\t\t\t<\/h2>\n\t\t\t\t\t<\/div>\n<\/div>[vc_empty_space][vc_column_text]<\/p>\n\n\n\n<h3 class=\"wp-block-heading has-text-color has-link-color wp-elements-8fe8b96b45a6363a2efe4838e86d8328\" style=\"color:#f20808\">Ciclos formativos de Grado Medio<\/h3>\n\n\n\n<p><strong>Convocatoria Ordinaria<\/strong><\/p>\n\n\n\n<p class=\"has-cyan-bluish-gray-color has-text-color has-link-color wp-elements-6c5da5ad5c0c7d23114e2fd94063cc6c\"><\/p>\n\n\n\n<p>&#8211; <a href=\"https:\/\/easda.es\/wp-content\/uploads\/2025\/06\/PSRM_PROV.pdf\" data-type=\"link\" data-id=\"https:\/\/easda.es\/wp-content\/uploads\/2025\/06\/PSRM_PROV.pdf\" target=\"_blank\" rel=\"noreferrer noopener\">Listas provisionales de admitidos Prueba General Ordinaria (CFGMedio)<\/a> <br>(publicado el 02\/06\/2025)<\/p>\n\n\n\n<p>&#8211; <a href=\"https:\/\/easda.es\/wp-content\/uploads\/2025\/06\/PSRM_DEF.pdf\" data-type=\"link\" data-id=\"https:\/\/easda.es\/wp-content\/uploads\/2025\/06\/PSRM_DEF.pdf\" target=\"_blank\" rel=\"noreferrer noopener\">Listas DEFINITIVAS de admitidos Prueba General Ordinaria (CFGMedio)<\/a> <br>(publicado el 05\/06\/2025)<\/p>\n\n\n\n<p>&#8211; <a href=\"https:\/\/easda.es\/wp-content\/uploads\/2025\/06\/CalificacionesPSRM_PROV.pdf\" data-type=\"link\" data-id=\"https:\/\/easda.es\/wp-content\/uploads\/2025\/06\/CalificacionesPSRM_PROV.pdf\" target=\"_blank\" rel=\"noreferrer noopener\">Listas provisionales calificaciones Prueba General Ordinaria (CFGMedio)<\/a><br>(publicado el 11\/06\/2025)<\/p>\n\n\n\n<p>&#8211; <a href=\"https:\/\/easda.es\/wp-content\/uploads\/2025\/06\/CalificacionesPSRM_DEF.pdf\" data-type=\"link\" data-id=\"https:\/\/easda.es\/wp-content\/uploads\/2025\/06\/CalificacionesPSRM_DEF.pdf\" target=\"_blank\" rel=\"noreferrer noopener\">Listas DEFINITIVAS calificaciones <strong>Prueba General Ordinaria<\/strong> (CFGMedio)<\/a> <br>(publicado el 17\/06\/2025)<\/p>\n\n\n\n<p>&#8211; <a href=\"https:\/\/easda.es\/wp-content\/uploads\/2025\/06\/PEM_PROV.pdf\" data-type=\"link\" data-id=\"https:\/\/easda.es\/wp-content\/uploads\/2025\/06\/PEM_PROV.pdf\" target=\"_blank\" rel=\"noreferrer noopener\">Listas provisionales de admitidos Prueba Espec\u00edfica Ordinaria (CFGMedio)<\/a><br>(publicado el 27\/06\/2025)<\/p>\n\n\n\n<p>&#8211; <a href=\"https:\/\/easda.es\/wp-content\/uploads\/2025\/07\/PEM_Def.pdf\" data-type=\"link\" data-id=\"https:\/\/easda.es\/wp-content\/uploads\/2025\/07\/PEM_Def.pdf\" target=\"_blank\" rel=\"noreferrer noopener\">Listas DEFINITIVAS de admitidos Prueba Espec\u00edfica Ordinaria (CFGMedio)<\/a><br>(publicado el 03\/07\/2025)<\/p>\n\n\n\n<p>&#8211; <a href=\"https:\/\/easda.es\/wp-content\/uploads\/2025\/07\/ADM_PROV.pdf\" data-type=\"link\" data-id=\"https:\/\/easda.es\/wp-content\/uploads\/2025\/07\/ADM_PROV.pdf\" target=\"_blank\" rel=\"noreferrer noopener\">Listas provisionales de admitidos por Acceso Directo (CFGMedio)<\/a><br>(publicado el 08\/07\/2025)<\/p>\n\n\n\n<p>&#8211; <a href=\"https:\/\/easda.es\/wp-content\/uploads\/2025\/07\/ADM_Def.pdf\" data-type=\"link\" data-id=\"https:\/\/easda.es\/wp-content\/uploads\/2025\/07\/ADM_Def.pdf\" target=\"_blank\" rel=\"noreferrer noopener\">Listas DEFINITIVAS admitidos por <strong>Acceso Directo<\/strong> (CFGMedio)<\/a><br>(publicado el 14\/07\/2025)<\/p>\n\n\n\n<p>&#8211; <a href=\"https:\/\/easda.es\/wp-content\/uploads\/2025\/07\/CalificacionesPEGM_Prov.pdf\" data-type=\"link\" data-id=\"https:\/\/easda.es\/wp-content\/uploads\/2025\/07\/CalificacionesPEGM_Prov.pdf\">Listas provisionales calificaciones Prueba Espec\u00edfica Ordinari<\/a><a href=\"https:\/\/easda.es\/wp-content\/uploads\/2025\/07\/CalificacionesPEGM_Prov.pdf\" data-type=\"link\" data-id=\"https:\/\/easda.es\/wp-content\/uploads\/2025\/07\/CalificacionesPEGM_Prov.pdf\" target=\"_blank\" rel=\"noreferrer noopener\">a<\/a><a href=\"https:\/\/easda.es\/wp-content\/uploads\/2025\/07\/CalificacionesPEGM_Prov.pdf\" data-type=\"link\" data-id=\"https:\/\/easda.es\/wp-content\/uploads\/2025\/07\/CalificacionesPEGM_Prov.pdf\"> (CFGMedio)<\/a><br>(publicado el 10\/07\/2025)<\/p>\n\n\n\n<p>&#8211; <a href=\"https:\/\/easda.es\/wp-content\/uploads\/2025\/07\/CalificacionesPEGM_Def.pdf\" data-type=\"link\" data-id=\"https:\/\/easda.es\/wp-content\/uploads\/2025\/07\/CalificacionesPEGM_Def.pdf\" target=\"_blank\" rel=\"noreferrer noopener\">Listas DEFINITIVAS calificaciones y admitidos <strong>Prueba Espec\u00edfica Ordinaria<\/strong> (CFGMedio)<\/a> (publicado el 15\/07\/2025)<\/p>\n\n\n<p>[vc_empty_space height=\u00bb10px\u00bb]<\/p>\n\n\n\n<p><strong>Convocatoria Extraordinaria<\/strong><\/p>\n\n\n\n<p>&#8211; <a href=\"https:\/\/easda.es\/wp-content\/uploads\/2025\/09\/PEM_PROV-Septiembre.pdf\" data-type=\"link\" data-id=\"https:\/\/easda.es\/wp-content\/uploads\/2025\/09\/PEM_PROV-Septiembre.pdf\" target=\"_blank\" rel=\"noreferrer noopener\">Listas de admitidos Prueba Espec\u00edfica Extraordinaria (CFGMedio)<\/a><br>(publicado el 05\/09\/2025)<\/p>\n\n\n\n<p>&#8211; <a href=\"https:\/\/easda.es\/wp-content\/uploads\/2025\/09\/CalificacionesPEGM_Prov-Sept.pdf\" data-type=\"link\" data-id=\"https:\/\/easda.es\/wp-content\/uploads\/2025\/09\/CalificacionesPEGM_Prov-Sept.pdf\" target=\"_blank\" rel=\"noreferrer noopener\">Listas provisionales calificaciones Prueba Espec\u00edfica Extraordinaria (CFGMedio)<\/a><br>(publicado el 15\/09\/2025)<\/p>\n\n\n\n<p>&#8211; <a href=\"https:\/\/easda.es\/wp-content\/uploads\/2025\/09\/CalificacionesPEGM_Def-Sept.pdf\" data-type=\"link\" data-id=\"https:\/\/easda.es\/wp-content\/uploads\/2025\/09\/CalificacionesPEGM_Def-Sept.pdf\" target=\"_blank\" rel=\"noreferrer noopener\">Listas DEFINITIVAS calificaciones <strong>Prueba Espec\u00edfica Extraordinaria<\/strong> (CFGMedio)<\/a><br>(publicado el 18\/09\/2025)<\/p>\n\n\n\n<p>\u2013\u00a0<a href=\"https:\/\/easda.es\/wp-content\/uploads\/2025\/09\/ADM_PROV-SEPT.pdf\" target=\"_blank\" rel=\"noreferrer noopener\">Listas provisionales de admitidos por Acceso Directo (CFGMedio)<\/a><br>(publicado el 23\/09\/2025)<\/p>\n\n\n\n<p><\/p>\n\n\n\n<p>[vc_empty_space height=\u00bb20px\u00bb][vc_empty_space height=\u00bb30px\u00bb]<\/p>\n\n\n\n<h3 class=\"wp-block-heading has-text-color has-link-color wp-elements-b319a16e8f463e719f3f30f6fcb666e7\" style=\"color:#f80707\">Ciclos formativos de Grado Superior<\/h3>\n\n\n\n<p><strong>Convocatoria Ordinaria<\/strong><\/p>\n\n\n\n<p>&#8211; <a href=\"https:\/\/easda.es\/wp-content\/uploads\/2025\/06\/PSRS_PROV.pdf\" target=\"_blank\" rel=\"noreferrer noopener\">Listas provisionales de admitidos Prueba General Ordinaria (CFGSuperior)<\/a><br>(publicado el 02\/06\/2025)<\/p>\n\n\n\n<p>&#8211; <a href=\"https:\/\/easda.es\/wp-content\/uploads\/2025\/07\/PES_Def.pdf\" data-type=\"link\" data-id=\"https:\/\/easda.es\/wp-content\/uploads\/2025\/07\/PES_Def.pdf\" target=\"_blank\" rel=\"noreferrer noopener\">Listas DEFINITIVAS de admitidos Prueba General Ordinaria (CFGSuperior)<\/a><br>(publicado el 05\/06\/2025)<\/p>\n\n\n\n<p>&#8211; <a href=\"https:\/\/easda.es\/wp-content\/uploads\/2025\/06\/CalificacionesPSRS_PROV.pdf\" data-type=\"link\" data-id=\"https:\/\/easda.es\/wp-content\/uploads\/2025\/06\/CalificacionesPSRS_PROV.pdf\">Listas provisionales calificaciones Prueba General Ordinaria (CFGSUperior)<\/a><br>(publicado el 11\/06\/2025)<\/p>\n\n\n\n<p>&#8211; <a href=\"https:\/\/easda.es\/wp-content\/uploads\/2025\/06\/CalificacionesPSRS_DEF.pdf\" data-type=\"link\" data-id=\"https:\/\/easda.es\/wp-content\/uploads\/2025\/06\/CalificacionesPSRS_DEF.pdf\" target=\"_blank\" rel=\"noreferrer noopener\">Listas DEFINITIVAS calificaciones <strong>Prueba General Ordinaria<\/strong> (CFGSuperior)<\/a><br>(publicado el 17\/06\/2025)<\/p>\n\n\n\n<p>&#8211; <a href=\"https:\/\/easda.es\/wp-content\/uploads\/2025\/06\/PES_PROV.pdf\" data-type=\"link\" data-id=\"https:\/\/easda.es\/wp-content\/uploads\/2025\/06\/PES_PROV.pdf\" target=\"_blank\" rel=\"noreferrer noopener\">Listas provisionales de admitidos Prueba Espec\u00edfica Ordinaria (CFGSuperior)<\/a><br>(publicado el 27\/06\/2025)<\/p>\n\n\n\n<p>&#8211; <a href=\"https:\/\/easda.es\/wp-content\/uploads\/2025\/07\/PES_Def.pdf\" data-type=\"link\" data-id=\"https:\/\/easda.es\/wp-content\/uploads\/2025\/07\/PES_Def.pdf\" target=\"_blank\" rel=\"noreferrer noopener\">Listas DEFINITIVAS de admitidos Prueba Espec\u00edfica Ordinaria (CFGSuperior)<\/a><br>(publicado el 03\/07\/2025)<\/p>\n\n\n\n<p>&#8211; <a href=\"https:\/\/easda.es\/wp-content\/uploads\/2025\/07\/ADS_PROV.pdf\" data-type=\"link\" data-id=\"https:\/\/easda.es\/wp-content\/uploads\/2025\/07\/ADS_PROV.pdf\" target=\"_blank\" rel=\"noreferrer noopener\">Listas provisionales de admitidos por Acceso Directo (CFGSuperior)<\/a><br>(publicado el 08\/07\/2025)<\/p>\n\n\n\n<p>&#8211; <a href=\"https:\/\/easda.es\/wp-content\/uploads\/2025\/07\/ADS_Def.pdf\" data-type=\"link\" data-id=\"https:\/\/easda.es\/wp-content\/uploads\/2025\/07\/ADS_Def.pdf\" target=\"_blank\" rel=\"noreferrer noopener\">Listas DEFINITIVAS admitidos por <strong>Acceso Directo<\/strong> (CFGSuperior)<\/a><br>(publicado el 14\/07\/2025)<\/p>\n\n\n\n<p>&#8211; <a href=\"https:\/\/easda.es\/wp-content\/uploads\/2025\/07\/CalificacionesPEGS_Prov.pdf\" data-type=\"link\" data-id=\"https:\/\/easda.es\/wp-content\/uploads\/2025\/07\/CalificacionesPEGS_Prov.pdf\" target=\"_blank\" rel=\"noreferrer noopener\">Listas provisionales calificaciones Prueba Espec\u00edfica Ordinaria (CFGSuperior)<\/a><br>(publicado el 10\/07\/2025)<\/p>\n\n\n\n<p>&#8211; <a href=\"https:\/\/easda.es\/wp-content\/uploads\/2025\/07\/CalificacionesPEGS_Def2.pdf\" data-type=\"link\" data-id=\"https:\/\/easda.es\/wp-content\/uploads\/2025\/07\/CalificacionesPEGS_Def2.pdf\" target=\"_blank\" rel=\"noreferrer noopener\">Listas DEFINITIVAS calificaciones y admitidos <strong>Prueba Espec\u00edfica Ordinaria<\/strong> (CFGSuperior)<\/a> (publicado el 15\/07\/2025)<\/p>\n\n\n<p>[vc_empty_space height=\u00bb10px\u00bb]<\/p>\n\n\n\n<p><strong>Convocatoria Extraordinaria<\/strong><\/p>\n\n\n\n<p>&#8211; <a href=\"https:\/\/easda.es\/wp-content\/uploads\/2025\/09\/PES_PROV-Septiembre.pdf\" data-type=\"link\" data-id=\"https:\/\/easda.es\/wp-content\/uploads\/2025\/09\/PES_PROV-Septiembre.pdf\" target=\"_blank\" rel=\"noreferrer noopener\">Listas de admitidos Prueba Espec\u00edfica Extraordinaria (CFGSuperior)<\/a><br>(publicado el 05\/09\/2025)<\/p>\n\n\n\n<p>&#8211; <a href=\"https:\/\/easda.es\/wp-content\/uploads\/2025\/09\/CalificacionesPEGS_Prov-Sept.pdf\" data-type=\"link\" data-id=\"https:\/\/easda.es\/wp-content\/uploads\/2025\/09\/CalificacionesPEGS_Prov-Sept.pdf\" target=\"_blank\" rel=\"noreferrer noopener\">Listas provisionales calificaciones Prueba Espec\u00edfica Extraordinaria (CFGSuperior)<\/a><br>(publicado el 15\/09\/2025)<\/p>\n\n\n\n<p>&#8211; <a href=\"https:\/\/easda.es\/wp-content\/uploads\/2025\/09\/CalificacionesPEGS_Def-Sept.pdf\" data-type=\"link\" data-id=\"https:\/\/easda.es\/wp-content\/uploads\/2025\/09\/CalificacionesPEGS_Def-Sept.pdf\" target=\"_blank\" rel=\"noreferrer noopener\">Listas DEFINITIVAS de calificaciones <strong>Prueba Espec\u00edfica Extraordinaria<\/strong> (CFGSuperior)<\/a> (publicado el 18\/09\/2025)<\/p>\n\n\n\n<p>\u2013\u00a0<a href=\"https:\/\/easda.es\/wp-content\/uploads\/2025\/09\/ADS_PROV-Sept.pdf\" target=\"_blank\" rel=\"noreferrer noopener\">Listas provisionales de admitidos por Acceso Directo (CFGSuperior)<\/a><br>(publicado el 23\/09\/2025)<\/p>\n\n\n\n<p>[vc_empty_space height=\u00bb20px\u00bb][vc_empty_space height=\u00bb30px\u00bb]<\/p>\n\n\n\n<h3 class=\"wp-block-heading has-text-color has-link-color wp-elements-56522953a0f535606bf3ab2e29ca90f6\" style=\"color:#f90404\">Grados en Dise\u00f1o<\/h3>\n\n\n\n<p><strong>Convocatoria Ordinaria<\/strong><\/p>\n\n\n\n<p>&#8211; Listas de admitidos por Acceso Directo (Grados)<\/p>\n\n\n\n<p>&#8211; Listas DEFINITIVAS admitidos por <strong>Acceso Directo<\/strong> (Grados)<\/p>\n\n\n\n<p>Los aspirantes podr\u00e1n consultar el estado de su inscripci\u00f3n, as\u00ed como las calificaciones obtenidas en las diversas pruebas en el&nbsp;<a href=\"https:\/\/artic.edu.gva.es\/ARTIC\/easdalacant.do\" target=\"_blank\" rel=\"noreferrer noopener\">siguiente enlace<\/a>, utilizando el usuario y contrase\u00f1a creados a la hora de inscribirse a las pruebas.<\/p>\n\n\n\n<p>&#8211; Publicaci\u00f3n de las calificaciones provisionales (ORDINARIA): lunes 15 de julio de 2024 a partir de las 15h. en el <a href=\"https:\/\/artic.edu.gva.es\/ARTIC\/easdalacant.do\" target=\"_blank\" rel=\"noreferrer noopener\">siguiente enlace<\/a>, utilizando el usuario y contrase\u00f1a creados a la hora de inscribirse a las pruebas (si no te acuerdas de tu contrase\u00f1a pincha en el bot\u00f3n \u00abolvid\u00e9 mi contrase\u00f1a\u00bb y se te enviar\u00e1n instrucciones al correo electr\u00f3nico con el que te diste de alta en Artic). Las notas publicadas son provisionales, hasta que no se publiquen las definitivas no sabr\u00e9is si est\u00e1is admitidos o no.<br><strong>EL PERIODO DE RECLAMACIONES ser\u00e1 del 16 al 18 de julio de 2024. Solicita tu cita con el tribunal de la prueba en el correo <a href=\"mailto:acceso.esd@easda.es\" target=\"_blank\" rel=\"noreferrer noopener\">acceso.esd@easda.es<\/a>.<\/strong><br>[vc_empty_space height=\u00bb15px\u00bb]<\/p>\n\n\n\n<p>&#8211; Publicaci\u00f3n de las <strong>calificaciones DEFINITIVAS (ORDINARIA)<\/strong>: Viernes 19 de julio de 2024 a partir de las 15h. en el <a href=\"https:\/\/artic.edu.gva.es\/ARTIC\/easdalacant.do\" target=\"_blank\" rel=\"noreferrer noopener\">siguiente enlace<\/a>, utilizando el usuario y contrase\u00f1a creados a la hora de inscribirse a las pruebas.<br>El alumnado puede ver si ha sido admitido en Estudios Superiores en el enlace anterior, utilizando el&nbsp; mismo usuario y contrase\u00f1a.<\/p>\n\n\n<p>[vc_empty_space height=\u00bb15px\u00bb]<\/p>\n\n\n\n<p><strong>Convocatoria Extraordinaria<\/strong><\/p>\n\n\n\n<p>&#8211; Publicaci\u00f3n de las calificaciones provisionales (EXTRAORDINARIA): Lunes 13 de septiembre de 2024 a partir de las 15h. en el <a href=\"https:\/\/artic.edu.gva.es\/ARTIC\/easdalacant.do\" target=\"_blank\" rel=\"noreferrer noopener\">siguiente enlace<\/a>, utilizando el usuario y contrase\u00f1a creados a la hora de inscribirse a las pruebas.<\/p>\n\n\n\n<p>&#8211; Publicaci\u00f3n de las <strong>calificaciones DEFINITIVAS (EXTRAORDINARIA)<\/strong>: Viernes 19 de septiembre de 2024 a partir de las 15h. en el <a href=\"https:\/\/artic.edu.gva.es\/ARTIC\/easdalacant.do\" target=\"_blank\" rel=\"noreferrer noopener\">siguiente enlace<\/a>, utilizando el usuario y contrase\u00f1a creados a la hora de inscribirse a las pruebas.<\/p>\n\n\n\n<p>[vc_empty_space height=\u00bb20px\u00bb][vc_empty_space height=\u00bb30px\u00bb]<\/p>\n\n\n\n<h3 class=\"wp-block-heading has-text-color has-link-color wp-elements-1b47ad95e890a41f101de3a575715bc7\" style=\"color:#f30d0d\">PostGrados&nbsp;<\/h3>\n\n\n\n<p><strong>Convocatoria Ordinaria<\/strong><\/p>\n\n\n\n<p>&#8211; <a href=\"https:\/\/easda.es\/wp-content\/uploads\/2025\/07\/Admitidos_07_25_signed.pdf\" data-type=\"link\" data-id=\"https:\/\/easda.es\/wp-content\/uploads\/2025\/07\/Admitidos_07_25_signed.pdf\" target=\"_blank\" rel=\"noreferrer noopener\">Listas admitidos al M\u00e1ster en Arte y Dise\u00f1o para Realidades Extendidas y Videojuegos<\/a><br>(publicado el 11\/07\/2025)<br>[vc_empty_space height=\u00bb15px\u00bb]<\/p>\n\n\n\n<p><strong>Convocatoria Extraordinaria<\/strong><\/p>\n\n\n\n<p>&#8211; Listas admitidos al M\u00e1ster en Arte y Dise\u00f1o para Realidades Extendidas y Videojuegos<\/p>\n\n\n\n<p>[\/vc_column_text][vc_empty_space height=\u00bb48px\u00bb][\/vc_column][\/vc_row]<\/p>\n\n\n\n<p><\/p>\n","protected":false},"excerpt":{"rendered":"<p>[vc_row][vc_column][vc_empty_space height=\u00bb48px\u00bb][vc_empty_space][vc_column_text] Ciclos formativos de Grado Medio Convocatoria Ordinaria &#8211; Listas provisionales de admitidos Prueba General Ordinaria (CFGMedio) (publicado el 02\/06\/2025) &#8211; Listas DEFINITIVAS de admitidos Prueba General Ordinaria (CFGMedio) (publicado el 05\/06\/2025) &#8211; Listas provisionales calificaciones Prueba General Ordinaria [&hellip;]<\/p>\n","protected":false},"author":7,"featured_media":0,"parent":2742,"menu_order":0,"comment_status":"closed","ping_status":"closed","template":"","meta":{"footnotes":""},"class_list":["post-6923","page","type-page","status-publish","hentry"],"_links":{"self":[{"href":"https:\/\/easda.es\/index.php?rest_route=\/wp\/v2\/pages\/6923","targetHints":{"allow":["GET"]}}],"collection":[{"href":"https:\/\/easda.es\/index.php?rest_route=\/wp\/v2\/pages"}],"about":[{"href":"https:\/\/easda.es\/index.php?rest_route=\/wp\/v2\/types\/page"}],"author":[{"embeddable":true,"href":"https:\/\/easda.es\/index.php?rest_route=\/wp\/v2\/users\/7"}],"replies":[{"embeddable":true,"href":"https:\/\/easda.es\/index.php?rest_route=%2Fwp%2Fv2%2Fcomments&post=6923"}],"version-history":[{"count":338,"href":"https:\/\/easda.es\/index.php?rest_route=\/wp\/v2\/pages\/6923\/revisions"}],"predecessor-version":[{"id":19758,"href":"https:\/\/easda.es\/index.php?rest_route=\/wp\/v2\/pages\/6923\/revisions\/19758"}],"up":[{"embeddable":true,"href":"https:\/\/easda.es\/index.php?rest_route=\/wp\/v2\/pages\/2742"}],"wp:attachment":[{"href":"https:\/\/easda.es\/index.php?rest_route=%2Fwp%2Fv2%2Fmedia&parent=6923"}],"curies":[{"name":"wp","href":"https:\/\/api.w.org\/{rel}","templated":true}]}}