{"id":6905,"date":"2019-05-29T00:02:30","date_gmt":"2019-05-29T00:02:30","guid":{"rendered":"http:\/\/easda.es\/wp\/?page_id=6905"},"modified":"2025-05-13T12:46:44","modified_gmt":"2025-05-13T10:46:44","slug":"matricula-2","status":"publish","type":"page","link":"https:\/\/easda.es\/?page_id=6905","title":{"rendered":"Matr\u00edcula"},"content":{"rendered":"<p>[vc_row gap=\u00bb30&#8243;][vc_column][vc_row_inner][vc_column_inner][vc_single_image image=\u00bb7057&#8243; img_size=\u00bbfull\u00bb][vc_empty_space height=\u00bb48px\u00bb][\/vc_column_inner][\/vc_row_inner][vc_row_inner][\/vc_row_inner][vc_column_inner][\/vc_column_inner]<div class=\"qodef-section-title-holder  qodef-st-standard qodef-st-title-left qodef-st-normal-space \" >\n\t<div class=\"qodef-st-inner\">\n\t\t\t\t\t<h2 class=\"qodef-st-title\" >\n\t\t\t\tMatr\u00edcula\t\t\t<\/h2>\n\t\t\t\t\t<\/div>\n<\/div>[vc_empty_space height=\u00bb24px\u00bb][vc_column_text]<\/p>\n\n\n<p>Dentro de cada enlace puedes obtener m\u00e1s informaci\u00f3n acerca de las fechas y plazos de matr\u00edcula de los estudios ofertados en nuestra Escuela, as\u00ed como la documentaci\u00f3n necesaria. El horario de Administraci\u00f3n es de 9 a 13:30 h.<\/p>\n\n\n\n<p><a href=\"https:\/\/easda.es\/?page_id=14197\">PostGrados<\/a><\/p>\n\n\n\n<p><a href=\"https:\/\/easda.es\/?page_id=6911\">Grados en Dise\u00f1o<\/a><\/p>\n\n\n\n<p><a href=\"https:\/\/easda.es\/?page_id=2776\">Ciclos Formativos de Artes Pl\u00e1sticas y Dise\u00f1o<\/a><\/p>\n\n\n\n<p>[\/vc_column_text][vc_empty_space height=\u00bb24px\u00bb]<\/p>\n","protected":false},"excerpt":{"rendered":"<p>[vc_row gap=\u00bb30&#8243;][vc_column][vc_row_inner][vc_column_inner][vc_single_image image=\u00bb7057&#8243; img_size=\u00bbfull\u00bb][vc_empty_space height=\u00bb48px\u00bb][\/vc_column_inner][\/vc_row_inner][vc_row_inner][\/vc_row_inner][vc_column_inner][\/vc_column_inner][vc_empty_space height=\u00bb24px\u00bb][vc_column_text] Dentro de cada enlace puedes obtener m\u00e1s informaci\u00f3n acerca de las fechas y plazos de matr\u00edcula de los estudios ofertados en nuestra Escuela, as\u00ed como la documentaci\u00f3n necesaria. El horario de Administraci\u00f3n es de [&hellip;]<\/p>\n","protected":false},"author":7,"featured_media":0,"parent":2742,"menu_order":0,"comment_status":"closed","ping_status":"closed","template":"","meta":{"footnotes":""},"class_list":["post-6905","page","type-page","status-publish","hentry"],"_links":{"self":[{"href":"https:\/\/easda.es\/index.php?rest_route=\/wp\/v2\/pages\/6905","targetHints":{"allow":["GET"]}}],"collection":[{"href":"https:\/\/easda.es\/index.php?rest_route=\/wp\/v2\/pages"}],"about":[{"href":"https:\/\/easda.es\/index.php?rest_route=\/wp\/v2\/types\/page"}],"author":[{"embeddable":true,"href":"https:\/\/easda.es\/index.php?rest_route=\/wp\/v2\/users\/7"}],"replies":[{"embeddable":true,"href":"https:\/\/easda.es\/index.php?rest_route=%2Fwp%2Fv2%2Fcomments&post=6905"}],"version-history":[{"count":36,"href":"https:\/\/easda.es\/index.php?rest_route=\/wp\/v2\/pages\/6905\/revisions"}],"predecessor-version":[{"id":18938,"href":"https:\/\/easda.es\/index.php?rest_route=\/wp\/v2\/pages\/6905\/revisions\/18938"}],"up":[{"embeddable":true,"href":"https:\/\/easda.es\/index.php?rest_route=\/wp\/v2\/pages\/2742"}],"wp:attachment":[{"href":"https:\/\/easda.es\/index.php?rest_route=%2Fwp%2Fv2%2Fmedia&parent=6905"}],"curies":[{"name":"wp","href":"https:\/\/api.w.org\/{rel}","templated":true}]}}