{"id":5973,"date":"2018-12-25T09:19:49","date_gmt":"2018-12-25T09:19:49","guid":{"rendered":"http:\/\/easda.es\/wp\/?page_id=5973"},"modified":"2025-09-05T10:03:26","modified_gmt":"2025-09-05T08:03:26","slug":"asignaturas-especialidad-asistencia-al-producto-grafico-interactivo","status":"publish","type":"page","link":"https:\/\/easda.es\/?page_id=5973","title":{"rendered":"Contenidos del CFGM en Asistencia al Producto Gra\u0301fico Interactivo"},"content":{"rendered":"<p>[vc_row][vc_column][vc_row_inner][vc_column_inner]<div class=\"qodef-section-title-holder  qodef-st-standard qodef-st-title-left qodef-st-normal-space \" >\n\t<div class=\"qodef-st-inner\">\n\t\t\t\t\t<h2 class=\"qodef-st-title\" >\n\t\t\t\tContenidos del CFGM en Asistencia al Producto Gr\u00e1fico Interactivo\t\t\t<\/h2>\n\t\t\t\t\t<\/div>\n<\/div>[vc_empty_space][\/vc_column_inner][\/vc_row_inner][vc_row_inner][vc_column_inner]<h2 class=\"qodef-custom-font-holder  qodef-cf-9922\"  data-item-class=\"qodef-cf-9922\">\n\tCurso 1\u00ba<\/h2>[vc_empty_space height=\u00bb24px\u00bb][vc_column_text]Edici\u00f3n web 1<br \/>\nFormaci\u00f3n y orientaci\u00f3n laboral<br \/>\nFundamentos del Dise\u00f1o Gr\u00e1fico<br \/>\nHistoria del dise\u00f1o gr\u00e1fico<br \/>\nIdioma extranjero 1<br \/>\nMedios inform\u00e1ticos<br \/>\nMultimedia 1<br \/>\nTipograf\u00eda[\/vc_column_text][vc_empty_space height=\u00bb48px\u00bb][\/vc_column_inner][\/vc_row_inner][vc_row_inner][vc_column_inner]<h2 class=\"qodef-custom-font-holder  qodef-cf-8756\"  data-item-class=\"qodef-cf-8756\">\n\tCurso 2\u00ba<\/h2>[vc_empty_space height=\u00bb24px\u00bb][vc_column_text]Ampliaci\u00f3n de sistemas inform\u00e1ticos<br \/>\nComposici\u00f3n gr\u00e1fica aplicada a multimedia<br \/>\nEdici\u00f3n web 2<br \/>\nEmpresa e iniciativa emprendedora<br \/>\nFotograf\u00eda digital para el producto interactivo<br \/>\nIdioma extranjero 2<br \/>\nMultimedia 2<br \/>\nObra final<\/p>\n<p>&nbsp;<\/p>\n<p><a href=\"https:\/\/easda.es\/wp-content\/uploads\/2025\/09\/PD_APGI.pdf\" target=\"_blank\" rel=\"noopener\">Programaciones Did\u00e1cticas CFGM APGI<\/a><\/p>\n<p>[\/vc_column_text][vc_empty_space height=\u00bb48px\u00bb][\/vc_column_inner][\/vc_row_inner][\/vc_column][\/vc_row]<\/p>\n","protected":false},"excerpt":{"rendered":"<p>[vc_row][vc_column][vc_row_inner][vc_column_inner][vc_empty_space][\/vc_column_inner][\/vc_row_inner][vc_row_inner][vc_column_inner][vc_empty_space height=\u00bb24px\u00bb][vc_column_text]Edici\u00f3n web 1 Formaci\u00f3n y orientaci\u00f3n laboral Fundamentos del Dise\u00f1o Gr\u00e1fico Historia del dise\u00f1o gr\u00e1fico Idioma extranjero 1 Medios inform\u00e1ticos Multimedia 1 Tipograf\u00eda[\/vc_column_text][vc_empty_space height=\u00bb48px\u00bb][\/vc_column_inner][\/vc_row_inner][vc_row_inner][vc_column_inner][vc_empty_space height=\u00bb24px\u00bb][vc_column_text]Ampliaci\u00f3n de sistemas inform\u00e1ticos Composici\u00f3n gr\u00e1fica aplicada a multimedia Edici\u00f3n web 2 Empresa e iniciativa [&hellip;]<\/p>\n","protected":false},"author":10,"featured_media":0,"parent":2844,"menu_order":0,"comment_status":"closed","ping_status":"closed","template":"","meta":{"footnotes":""},"class_list":["post-5973","page","type-page","status-publish","hentry"],"_links":{"self":[{"href":"https:\/\/easda.es\/index.php?rest_route=\/wp\/v2\/pages\/5973","targetHints":{"allow":["GET"]}}],"collection":[{"href":"https:\/\/easda.es\/index.php?rest_route=\/wp\/v2\/pages"}],"about":[{"href":"https:\/\/easda.es\/index.php?rest_route=\/wp\/v2\/types\/page"}],"author":[{"embeddable":true,"href":"https:\/\/easda.es\/index.php?rest_route=\/wp\/v2\/users\/10"}],"replies":[{"embeddable":true,"href":"https:\/\/easda.es\/index.php?rest_route=%2Fwp%2Fv2%2Fcomments&post=5973"}],"version-history":[{"count":9,"href":"https:\/\/easda.es\/index.php?rest_route=\/wp\/v2\/pages\/5973\/revisions"}],"predecessor-version":[{"id":19490,"href":"https:\/\/easda.es\/index.php?rest_route=\/wp\/v2\/pages\/5973\/revisions\/19490"}],"up":[{"embeddable":true,"href":"https:\/\/easda.es\/index.php?rest_route=\/wp\/v2\/pages\/2844"}],"wp:attachment":[{"href":"https:\/\/easda.es\/index.php?rest_route=%2Fwp%2Fv2%2Fmedia&parent=5973"}],"curies":[{"name":"wp","href":"https:\/\/api.w.org\/{rel}","templated":true}]}}