{"id":5968,"date":"2018-12-25T09:17:11","date_gmt":"2018-12-25T09:17:11","guid":{"rendered":"http:\/\/easda.es\/wp\/?page_id=5968"},"modified":"2020-06-10T09:26:11","modified_gmt":"2020-06-10T07:26:11","slug":"asignaturas-especialidad-ceramica-artistica","status":"publish","type":"page","link":"https:\/\/easda.es\/?page_id=5968","title":{"rendered":"Contenidos del CFGS en Cer\u00e1mica Art\u00edstica"},"content":{"rendered":"<p>[vc_row][vc_column][vc_row_inner][vc_column_inner]<div class=\"qodef-section-title-holder  qodef-st-standard qodef-st-title-left qodef-st-normal-space \" >\n\t<div class=\"qodef-st-inner\">\n\t\t\t\t\t<h2 class=\"qodef-st-title\" >\n\t\t\t\tContenidos del CFGS en Cer\u00e1mica Art\u00edstica\t\t\t<\/h2>\n\t\t\t\t\t<\/div>\n<\/div>[vc_empty_space][\/vc_column_inner][\/vc_row_inner][vc_row_inner][vc_column_inner]<h3 class=\"qodef-custom-font-holder  qodef-cf-9443\"  data-item-class=\"qodef-cf-9443\">\n\tCurso 1\u00ba<\/h3>[vc_empty_space height=\u00bb24px\u00bb][vc_column_text]Dibujo art\u00edstico 1<br \/>\nDibujo t\u00e9cnico<br \/>\nHistoria del arte y de la cer\u00e1mica 1<br \/>\nIdioma extranjero (IE)<br \/>\nInform\u00e1tica aplicada 1<br \/>\nMateriales y tecnolog\u00eda: cer\u00e1mica 1<br \/>\nTaller cer\u00e1mico<br \/>\nProyectos de cer\u00e1mica art\u00edstica<br \/>\nVolumen 1<br \/>\n[\/vc_column_text][vc_empty_space height=\u00bb48px\u00bb][\/vc_column_inner][\/vc_row_inner][vc_row_inner][vc_column_inner]<h3 class=\"qodef-custom-font-holder  qodef-cf-9738\"  data-item-class=\"qodef-cf-9738\">\n\tCurso 2\u00ba<\/h3>[vc_empty_space height=\u00bb24px\u00bb][vc_column_text]<\/p>\n<p>Audiovisuales<br \/>\nDibujo art\u00edstico 2<br \/>\nFormaci\u00f3n y orientaci\u00f3n laboral<br \/>\nHistoria del arte y de la cer\u00e1mica 2<br \/>\nIdioma extranjero (IE)<br \/>\nInform\u00e1tica aplicada 2<br \/>\nMateriales y tecnolog\u00eda: cer\u00e1mica 2<br \/>\nProyecto integrado<br \/>\nTaller cer\u00e1mico<br \/>\nVolumen 2<br \/>\n[\/vc_column_text][vc_empty_space height=\u00bb48px\u00bb][\/vc_column_inner][\/vc_row_inner][\/vc_column][\/vc_row]<\/p>\n","protected":false},"excerpt":{"rendered":"<p>[vc_row][vc_column][vc_row_inner][vc_column_inner][vc_empty_space][\/vc_column_inner][\/vc_row_inner][vc_row_inner][vc_column_inner][vc_empty_space height=\u00bb24px\u00bb][vc_column_text]Dibujo art\u00edstico 1 Dibujo t\u00e9cnico Historia del arte y de la cer\u00e1mica 1 Idioma extranjero (IE) Inform\u00e1tica aplicada 1 Materiales y tecnolog\u00eda: cer\u00e1mica 1 Taller cer\u00e1mico Proyectos de cer\u00e1mica art\u00edstica Volumen 1 [\/vc_column_text][vc_empty_space height=\u00bb48px\u00bb][\/vc_column_inner][\/vc_row_inner][vc_row_inner][vc_column_inner][vc_empty_space height=\u00bb24px\u00bb][vc_column_text] Audiovisuales Dibujo art\u00edstico 2 [&hellip;]<\/p>\n","protected":false},"author":10,"featured_media":0,"parent":2838,"menu_order":0,"comment_status":"closed","ping_status":"closed","template":"","meta":{"footnotes":""},"class_list":["post-5968","page","type-page","status-publish","hentry"],"_links":{"self":[{"href":"https:\/\/easda.es\/index.php?rest_route=\/wp\/v2\/pages\/5968","targetHints":{"allow":["GET"]}}],"collection":[{"href":"https:\/\/easda.es\/index.php?rest_route=\/wp\/v2\/pages"}],"about":[{"href":"https:\/\/easda.es\/index.php?rest_route=\/wp\/v2\/types\/page"}],"author":[{"embeddable":true,"href":"https:\/\/easda.es\/index.php?rest_route=\/wp\/v2\/users\/10"}],"replies":[{"embeddable":true,"href":"https:\/\/easda.es\/index.php?rest_route=%2Fwp%2Fv2%2Fcomments&post=5968"}],"version-history":[{"count":7,"href":"https:\/\/easda.es\/index.php?rest_route=\/wp\/v2\/pages\/5968\/revisions"}],"predecessor-version":[{"id":8537,"href":"https:\/\/easda.es\/index.php?rest_route=\/wp\/v2\/pages\/5968\/revisions\/8537"}],"up":[{"embeddable":true,"href":"https:\/\/easda.es\/index.php?rest_route=\/wp\/v2\/pages\/2838"}],"wp:attachment":[{"href":"https:\/\/easda.es\/index.php?rest_route=%2Fwp%2Fv2%2Fmedia&parent=5968"}],"curies":[{"name":"wp","href":"https:\/\/api.w.org\/{rel}","templated":true}]}}