{"id":5963,"date":"2018-12-25T09:14:35","date_gmt":"2018-12-25T09:14:35","guid":{"rendered":"http:\/\/easda.es\/wp\/?page_id=5963"},"modified":"2025-09-05T10:09:51","modified_gmt":"2025-09-05T08:09:51","slug":"asignaturas-especialidad-proyectos-y-direccion-de-obras-de-decoracion","status":"publish","type":"page","link":"https:\/\/easda.es\/?page_id=5963","title":{"rendered":"Contenidos del CFGS en Proyectos y Direccio\u0301n de Obras de Decoracio\u0301n"},"content":{"rendered":"<p>[vc_row][vc_column][vc_row_inner][vc_column_inner]<div class=\"qodef-section-title-holder  qodef-st-standard qodef-st-title-left qodef-st-normal-space \" >\n\t<div class=\"qodef-st-inner\">\n\t\t\t\t\t<h2 class=\"qodef-st-title\" >\n\t\t\t\tContenidos del CFGS en Proyectos y Direcci\u00f3n de Obras de Decoraci\u00f3n\t\t\t<\/h2>\n\t\t\t\t\t<\/div>\n<\/div>[vc_empty_space][\/vc_column_inner][\/vc_row_inner][vc_row_inner][vc_column_inner]<h3 class=\"qodef-custom-font-holder  qodef-cf-4747\"  data-item-class=\"qodef-cf-4747\">\n\tCurso 1\u00ba<\/h3>[vc_empty_space height=\u00bb24px\u00bb][vc_column_text]Audiovisuales<br \/>\nDibujo t\u00e9cnico<br \/>\nDibujo y Color<br \/>\nDise\u00f1o Asistido por Ordenador<br \/>\nExpresi\u00f3n volum\u00e9trica<br \/>\nFormaci\u00f3n y Orientaci\u00f3n Laboral 1<br \/>\nHistoria de la Arquitectura y de su entorno ambiental.<br \/>\nIdioma extranjero 1<br \/>\nMatem\u00e1ticas<br \/>\nProyectos<br \/>\nTecnolog\u00eda y Sistemas Constructivos[\/vc_column_text][vc_empty_space height=\u00bb48px\u00bb][\/vc_column_inner][\/vc_row_inner][vc_row_inner][vc_column_inner]<h3 class=\"qodef-custom-font-holder  qodef-cf-4758\"  data-item-class=\"qodef-cf-4758\">\n\tCurso 2\u00ba<\/h3>[vc_empty_space height=\u00bb24px\u00bb][vc_column_text]Dibujo y Color: Proyectos y Direcci\u00f3n de Obras<br \/>\nDise\u00f1o Asistido por Ordenador: Proyectos y Direcci\u00f3n de Obras<br \/>\nFormaci\u00f3n y Orientaci\u00f3n Laboral 2<br \/>\nHistoria del interiorismo<br \/>\nIdioma extranjero 2<br \/>\nMediciones, Presupuestos y Planificaci\u00f3n de Obras<br \/>\nProyectos: Proyectos y Direcci\u00f3n de Obras<br \/>\nTecnolog\u00eda y Sistemas Constructivos: Proyectos y Direcci\u00f3n de Obras<br \/>\nTeor\u00eda del Interiorismo<\/p>\n<p>&nbsp;<\/p>\n<p><a href=\"https:\/\/easda.es\/wp-content\/uploads\/2025\/09\/PD_PDOD.pdf\">Programaciones Did\u00e1cticas CFGS PDOD<\/a><\/p>\n<p>[\/vc_column_text][vc_empty_space height=\u00bb48px\u00bb][\/vc_column_inner][\/vc_row_inner][\/vc_column][\/vc_row]<\/p>\n","protected":false},"excerpt":{"rendered":"<p>[vc_row][vc_column][vc_row_inner][vc_column_inner][vc_empty_space][\/vc_column_inner][\/vc_row_inner][vc_row_inner][vc_column_inner][vc_empty_space height=\u00bb24px\u00bb][vc_column_text]Audiovisuales Dibujo t\u00e9cnico Dibujo y Color Dise\u00f1o Asistido por Ordenador Expresi\u00f3n volum\u00e9trica Formaci\u00f3n y Orientaci\u00f3n Laboral 1 Historia de la Arquitectura y de su entorno ambiental. Idioma extranjero 1 Matem\u00e1ticas Proyectos Tecnolog\u00eda y Sistemas Constructivos[\/vc_column_text][vc_empty_space height=\u00bb48px\u00bb][\/vc_column_inner][\/vc_row_inner][vc_row_inner][vc_column_inner][vc_empty_space height=\u00bb24px\u00bb][vc_column_text]Dibujo y Color: [&hellip;]<\/p>\n","protected":false},"author":10,"featured_media":0,"parent":2849,"menu_order":0,"comment_status":"closed","ping_status":"closed","template":"","meta":{"footnotes":""},"class_list":["post-5963","page","type-page","status-publish","hentry"],"_links":{"self":[{"href":"https:\/\/easda.es\/index.php?rest_route=\/wp\/v2\/pages\/5963","targetHints":{"allow":["GET"]}}],"collection":[{"href":"https:\/\/easda.es\/index.php?rest_route=\/wp\/v2\/pages"}],"about":[{"href":"https:\/\/easda.es\/index.php?rest_route=\/wp\/v2\/types\/page"}],"author":[{"embeddable":true,"href":"https:\/\/easda.es\/index.php?rest_route=\/wp\/v2\/users\/10"}],"replies":[{"embeddable":true,"href":"https:\/\/easda.es\/index.php?rest_route=%2Fwp%2Fv2%2Fcomments&post=5963"}],"version-history":[{"count":7,"href":"https:\/\/easda.es\/index.php?rest_route=\/wp\/v2\/pages\/5963\/revisions"}],"predecessor-version":[{"id":19498,"href":"https:\/\/easda.es\/index.php?rest_route=\/wp\/v2\/pages\/5963\/revisions\/19498"}],"up":[{"embeddable":true,"href":"https:\/\/easda.es\/index.php?rest_route=\/wp\/v2\/pages\/2849"}],"wp:attachment":[{"href":"https:\/\/easda.es\/index.php?rest_route=%2Fwp%2Fv2%2Fmedia&parent=5963"}],"curies":[{"name":"wp","href":"https:\/\/api.w.org\/{rel}","templated":true}]}}