{"id":5118,"date":"2018-09-08T08:45:45","date_gmt":"2018-09-08T08:45:45","guid":{"rendered":"http:\/\/easda.es\/wp\/?page_id=5118"},"modified":"2024-11-20T09:45:40","modified_gmt":"2024-11-20T08:45:40","slug":"presentacion","status":"publish","type":"page","link":"https:\/\/easda.es\/?page_id=5118","title":{"rendered":"Presentaci\u00f3n"},"content":{"rendered":"<p>[vc_row gap=\u00bb30&#8243;][vc_column][vc_row_inner][vc_column_inner][vc_single_image image=\u00bb12883&#8243; img_size=\u00bbfull\u00bb][vc_empty_space height=\u00bb48px\u00bb][\/vc_column_inner][vc_column_inner][\/vc_column_inner][\/vc_row_inner][vc_row_inner][vc_column_inner]<div class=\"qodef-section-title-holder  qodef-st-standard qodef-st-title-left qodef-st-normal-space \" >\n\t<div class=\"qodef-st-inner\">\n\t\t\t\t\t<h2 class=\"qodef-st-title\" >\n\t\t\t\t\u00bfQu\u00e9 es la EASDA?\t\t\t<\/h2>\n\t\t\t\t\t<\/div>\n<\/div>[vc_empty_space height=\u00bb24px\u00bb][vc_column_text]<\/p>\n<p>EASDA son las siglas de la <strong>Escuela de Arte y Superior de Dise\u00f1o de Alicante<\/strong>, un centro educativo perteneciente al\u00a0<a href=\"http:\/\/www.iseacv.gva.es\/es\/\" target=\"_blank\" rel=\"noopener\">Instituto Superior de Ense\u00f1anzas Art\u00edsticas<\/a> (ISEACV) que oferta ense\u00f1anza oficial cualificada preparando profesionales capacitados\/as para afrontar los retos que demanda nuestra sociedad en los distintos \u00e1mbitos del dise\u00f1o y las artes pl\u00e1sticas y que acad\u00e9micamente oferta los Grados en Dise\u00f1o y las Ense\u00f1anzas Profesionales de Artes Pl\u00e1sticas y Dise\u00f1o.<\/p>\n<p>[\/vc_column_text][vc_empty_space height=\u00bb64px\u00bb][\/vc_column_inner][\/vc_row_inner][vc_row_inner][vc_column_inner]<div class=\"qodef-section-title-holder  qodef-st-standard qodef-st-title-left qodef-st-normal-space \" >\n\t<div class=\"qodef-st-inner\">\n\t\t\t\t\t<h2 class=\"qodef-st-title\" >\n\t\t\t\tAlgo de historia\t\t\t<\/h2>\n\t\t\t\t\t<\/div>\n<\/div>[vc_empty_space height=\u00bb24px\u00bb][vc_column_text]<\/p>\n<p>La EASDA se encuentra en la capital de la provincia de Alicante. Comenz\u00f3 en la ciudad hace m\u00e1s de cien a\u00f1os, conocida como un centro de artesanos\/as y gestionada por el Ayuntamiento. En 1949 se crea la Escuela Sindical de Artes y es en 1986 con la Ley de Educaci\u00f3n donde se recogen los preceptos para Escuelas de Arte. Con la publicaci\u00f3n de la LOGSE (ley org\u00e1nica general del sistema educativo) en 1990 y\u00a0 tras la publicaci\u00f3n de la legislaci\u00f3n relativa a los <a href=\"http:\/\/easda.es\/wp\/wp-content\/uploads\/2019\/06\/REAL-DECRETO-1496_1999_establece_ESD.pdf\" target=\"_blank\" rel=\"noopener\">Estudios Superiores de Dise\u00f1o en 1999,<\/a> se defini\u00f3 un nuevo marco en la regulaci\u00f3n de este \u00e1mbito de la educaci\u00f3n organiz\u00e1ndose la oferta educativa en el Centro en dos niveles: Estudios Superiores de Dise\u00f1o y Ciclos Formativos. Desde la creaci\u00f3n del Instituto Superior de las Ense\u00f1anzas Art\u00edsticas de la Comunitat Valenciana (ISEACV) en 2007, la EASDA es uno de los trece centros que lo componen <a href=\"http:\/\/easda.es\/wp\/wp-content\/uploads\/2019\/06\/ley-8-2007-iseacv.pdf\" target=\"_blank\" rel=\"noopener\">(LEY 8\/2007, de 2 de marzo)<\/a>.<\/p>\n<p>[\/vc_column_text][vc_empty_space height=\u00bb64px\u00bb][\/vc_column_inner][\/vc_row_inner][vc_row_inner][vc_column_inner]<div class=\"qodef-section-title-holder  qodef-st-standard qodef-st-title-left qodef-st-normal-space \" >\n\t<div class=\"qodef-st-inner\">\n\t\t\t\t\t<h2 class=\"qodef-st-title\" >\n\t\t\t\tActualidad\t\t\t<\/h2>\n\t\t\t\t\t<\/div>\n<\/div>[vc_empty_space height=\u00bb24px\u00bb][vc_column_text]<\/p>\n<p>La EASDA inaugura desde el curso 2010\/11 las nuevas titulaciones de los Estudios Superiores de Dise\u00f1o, seg\u00fan lo dispuesto en la <a href=\"http:\/\/easda.es\/wp\/wp-content\/uploads\/2019\/06\/RESOLUCIO\u0301N-de-29-de-julio-de-2010_implantacion_ESD_CV.pdf\" target=\"_blank\" rel=\"noopener\">RESOLUCI\u00d3N de 29 de julio de 2010<\/a>, del Director General de Universidad y Estudios Superiores \u00a0acerc\u00e1ndose as\u00ed al modelo Europeo de ense\u00f1anza donde los\/as dise\u00f1adores\/as son profesionales con carrera universitaria y con un alto nivel de especializaci\u00f3n. En la actualidad imparte cuatro especialidades de Grados en Dise\u00f1o y un PostGrado. En su estructura de estudios contempla tambi\u00e9n las Ense\u00f1anzas Profesionales en Artes Pl\u00e1sticas y Dise\u00f1o de Nivel 1, denominado T\u00e9cnico Superior.<\/p>\n<p>[\/vc_column_text][vc_empty_space height=\u00bb24px\u00bb][vc_column_text]<\/p>\n<p><a href=\"https:\/\/easda.es\/?page_id=12134\"><strong>Postgrados: <\/strong><\/a>La EASDA imparte el M\u00e1ster Oficial en Ense\u00f1anzas Art\u00edsticas: Arte y dise\u00f1o para realidades extendidas y videojuegos. Es un m\u00e1ster oficial integrado en el Espacio Europeo de Educaci\u00f3n Superior de 1 a\u00f1o de duraci\u00f3n.<br \/>Consta de 60 cr\u00e9ditos ECTS. Incluye 250 horas de pr\u00e1cticas lectivas en empresa. Impartido por docentes con una larga trayectoria profesional y destacados profesionales de la empresas del sector de los videojuegos.<br \/>Este m\u00e1ster, con una clara orientaci\u00f3n profesional, est\u00e1 orientado al dise\u00f1o y creaci\u00f3n de aplicaciones de videojuegos y realidades extendidas, con una evidente orientaci\u00f3n art\u00edstica. Se adquirir\u00e1n competencias en el \u00e1rea de dise\u00f1o de videojuegos, colocando el \u00e9nfasis en la fase de dise\u00f1o, creaci\u00f3n art\u00edstica y estudio de aspectos relacionados con la jugabilidad y la interacci\u00f3n del sistema con el usuario. Se desarrollar\u00e1n videojuegos y serius game para diferentes dispositivos y plataformas incluidas la realidad virtual y la realidad aumentada. Se utilizar\u00e1n herramientas digitales de \u00faltima generaci\u00f3n para realizar todas y cada una de las fases de desarrollo. [\/vc_column_text][vc_empty_space height=\u00bb24px\u00bb][vc_column_text]<\/p>\n<p>Los\u00a0<a href=\"https:\/\/easda.es\/?page_id=2756\"><strong>Grados en Dise\u00f1o<\/strong><\/a> que ofertamos en nuestra escuela tienen por finalidad la formaci\u00f3n integral de profesionales dentro de diversas \u00e1reas del dise\u00f1o: Dise\u00f1o de Moda, Dise\u00f1o de Producto, Dise\u00f1o Gr\u00e1fico y Dise\u00f1o de Interiores. Esta formaci\u00f3n proporciona al alumnado capacidades creativas, tecnol\u00f3gicas y de investigaci\u00f3n que aplicadas a la innovaci\u00f3n industrial y est\u00e9tica contribuyen a la resoluci\u00f3n de problemas y mejora de la calidad de los procesos de producci\u00f3n. La duraci\u00f3n de los grados es de cuatro cursos acad\u00e9micos, incluyendo un proyecto fin de carrera y unas pr\u00e1cticas en empresa conducentes a la obtenci\u00f3n del T\u00edtulo de Grado en Ense\u00f1anzas Art\u00edsticas Superiores de Dise\u00f1o.<\/p>\n<p>[\/vc_column_text][vc_empty_space height=\u00bb24px\u00bb][vc_column_text]<\/p>\n<p>Los <a href=\"https:\/\/easda.es\/?page_id=2758\"><strong>Ciclos Formativos de Artes Pl\u00e1sticas y Dise\u00f1o<\/strong><\/a> son cursos que tienen una duraci\u00f3n de dos a\u00f1os m\u00e1s un periodo para desarrollar un proyecto fin de ciclo y realizar pr\u00e1cticas en empresa, en los ciclos LOGSE (en extinci\u00f3n)\u00a0 y en los ciclos LOE estos periodos est\u00e1n incluidos. Estos ciclos profesionales est\u00e1n dise\u00f1ados para preparar t\u00e9cnicos superiores en los diferentes campos de las artes pl\u00e1sticas y el dise\u00f1o. Ciclos LOE: Comunicaci\u00f3n Gr\u00e1fica (Gr\u00e1fica Publicitaria, Ilustraci\u00f3n, Asistente al Producto Gr\u00e1fico Interactivo, Fotograf\u00eda) y Cer\u00e1mica Art\u00edstica. Ciclos LOGSE:\u00a0 Dise\u00f1o de Interiores (Proyectos y Direcci\u00f3n de Obras de Decoraci\u00f3n).<\/p>\n<p>[\/vc_column_text][vc_empty_space height=\u00bb24px\u00bb][vc_column_text]<\/p>\n<p>La EASDA ha optado por hacer valer su veteran\u00eda ante la aparici\u00f3n en la provincia de academias y escuelas privadas que imparten ense\u00f1anzas de dise\u00f1o, ofreciendo la EASDA una formaci\u00f3n integral impartida por profesionales especializados\/as con titulaci\u00f3n superior, medios actualizados y una ratio muy alta de ex alumnado que ha conseguido insertarse satisfactoriamente en el mundo laboral. La Escuela de Arte y Superior de Dise\u00f1o de Alicante apuesta por unas ense\u00f1anzas acordes al perfil cosmopolita y crecientemente especializado que se pide a los\/as nuevos\/as dise\u00f1adores\/as. Para ello, adem\u00e1s de entrar en el Espacio Europeo de Educaci\u00f3n, el centro a trav\u00e9s del programa <a href=\"https:\/\/easda.es\/?page_id=3732\"><strong>ERASMUS<\/strong><\/a> de la Uni\u00f3n Europea tiene un programa de intercambio con escuelas de arte europeas a fin de que su alumnado pueda enriquecer sus estudios mediante estancias en el extranjero y de la misma manera alumnos\/as de toda Europa podr\u00e1n completar su formaci\u00f3n en la EASDA.<\/p>\n<p>[\/vc_column_text][vc_empty_space height=\u00bb64px\u00bb][\/vc_column_inner][\/vc_row_inner][vc_row_inner][vc_column_inner]<div class=\"qodef-section-title-holder  qodef-st-standard qodef-st-title-left qodef-st-normal-space \" >\n\t<div class=\"qodef-st-inner\">\n\t\t\t\t\t<h2 class=\"qodef-st-title\" >\n\t\t\t\tDespu\u00e9s de la formaci\u00f3n\t\t\t<\/h2>\n\t\t\t\t\t<\/div>\n<\/div>[vc_empty_space height=\u00bb24px\u00bb][vc_column_text]<\/p>\n<p>Los alumnos y alumnas que han pasado por la escuela forman los equipos de dise\u00f1o que tienen las medianas y grandes empresas que optan por la apuesta en el dise\u00f1o en nuestra comunidad y en el resto de Espa\u00f1a y Europa.<\/p>\n<p>[\/vc_column_text][vc_empty_space height=\u00bb64px\u00bb][\/vc_column_inner][\/vc_row_inner][vc_row_inner][vc_column_inner]<div class=\"qodef-section-title-holder  qodef-st-standard qodef-st-title-left qodef-st-normal-space \" >\n\t<div class=\"qodef-st-inner\">\n\t\t\t\t\t<h2 class=\"qodef-st-title\" >\n\t\t\t\t\u00bfD\u00f3nde est\u00e1 situada la EASDA?\t\t\t<\/h2>\n\t\t\t\t\t<\/div>\n<\/div>[vc_empty_space height=\u00bb24px\u00bb][vc_column_text]<\/p>\n<p>En la ciudad de Alicante en su zona norte, junto a ciudad jard\u00edn. Situada a 2 Km de la Universidad de Alicante, tiene conexi\u00f3n con la autov\u00eda a 1 Km, as\u00ed como transporte p\u00fablico dotado con parada de tranv\u00eda y dos paradas de autobuses a escasos 100m, adem\u00e1s de carril bici y parking propio.<\/p>\n<p>[\/vc_column_text][vc_empty_space height=\u00bb64px\u00bb][\/vc_column_inner][\/vc_row_inner][vc_row_inner][vc_column_inner]<div class=\"qodef-section-title-holder  qodef-st-standard qodef-st-title-left qodef-st-normal-space \" >\n\t<div class=\"qodef-st-inner\">\n\t\t\t\t\t<h2 class=\"qodef-st-title\" >\n\t\t\t\tInstalaciones\t\t\t<\/h2>\n\t\t\t\t\t<\/div>\n<\/div>[vc_empty_space height=\u00bb24px\u00bb][vc_column_text]<\/p>\n<p>Las aulas se diferencian por tipos seg\u00fan su funci\u00f3n, las te\u00f3ricas est\u00e1n dotadas con ca\u00f1\u00f3n de proyecci\u00f3n y medios audiovisuales, las de proyectos son las m\u00e1s amplias, dotadas con mesas de dibujo y ca\u00f1\u00f3n de proyecci\u00f3n, las de inform\u00e1tica dotadas con equipos iMac y PC para dise\u00f1o, adapt\u00e1ndose as\u00ed el centro a las novedades tecnol\u00f3gicas adem\u00e1s de las aulas taller adaptadas a las distintas talleres pr\u00e1cticas de la especialidad. En total la escuela cuenta con 38 aulas.<\/p>\n<p>[\/vc_column_text][vc_empty_space height=\u00bb64px\u00bb][\/vc_column_inner][\/vc_row_inner][vc_row_inner][vc_column_inner]<div class=\"qodef-section-title-holder  qodef-st-standard qodef-st-title-left qodef-st-normal-space \" >\n\t<div class=\"qodef-st-inner\">\n\t\t\t\t\t<h2 class=\"qodef-st-title\" >\n\t\t\t\t\u00bfEl dise\u00f1o es importante en la actualidad?\t\t\t<\/h2>\n\t\t\t\t\t<\/div>\n<\/div>[vc_empty_space height=\u00bb24px\u00bb][vc_column_text]<\/p>\n<p>Se ha incorporado plenamente en las empresas como clave para la innovaci\u00f3n y la competitividad y en la sociedad est\u00e1 integrado como medio para mejorar la calidad de vida de las personas. En la actualidad el dise\u00f1o abarca los diversos aspectos de la vida cotidiana y del entorno, siendo una disciplina que no s\u00f3lo se dedica a la configuraci\u00f3n de formas.<\/p>\n<p>[\/vc_column_text][vc_empty_space height=\u00bb24px\u00bb][vc_column_text]<\/p>\n<p>Al dise\u00f1ar, por ejemplo, la imagen corporativa de una empresa, ya no se piensa en un \u201clifting\u201d facial o cambio de imagen. Se persigue que la filosof\u00eda de la empresa y lo que enuncia o promete est\u00e9 en concordancia con su imagen gr\u00e1fica, los productos y servicios que ofrece, el atuendo de sus empleados e incluso el comportamiento y forma de hablar de \u00e9stos.<\/p>\n<p>[\/vc_column_text][vc_empty_space height=\u00bb40px\u00bb][vc_column_text el_class=\u00bbquote\u00bb]<\/p>\n<h3 class=\"rteright\"><em>Los dise\u00f1os hablan mucho de una sociedad, de su cultura y sus valores, los\/as dise\u00f1adores\/as son como esponjas, recogen una manera de ser.<\/em><\/h3>\n<p>[\/vc_column_text][vc_empty_space height=\u00bb40px\u00bb][vc_column_text]<\/p>\n<p>El dise\u00f1o ya no se proyecta a partir de la funci\u00f3n del objeto y de su desarrollo industrial, ni de la significaci\u00f3n de \u00e9ste, sino m\u00e1s bien, de nuevas relaciones que se establecen entre el ser, el objeto y su entorno inmediato. Relaciones que surgen a partir del lenguaje y de la evoluci\u00f3n de la tecnolog\u00eda.[\/vc_column_text][vc_empty_space height=\u00bb24px\u00bb][vc_column_text]<\/p>\n<p>Afortunadamente cada vez son menos los que asocian el dise\u00f1o a t\u00f3picos elitistas o productos de lujo o a dar una est\u00e9tica determinada a los espacios e interiores, objetos y comunicaciones o como algo relacionado esencialmente con la mercadotecnia, entendiendo el dise\u00f1o s\u00f3lo como algo cargado de apariencia y alejado de contenidos. El alumnado titulado en la EASDA sabe que el dise\u00f1o debe ser la incorporaci\u00f3n de un valor a\u00f1adido a un objeto, espacio o comunicaci\u00f3n gr\u00e1fica que mejore su funci\u00f3n o que incremente el beneficio social del mismo y sabe tambi\u00e9n, al igual que los\/as empresarios\/as emprendedores\/as, que el inter\u00e9s que despierta el dise\u00f1o en la sociedad es debido a que el buen dise\u00f1o mejora la capacidad de ver y entender.<\/p>\n<p>[\/vc_column_text][vc_empty_space height=\u00bb40px\u00bb][\/vc_column_inner][\/vc_row_inner][\/vc_column][\/vc_row][vc_empty_space height=\u00bb20px\u00bb]<\/p>\n\n\n<p><\/p>\n\n\n\n<p><\/p>\n\n\n\n<p><\/p>\n\n\n\n<p><\/p>\n\n\n\n<p><\/p>\n","protected":false},"excerpt":{"rendered":"<p>[vc_row gap=\u00bb30&#8243;][vc_column][vc_row_inner][vc_column_inner][vc_single_image image=\u00bb12883&#8243; img_size=\u00bbfull\u00bb][vc_empty_space height=\u00bb48px\u00bb][\/vc_column_inner][vc_column_inner][\/vc_column_inner][\/vc_row_inner][vc_row_inner][vc_column_inner][vc_empty_space height=\u00bb24px\u00bb][vc_column_text] EASDA son las siglas de la Escuela de Arte y Superior de Dise\u00f1o de Alicante, un centro educativo perteneciente al\u00a0Instituto Superior de Ense\u00f1anzas Art\u00edsticas (ISEACV) que oferta ense\u00f1anza oficial cualificada preparando profesionales capacitados\/as para [&hellip;]<\/p>\n","protected":false},"author":10,"featured_media":0,"parent":2391,"menu_order":0,"comment_status":"closed","ping_status":"closed","template":"","meta":{"footnotes":""},"class_list":["post-5118","page","type-page","status-publish","hentry"],"_links":{"self":[{"href":"https:\/\/easda.es\/index.php?rest_route=\/wp\/v2\/pages\/5118","targetHints":{"allow":["GET"]}}],"collection":[{"href":"https:\/\/easda.es\/index.php?rest_route=\/wp\/v2\/pages"}],"about":[{"href":"https:\/\/easda.es\/index.php?rest_route=\/wp\/v2\/types\/page"}],"author":[{"embeddable":true,"href":"https:\/\/easda.es\/index.php?rest_route=\/wp\/v2\/users\/10"}],"replies":[{"embeddable":true,"href":"https:\/\/easda.es\/index.php?rest_route=%2Fwp%2Fv2%2Fcomments&post=5118"}],"version-history":[{"count":81,"href":"https:\/\/easda.es\/index.php?rest_route=\/wp\/v2\/pages\/5118\/revisions"}],"predecessor-version":[{"id":17554,"href":"https:\/\/easda.es\/index.php?rest_route=\/wp\/v2\/pages\/5118\/revisions\/17554"}],"up":[{"embeddable":true,"href":"https:\/\/easda.es\/index.php?rest_route=\/wp\/v2\/pages\/2391"}],"wp:attachment":[{"href":"https:\/\/easda.es\/index.php?rest_route=%2Fwp%2Fv2%2Fmedia&parent=5118"}],"curies":[{"name":"wp","href":"https:\/\/api.w.org\/{rel}","templated":true}]}}