{"id":5067,"date":"2018-09-05T17:20:49","date_gmt":"2018-09-05T17:20:49","guid":{"rendered":"http:\/\/easda.es\/wp\/?page_id=5067"},"modified":"2025-09-04T13:31:57","modified_gmt":"2025-09-04T11:31:57","slug":"asignaturas-especialidad","status":"publish","type":"page","link":"https:\/\/easda.es\/?page_id=5067","title":{"rendered":"Asignaturas Especialidad Producto"},"content":{"rendered":"<p>[vc_row][vc_column][vc_row_inner][vc_column_inner]<div class=\"qodef-section-title-holder  qodef-st-standard qodef-st-title-left qodef-st-normal-space \" >\n\t<div class=\"qodef-st-inner\">\n\t\t\t\t\t<h2 class=\"qodef-st-title\" >\n\t\t\t\tAsignaturas Especialidad Dise\u00f1o de Producto\t\t\t<\/h2>\n\t\t\t\t\t<\/div>\n<\/div>[vc_empty_space][\/vc_column_inner][\/vc_row_inner][vc_row_inner][vc_column_inner]<h3 class=\"qodef-custom-font-holder  qodef-cf-5007\"  data-item-class=\"qodef-cf-5007\">\n\tCurso 1\u00ba<\/h3>[vc_empty_space height=\u00bb24px\u00bb][vc_column_text]Fundamentos hist\u00f3ricos del dise\u00f1o (FHIST)<br \/>\nProyectos b\u00e1sicos(*) (PROY)<br \/>\nDise\u00f1o b\u00e1sico (DBAS)<br \/>\nDise\u00f1o y Empresa (DEMP)<br \/>\nEspacio y volumen (ESPVOL)<br \/>\nFundamentos cient\u00edficos del dise\u00f1o (FCIEN)<br \/>\nFotograf\u00eda y medios audiovisuales (FMAUD)<br \/>\nDibujo y t\u00e9cnicas gr\u00e1ficas (DTG)<br \/>\nLenguaje y t\u00e9cnicas digitales (LTDIG)<br \/>\nSistemas de Representaci\u00f3n (SREP)<br \/>\nTaller de An\u00e1lisis de Tendencias (TATEND)<\/p>\n<p><a href=\"https:\/\/easda.es\/wp-content\/uploads\/2025\/09\/GD_DP_1.pdf\" target=\"_blank\" rel=\"noopener\">Gu\u00edas Docentes Asignaturas Curso 1\u00ba<\/a><\/p>\n<p>[\/vc_column_text][vc_empty_space height=\u00bb48px\u00bb][\/vc_column_inner][\/vc_row_inner][vc_row_inner][vc_column_inner]<h3 class=\"qodef-custom-font-holder  qodef-cf-8583\"  data-item-class=\"qodef-cf-8583\">\n\tCurso 2\u00ba<\/h3>[vc_empty_space height=\u00bb24px\u00bb][vc_column_text]Cultura del Dise\u00f1o (CULT)<br \/>\nEstructuras y Sistemas (ES)<br \/>\nModelizaci\u00f3n y Prototipado (MODPROT)<br \/>\nProyectos de Dise\u00f1o de Producto 1(*) (PROYP1)<br \/>\nHistoria y Cultura del Dise\u00f1o de Producto (HISTP)<br \/>\nMateriales (MAT)<br \/>\nProcesos de Fabricaci\u00f3n (PROCFAB)<br \/>\nProyectos de Dise\u00f1o de Producto 2(*) (PROYP2)<\/p>\n<p><a href=\"https:\/\/easda.es\/wp-content\/uploads\/2025\/09\/GD_DP_2.pdf\" target=\"_blank\" rel=\"noopener\">Gu\u00edas Docentes Asignaturas Curso 2\u00ba<\/a><\/p>\n<p>[\/vc_column_text][vc_empty_space height=\u00bb48px\u00bb][\/vc_column_inner][\/vc_row_inner][vc_row_inner][vc_column_inner]<h3 class=\"qodef-custom-font-holder  qodef-cf-8439\"  data-item-class=\"qodef-cf-8439\">\n\tCurso 3\u00ba<\/h3>[vc_empty_space height=\u00bb24px\u00bb][vc_column_text]Marketing y Comunicaci\u00f3n (MC)<br \/>\nProyectos de Dise\u00f1o de Producto 3(*) (PROYP3)<br \/>\nTecnolog\u00eda digital aplicada al dise\u00f1o de Producto (TECDIGP)<br \/>\nEst\u00e9tica y Tendencias Contempor\u00e1neas del Dise\u00f1o de Producto (ETCDP)<br \/>\nGesti\u00f3n del Dise\u00f1o de Producto (GDP)<br \/>\nProyectos de Dise\u00f1o de Productos 4(*) (PROYP4)<br \/>\nProyectos de Envases y Embalajes (PEEMB)<\/p>\n<p><a href=\"https:\/\/easda.es\/wp-content\/uploads\/2025\/09\/GD_DP_3.pdf\" target=\"_blank\" rel=\"noopener\">Gu\u00edas Docentes Asignaturas Curso 3\u00ba<\/a><\/p>\n<p>[\/vc_column_text][vc_empty_space height=\u00bb48px\u00bb][\/vc_column_inner][\/vc_row_inner][vc_row_inner][vc_column_inner]<h3 class=\"qodef-custom-font-holder  qodef-cf-4000\"  data-item-class=\"qodef-cf-4000\">\n\tCurso 4\u00ba<\/h3>[vc_empty_space height=\u00bb24px\u00bb][vc_column_text]Materiales Avanzado (MATA)<br \/>\nProyectos de Dise\u00f1o de Productos 5(*) (PROYP5)<br \/>\nProyectos Interdisciplinares (PROYI)<br \/>\nTaller de Presentaci\u00f3n y Comunicaci\u00f3n del Proyecto (TPCP)<br \/>\nTecnolog\u00eda Digital Aplicada al Dise\u00f1o de Producto Avanzado (TECDIGPA)<br \/>\nPr\u00e1cticas externas (PEX)<br \/>\nTrabajo Fin de T\u00edtulo (TFT)<\/p>\n<p><a href=\"https:\/\/easda.es\/wp-content\/uploads\/2025\/09\/GD_DP_4.pdf\" target=\"_blank\" rel=\"noopener\">Gu\u00edas Docentes Asignaturas Curso 4\u00ba<\/a><\/p>\n<p>[vc_empty_space height=\u00bb24px\u00bb]<\/p>\n<p>(*) <a href=\"https:\/\/easda.es\/wp-content\/uploads\/2021\/03\/distribucion-contenido-Proyectos-EASDA_trilingue.pdf\" target=\"_blank\" rel=\"noopener\">Cuadro de distribuci\u00f3n de contenidos de las asignaturas de Proyectos (por cursos y especialidad)<\/a>[\/vc_column_text][vc_empty_space height=\u00bb48px\u00bb][\/vc_column_inner][\/vc_row_inner][\/vc_column][\/vc_row]<\/p>\n","protected":false},"excerpt":{"rendered":"<p>[vc_row][vc_column][vc_row_inner][vc_column_inner][vc_empty_space][\/vc_column_inner][\/vc_row_inner][vc_row_inner][vc_column_inner][vc_empty_space height=\u00bb24px\u00bb][vc_column_text]Fundamentos hist\u00f3ricos del dise\u00f1o (FHIST) Proyectos b\u00e1sicos(*) (PROY) Dise\u00f1o b\u00e1sico (DBAS) Dise\u00f1o y Empresa (DEMP) Espacio y volumen (ESPVOL) Fundamentos cient\u00edficos del dise\u00f1o (FCIEN) Fotograf\u00eda y medios audiovisuales (FMAUD) Dibujo y t\u00e9cnicas gr\u00e1ficas (DTG) Lenguaje y t\u00e9cnicas digitales (LTDIG) [&hellip;]<\/p>\n","protected":false},"author":10,"featured_media":0,"parent":2772,"menu_order":0,"comment_status":"closed","ping_status":"closed","template":"","meta":{"footnotes":""},"class_list":["post-5067","page","type-page","status-publish","hentry"],"_links":{"self":[{"href":"https:\/\/easda.es\/index.php?rest_route=\/wp\/v2\/pages\/5067","targetHints":{"allow":["GET"]}}],"collection":[{"href":"https:\/\/easda.es\/index.php?rest_route=\/wp\/v2\/pages"}],"about":[{"href":"https:\/\/easda.es\/index.php?rest_route=\/wp\/v2\/types\/page"}],"author":[{"embeddable":true,"href":"https:\/\/easda.es\/index.php?rest_route=\/wp\/v2\/users\/10"}],"replies":[{"embeddable":true,"href":"https:\/\/easda.es\/index.php?rest_route=%2Fwp%2Fv2%2Fcomments&post=5067"}],"version-history":[{"count":15,"href":"https:\/\/easda.es\/index.php?rest_route=\/wp\/v2\/pages\/5067\/revisions"}],"predecessor-version":[{"id":19465,"href":"https:\/\/easda.es\/index.php?rest_route=\/wp\/v2\/pages\/5067\/revisions\/19465"}],"up":[{"embeddable":true,"href":"https:\/\/easda.es\/index.php?rest_route=\/wp\/v2\/pages\/2772"}],"wp:attachment":[{"href":"https:\/\/easda.es\/index.php?rest_route=%2Fwp%2Fv2%2Fmedia&parent=5067"}],"curies":[{"name":"wp","href":"https:\/\/api.w.org\/{rel}","templated":true}]}}