{"id":5065,"date":"2018-09-05T17:20:17","date_gmt":"2018-09-05T17:20:17","guid":{"rendered":"http:\/\/easda.es\/wp\/?page_id=5065"},"modified":"2025-09-04T13:35:28","modified_gmt":"2025-09-04T11:35:28","slug":"asignaturas-especialidad","status":"publish","type":"page","link":"https:\/\/easda.es\/?page_id=5065","title":{"rendered":"Asignaturas Especialidad Gr\u00e1fico"},"content":{"rendered":"<p>[vc_row][vc_column][vc_row_inner][vc_column_inner]<div class=\"qodef-section-title-holder  qodef-st-standard qodef-st-title-left qodef-st-normal-space \" >\n\t<div class=\"qodef-st-inner\">\n\t\t\t\t\t<h2 class=\"qodef-st-title\" >\n\t\t\t\tAsignaturas Especialidad Dise\u00f1o Gr\u00e1fico\t\t\t<\/h2>\n\t\t\t\t\t<\/div>\n<\/div>[vc_empty_space][\/vc_column_inner][\/vc_row_inner][vc_row_inner][vc_column_inner]<h3 class=\"qodef-custom-font-holder  qodef-cf-3690\"  data-item-class=\"qodef-cf-3690\">\n\tCurso 1\u00ba<\/h3>[vc_column_text]Fotograf\u00eda y medios audiovisuales (FMAUD)<br \/>\nDise\u00f1o b\u00e1sico (DBAS)<br \/>\nDise\u00f1o y Empresa (DEMP)<br \/>\nEspacio y volumen (ESPVOL)<br \/>\nFundamentos cient\u00edficos del dise\u00f1o (FCIEN)<br \/>\nLenguaje y t\u00e9cnicas digitales (LTDIG)<br \/>\nTipograf\u00eda (TIPO)<br \/>\nSistemas de Representaci\u00f3n (SREP)<br \/>\nDibujo y t\u00e9cnicas gr\u00e1ficas (DTG)<br \/>\nFundamentos hist\u00f3ricos del dise\u00f1o (FHIST)<br \/>\nProyectos b\u00e1sicos(*) (PROY)<\/p>\n<p><a href=\"https:\/\/easda.es\/wp-content\/uploads\/2025\/09\/GD_DG_1.pdf\" target=\"_blank\" rel=\"noopener\">Gu\u00edas Docentes Asignaturas Curso 1\u00ba<\/a><\/p>\n<p>[\/vc_column_text][vc_empty_space height=\u00bb48px\u00bb][\/vc_column_inner][\/vc_row_inner][vc_row_inner][vc_column_inner]<h3 class=\"qodef-custom-font-holder  qodef-cf-7280\"  data-item-class=\"qodef-cf-7280\">\n\tCurso 2\u00ba<\/h3>[vc_column_text]Dibujo y T\u00e9cnicas Gr\u00e1ficas Avanzado 1 (DTGA1)<br \/>\nHistoria y Cultura del Dise\u00f1o Gr\u00e1fico (HISTG)<br \/>\nProyectos de Dise\u00f1o Gr\u00e1fico 1(*) (PROYG1)<br \/>\nTaller de Fotograf\u00eda (FOTO)<br \/>\nCultura del Dise\u00f1o (CULT)<br \/>\nDibujo y T\u00e9cnicas Gr\u00e1ficas Avanzado 2 (DTGA2)<br \/>\nProyectos de Dise\u00f1o Gr\u00e1fico 2(*) (PROYG2)<br \/>\nT\u00e9cnicas de Reproducci\u00f3n e Impresi\u00f3n (TPI)<\/p>\n<p><a href=\"https:\/\/easda.es\/wp-content\/uploads\/2025\/09\/GD_DG_2.pdf\" target=\"_blank\" rel=\"noopener\">Gu\u00edas Docentes Asignaturas Curso 2\u00ba<\/a><\/p>\n<p>[\/vc_column_text][vc_empty_space height=\u00bb48px\u00bb][\/vc_column_inner][\/vc_row_inner][vc_row_inner][vc_column_inner]<h3 class=\"qodef-custom-font-holder  qodef-cf-8582\"  data-item-class=\"qodef-cf-8582\">\n\tCurso 3\u00ba<\/h3>[vc_column_text]Est\u00e9tica y Tendencias Contempor\u00e1neas del Dise\u00f1o Gr\u00e1fico (ETCDG)<br \/>\nMarketing y Comunicaci\u00f3n (MC)<br \/>\nProyectos de Dise\u00f1o Gr\u00e1fico 3(*) (PROYG3)<br \/>\nT\u00e9cnicas de producci\u00f3n y edici\u00f3n digital 1 (TPED1)<br \/>\nGesti\u00f3n del Dise\u00f1o Gr\u00e1fico (GDG)<br \/>\nProyectos de Dise\u00f1o Gr\u00e1fico 4(*) (PROYG4)<br \/>\nProyectos de Dise\u00f1o Gr\u00e1fico Interactivo (PDGI)<br \/>\nT\u00e9cnicas de producci\u00f3n y edici\u00f3n digital 2 (TPED2)<\/p>\n<p><a href=\"https:\/\/easda.es\/wp-content\/uploads\/2025\/09\/GD_DG_3.pdf\" target=\"_blank\" rel=\"noopener\">Gu\u00edas Docentes Asignaturas Curso 3\u00ba<\/a><\/p>\n<p>[\/vc_column_text][vc_empty_space height=\u00bb48px\u00bb][\/vc_column_inner][\/vc_row_inner][vc_row_inner][vc_column_inner]<h3 class=\"qodef-custom-font-holder  qodef-cf-7542\"  data-item-class=\"qodef-cf-7542\">\n\tCurso 4\u00ba<\/h3>[vc_column_text]<\/p>\n<p>Proyectos de Dise\u00f1o Gr\u00e1fico 5(*) (PROYG5)<br \/>\nProyectos de Dise\u00f1o Gr\u00e1fico Audiovisual (PROYAUD)<br \/>\nProyectos Interdisciplinares (PROYI)<br \/>\nT\u00e9cnicas de producci\u00f3n y edici\u00f3n digital 3 (TPED3)<br \/>\nPr\u00e1cticas externas (PEX)<br \/>\nTrabajo Fin de T\u00edtulo (TFT)<\/p>\n<p><a href=\"https:\/\/easda.es\/wp-content\/uploads\/2025\/09\/GD_DG_4.pdf\" target=\"_blank\" rel=\"noopener\">Gu\u00edas Docentes Asignaturas Curso 4\u00ba<\/a><\/p>\n<p>[vc_empty_space height=\u00bb24px\u00bb]<\/p>\n<p>(*) <a href=\"https:\/\/easda.es\/wp-content\/uploads\/2021\/03\/distribucion-contenido-Proyectos-EASDA_trilingue.pdf\" target=\"_blank\" rel=\"noopener\">Cuadro de distribuci\u00f3n de contenidos de las asignaturas de Proyectos (por cursos y especialidad)<\/a>[\/vc_column_text][vc_empty_space height=\u00bb48px\u00bb][\/vc_column_inner][\/vc_row_inner][\/vc_column][\/vc_row]<\/p>\n","protected":false},"excerpt":{"rendered":"<p>[vc_row][vc_column][vc_row_inner][vc_column_inner][vc_empty_space][\/vc_column_inner][\/vc_row_inner][vc_row_inner][vc_column_inner][vc_column_text]Fotograf\u00eda y medios audiovisuales (FMAUD) Dise\u00f1o b\u00e1sico (DBAS) Dise\u00f1o y Empresa (DEMP) Espacio y volumen (ESPVOL) Fundamentos cient\u00edficos del dise\u00f1o (FCIEN) Lenguaje y t\u00e9cnicas digitales (LTDIG) Tipograf\u00eda (TIPO) Sistemas de Representaci\u00f3n (SREP) Dibujo y t\u00e9cnicas gr\u00e1ficas (DTG) Fundamentos hist\u00f3ricos del [&hellip;]<\/p>\n","protected":false},"author":10,"featured_media":0,"parent":2770,"menu_order":0,"comment_status":"closed","ping_status":"closed","template":"","meta":{"footnotes":""},"class_list":["post-5065","page","type-page","status-publish","hentry"],"_links":{"self":[{"href":"https:\/\/easda.es\/index.php?rest_route=\/wp\/v2\/pages\/5065","targetHints":{"allow":["GET"]}}],"collection":[{"href":"https:\/\/easda.es\/index.php?rest_route=\/wp\/v2\/pages"}],"about":[{"href":"https:\/\/easda.es\/index.php?rest_route=\/wp\/v2\/types\/page"}],"author":[{"embeddable":true,"href":"https:\/\/easda.es\/index.php?rest_route=\/wp\/v2\/users\/10"}],"replies":[{"embeddable":true,"href":"https:\/\/easda.es\/index.php?rest_route=%2Fwp%2Fv2%2Fcomments&post=5065"}],"version-history":[{"count":14,"href":"https:\/\/easda.es\/index.php?rest_route=\/wp\/v2\/pages\/5065\/revisions"}],"predecessor-version":[{"id":19467,"href":"https:\/\/easda.es\/index.php?rest_route=\/wp\/v2\/pages\/5065\/revisions\/19467"}],"up":[{"embeddable":true,"href":"https:\/\/easda.es\/index.php?rest_route=\/wp\/v2\/pages\/2770"}],"wp:attachment":[{"href":"https:\/\/easda.es\/index.php?rest_route=%2Fwp%2Fv2%2Fmedia&parent=5065"}],"curies":[{"name":"wp","href":"https:\/\/api.w.org\/{rel}","templated":true}]}}