{"id":4464,"date":"2018-05-28T16:36:52","date_gmt":"2018-05-28T16:36:52","guid":{"rendered":"http:\/\/easda.es\/wp\/?page_id=4464"},"modified":"2026-02-24T13:22:57","modified_gmt":"2026-02-24T12:22:57","slug":"acceso-ciclos-formativos-grado-superior","status":"publish","type":"page","link":"https:\/\/easda.es\/?page_id=4464","title":{"rendered":"Acceso a Ciclos Formativos de Grado Superior"},"content":{"rendered":"<p>[vc_row gap=\u00bb30&#8243;][vc_column][vc_row_inner][vc_column_inner]<div class=\"qodef-section-title-holder  qodef-st-standard qodef-st-title-left qodef-st-normal-space \" >\n\t<div class=\"qodef-st-inner\">\n\t\t\t\t\t<h2 class=\"qodef-st-title\" >\n\t\t\t\tAcceso a Ciclos Formativos de Grado Superior\t\t\t<\/h2>\n\t\t\t\t\t<\/div>\n<\/div>[vc_empty_space][vc_column_text]<\/p>\n<p>Existen tres modos de acceso:<\/p>\n<p>[\/vc_column_text][vc_empty_space height=\u00bb15px\u00bb][vc_column_text]<\/p>\n<p style=\"text-align: left;\"><strong><span style=\"color: #ff0000;\">MODO 1:<\/span>\u00a0<span style=\"color: #ff0000;\">ACCESO CON REQUISITOS ACAD\u00c9MICOS<\/span><\/strong><span style=\"color: #ff0000;\"> <br \/><\/span>(para los que\u00a0tienen\u00a0titulaci\u00f3n)<\/p>\n<p>[\/vc_column_text][vc_empty_space height=\u00bb12px\u00bb][vc_column_text]<\/p>\n<p>1. Es necesaria la titulaci\u00f3n de <strong>BACHILLER<\/strong>\u00a0(o equivalente), o tambi\u00e9n:<\/p>\n<ul>\n<li>Estar en posesi\u00f3n del t\u00edtulo de T\u00e9cnico o T\u00e9cnica Superior de Artes Pl\u00e1sticas y Dise\u00f1o.<\/li>\n<li>Estar en posesi\u00f3n del t\u00edtulo de T\u00e9cnico o T\u00e9cnica Superior o de T\u00e9cnico\/a Especialista de las ense\u00f1anzas de Formaci\u00f3n Profesional.<\/li>\n<li>Estar en posesi\u00f3n del t\u00edtulo de Graduado\/a en Artes Aplicadas y Oficios Art\u00edsticos correspondientes al plan de estudios de 1963 o del plan experimental.<\/li>\n<li>Estar en posesi\u00f3n de una titulaci\u00f3n universitaria o equivalente.<\/li>\n<li>Haber superado otros estudios equivalentes a efectos acad\u00e9micos con alguno de los anteriores.<\/li>\n<li>Haber superado la prueba de acceso a la universidad para mayores de 25 a\u00f1os.<\/li>\n<li>Haber superado la prueba de acceso a los ciclos formativos de grado superior de la formaci\u00f3n profesional, de las ense\u00f1anzas deportivas de grado superior o de las ense\u00f1anzas art\u00edsticas superiores a la que hace referencia el art\u00edculo 69.5 de la LOE.<\/li>\n<\/ul>\n<p>2. Adem\u00e1s de los requisitos acad\u00e9micos, hay que superar una <strong>prueba espec\u00edfica de acceso.<\/strong><\/p>\n<p><strong>Documentaci\u00f3n necesaria a presentar <\/strong><strong>para la inscripci\u00f3n a las pruebas espec\u00edficas:<\/strong><\/p>\n<ul>\n<li>Fotocopia del DNI.<\/li>\n<li>Certificado acad\u00e9mico o de la prueba de acceso<\/li>\n<li><a href=\"https:\/\/siac-front.gva.es\/siac-front\/public\/descarga\/es\/F152781\" target=\"_blank\" rel=\"noopener\">Formulario de inscripci\u00f3n<\/a> pruebas de acceso espec\u00edfica (pdf editable).<\/li>\n<li>Abono\u00a0<a href=\"https:\/\/sara-frontend.gva.es\/sara-frontend\/modelo?ID_SIMUL=SIMU046-9669&amp;LANG=es\" target=\"_blank\" rel=\"noopener\">tasas inscripci\u00f3n.<\/a><\/li>\n<li>Se puede presentar la documentaci\u00f3n presencialmente en la Administraci\u00f3n de la EASDA o enviar por email a <a href=\"mailto:easdalacant.administracio@iseacv.gva.es\"><span data-olk-copy-source=\"MessageBody\">easdalacant.administracio@iseacv.gva.es<\/span><\/a> adjuntando toda la documentaci\u00f3n debidamente firmada (a mano o electr\u00f3nicamente) y, en formato electr\u00f3nico, mediante un \u00daNICO email con el Asunto: \u00ab<strong>PACAPD_NombreApellidos<\/strong>\u00ab. En el cuerpo del email se indicar\u00e1 qu\u00e9 prueba se solicita: Prueba General o Prueba Espec\u00edfica y la especialidad (Ilustraci\u00f3n, Gr\u00e1fica Publicitaria, Fotograf\u00eda, Cer\u00e1mica Art\u00edstica o Proyectos y Direcci\u00f3n de Obras de Decoraci\u00f3n).<\/li>\n<li>La documentaci\u00f3n original deber\u00e1 ser presentada en la Administraci\u00f3n de la EASDA en cuanto sea requerida.<\/li>\n<\/ul>\n<p>[\/vc_column_text][vc_empty_space][vc_column_text]<\/p>\n<p>[vc_empty_space height=\u00bb5px\u00bb][vc_column_text]<\/p>\n<p style=\"text-align: left;\"><span style=\"color: #ff0000;\"><strong>MODO 2:\u00a0ACCESO SIN REQUISITOS ACAD\u00c9MICOS <br \/><\/strong><\/span>(para los que no tienen ninguna titulaci\u00f3n)<\/p>\n<p>[\/vc_column_text][vc_empty_space height=\u00bb12px\u00bb][vc_column_text]<\/p>\n<ol>\n<li><strong>Requisito de edad: <\/strong>tener 19 a\u00f1os cumplidos en el a\u00f1o de realizaci\u00f3n de la prueba,\u00a0o tambi\u00e9n,\u00a0tener 18 a\u00f1os y un t\u00edtulo de t\u00e9cnico relacionado con el que se desea acceder.<\/li>\n<li>Deben realizar una\u00a0<strong>prueba de acceso general\u00a0<\/strong>(capacidades b\u00e1sicas de las materias comunes del Bachillerato).<\/li>\n<li>Posteriormente, si se supera esta prueba, el estudiante realizar\u00e1\u00a0la\u00a0<strong>prueba espec\u00edfica <\/strong>previa inscripci\u00f3n en la misma.<\/li>\n<\/ol>\n<p>[\/vc_column_text][vc_empty_space height=\u00bb12px\u00bb][vc_column_text]<\/p>\n<p><strong>EXENTOS DE REALIZAR LA PRUEBA GENERAL:<\/strong><\/p>\n<p>Asimismo, estar\u00e1n exentas de la parte general de la prueba las personas que hayan superado:<\/p>\n<p>\u2013 Para el acceso a los ciclos de grado superior, la prueba de acceso sustitutoria del requisito de t\u00edtulo de Bachiller para el acceso a los ciclos formativos de grado superior de la formaci\u00f3n profesional o a las ense\u00f1anzas deportivas de grado superior.<\/p>\n<p>[vc_empty_space height=\u00bb12px\u00bb][vc_column_text]<\/p>\n<p><strong>Documentaci\u00f3n necesaria a presentar para la inscripci\u00f3n a las pruebas para personas sin requisitos acad\u00e9micos:<\/strong><\/p>\n<ul>\n<li>Fotocopia del DNI.<strong><br \/><\/strong><\/li>\n<li>Certificado acad\u00e9mico o de la prueba de acceso (\u00fanicamente necesario para la prueba espec\u00edfica).<\/li>\n<li><a href=\"https:\/\/easda.es\/wp-content\/uploads\/2025\/03\/ANEXO-IV_180727.pdf\" target=\"_blank\" rel=\"noopener\">Formulario de inscripci\u00f3n<\/a> pruebas de acceso \u00a0para personas sin requisitos acad\u00e9micos (pdf editable).<\/li>\n<li>Abono\u00a0<a href=\"https:\/\/sara-frontend.gva.es\/sara-frontend\/modelo?ID_SIMUL=SIMU046-9669&amp;LANG=es\" target=\"_blank\" rel=\"noopener\">tasas inscripci\u00f3n.<\/a><\/li>\n<li>Se puede presentar la documentaci\u00f3n presencialmente en la Administraci\u00f3n de la EASDA o enviar por email a <a href=\"easdalacant.administracio@iseacv.gva.es\">easdalacant.administracio@iseacv.gva.es<\/a>\u00a0adjuntando toda la documentaci\u00f3n debidamente firmada (a mano o electr\u00f3nicamente) y, en formato electr\u00f3nico, mediante un \u00daNICO email con el Asunto: \u00ab<strong>PACAPD_NombreApellidos<\/strong>\u00ab. En el cuerpo del email se indicar\u00e1 qu\u00e9 prueba se solicita: Prueba General o Prueba Espec\u00edfica y la especialidad (Ilustraci\u00f3n, Gr\u00e1fica Publicitaria, Fotograf\u00eda, Cer\u00e1mica Art\u00edstica o Proyectos y Direcci\u00f3n de Obras de Decoraci\u00f3n).<\/li>\n<li>La documentaci\u00f3n original deber\u00e1 ser presentada en la Administraci\u00f3n de la EASDA en cuanto sea requerida.<\/li>\n<li>Candidatos exentos: Se podr\u00e1 solicitar exenci\u00f3n parcial o total de la prueba por alguno de los motivos que se mencionan\u00a0<a href=\"https:\/\/easda.es\/wp-content\/uploads\/2025\/03\/MotivoExencion_CFGS.pdf\">aqu\u00ed<\/a>.<\/li>\n<\/ul>\n<p>[\/vc_column_text][vc_empty_space][vc_column_text]<\/p>\n<p>[vc_empty_space height=\u00bb5px\u00bb][vc_column_text]<\/p>\n<p style=\"text-align: left;\"><span style=\"color: #ff0000;\"><strong>MODO 3: <\/strong><strong>ACCESO DIRECTO<br \/><\/strong><\/span><\/p>\n<p style=\"text-align: left;\">NO ES NECESARIO REALIZAR LA PRUEBA DE ACCESO SI TIENES:<\/p>\n<ul>\n<li>T\u00edtulo de T\u00e9cnico o T\u00e9cnica de Artes Pl\u00e1sticas y Dise\u00f1o, o T\u00e9cnico\/a superior de Artes Pl\u00e1sticas y Dise\u00f1o.<\/li>\n<li>T\u00edtulo de Bachiller Art\u00edstico.<\/li>\n<li>T\u00edtulo superior de Artes Pl\u00e1sticas t\u00edtulo superior de Dise\u00f1o.<\/li>\n<li>T\u00edtulo superior de Conservaci\u00f3n y Restauraci\u00f3n de Bienes Culturales.<\/li>\n<li>Licenciado en Bellas Artes.<\/li>\n<li>Arquitectura.<\/li>\n<li>Quienes, estando en posesi\u00f3n de los requisitos acad\u00e9micos de acceso, acrediten tener experiencia laboral, de al menos un a\u00f1o, relacionada directamente con las competencias profesionales del ciclo formativo de grado superior al que se quiere acceder, tal como indica el art. 15.4 del Real decreto 596\/2007 de 4 de mayo. Por eso, deber\u00e1n aportar la siguiente documentaci\u00f3n acreditativa:<\/li>\n<\/ul>\n<ol>\n<li>Certificaci\u00f3n de la empresa donde haya adquirido la experiencia laboral, en la que conste espec\u00edficamente la duraci\u00f3n del contrato, la actividad desarrollada y el per\u00edodo de tiempo en el que se ha realizado dicha actividad.<\/li>\n<li>En el caso de trabajadores o trabajadoras por cuenta propia, certificaci\u00f3n de alta en el censo de obligados tributarios.<\/li>\n<li>Certificado de vida laboral.<\/li>\n<\/ol>\n<p><span class=\"s2\">[vc_empty_space height=\u00bb12px\u00bb][vc_column_text]<\/span><\/p>\n<p><strong>Acceso directo (solicitud de plaza):<br \/><\/strong><a href=\"https:\/\/easda.es\/wp-content\/uploads\/2025\/04\/ANEXOIII.pdf\" target=\"_blank\" rel=\"noopener\">Formulario solicitud de plaza Ciclos Formativos Grado Superior<\/a> (Ilustraci\u00f3n, Gr\u00e1fica Publicitaria, Fotograf\u00eda, Cer\u00e1mica Art\u00edstica, Proyectos y Direcci\u00f3n de Obras de Decoraci\u00f3n).<\/p>\n<p>Se puede presentar la documentaci\u00f3n presencialmente en la Administraci\u00f3n de la EASDA o enviar por email (<a href=\"easdalacant.administracio@iseacv.gva.es\">easdalacant.administracio@iseacv.gva.es<\/a>) haciendo constar en el asunto \u00ab<strong>SolicitudAccesoDirecto(Especialidad*)_NombreApellidos\u00bb<\/strong>: (a la espera de publicaci\u00f3n del DOGV).<\/p>\n<p><strong>IMPRESCINDIBLE<\/strong>: Adjuntar fotocopia del DNI y certificado acad\u00e9mico.<\/p>\n<p>*Ilustraci\u00f3n, Gr\u00e1fica Publicitaria, Cer\u00e1mica Art\u00edstica o Proyectos y Direcci\u00f3n de Obras de Decoraci\u00f3n.<\/p>\n<p><span style=\"font-size: revert; color: initial;\">[\/vc_column_text][vc_empty_space height=\u00bb30px\u00bb][vc_separator][vc_empty_space height=\u00bb30px\u00bb][vc_row_inner][vc_column_inner]<div class=\"qodef-section-title-holder  qodef-st-standard qodef-st-title-left qodef-st-normal-space \" >\n\t<div class=\"qodef-st-inner\">\n\t\t\t\t\t<h2 class=\"qodef-st-title\" >\n\t\t\t\tCalendarios pruebas de acceso\t\t\t<\/h2>\n\t\t\t\t\t<\/div>\n<\/div>[vc_empty_space height=\u00bb24px\u00bb][vc_column_text]<\/span><\/p>\n<div class=\"wpb_text_column wpb_content_element \">\n<div class=\"wpb_wrapper\">\n<p><strong><span style=\"color: #ff0000;\">MODO 2 (PRUEBA GENERAL)<\/span><\/strong><\/p>\n<p><a href=\"https:\/\/easda.es\/wp-content\/uploads\/2026\/02\/Calendarios_NO_REQUISITOS-1.jpg\"><img loading=\"lazy\" decoding=\"async\" class=\"alignnone wp-image-20708\" src=\"https:\/\/easda.es\/wp-content\/uploads\/2026\/02\/Calendarios_NO_REQUISITOS-1-300x150.jpg\" alt=\"\" width=\"1118\" height=\"557\" srcset=\"https:\/\/easda.es\/wp-content\/uploads\/2026\/02\/Calendarios_NO_REQUISITOS-1-300x150.jpg 300w, https:\/\/easda.es\/wp-content\/uploads\/2026\/02\/Calendarios_NO_REQUISITOS-1-1024x510.jpg 1024w, https:\/\/easda.es\/wp-content\/uploads\/2026\/02\/Calendarios_NO_REQUISITOS-1-768x383.jpg 768w, https:\/\/easda.es\/wp-content\/uploads\/2026\/02\/Calendarios_NO_REQUISITOS-1-1536x766.jpg 1536w\" sizes=\"auto, (max-width: 1118px) 100vw, 1118px\" \/><\/a><\/p>\n<p><strong>* Hay que estar 30 minutos antes de la prueba en la EASDA para el llamamiento<\/strong><\/p>\n<p><strong><span style=\"color: #ff0000;\"><br \/>MODOS 1 y 2 (PRUEBA ESPEC\u00cdFICA)<\/span><\/strong><\/p>\n<p><a href=\"https:\/\/easda.es\/wp-content\/uploads\/2026\/02\/Calendarios_ESPECIFICA.jpg\"><img loading=\"lazy\" decoding=\"async\" class=\"alignnone wp-image-20696\" src=\"https:\/\/easda.es\/wp-content\/uploads\/2026\/02\/Calendarios_ESPECIFICA-300x229.jpg\" alt=\"\" width=\"1118\" height=\"852\" srcset=\"https:\/\/easda.es\/wp-content\/uploads\/2026\/02\/Calendarios_ESPECIFICA-300x229.jpg 300w, https:\/\/easda.es\/wp-content\/uploads\/2026\/02\/Calendarios_ESPECIFICA-1024x781.jpg 1024w, https:\/\/easda.es\/wp-content\/uploads\/2026\/02\/Calendarios_ESPECIFICA-768x585.jpg 768w, https:\/\/easda.es\/wp-content\/uploads\/2026\/02\/Calendarios_ESPECIFICA-1536x1171.jpg 1536w\" sizes=\"auto, (max-width: 1118px) 100vw, 1118px\" \/><\/a><\/p>\n<p><strong><span style=\"color: #ff0000;\"><br \/>MODO 3<\/span><\/strong><a href=\"https:\/\/easda.es\/wp-content\/uploads\/2026\/02\/Calendarios_ACCESO_DIRECTO.jpg\"><img loading=\"lazy\" decoding=\"async\" class=\"alignnone wp-image-20695\" src=\"https:\/\/easda.es\/wp-content\/uploads\/2026\/02\/Calendarios_ACCESO_DIRECTO-300x86.jpg\" alt=\"\" width=\"1111\" height=\"320\" srcset=\"https:\/\/easda.es\/wp-content\/uploads\/2026\/02\/Calendarios_ACCESO_DIRECTO-300x86.jpg 300w, https:\/\/easda.es\/wp-content\/uploads\/2026\/02\/Calendarios_ACCESO_DIRECTO-1024x295.jpg 1024w, https:\/\/easda.es\/wp-content\/uploads\/2026\/02\/Calendarios_ACCESO_DIRECTO-768x221.jpg 768w, https:\/\/easda.es\/wp-content\/uploads\/2026\/02\/Calendarios_ACCESO_DIRECTO-1536x442.jpg 1536w\" sizes=\"auto, (max-width: 1111px) 100vw, 1111px\" \/><\/a><\/p>\n<p>[vc_empty_space height=\u00bb5px\u00bb]<\/p>\n<p style=\"text-align: left;\">En el fichero adjunto se detalla el calendario de las pruebas de acceso a los Ciclos Formativos 2026\/2027. Desc\u00e1rgatelo <a href=\"https:\/\/easda.es\/wp-content\/uploads\/2026\/02\/Calendarios_PA_2026-27.pdf\" target=\"_blank\" rel=\"noopener\">aqu\u00ed<\/a>.\u00a0<\/p>\n<p>&nbsp;<\/p>\n<p style=\"text-align: left;\">[\/vc_column_text][vc_empty_space height=\u00bb5px\u00bb][vc_separator][vc_empty_space height=\u00bb20px\u00bb][\/vc_column_inner][\/vc_row_inner][vc_row_inner][vc_column_inner]<div class=\"qodef-section-title-holder  qodef-st-standard qodef-st-title-left qodef-st-normal-space \" >\n\t<div class=\"qodef-st-inner\">\n\t\t\t\t\t<h2 class=\"qodef-st-title\" >\n\t\t\t\tEstructura de las pruebas de acceso\t\t\t<\/h2>\n\t\t\t\t\t<\/div>\n<\/div>[vc_empty_space height=\u00bb24px\u00bb][vc_column_text]<\/p>\n<\/div>\n<\/div>\n<p><!--more--><\/p>\n<p><!--more--><\/p>\n<h4><img loading=\"lazy\" decoding=\"async\" class=\"alignnone wp-image-7886 size-full\" src=\"http:\/\/easda.es\/wp\/wp-content\/uploads\/2020\/03\/relleno-pruebas-acceso.jpg\" alt=\"\" width=\"649\" height=\"432\" srcset=\"https:\/\/easda.es\/wp-content\/uploads\/2020\/03\/relleno-pruebas-acceso.jpg 649w, https:\/\/easda.es\/wp-content\/uploads\/2020\/03\/relleno-pruebas-acceso-300x200.jpg 300w\" sizes=\"auto, (max-width: 649px) 100vw, 649px\" \/><\/h4>\n<p>[vc_empty_space height=\u00bb24px\u00bb]<\/p>\n<p><span style=\"color: #ff0000;\"><strong>PARTE GENERAL DE LA PRUEBA DE ACCESO<\/strong><\/span><\/p>\n<p>Recuerda que esta prueba solo debe realizarse <strong>si no cumples con los requisitos acad\u00e9micos<\/strong> seg\u00fan la <a href=\"https:\/\/easda.es\/wp-content\/uploads\/2021\/03\/orden_13-2018.pdf\" target=\"_blank\" rel=\"noopener\">Orden 13\/2018<\/a>. Constar\u00e1 de una fase \u00fanica, compuesta de dos ejercicios:[vc_empty_space height=\u00bb10px\u00bb]<\/p>\n<p><strong>Primer ejercicio:<\/strong> Desarrollo por escrito, durante un tiempo m\u00e1ximo de dos horas, de cuestiones referidas a las materias comunes de <strong>\u00e1mbito ling\u00fc\u00edstico de Bachillerato<\/strong>, seg\u00fan el curr\u00edculo vigente en la Comunitat Valenciana.<\/p>\n<p>En concreto, este ejercicio versar\u00e1 sobre las siguientes materias:<\/p>\n<p><strong>. Lengua y literatura (castellana o valenciana).<\/strong> El aspirante optar\u00e1 por realizar uno de los dos comentarios de texto propuestos de lengua y literatura: el de castellano o el de valenciano.<\/p>\n<p><strong>. Lengua extranjera (ingl\u00e9s o franc\u00e9s)<\/strong><\/p>\n<p>Para cada materia, se propondr\u00e1n dos opciones de examen. El alumnado desarrollar\u00e1 por escrito una de las dos.[vc_empty_space height=\u00bb10px\u00bb]<\/p>\n<p><strong>Segundo ejercicio:<\/strong> Desarrollo por escrito, durante un tiempo m\u00e1ximo de dos horas, de cuestiones referidas a las materias comunes de <strong>\u00e1mbito no ling\u00fc\u00edstico de Bachillerato<\/strong>, seg\u00fan el curr\u00edculo vigente en la Comunitat Valenciana.<\/p>\n<p>En concreto, este ejercicio versar\u00e1 sobre las siguientes materias:<\/p>\n<p><strong>. Historia de Espa\u00f1a<\/strong><\/p>\n<p><strong>. Historia de la Filosof\u00eda<\/strong><\/p>\n<p>Para cada materia, se propondr\u00e1n dos opciones de examen. El alumnado desarrollar\u00e1 por escrito una de las dos.[vc_empty_space height=\u00bb10px\u00bb]<\/p>\n<p><strong>EJEMPLOS DE EXAMEN &#8211; PARTE GENERAL:<\/strong><br \/>Puedes acceder a los MODELOS en esta\u00a0<a href=\"https:\/\/ceice.gva.es\/es\/web\/ensenanzas-regimen-especial\/prueba-de-acceso\"><strong>p\u00e1gina de la Conselleria de Educaci\u00f3n, Cultura y Deporte<\/strong><\/a>.<\/p>\n<p>[vc_empty_space height=\u00bb20px\u00bb]<\/p>\n<p><span style=\"color: #ff0000;\"><strong>PARTE ESPEC\u00cdFICA DE LA PRUEBA DE ACCESO<\/strong><\/span><\/p>\n<p>La parte espec\u00edfica de la prueba de acceso a los ciclos formativos de grado superior tendr\u00e1 la siguiente estructura con una duraci\u00f3n m\u00e1xima de 8 horas en 2 d\u00edas consecutivos: [vc_empty_space height=\u00bb10px\u00bb]<\/p>\n<p><strong>Primer ejercicio.<\/strong> Cuestiones relativas a historia del arte, a partir de un texto escrito y\/o la documentaci\u00f3n gr\u00e1fica o audiovisual que se le facilite al alumnado. En este ejercicio se valorar\u00e1 el nivel de conocimientos art\u00edsticos y la sensibilidad ante las creaciones art\u00edsticas y funcionales, as\u00ed como la madurez del criterio est\u00e9tico. Para este ejercicio se emplear\u00e1 un m\u00e1ximo de una hora.[vc_empty_space height=\u00bb10px\u00bb]<\/p>\n<p><strong>Segundo ejercicio.<\/strong> Realizaci\u00f3n de diversos bocetos sobre un tema propuesto, y ejecuci\u00f3n posterior de uno de los bocetos a color. En este ejercicio se valorar\u00e1n aptitudes como la sensibilidad art\u00edstica, la creatividad, la capacidad compositiva y comunicativa, y el sentido de la funcionalidad, as\u00ed como la predisposici\u00f3n hacia los estudios concretos de los ciclos correspondientes a la familia profesional indicada en la prueba. Para este ejercicio se emplear\u00e1 un m\u00e1ximo de dos horas. [vc_empty_space height=\u00bb10px\u00bb]<\/p>\n<p><strong>Tercer ejercicio.<\/strong> Ejecuci\u00f3n a partir de uno de los bocetos realizados en el ejercicio anterior de una pr\u00e1ctica adaptada a la realidad material y curricular del ciclo formativo indicado en la prueba. En este ejercicio se valorar\u00e1n las aptitudes siguientes: la destreza espec\u00edfica, las capacidades de observaci\u00f3n, expresividad, percepci\u00f3n y composici\u00f3n formal acorde al ciclo formativo indicado. Para este ejercicio se emplear\u00e1 un m\u00e1ximo de tres horas.<\/p>\n<p>La prueba espec\u00edfica ser\u00e1 <strong>distinta para cada familia profesional<\/strong>, seg\u00fan la normativa vigente que establece su curr\u00edculo. [vc_empty_space height=\u00bb10px\u00bb]<\/p>\n<p><strong>EJEMPLOS DE EXAMEN &#8211; PARTE ESPEC\u00cdFICA:<\/strong><\/p>\n<p>.\u00a0 Ilustraci\u00f3n <a href=\"http:\/\/easda.es\/wp\/wp-content\/uploads\/2020\/05\/Prueba_E_CFGS_ILUSTRACION_WEB.pdf\" target=\"_blank\" rel=\"noopener noreferrer\">2022<\/a> \/ <a href=\"https:\/\/easda.es\/wp-content\/uploads\/2024\/04\/PA_ILUST_23-24.pdf\" target=\"_blank\" rel=\"noopener\">2023<\/a> \/ <a href=\"https:\/\/easda.es\/wp-content\/uploads\/2025\/07\/ILU_julio-2025.pdf\" target=\"_blank\" rel=\"noopener\">2025<\/a><\/p>\n<p>. Gr\u00e1fica Publicitaria\u00a0 <a href=\"http:\/\/easda.es\/wp\/wp-content\/uploads\/2020\/05\/Prueba_E_CFGS_GRAFICA_WEB.pdf\" target=\"_blank\" rel=\"noopener noreferrer\">2022<\/a> \/ <a href=\"https:\/\/easda.es\/wp-content\/uploads\/2024\/04\/GP_JULIO_2023.pdf\" target=\"_blank\" rel=\"noopener\">2023<\/a> \/ <a href=\"https:\/\/easda.es\/wp-content\/uploads\/2025\/07\/GP_julio-2025.pdf\" target=\"_blank\" rel=\"noopener\">2025<\/a><\/p>\n<p>. Proyectos y Direcci\u00f3n de Obras de Decoraci\u00f3n\u00a0 <a href=\"http:\/\/easda.es\/wp\/wp-content\/uploads\/2020\/05\/Prueba_E_CFGS_PDO_WEB.pdf\" target=\"_blank\" rel=\"noopener noreferrer\">2022<\/a> \u00a0\/ <a href=\"https:\/\/easda.es\/wp-content\/uploads\/2024\/04\/PA_PDO_JULIO_2023.pdf\" target=\"_blank\" rel=\"noopener\">2023<\/a> \/ <a href=\"https:\/\/easda.es\/wp-content\/uploads\/2025\/07\/PDOD_julio-2025.pdf\" target=\"_blank\" rel=\"noopener\">2025<\/a><\/p>\n<p>. Cer\u00e1mica Art\u00edstica <a href=\"http:\/\/easda.es\/wp\/wp-content\/uploads\/2020\/05\/Prueba_E_CFGS_CERAMICA_WEB.pdf\" target=\"_blank\" rel=\"noopener noreferrer\">2022<\/a> \u00a0\/ <a href=\"https:\/\/easda.es\/wp-content\/uploads\/2024\/04\/PA_CERAMICA_JULIO_2023-copia.pdf\" target=\"_blank\" rel=\"noopener\">2023<\/a> \/ <a href=\"https:\/\/easda.es\/wp-content\/uploads\/2025\/07\/CER_julio-2025.pdf\" target=\"_blank\" rel=\"noopener\">2025<\/a><\/p>\n<p>. Fotograf\u00eda <a href=\"https:\/\/easda.es\/wp-content\/uploads\/2024\/04\/PA_FOTO_JULIO_2023.pdf\" target=\"_blank\" rel=\"noopener\">2023<\/a> \/ <a href=\"https:\/\/easda.es\/wp-content\/uploads\/2025\/07\/FOT_julio-2025.pdf\" target=\"_blank\" rel=\"noopener\">2025<\/a><\/p>\n<p>_______________________________________________________________________<\/p>\n<p><strong><a href=\"https:\/\/easda.es\/wp-content\/uploads\/2024\/04\/GuiaPA_CFGS_2024.pdf\" target=\"_blank\" rel=\"noopener\">GU\u00cdA para la prueba espec\u00edfica del Grado Superior<\/a><\/strong><\/p>\n<p>_______________________________________________________________________<\/p>\n<p>[\/vc_column_text][vc_empty_space height=\u00bb30px\u00bb][vc_separator][vc_empty_space height=\u00bb15px\u00bb][\/vc_column_inner][\/vc_row_inner][vc_row_inner][vc_column_inner]<div class=\"qodef-section-title-holder  qodef-st-standard qodef-st-title-left qodef-st-normal-space \" >\n\t<div class=\"qodef-st-inner\">\n\t\t\t\t\t<h2 class=\"qodef-st-title\" >\n\t\t\t\tValidez de las pruebas\t\t\t<\/h2>\n\t\t\t\t\t<\/div>\n<\/div>[vc_empty_space height=\u00bb12px\u00bb][vc_column_text]<\/p>\n<ul>\n<li>La superaci\u00f3n de la parte general de la prueba tendr\u00e1 validez para posteriores convocatorias.<\/li>\n<li>La parte espec\u00edfica de la prueba de acceso tendr\u00e1 validez \u00fanicamente para acceder en el curso acad\u00e9mico para el que se realice la prueba.<\/li>\n<\/ul>\n<p><span style=\"color: initial; font-size: revert;\">[\/vc_column_text][vc_row_inner][vc_column_inner][vc_empty_space height=\u00bb30px\u00bb][vc_wp_custommenu nav_menu=\u00bb498&#8243; el_class=\u00bbasignaturas\u00bb][\/vc_column_inner][\/vc_row_inner][\/vc_column][\/vc_row]<\/span><\/p>\n\n\n<p><\/p>\n","protected":false},"excerpt":{"rendered":"<p>[vc_row gap=\u00bb30&#8243;][vc_column][vc_row_inner][vc_column_inner][vc_empty_space][vc_column_text] Existen tres modos de acceso: [\/vc_column_text][vc_empty_space height=\u00bb15px\u00bb][vc_column_text] MODO 1:\u00a0ACCESO CON REQUISITOS ACAD\u00c9MICOS (para los que\u00a0tienen\u00a0titulaci\u00f3n) [\/vc_column_text][vc_empty_space height=\u00bb12px\u00bb][vc_column_text] 1. Es necesaria la titulaci\u00f3n de BACHILLER\u00a0(o equivalente), o tambi\u00e9n: Estar en posesi\u00f3n del t\u00edtulo de T\u00e9cnico o T\u00e9cnica Superior de [&hellip;]<\/p>\n","protected":false},"author":10,"featured_media":0,"parent":4242,"menu_order":0,"comment_status":"closed","ping_status":"closed","template":"","meta":{"footnotes":""},"class_list":["post-4464","page","type-page","status-publish","hentry"],"_links":{"self":[{"href":"https:\/\/easda.es\/index.php?rest_route=\/wp\/v2\/pages\/4464","targetHints":{"allow":["GET"]}}],"collection":[{"href":"https:\/\/easda.es\/index.php?rest_route=\/wp\/v2\/pages"}],"about":[{"href":"https:\/\/easda.es\/index.php?rest_route=\/wp\/v2\/types\/page"}],"author":[{"embeddable":true,"href":"https:\/\/easda.es\/index.php?rest_route=\/wp\/v2\/users\/10"}],"replies":[{"embeddable":true,"href":"https:\/\/easda.es\/index.php?rest_route=%2Fwp%2Fv2%2Fcomments&post=4464"}],"version-history":[{"count":237,"href":"https:\/\/easda.es\/index.php?rest_route=\/wp\/v2\/pages\/4464\/revisions"}],"predecessor-version":[{"id":20711,"href":"https:\/\/easda.es\/index.php?rest_route=\/wp\/v2\/pages\/4464\/revisions\/20711"}],"up":[{"embeddable":true,"href":"https:\/\/easda.es\/index.php?rest_route=\/wp\/v2\/pages\/4242"}],"wp:attachment":[{"href":"https:\/\/easda.es\/index.php?rest_route=%2Fwp%2Fv2%2Fmedia&parent=4464"}],"curies":[{"name":"wp","href":"https:\/\/api.w.org\/{rel}","templated":true}]}}