{"id":4246,"date":"2018-05-08T17:59:06","date_gmt":"2018-05-08T17:59:06","guid":{"rendered":"http:\/\/easda.es\/wp\/?page_id=4246"},"modified":"2026-02-24T13:10:28","modified_gmt":"2026-02-24T12:10:28","slug":"pruebas-acceso-ciclos-formativos","status":"publish","type":"page","link":"https:\/\/easda.es\/?page_id=4246","title":{"rendered":"Acceso a Ciclos Formativos de Grado Medio"},"content":{"rendered":"\n<div class=\"wp-block-group\"><div class=\"wp-block-group__inner-container is-layout-flow wp-block-group-is-layout-flow\">\n<p>[vc_row gap=\u00bb30&#8243;][vc_column][vc_row_inner][vc_column_inner]<div class=\"qodef-section-title-holder  qodef-st-standard qodef-st-title-left qodef-st-normal-space \" >\n\t<div class=\"qodef-st-inner\">\n\t\t\t\t\t<h2 class=\"qodef-st-title\" >\n\t\t\t\tAcceso a Ciclos Formativos de Grado Medio\t\t\t<\/h2>\n\t\t\t\t\t<\/div>\n<\/div>[vc_empty_space height=\u00bb18px\u00bb][vc_column_text]<\/p>\n<p>Existen tres modos de acceso:<\/p>\n<p>[vc_empty_space height=\u00bb10px\u00bb]<\/p>\n<p><strong><span style=\"color: #ff0000;\">MODO 1:<\/span>\u00a0<span style=\"color: #ff0000;\">CON REQUISITOS ACAD\u00c9MICOS <br \/><\/span><\/strong>(T\u00edtulo de la ESO)<\/p>\n<p>[vc_empty_space height=\u00bb1px\u00bb]<\/p>\n<p><span class=\"StrongEmphasis\">1. E<\/span>star en posesi\u00f3n del t\u00edtulo de <strong>graduado\/a en Educaci\u00f3n Secundaria Obligatoria<\/strong> o t\u00edtulo equivalente.<\/p>\n<p>Tambi\u00e9n podr\u00e1n acceder quienes cumplan alguna de los siguientes requisitos:<\/p>\n<p>a) Estar en posesi\u00f3n del t\u00edtulo de T\u00e9cnico o T\u00e9cnica de Artes Pl\u00e1sticas y Dise\u00f1o.<br \/>b) Estar en posesi\u00f3n del t\u00edtulo de T\u00e9cnico o T\u00e9cnica o de T\u00e9cnico\/a Auxiliar de las ense\u00f1anzas de Formaci\u00f3n Profesional.<br \/>c) Haber superado el tercer curso de ense\u00f1anzas comunes del plan de estudios de 1963 o el segundo curso del plan experimental, de las ense\u00f1anzas de Artes Aplicadas y Oficios Art\u00edsticos.<br \/>d) Haber superado otros estudios declarados equivalentes a efectos acad\u00e9micos con alguno de los anteriores.<\/p>\n<p class=\"Textbody\"><span class=\"StrongEmphasis\">2. Adem\u00e1s de los requisitos acad\u00e9micos, hay que superar una <strong>prueba espec\u00edfica de acceso.<\/strong><\/span><\/p>\n<p>[vc_empty_space height=\u00bb24px\u00bb][vc_column_text]<\/p>\n<p><strong>Documentaci\u00f3n necesaria a presentar para la inscripci\u00f3n en la prueba espec\u00edfica:<\/strong><\/p>\n<ul>\n<li>Fotocopia del DNI.<strong><br \/><\/strong><\/li>\n<li>Certificado acad\u00e9mico o titulaci\u00f3n.<\/li>\n<li><a href=\"https:\/\/siac-front.gva.es\/siac-front\/public\/descarga\/es\/F152781\">Formulario de inscripci\u00f3n<\/a> pruebas de acceso especifica (enlace directo a Conselleria, pdf editable).<\/li>\n<li>Abono\u00a0<a href=\"https:\/\/sara-frontend.gva.es\/sara-frontend\/modelo?ID_SIMUL=SIMU046-9669&amp;LANG=es\">tasas inscripci\u00f3n.<\/a><\/li>\n<li>Se puede presentar presencialmente o enviar por email.<\/li>\n<li>Env\u00eda por email (<a href=\"mailto:easdalacant.administracio@iseacv.gva.es\"><span data-olk-copy-source=\"MessageBody\">easdalacant.administracio@iseacv.gva.es<\/span><\/a>) toda la documentaci\u00f3n debidamente firmada (a mano o electr\u00f3nicamente) y, en formato electr\u00f3nico, mediante un \u00fanico correo electr\u00f3nico. Se indicar\u00e1 en el asunto del email\u00a0<strong>\u00abPACAPD_NombreApellidos\u00bb<\/strong>. En el cuerpo del email se indicar\u00e1 qu\u00e9 prueba se solicita: Prueba General o Prueba Espec\u00edfica y la especialidad (APGIn).<\/li>\n<li>La documentaci\u00f3n original se presentar\u00e1 en la Administraci\u00f3n de la EASDA en cuanto sea requerida.<br \/>[vc_empty_space height=\u00bb24px\u00bb][vc_column_text]<\/li>\n<\/ul>\n<p><strong><span style=\"color: #ff0000;\">MODO 2:<\/span>\u00a0<span style=\"color: #ff0000;\">SIN REQUISITOS ACAD\u00c9MICOS<\/span><br \/><\/strong><\/p>\n<p><strong>Si no posees los requisitos acad\u00e9micos, deber\u00e1s realizar una prueba que constar\u00e1 de parte general y parte espec\u00edfica.<\/strong><\/p>\n<ol>\n<li><strong>Requisito de edad: tener 17 a\u00f1os cumplidos en el a\u00f1o de realizaci\u00f3n de la prueba.<\/strong><\/li>\n<li>Deben realizar una\u00a0<strong>prueba de acceso general<\/strong>\u00a0(capacidades b\u00e1sicas de las materias comunes de Educaci\u00f3n Secundaria Obligatoria).<\/li>\n<li>Posteriormente, si se supera esta prueba, el estudiante realizar\u00e1\u00a0la <strong>prueba espec\u00edfica<\/strong> previa inscripci\u00f3n en la misma.<\/li>\n<\/ol>\n<p>[vc_empty_space height=\u00bb12px\u00bb][vc_column_text]<\/p>\n<p><strong>Documentaci\u00f3n necesaria a presentar para personas sin requisitos acad\u00e9micos:<\/strong><\/p>\n<ul>\n<li>Fotocopia del DNI.<\/li>\n<li>Certificado acad\u00e9mico o titulaci\u00f3n.<\/li>\n<li><a href=\"https:\/\/siac-front.gva.es\/siac-front\/public\/descarga\/es\/F152483\" target=\"_blank\" rel=\"noopener\">Formulario de inscripci\u00f3n<\/a> pruebas de acceso para personas sin requisitos acad\u00e9micos (pdf editable).<\/li>\n<li>Abono\u00a0<a href=\"https:\/\/sara-frontend.gva.es\/sara-frontend\/modelo?ID_SIMUL=SIMU046-9669&amp;LANG=es\" target=\"_blank\" rel=\"noopener\">tasas inscripci\u00f3n.<\/a><\/li>\n<li>Se puede presentar presencialmente o enviar por email.<\/li>\n<li>Env\u00eda por email (<a href=\"mailto:easdalacant.administracio@iseacv.gva.es\"><span data-olk-copy-source=\"MessageBody\">easdalacant.administracio@iseacv.gva.es<\/span><\/a>) toda la documentaci\u00f3n debidamente firmada (a mano o electr\u00f3nicamente) y, en formato electr\u00f3nico, mediante un \u00fanico correo electr\u00f3nico. Se indicar\u00e1 en el asunto del email <strong>\u00abPACAPD_NombreApellidos\u00bb<\/strong>. En el cuerpo del email se indicar\u00e1 qu\u00e9 prueba se solicita: Prueba General o Prueba Espec\u00edfica y la especialidad (APGIn).<\/li>\n<li>La documentaci\u00f3n original se presentar\u00e1 en la Administraci\u00f3n de la EASDA en cuanto sea requerida.<\/li>\n<li>Candidatos exentos: Se podr\u00e1 solicitar exenci\u00f3n parcial o total de la prueba por alguno de los motivos que se mencionan <a href=\"https:\/\/easda.es\/wp-content\/uploads\/2025\/03\/MotivoExencion_CFGM.pdf\" target=\"_blank\" rel=\"noopener\">aqu\u00ed<\/a>.<\/li>\n<\/ul>\n<p>[vc_empty_space height=\u00bb24px\u00bb][vc_column_text]<\/p>\n<p><strong><span style=\"color: #ff0000;\">MODO 3:<\/span>\u00a0<span style=\"color: #ff0000;\">ACCESO DIRECTO<\/span><\/strong><\/p>\n<p>a) Quienes est\u00e9n en posesi\u00f3n de un t\u00edtulo de T\u00e9cnico o T\u00e9cnica o T\u00e9cnico\/a Superior de Artes Pl\u00e1sticas y Dise\u00f1o.<br \/>b) Quienes hayan superado los cursos comunes de Artes Aplicadas y Oficios Art\u00edsticos de los planes de estudios establecidos por el Decreto 2127\/1963, de 24 de julio, los establecidos con car\u00e1cter experimental al amparo del Real decreto 799\/1984, de 28 de marzo, sobre regulaci\u00f3n de experiencias en centros de Ense\u00f1anzas Art\u00edsticas, as\u00ed como por el Real decreto 942\/1986, de 9 de mayo, por el que se establecen normas generales para la realizaci\u00f3n de experimentaciones educativas en centros docentes.<\/p>\n<p>c) Quienes est\u00e9n en posesi\u00f3n de alguna de las siguientes titulaciones:<\/p>\n<ul>\n<li>T\u00edtulo de Bachiller, modalidad de Artes, o Bachillerato art\u00edstico experimental.<\/li>\n<li>T\u00edtulo superior de Artes Pl\u00e1sticas o t\u00edtulo superior de Dise\u00f1o, en sus diferentes especialidades, o t\u00edtulos declarados equivalentes.<\/li>\n<li>T\u00edtulo superior de Conservaci\u00f3n y Restauraci\u00f3n de Bienes Culturales, en sus diferentes especialidades.<\/li>\n<li>Licenciado\/a en Bellas Artes.<\/li>\n<li>Arquitectura.<\/li>\n<\/ul>\n<p><span style=\"font-size: revert; color: initial;\">d)<\/span> Quienes, estando en posesi\u00f3n de los requisitos acad\u00e9micos de acceso, acrediten tener experiencia laboral, de al menos un a\u00f1o, relacionada directamente con las competencias profesionales del ciclo formativo de grado medio o superior al que se quiere acceder, tal como indica el art. 15.4 del Real decreto 596\/2007 de 4 de mayo. Por eso, deber\u00e1n aportar la siguiente documentaci\u00f3n acreditativa:<\/p>\n<ul>\n<li>Certificaci\u00f3n de la empresa donde haya adquirido la experiencia laboral, en la que conste espec\u00edficamente la duraci\u00f3n del contrato, la actividad desarrollada y el per\u00edodo de tiempo en el que se ha realizado dicha actividad.<\/li>\n<li>En el caso de trabajadores o trabajadoras por cuenta propia, certificaci\u00f3n de alta en el censo de obligados tributarios.<\/li>\n<li>Certificado de vida laboral.<\/li>\n<\/ul>\n<p>[vc_empty_space height=\u00bb12px\u00bb][vc_column_text]<\/p>\n<p><strong>Acceso directo (solicitud de plaza, s\u00f3lo para los\/as que tienen los t\u00edtulos antes mencionados):<\/strong><\/p>\n<p><a href=\"https:\/\/easda.es\/wp-content\/uploads\/2025\/04\/ANEXOII.pdf\" target=\"_blank\" rel=\"noopener\">Formulario solicitud de plaza Ciclos Formativos Grado Medio<\/a> (Asistencia al Producto Gr\u00e1fico Interactivo).<\/p>\n<p>Entregar presencialmente en la Administraci\u00f3n de la EASDA o v\u00eda email a <a href=\"mailto:easdalacant.administracio@iseacv.gva.es\"><span data-olk-copy-source=\"MessageBody\">easdalacant.administracio@iseacv.gva.es<\/span><\/a>\u00a0haciendo constar en el asunto\u00a0<strong>\u00abSolicitudAccesoDirecto(APGIn)_NombreApellidos\u00bb<\/strong><\/p>\n<p><strong>Documentaci\u00f3n a adjuntar:<\/strong>\u00a0formulario cumplimentado, fotocopia DNI y certificado acad\u00e9mico o titulaci\u00f3n donde aparezca la nota media.<\/p>\n<p>[\/vc_column_text][vc_empty_space height=\u00bb30px\u00bb][vc_separator][vc_empty_space height=\u00bb30px\u00bb][\/vc_column_inner][\/vc_row_inner][vc_row_inner][vc_column_inner]<div class=\"qodef-section-title-holder  qodef-st-standard qodef-st-title-left qodef-st-normal-space \" >\n\t<div class=\"qodef-st-inner\">\n\t\t\t\t\t<h2 class=\"qodef-st-title\" >\n\t\t\t\tCalendarios pruebas de acceso\t\t\t<\/h2>\n\t\t\t\t\t<\/div>\n<\/div>[vc_empty_space height=\u00bb24px\u00bb][vc_column_text]<\/p>\n<p><strong><span style=\"color: #ff0000;\">MODO 2 (PRUEBA GENERAL)<\/span><\/strong><\/p>\n<p><a href=\"https:\/\/easda.es\/wp-content\/uploads\/2026\/02\/Calendarios_NO_REQUISITOS-1.jpg\"><img loading=\"lazy\" decoding=\"async\" class=\"alignnone wp-image-20708\" src=\"https:\/\/easda.es\/wp-content\/uploads\/2026\/02\/Calendarios_NO_REQUISITOS-1-300x150.jpg\" alt=\"\" width=\"1118\" height=\"557\" srcset=\"https:\/\/easda.es\/wp-content\/uploads\/2026\/02\/Calendarios_NO_REQUISITOS-1-300x150.jpg 300w, https:\/\/easda.es\/wp-content\/uploads\/2026\/02\/Calendarios_NO_REQUISITOS-1-1024x510.jpg 1024w, https:\/\/easda.es\/wp-content\/uploads\/2026\/02\/Calendarios_NO_REQUISITOS-1-768x383.jpg 768w, https:\/\/easda.es\/wp-content\/uploads\/2026\/02\/Calendarios_NO_REQUISITOS-1-1536x766.jpg 1536w\" sizes=\"auto, (max-width: 1118px) 100vw, 1118px\" \/><\/a><\/p>\n<p><strong>* Hay que estar 30 minutos antes de la prueba en la EASDA para el llamamiento<\/strong><\/p>\n<p><strong><span style=\"color: #ff0000;\"><br \/>MODOS 1 y 2 (PRUEBA ESPEC\u00cdFICA)<\/span><\/strong><\/p>\n<p><a href=\"https:\/\/easda.es\/wp-content\/uploads\/2026\/02\/Calendarios_ESPECIFICA.jpg\"><img loading=\"lazy\" decoding=\"async\" class=\"alignnone wp-image-20696\" src=\"https:\/\/easda.es\/wp-content\/uploads\/2026\/02\/Calendarios_ESPECIFICA-300x229.jpg\" alt=\"\" width=\"1118\" height=\"852\" srcset=\"https:\/\/easda.es\/wp-content\/uploads\/2026\/02\/Calendarios_ESPECIFICA-300x229.jpg 300w, https:\/\/easda.es\/wp-content\/uploads\/2026\/02\/Calendarios_ESPECIFICA-1024x781.jpg 1024w, https:\/\/easda.es\/wp-content\/uploads\/2026\/02\/Calendarios_ESPECIFICA-768x585.jpg 768w, https:\/\/easda.es\/wp-content\/uploads\/2026\/02\/Calendarios_ESPECIFICA-1536x1171.jpg 1536w\" sizes=\"auto, (max-width: 1118px) 100vw, 1118px\" \/><\/a><\/p>\n<p><strong><span style=\"color: #ff0000;\"><br \/>MODO 3<\/span><\/strong><a href=\"https:\/\/easda.es\/wp-content\/uploads\/2026\/02\/Calendarios_ACCESO_DIRECTO.jpg\"><img loading=\"lazy\" decoding=\"async\" class=\"alignnone wp-image-20695\" src=\"https:\/\/easda.es\/wp-content\/uploads\/2026\/02\/Calendarios_ACCESO_DIRECTO-300x86.jpg\" alt=\"\" width=\"1118\" height=\"322\" srcset=\"https:\/\/easda.es\/wp-content\/uploads\/2026\/02\/Calendarios_ACCESO_DIRECTO-300x86.jpg 300w, https:\/\/easda.es\/wp-content\/uploads\/2026\/02\/Calendarios_ACCESO_DIRECTO-1024x295.jpg 1024w, https:\/\/easda.es\/wp-content\/uploads\/2026\/02\/Calendarios_ACCESO_DIRECTO-768x221.jpg 768w, https:\/\/easda.es\/wp-content\/uploads\/2026\/02\/Calendarios_ACCESO_DIRECTO-1536x442.jpg 1536w\" sizes=\"auto, (max-width: 1118px) 100vw, 1118px\" \/><\/a><\/p>\n<p>[vc_empty_space height=\u00bb5px\u00bb]<\/p>\n<p class=\"rteindent1\">En el fichero adjunto se detalla el calendario de las pruebas de acceso a los Ciclos Formativos Curso 2026\/2027. Desc\u00e1rgatelo <a href=\"https:\/\/easda.es\/wp-content\/uploads\/2026\/02\/Calendarios_PA_2026-27.pdf\" target=\"_blank\" rel=\"noopener\">aqu\u00ed.<\/a>\u00a0<\/p>\n<p class=\"rteindent1\"><span style=\"color: #ff0000;\">\u00a0<\/span>[\/vc_column_text][vc_empty_space height=\u00bb5px\u00bb][vc_separator][vc_empty_space height=\u00bb20px\u00bb][\/vc_column_inner][\/vc_row_inner][vc_row_inner][vc_column_inner]<div class=\"qodef-section-title-holder  qodef-st-standard qodef-st-title-left qodef-st-normal-space \" >\n\t<div class=\"qodef-st-inner\">\n\t\t\t\t\t<h2 class=\"qodef-st-title\" >\n\t\t\t\tEstructura de las pruebas de acceso\t\t\t<\/h2>\n\t\t\t\t\t<\/div>\n<\/div>[vc_empty_space height=\u00bb24px\u00bb][vc_column_text]<img loading=\"lazy\" decoding=\"async\" class=\"alignnone wp-image-7886 size-full\" src=\"http:\/\/easda.es\/wp\/wp-content\/uploads\/2020\/03\/relleno-pruebas-acceso.jpg\" alt=\"\" width=\"649\" height=\"432\" srcset=\"https:\/\/easda.es\/wp-content\/uploads\/2020\/03\/relleno-pruebas-acceso.jpg 649w, https:\/\/easda.es\/wp-content\/uploads\/2020\/03\/relleno-pruebas-acceso-300x200.jpg 300w\" sizes=\"auto, (max-width: 649px) 100vw, 649px\" \/><\/p>\n<p class=\"rteindent1\">[vc_empty_space height=\u00bb24px\u00bb][vc_column_text]<\/p>\n<p><span style=\"color: #ff0000;\"><strong>PARTE GENERAL DE LA PRUEBA DE ACCESO<\/strong><\/span><\/p>\n<p>Recuerda que solo tienes que realizar esta prueba <strong>si no cumples los requisitos acad\u00e9micos <\/strong>seg\u00fan la <strong><a href=\"https:\/\/easda.es\/wp-content\/uploads\/2021\/03\/orden_13-2018.pdf\" target=\"_blank\" rel=\"noopener\">Orden 13\/2018<\/a><\/strong>. Constar\u00e1 de una fase \u00fanica, compuesta de dos ejercicios: [vc_empty_space height=\u00bb5px\u00bb]<\/p>\n<p><strong>Primer ejercicio:<\/strong> Desarrollo por escrito, durante un tiempo m\u00e1ximo de una hora y media, de un <strong>comentario de texto<\/strong> y de las cuestiones que se formulen sobre <strong>lengua y literatura<\/strong> (castellana o valenciana) a partir de un texto escrito. La persona aspirante optar\u00e1 por realizar uno de los dos comentarios de texto propuestos de lengua y literatura: el de castellano o el de valenciano.<\/p>\n<p>En este ejercicio se valorar\u00e1 la madurez y el nivel de conocimientos referidos a las materias de Castellano: Lengua y Literatura o Valenciano: Lengua y Literatura, seg\u00fan el curr\u00edculo vigente de la ESO en la Comunitat Valenciana. [vc_empty_space height=\u00bb5px\u00bb]<\/p>\n<p><strong>Segundo ejercicio:<\/strong> Desarrollo por escrito, durante un tiempo m\u00e1ximo de una hora y media, de las cuestiones que se formulen referidas a <strong>contenidos t\u00e9cnico-cient\u00edficos y socioculturales<\/strong>.<\/p>\n<p>En este ejercicio se valorar\u00e1 la madurez y el nivel de conocimientos referidos a las materias de Ciencias Sociales, Geograf\u00eda e Historia, Ciencias de la Naturaleza, Tecnolog\u00eda y Matem\u00e1ticas, seg\u00fan el curr\u00edculo vigente de la ESO en la Comunitat Valenciana. [vc_empty_space height=\u00bb5px\u00bb]<\/p>\n<p class=\"rteindent1\"><strong>EJEMPLOS DE EXAMEN<\/strong> &#8211; <strong>PARTE GENERAL:<\/strong><br \/>Puedes acceder a los MODELOS en esta\u00a0<a href=\"https:\/\/ceice.gva.es\/es\/web\/ensenanzas-regimen-especial\/prueba-de-acceso\" target=\"_blank\" rel=\"noopener\">p\u00e1gina de la Conselleria de Educaci\u00f3n, Cultura y Deporte<\/a>.<\/p>\n<p>[vc_empty_space height=\u00bb20px\u00bb][vc_column_text]<\/p>\n<p><span style=\"color: #ff0000;\"><strong>PARTE ESPEC\u00cdFICA DE LA PRUEBA DE ACCESO<\/strong><\/span><\/p>\n<p>Tendr\u00e1 la siguiente estructura con una duraci\u00f3n m\u00e1xima de 8 horas en 2 d\u00edas consecutivos:\u00a0 [vc_empty_space height=\u00bb5px\u00bb]<\/p>\n<p class=\"rteindent1\"><strong>Primer ejercicio:<\/strong> Desarrollo por escrito de cuestiones relativas al campo de las artes pl\u00e1sticas, a partir de un texto escrito y\/o la documentaci\u00f3n gr\u00e1fica que se facilite. En este ejercicio se valorar\u00e1n los conocimientos art\u00edsticos del alumno\/a. Para este ejercicio se emplear\u00e1 un m\u00e1ximo de una hora. [vc_empty_space height=\u00bb5px\u00bb]<\/p>\n<p><strong>Segundo ejercicio: <\/strong>Realizaci\u00f3n de dibujos o bocetos a partir de un tema dado que sirvan de base para la realizaci\u00f3n posterior de un dibujo a color. En este ejercicio se valorar\u00e1n aptitudes como la creatividad, la destreza espec\u00edfica, la capacidad de observaci\u00f3n y percepci\u00f3n, as\u00ed como la predisposici\u00f3n hac\u00eda los estudios concretos de los ciclos correspondientes a la familia profesional indicada en la prueba. Para este ejercicio se emplear\u00e1 un m\u00e1ximo de dos horas. [vc_empty_space height=\u00bb5px\u00bb]<\/p>\n<p><strong>Tercer ejercicio.<\/strong> A partir de uno de los bocetos realizados en el ejercicio anterior se ejecutar\u00e1 una pr\u00e1ctica adaptada a la realidad material y curricular del ciclo formativo indicado en la prueba. En este ejercicio se valorar\u00e1n las aptitudes siguientes: la destreza espec\u00edfica, las capacidades de observaci\u00f3n, percepci\u00f3n y composici\u00f3n de la expresividad acorde al ciclo formativo indicado. Para este ejercicio se emplear\u00e1 un m\u00e1ximo de tres horas. [vc_empty_space height=\u00bb10px\u00bb]<\/p>\n<p><strong>EJEMPLOS DE EXAMEN &#8211; PARTE ESPEC\u00cdFICA:\u00a0<\/strong> <br \/>Asistencia al Producto Gr\u00e1fico Interactivo.<\/p>\n<p>. <a href=\"https:\/\/easda.es\/wp-content\/uploads\/2022\/11\/Prueba_E_CFGM_APGI.pdf\" target=\"_blank\" rel=\"noopener\">Examen julio 2022<\/a><br \/>. <a href=\"https:\/\/easda.es\/wp-content\/uploads\/2024\/03\/APGI_JULIO-2023.pdf\" target=\"_blank\" rel=\"noopener\">Examen julio 2023<\/a> \/ <a href=\"https:\/\/easda.es\/wp-content\/uploads\/2024\/03\/APGI_SEPTIEMBRE-2023.pdf\" target=\"_blank\" rel=\"noopener\">septiembre 2023<\/a><br \/>. <a href=\"https:\/\/easda.es\/wp-content\/uploads\/2025\/05\/APGI_PE_-JULIO_24.pdf\" target=\"_blank\" rel=\"noopener\">Examen julio 2024<\/a> \/ <a href=\"https:\/\/easda.es\/wp-content\/uploads\/2025\/05\/APGI_PE_SEPTIEMBRE_24.pdf\" target=\"_blank\" rel=\"noopener\">septiembre 2024<\/a><br \/>. <a href=\"https:\/\/easda.es\/wp-content\/uploads\/2025\/07\/APGI_julio-2025.pdf\" target=\"_blank\" rel=\"noopener\">Examen julio 2025<\/a><\/p>\n<p>_______________________________________________________________________<\/p>\n<p><a href=\"https:\/\/easda.es\/wp-content\/uploads\/2021\/04\/Guia_Prueba_CicloMedio_2021_22.pdf\" target=\"_blank\" rel=\"noopener noreferrer\"><strong>GU\u00cdA para la prueba espec\u00edfica del Grado Medio<\/strong><\/a><\/p>\n<p>_______________________________________________________________________<\/p>\n<p>[\/vc_column_text][vc_empty_space height=\u00bb30px\u00bb][vc_separator][vc_empty_space height=\u00bb30px\u00bb][\/vc_column_inner][\/vc_row_inner][vc_row_inner][vc_column_inner]<div class=\"qodef-section-title-holder  qodef-st-standard qodef-st-title-left qodef-st-normal-space \" >\n\t<div class=\"qodef-st-inner\">\n\t\t\t\t\t<h2 class=\"qodef-st-title\" >\n\t\t\t\tValidez de las pruebas\t\t\t<\/h2>\n\t\t\t\t\t<\/div>\n<\/div>[vc_empty_space height=\u00bb24px\u00bb][vc_column_text]<\/p>\n<ul>\n<li>La superaci\u00f3n de la parte general de la prueba tendr\u00e1 validez para posteriores convocatorias.<\/li>\n<li>La parte espec\u00edfica de la prueba de acceso tendr\u00e1 validez \u00fanicamente para acceder en el curso acad\u00e9mico para el que se realice la prueba.\n<p><span style=\"color: initial; font-size: revert;\">[\/vc_column_text][vc_row_inner][vc_column_inner][vc_empty_space height=\u00bb30px\u00bb][vc_wp_custommenu nav_menu=\u00bb498&#8243; el_class=\u00bbasignaturas\u00bb][\/vc_column_inner][\/vc_row_inner][\/vc_column][\/vc_row]<\/span><\/p>\n<\/li>\n<\/ul>\n<\/div><\/div>\n\n\n\n<p><\/p>\n","protected":false},"excerpt":{"rendered":"<p>[vc_row gap=\u00bb30&#8243;][vc_column][vc_row_inner][vc_column_inner][vc_empty_space height=\u00bb18px\u00bb][vc_column_text] Existen tres modos de acceso: [vc_empty_space height=\u00bb10px\u00bb] MODO 1:\u00a0CON REQUISITOS ACAD\u00c9MICOS (T\u00edtulo de la ESO) [vc_empty_space height=\u00bb1px\u00bb] 1. Estar en posesi\u00f3n del t\u00edtulo de graduado\/a en Educaci\u00f3n Secundaria Obligatoria o t\u00edtulo equivalente. Tambi\u00e9n podr\u00e1n acceder quienes cumplan [&hellip;]<\/p>\n","protected":false},"author":10,"featured_media":0,"parent":2758,"menu_order":0,"comment_status":"closed","ping_status":"closed","template":"","meta":{"footnotes":""},"class_list":["post-4246","page","type-page","status-publish","hentry"],"_links":{"self":[{"href":"https:\/\/easda.es\/index.php?rest_route=\/wp\/v2\/pages\/4246","targetHints":{"allow":["GET"]}}],"collection":[{"href":"https:\/\/easda.es\/index.php?rest_route=\/wp\/v2\/pages"}],"about":[{"href":"https:\/\/easda.es\/index.php?rest_route=\/wp\/v2\/types\/page"}],"author":[{"embeddable":true,"href":"https:\/\/easda.es\/index.php?rest_route=\/wp\/v2\/users\/10"}],"replies":[{"embeddable":true,"href":"https:\/\/easda.es\/index.php?rest_route=%2Fwp%2Fv2%2Fcomments&post=4246"}],"version-history":[{"count":303,"href":"https:\/\/easda.es\/index.php?rest_route=\/wp\/v2\/pages\/4246\/revisions"}],"predecessor-version":[{"id":20709,"href":"https:\/\/easda.es\/index.php?rest_route=\/wp\/v2\/pages\/4246\/revisions\/20709"}],"up":[{"embeddable":true,"href":"https:\/\/easda.es\/index.php?rest_route=\/wp\/v2\/pages\/2758"}],"wp:attachment":[{"href":"https:\/\/easda.es\/index.php?rest_route=%2Fwp%2Fv2%2Fmedia&parent=4246"}],"curies":[{"name":"wp","href":"https:\/\/api.w.org\/{rel}","templated":true}]}}