{"id":4242,"date":"2018-05-08T17:52:03","date_gmt":"2018-05-08T17:52:03","guid":{"rendered":"http:\/\/easda.es\/wp\/?page_id=4242"},"modified":"2026-02-24T13:26:27","modified_gmt":"2026-02-24T12:26:27","slug":"condiciones-de-acceso-a-ciclos-formativos","status":"publish","type":"page","link":"https:\/\/easda.es\/?page_id=4242","title":{"rendered":"Inscripci\u00f3n y acceso a Ciclos Formativos"},"content":{"rendered":"<p>[vc_row gap=\u00bb30&#8243;][vc_column][vc_row_inner][vc_column_inner]<div class=\"qodef-section-title-holder  qodef-st-standard qodef-st-title-left qodef-st-normal-space \" >\n\t<div class=\"qodef-st-inner\">\n\t\t\t\t\t<h2 class=\"qodef-st-title\" >\n\t\t\t\tInscripci\u00f3n y acceso a Ciclos Formativos\t\t\t<\/h2>\n\t\t\t\t\t<\/div>\n<\/div>[vc_empty_space height=\u00bb24px\u00bb][vc_column_text]<\/p>\n<p><a href=\"https:\/\/dogv.gva.es\/datos\/2026\/02\/05\/pdf\/2026_3670_es.pdf\">RESOLUCI\u00d3N de 30 de enero de 2026<\/a>, de la Direcci\u00f3n General de Centros Docentes, por la que se convocan las pruebas de acceso para el alumnado que no est\u00e9 en posesi\u00f3n de los requisitos acad\u00e9micos de acceso a los ciclos formativos de grado medio y grado superior de las ense\u00f1anzas profesionales de Artes Pl\u00e1sticas y Dise\u00f1o para el curso acad\u00e9mico 2026-2027.<\/p>\n<p><a href=\"https:\/\/dogv.gva.es\/datos\/2026\/02\/05\/pdf\/2026_3783_es.pdf\">RESOLUCI\u00d3N de 2 de febrero de 2026<\/a>, de la Direcci\u00f3n General de Centros Docentes, por la que se convocan las pruebas espec\u00edficas de acceso a los ciclos formativos de grado medio y grado superior de las ense\u00f1anzas profesionales de Artes Pl\u00e1sticas y Dise\u00f1o para el curso acad\u00e9mico 2026-2027.<\/p>\n<p><a href=\"https:\/\/dogv.gva.es\/datos\/2026\/02\/18\/pdf\/2026_5025_es.pdf\">RESOLUCI\u00d3N de 12 de febrero de 2026<\/a>, de la Direcci\u00f3n General de Centros Docentes, por la que se establecen el calendario y el procedimiento de admisi\u00f3n y matriculaci\u00f3n del alumnado en los ciclos formativos de grado medio y de grado superior de las ense\u00f1anzas profesionales de Artes Pl\u00e1sticas y Dise\u00f1o para el curso acad\u00e9mico 2026-2027.<\/p>\n<p>[\/vc_column_text][vc_empty_space height=\u00bb40px\u00bb][vc_wp_custommenu nav_menu=\u00bb519&#8243; el_class=\u00bbasignaturas\u00bb][vc_empty_space height=\u00bb80px\u00bb][\/vc_column_inner][\/vc_row_inner][\/vc_column][\/vc_row]<\/p>\n","protected":false},"excerpt":{"rendered":"<p>[vc_row gap=\u00bb30&#8243;][vc_column][vc_row_inner][vc_column_inner][vc_empty_space height=\u00bb24px\u00bb][vc_column_text] RESOLUCI\u00d3N de 30 de enero de 2026, de la Direcci\u00f3n General de Centros Docentes, por la que se convocan las pruebas de acceso para el alumnado que no est\u00e9 en posesi\u00f3n de los requisitos acad\u00e9micos de acceso [&hellip;]<\/p>\n","protected":false},"author":10,"featured_media":0,"parent":2758,"menu_order":0,"comment_status":"closed","ping_status":"closed","template":"","meta":{"footnotes":""},"class_list":["post-4242","page","type-page","status-publish","hentry"],"_links":{"self":[{"href":"https:\/\/easda.es\/index.php?rest_route=\/wp\/v2\/pages\/4242","targetHints":{"allow":["GET"]}}],"collection":[{"href":"https:\/\/easda.es\/index.php?rest_route=\/wp\/v2\/pages"}],"about":[{"href":"https:\/\/easda.es\/index.php?rest_route=\/wp\/v2\/types\/page"}],"author":[{"embeddable":true,"href":"https:\/\/easda.es\/index.php?rest_route=\/wp\/v2\/users\/10"}],"replies":[{"embeddable":true,"href":"https:\/\/easda.es\/index.php?rest_route=%2Fwp%2Fv2%2Fcomments&post=4242"}],"version-history":[{"count":65,"href":"https:\/\/easda.es\/index.php?rest_route=\/wp\/v2\/pages\/4242\/revisions"}],"predecessor-version":[{"id":20712,"href":"https:\/\/easda.es\/index.php?rest_route=\/wp\/v2\/pages\/4242\/revisions\/20712"}],"up":[{"embeddable":true,"href":"https:\/\/easda.es\/index.php?rest_route=\/wp\/v2\/pages\/2758"}],"wp:attachment":[{"href":"https:\/\/easda.es\/index.php?rest_route=%2Fwp%2Fv2%2Fmedia&parent=4242"}],"curies":[{"name":"wp","href":"https:\/\/api.w.org\/{rel}","templated":true}]}}