{"id":3734,"date":"2018-04-27T19:06:31","date_gmt":"2018-04-27T19:06:31","guid":{"rendered":"http:\/\/easda.es\/wp\/?page_id=3734"},"modified":"2026-01-30T11:21:29","modified_gmt":"2026-01-30T10:21:29","slug":"teachers-out","status":"publish","type":"page","link":"https:\/\/easda.es\/?page_id=3734","title":{"rendered":"Teachers Out"},"content":{"rendered":"<p>[vc_row gap=\u00bb30&#8243;][vc_column][vc_row_inner][vc_column_inner]<div class=\"qodef-section-title-holder  qodef-st-standard qodef-st-title-left qodef-st-normal-space \" >\n\t<div class=\"qodef-st-inner\">\n\t\t\t\t\t<h2 class=\"qodef-st-title\" >\n\t\t\t\tMovilidad Erasmus+ para Profesorado y Personal de Administraci\u00f3n y Servicios (PAS)\t\t\t<\/h2>\n\t\t\t\t\t<\/div>\n<\/div>[vc_empty_space height=\u00bb24px\u00bb][vc_column_text]<\/p>\n<p>La Escuela de Arte y Superior de Dise\u00f1o de Alicante (EASDA) participa en el programa Erasmus+, ofreciendo al profesorado y al personal de administraci\u00f3n y servicios (PAS) la posibilidad de realizar movilidades internacionales con fines de docencia o formaci\u00f3n en instituciones europeas.<\/p>\n<p>Estas movilidades se desarrollan en el marco del programa Erasmus+ KA131 y tienen como finalidad fomentar la internacionalizaci\u00f3n de la EASDA, promover el intercambio de buenas pr\u00e1cticas docentes y administrativas, impulsar la formaci\u00f3n continua del personal en contextos europeos y reforzar las redes de colaboraci\u00f3n internacional entre instituciones de educaci\u00f3n superior.<\/p>\n<p>&nbsp;<\/p>\n<p><strong><span style=\"color: #e30909;\">Modalidades de Movilidad<\/span><\/strong><\/p>\n<p>El programa Erasmus+ contempla dos modalidades de movilidad para personal:<br \/>\n<strong>. Movilidad de Docencia (STA \u2013 Teaching)<\/strong><br \/>\nDirigida al profesorado, permite impartir docencia en una instituci\u00f3n de educaci\u00f3n superior europea, favoreciendo el intercambio acad\u00e9mico, metodol\u00f3gico y cultural entre centros.<\/p>\n<p><strong>. Movilidad de Formaci\u00f3n (STT \u2013 Training)<\/strong><br \/>\nDirigida tanto a profesorado como a PAS, permite realizar estancias formativas en instituciones, centros educativos u organizaciones europeas, con el objetivo de adquirir nuevas competencias profesionales y conocer otros modelos de gesti\u00f3n y organizaci\u00f3n.<\/p>\n<p>&nbsp;<\/p>\n<p><strong><span style=\"color: #e30909;\">Requisitos Generales de Participaci\u00f3n<\/span><\/strong><br \/>\nPodr\u00e1 participar en el programa el personal que cumpla, con car\u00e1cter general, los siguientes requisitos:<\/p>\n<ul>\n<li>Estar integrado en la plantilla de la EASDA como personal docente o PAS y mantener dicha condici\u00f3n durante todo el periodo de disfrute de la movilidad.<\/li>\n<li>Ser ciudadano o ciudadana de un Estado miembro de la Uni\u00f3n Europea o cumplir los requisitos de residencia establecidos por el programa Erasmus+.<\/li>\n<li>No haber renunciado, sin causa debidamente justificada, a ayudas de movilidad internacional concedidas en convocatorias anteriores.<\/li>\n<li>Acreditar oficialmente un nivel de idioma adecuado a la movilidad solicitada y a la lengua de trabajo de la instituci\u00f3n de destino.<\/li>\n<\/ul>\n<p>Los requisitos espec\u00edficos y los criterios de participaci\u00f3n se detallan en cada convocatoria anual.<\/p>\n<p>&nbsp;<\/p>\n<p><strong><span style=\"color: #e30909;\">Duraci\u00f3n de las Movilidades<\/span><\/strong><br \/>\nLas movilidades Erasmus+ para profesorado y PAS tienen una duraci\u00f3n est\u00e1ndar es de 5 d\u00edas lectivos, a los que pueden a\u00f1adirse hasta 2 d\u00edas adicionales de viaje, uno para la ida y otro para la vuelta. Las fechas concretas de la estancia se acuerdan entre la persona participante y la instituci\u00f3n de acogida<\/p>\n<p>&nbsp;<\/p>\n<p><strong><span style=\"color: #e30909;\">Documentaci\u00f3n y Preparaci\u00f3n de la Movilidad<\/span><\/strong><br \/>\nLas personas seleccionadas deber\u00e1n presentar, con la antelaci\u00f3n requerida, la documentaci\u00f3n necesaria para la correcta gesti\u00f3n de la movilidad. Entre otros documentos, se requerir\u00e1:<\/p>\n<ul>\n<li>Carta de invitaci\u00f3n de la instituci\u00f3n de destino.<\/li>\n<li>Programa de movilidad (Mobility Agreement) completo y debidamente firmado.<\/li>\n<li>DNI y tarjeta sanitaria europea.<\/li>\n<li>Autorizaci\u00f3n o licencia correspondiente del centro.<\/li>\n<\/ul>\n<p>Disponer de una carta de invitaci\u00f3n de la instituci\u00f3n de destino resulta especialmente relevante, ya que facilita la planificaci\u00f3n de la movilidad y contribuye positivamente a la valoraci\u00f3n de la solicitud en el proceso de selecci\u00f3n. La EASDA gestiona un seguro con cobertura ampliada para el periodo de movilidad.<\/p>\n<p>&nbsp;<\/p>\n<p><strong><span style=\"color: #e30909;\">Criterios de Selecci\u00f3n<\/span><\/strong><br \/>\nLas solicitudes se valoran conforme a criterios objetivos establecidos en cada convocatoria anual. Entre los criterios habitualmente tenidos en cuenta se incluyen la calidad y coherencia de la propuesta de movilidad, la modalidad solicitada (docencia o formaci\u00f3n), el nivel de idioma acreditado oficialmente, la existencia o no de acuerdo interinstitucional con la instituci\u00f3n de destino y la aportaci\u00f3n de la movilidad a la internacionalizaci\u00f3n de la EASDA. La adjudicaci\u00f3n final de las movilidades est\u00e1 supeditada a la disponibilidad presupuestaria.<\/p>\n<p>&nbsp;<\/p>\n<p><span style=\"color: #e30909;\"><strong>Dotaci\u00f3n Econ\u00f3mica<\/strong><\/span><br \/>\nLa movilidad Erasmus+ para personal cuenta con una ayuda econ\u00f3mica destinada a contribuir a los gastos de desplazamiento y estancia. La cuant\u00eda de las ayudas depende de los criterios establecidos por el programa Erasmus+ y por el SEPIE, y puede variar en funci\u00f3n del pa\u00eds de destino, la duraci\u00f3n de la movilidad y la disponibilidad presupuestaria.<\/p>\n<p>&nbsp;<\/p>\n<p><span style=\"color: #e30909;\"><strong>Personal con Discapacidad<\/strong><\/span><br \/>\nEl programa Erasmus+ contempla ayudas complementarias para personal con discapacidad, destinadas a cubrir necesidades espec\u00edficas derivadas de la movilidad, de acuerdo con la normativa vigente.<\/p>\n<p>&nbsp;<\/p>\n<p><span style=\"color: #e30909;\"><strong>Informaci\u00f3n y Contacto<\/strong><\/span><br \/>\nToda la informaci\u00f3n relativa a convocatorias, plazos, documentaci\u00f3n y resoluciones se publica en la intranet de la EASDA y en el tabl\u00f3n Erasmus. Para consultas o informaci\u00f3n adicional: <a href=\"mailto:easdalacant.internacional@iseacv.gva.es\">easdalacant.internacional@iseacv.gva.es<\/a><\/p>\n<p>&nbsp;<\/p>\n<p>&nbsp;<\/p>\n","protected":false},"excerpt":{"rendered":"<p>[vc_row gap=\u00bb30&#8243;][vc_column][vc_row_inner][vc_column_inner][vc_empty_space height=\u00bb24px\u00bb][vc_column_text] La Escuela de Arte y Superior de Dise\u00f1o de Alicante (EASDA) participa en el programa Erasmus+, ofreciendo al profesorado y al personal de administraci\u00f3n y servicios (PAS) la posibilidad de realizar movilidades internacionales con fines de docencia [&hellip;]<\/p>\n","protected":false},"author":10,"featured_media":0,"parent":2796,"menu_order":0,"comment_status":"closed","ping_status":"closed","template":"","meta":{"footnotes":""},"class_list":["post-3734","page","type-page","status-publish","hentry"],"_links":{"self":[{"href":"https:\/\/easda.es\/index.php?rest_route=\/wp\/v2\/pages\/3734","targetHints":{"allow":["GET"]}}],"collection":[{"href":"https:\/\/easda.es\/index.php?rest_route=\/wp\/v2\/pages"}],"about":[{"href":"https:\/\/easda.es\/index.php?rest_route=\/wp\/v2\/types\/page"}],"author":[{"embeddable":true,"href":"https:\/\/easda.es\/index.php?rest_route=\/wp\/v2\/users\/10"}],"replies":[{"embeddable":true,"href":"https:\/\/easda.es\/index.php?rest_route=%2Fwp%2Fv2%2Fcomments&post=3734"}],"version-history":[{"count":26,"href":"https:\/\/easda.es\/index.php?rest_route=\/wp\/v2\/pages\/3734\/revisions"}],"predecessor-version":[{"id":20372,"href":"https:\/\/easda.es\/index.php?rest_route=\/wp\/v2\/pages\/3734\/revisions\/20372"}],"up":[{"embeddable":true,"href":"https:\/\/easda.es\/index.php?rest_route=\/wp\/v2\/pages\/2796"}],"wp:attachment":[{"href":"https:\/\/easda.es\/index.php?rest_route=%2Fwp%2Fv2%2Fmedia&parent=3734"}],"curies":[{"name":"wp","href":"https:\/\/api.w.org\/{rel}","templated":true}]}}