{"id":3579,"date":"2018-04-22T09:19:39","date_gmt":"2018-04-22T09:19:39","guid":{"rendered":"http:\/\/easda.es\/wp\/?page_id=3579"},"modified":"2025-09-05T13:24:37","modified_gmt":"2025-09-05T11:24:37","slug":"asignaturas-especialidad","status":"publish","type":"page","link":"https:\/\/easda.es\/?page_id=3579","title":{"rendered":"Asignaturas Especialidad Moda"},"content":{"rendered":"<p>[vc_row][vc_column][vc_row_inner][vc_column_inner]<div class=\"qodef-section-title-holder  qodef-st-standard qodef-st-title-left qodef-st-normal-space \" >\n\t<div class=\"qodef-st-inner\">\n\t\t\t\t\t<h2 class=\"qodef-st-title\" >\n\t\t\t\tAsignaturas Especialidad Moda\t\t\t<\/h2>\n\t\t\t\t\t<\/div>\n<\/div>[vc_empty_space][\/vc_column_inner][\/vc_row_inner][vc_row_inner][vc_column_inner]<h2 class=\"qodef-custom-font-holder  qodef-cf-7145\"  data-item-class=\"qodef-cf-7145\">\n\tCurso 1\u00ba<\/h2>[vc_empty_space height=\u00bb24px\u00bb][vc_column_text]<\/p>\n<p>Dibujo y t\u00e9cnicas gr\u00e1ficas (DTG)<br \/>\nEspacio y volumen (ESPVOL)<br \/>\nFundamentos hist\u00f3ricos del dise\u00f1o (FHIST)<br \/>\nLenguajes y t\u00e9cnicas digitales (LTDIG)<br \/>\nProyectos b\u00e1sicos(*) (PROY)<br \/>\nDise\u00f1o b\u00e1sico (DBAS)<br \/>\nDise\u00f1o y empresa (DEMP)<br \/>\nFotograf\u00eda y medios audiovisuales (FMAUD)<br \/>\nFundamentos cient\u00edficos del dise\u00f1o (FCIEN)<br \/>\nPatronaje (PAT)<br \/>\nSistemas de representaci\u00f3n (SRPE)<\/p>\n<p><a href=\"https:\/\/easda.es\/wp-content\/uploads\/2025\/09\/GD_DM_1.pdf\" target=\"_blank\" rel=\"noopener\">Gu\u00edas Docentes Asignaturas Curso 1\u00ba<\/a><\/p>\n<p>[\/vc_column_text][vc_empty_space height=\u00bb48px\u00bb][\/vc_column_inner][\/vc_row_inner][vc_row_inner][vc_column_inner]<h2 class=\"qodef-custom-font-holder  qodef-cf-6837\"  data-item-class=\"qodef-cf-6837\">\n\tCurso 2\u00ba<\/h2>[vc_empty_space height=\u00bb24px\u00bb][vc_column_text]Proyectos de dise\u00f1o de moda 1(*) (PROYM1)<br \/>\nProyectos de dise\u00f1o de moda 2(*) (PROYM2)<br \/>\nConfecci\u00f3n (CONF)<br \/>\nCultura del dise\u00f1o (CULT)<br \/>\nDibujo y t\u00e9cnicas gr\u00e1ficas avanzado (DTGA)<br \/>\nHistoria y cultura del dise\u00f1o de moda (HISTM)<br \/>\nMateriales fibras y estructuras textiles (MATFET)<br \/>\nTaller de modelizaci\u00f3n y moulage (TMMOUL)<\/p>\n<p><a href=\"https:\/\/easda.es\/wp-content\/uploads\/2025\/09\/GD_DM_2.pdf\" target=\"_blank\" rel=\"noopener\">Gu\u00edas Docentes Asignaturas Curso 2\u00ba<\/a><\/p>\n<p>[\/vc_column_text][vc_empty_space height=\u00bb48px\u00bb][\/vc_column_inner][\/vc_row_inner][vc_row_inner][vc_column_inner]<h2 class=\"qodef-custom-font-holder  qodef-cf-6103\"  data-item-class=\"qodef-cf-6103\">\n\tCurso 3\u00ba<\/h2>[vc_empty_space height=\u00bb24px\u00bb][vc_column_text]Proyectos de dise\u00f1o de moda 3(*) (PROYM3)<br \/>\nProyectos de dise\u00f1o de moda 4(*) (PROYM4)<br \/>\nEst\u00e9tica y tendencias contempor\u00e1neas del dise\u00f1o de moda (ETCDM)<br \/>\nEstilismo de moda (ESTM)<br \/>\nGesti\u00f3n del dise\u00f1o de moda (GESTM)<br \/>\nMarketing y comunicaci\u00f3n (MC)<br \/>\nTecnolog\u00eda digital aplicada al dise\u00f1o de moda (TECDIGM)<br \/>\nTecnolog\u00eda y procesos de fabricaci\u00f3n (TECF)<\/p>\n<p><a href=\"https:\/\/easda.es\/wp-content\/uploads\/2025\/09\/GD_DM_3.pdf\" target=\"_blank\" rel=\"noopener\">Gu\u00edas Docentes Asignaturas Curso 3\u00ba<\/a><\/p>\n<p>[\/vc_column_text][vc_empty_space height=\u00bb48px\u00bb][\/vc_column_inner][\/vc_row_inner][vc_row_inner][vc_column_inner]<h2 class=\"qodef-custom-font-holder  qodef-cf-4644\"  data-item-class=\"qodef-cf-4644\">\n\tCurso 4\u00ba<\/h2>[vc_empty_space height=\u00bb24px\u00bb][vc_column_text]Pr\u00e1cticas externas (PEX)<br \/>\nTrabajo fin de t\u00edtulo (TFT)<br \/>\nMateriales y fabricaci\u00f3n textil avanzado (MATFTA)<br \/>\nProyectos de dise\u00f1o de moda 5(*) (PROYM5)<br \/>\nProyectos interdisciplinares (PROYI)<br \/>\nTaller de presentaci\u00f3n y comunicaci\u00f3n del proyecto (TPCP)<\/p>\n<p><a href=\"https:\/\/easda.es\/wp-content\/uploads\/2025\/09\/GD_DM_4.pdf\" target=\"_blank\" rel=\"noopener\">Gu\u00edas Docentes Asignaturas Curso 4\u00ba<\/a><\/p>\n<p>[vc_empty_space height=\u00bb24px\u00bb]<\/p>\n<p>(*) <a href=\"https:\/\/easda.es\/wp-content\/uploads\/2021\/03\/distribucion-contenido-Proyectos-EASDA_trilingue.pdf\" target=\"_blank\" rel=\"noopener\">Cuadro de distribuci\u00f3n de contenidos de las asignaturas de Proyectos (por cursos y especialidad)<\/a>[\/vc_column_text][vc_empty_space height=\u00bb48px\u00bb][\/vc_column_inner][\/vc_row_inner][\/vc_column][\/vc_row]<\/p>\n","protected":false},"excerpt":{"rendered":"<p>[vc_row][vc_column][vc_row_inner][vc_column_inner][vc_empty_space][\/vc_column_inner][\/vc_row_inner][vc_row_inner][vc_column_inner][vc_empty_space height=\u00bb24px\u00bb][vc_column_text] Dibujo y t\u00e9cnicas gr\u00e1ficas (DTG) Espacio y volumen (ESPVOL) Fundamentos hist\u00f3ricos del dise\u00f1o (FHIST) Lenguajes y t\u00e9cnicas digitales (LTDIG) Proyectos b\u00e1sicos(*) (PROY) Dise\u00f1o b\u00e1sico (DBAS) Dise\u00f1o y empresa (DEMP) Fotograf\u00eda y medios audiovisuales (FMAUD) Fundamentos cient\u00edficos del dise\u00f1o [&hellip;]<\/p>\n","protected":false},"author":10,"featured_media":0,"parent":2764,"menu_order":0,"comment_status":"closed","ping_status":"closed","template":"","meta":{"footnotes":""},"class_list":["post-3579","page","type-page","status-publish","hentry"],"_links":{"self":[{"href":"https:\/\/easda.es\/index.php?rest_route=\/wp\/v2\/pages\/3579","targetHints":{"allow":["GET"]}}],"collection":[{"href":"https:\/\/easda.es\/index.php?rest_route=\/wp\/v2\/pages"}],"about":[{"href":"https:\/\/easda.es\/index.php?rest_route=\/wp\/v2\/types\/page"}],"author":[{"embeddable":true,"href":"https:\/\/easda.es\/index.php?rest_route=\/wp\/v2\/users\/10"}],"replies":[{"embeddable":true,"href":"https:\/\/easda.es\/index.php?rest_route=%2Fwp%2Fv2%2Fcomments&post=3579"}],"version-history":[{"count":24,"href":"https:\/\/easda.es\/index.php?rest_route=\/wp\/v2\/pages\/3579\/revisions"}],"predecessor-version":[{"id":19509,"href":"https:\/\/easda.es\/index.php?rest_route=\/wp\/v2\/pages\/3579\/revisions\/19509"}],"up":[{"embeddable":true,"href":"https:\/\/easda.es\/index.php?rest_route=\/wp\/v2\/pages\/2764"}],"wp:attachment":[{"href":"https:\/\/easda.es\/index.php?rest_route=%2Fwp%2Fv2%2Fmedia&parent=3579"}],"curies":[{"name":"wp","href":"https:\/\/api.w.org\/{rel}","templated":true}]}}