{"id":3428,"date":"2018-04-15T08:56:12","date_gmt":"2018-04-15T08:56:12","guid":{"rendered":"http:\/\/easda.es\/wp\/?page_id=3428"},"modified":"2025-04-01T10:37:04","modified_gmt":"2025-04-01T08:37:04","slug":"preguntas-frecuentes","status":"publish","type":"page","link":"https:\/\/easda.es\/?page_id=3428","title":{"rendered":"Preguntas frecuentes"},"content":{"rendered":"<p>[vc_row gap=\u00bb30&#8243;][vc_column][vc_row_inner]<\/p>\n<p>[vc_column_inner]<div class=\"qodef-section-title-holder  qodef-st-standard qodef-st-title-left qodef-st-normal-space \" >\n\t<div class=\"qodef-st-inner\">\n\t\t\t\t\t<h2 class=\"qodef-st-title\" >\n\t\t\t\t\u00bfQu\u00e9 es el Espacio Europeo de Ense\u00f1anza Superior (EEES)?\t\t\t<\/h2>\n\t\t\t\t\t<\/div>\n<\/div>[vc_empty_space][vc_column_text]Es el conjunto formado por todos los pa\u00edses que se han sumado a los acuerdos iniciados con la\u00a0<a href=\"https:\/\/ec.europa.eu\/education\/policies\/higher-education\/bologna-process-and-european-higher-education-area_es\" target=\"_blank\" rel=\"noopener noreferrer\">Declaraci\u00f3n de Bolonia<\/a>\u00a0(en 1999). En el EEES est\u00e1n incluidos todos los miembros de la Uni\u00f3n Europea y, adem\u00e1s, otras muchas naciones, tales como Suiza, Noruega, Rusia, etc\u00e9tera.[\/vc_column_text][vc_empty_space][\/vc_column_inner][\/vc_row_inner][vc_row_inner]<\/p>\n<p>[vc_column_inner]<div class=\"qodef-section-title-holder  qodef-st-standard qodef-st-title-left qodef-st-normal-space \" >\n\t<div class=\"qodef-st-inner\">\n\t\t\t\t\t<h2 class=\"qodef-st-title\" >\n\t\t\t\t\u00bfPara qu\u00e9 sirven los Grados en Dise\u00f1o?\t\t\t<\/h2>\n\t\t\t\t\t<\/div>\n<\/div>[vc_empty_space][vc_column_text]En primer lugar sirven para el ejercicio de las <strong>profesiones relacionadas con el dise\u00f1o<\/strong>\u00a0y que pod\u00e9is consultar en cada una de las cuatro especialidades, pero tambi\u00e9n te permitir\u00e1n acceder a otras titulaciones de posgrado, como la de\u00a0<strong>M\u00e1ster<\/strong>\u00a0(que ser\u00e1n impartidas en estas Escuelas y en Universidades) y a programas de\u00a0<strong>doctorado.<\/strong>[\/vc_column_text][vc_empty_space][\/vc_column_inner][\/vc_row_inner][vc_row_inner]<\/p>\n<p>[vc_column_inner]<div class=\"qodef-section-title-holder  qodef-st-standard qodef-st-title-left qodef-st-normal-space \" >\n\t<div class=\"qodef-st-inner\">\n\t\t\t\t\t<h2 class=\"qodef-st-title\" >\n\t\t\t\t\u00bfCu\u00e1nto duran los Grados en Dise\u00f1o?\t\t\t<\/h2>\n\t\t\t\t\t<\/div>\n<\/div>[vc_empty_space][vc_column_text]Duran cuatro a\u00f1os. En ellos est\u00e1n incluidos un per\u00edodo de pr\u00e1cticas en empresas del sector y un trabajo final. Estos cuatro a\u00f1os equivalen a 240 cr\u00e9ditos ECTS.[\/vc_column_text][vc_empty_space][\/vc_column_inner][\/vc_row_inner][vc_row_inner]<\/p>\n<p>[vc_column_inner]<div class=\"qodef-section-title-holder  qodef-st-standard qodef-st-title-left qodef-st-normal-space \" >\n\t<div class=\"qodef-st-inner\">\n\t\t\t\t\t<h2 class=\"qodef-st-title\" >\n\t\t\t\t\u00bfQu\u00e9 es un cr\u00e9dito ECTS?\t\t\t<\/h2>\n\t\t\t\t\t<\/div>\n<\/div>[vc_empty_space][vc_column_text]El cr\u00e9dito <a href=\"https:\/\/education.ec.europa.eu\/education-levels\/higher-education\/inclusive-and-connected-higher-education\/european-credit-transfer-and-accumulation-system\" target=\"_blank\" rel=\"noopener noreferrer\">ECTS<\/a>\u00a0(European Credit Transfer System) es la unidad de medida implantada en todo el Espacio Europeo de Ense\u00f1anza Superior para unificar la medida del volumen de trabajo de los alumnos. Un cr\u00e9dito ECTS son 25 horas de trabajo, entre las que se cuentan las horas de clase, tutor\u00edas, trabajos y tambi\u00e9n las horas que el alumno dedica a estudiar y trabajar de manera aut\u00f3noma.[\/vc_column_text][vc_empty_space][\/vc_column_inner][\/vc_row_inner][vc_row_inner]<\/p>\n<p>[vc_column_inner]<div class=\"qodef-section-title-holder  qodef-st-standard qodef-st-title-left qodef-st-normal-space \" >\n\t<div class=\"qodef-st-inner\">\n\t\t\t\t\t<h2 class=\"qodef-st-title\" >\n\t\t\t\t\u00bfCu\u00e1nto cuesta estudiar un Grado en Dise\u00f1o?\t\t\t<\/h2>\n\t\t\t\t\t<\/div>\n<\/div>[vc_empty_space][vc_column_text]<\/p>\n<p>Al ser unos estudios oficiales su precio es el que fija la Generalitat Valenciana para este nivel de ense\u00f1anza. Por lo tanto, su coste no depende del mercado, ni de las decisiones de una empresa, sino de su categor\u00eda acad\u00e9mica y su car\u00e1cter oficial.<\/p>\n<p>Consulta el <a href=\"https:\/\/easda.es\/wp-content\/uploads\/2022\/03\/easda-tasas-esd.pdf\" target=\"_blank\" rel=\"noopener noreferrer\">listado de tasas<\/a> para los Grados en Dise\u00f1o (* por el DECRETO LEY 2\/2022, de 22 de abril, del Consell para la reducci\u00f3n temporal del importe de las tasas propias y precios p\u00fablicos de la Generalitat para hacer frente al impacto de la inflaci\u00f3n, se aplicar\u00e1 una bonificaci\u00f3n del diez por ciento sobre las tasas devengadas durante el periodo comprendido desde el d\u00eda 2 de mayo de 2022 y el 31 de diciembre de 2022).<\/p>\n<p>[\/vc_column_text][vc_empty_space][\/vc_column_inner][\/vc_row_inner][vc_row_inner]<\/p>\n<p>[vc_column_inner]<div class=\"qodef-section-title-holder  qodef-st-standard qodef-st-title-left qodef-st-normal-space \" >\n\t<div class=\"qodef-st-inner\">\n\t\t\t\t\t<h2 class=\"qodef-st-title\" >\n\t\t\t\t\u00bfA qu\u00e9 estudios de posgrado se puede acceder con el Grado en Dise\u00f1o?\t\t\t<\/h2>\n\t\t\t\t\t<\/div>\n<\/div>[vc_empty_space][vc_column_text]<\/p>\n<p>A los estudios de M\u00e1ster de dise\u00f1o oficiales que ser\u00e1n impartidos tambi\u00e9n en centros como la Escuela de Arte y Superior de Dise\u00f1o de Alicante (tal y como lo prev\u00e9 el art\u00edtculo 2.2 del\u00a0<a href=\"http:\/\/www.boe.es\/boe\/dias\/2010\/06\/05\/pdfs\/BOE-A-2010-8957.pdf\" target=\"_blank\" rel=\"noopener noreferrer\">Real Decreto 633\/2010<\/a>, ya citado). En estos centros se podr\u00e1n ofrecer tambi\u00e9n estudios de doctorado, con los que se completar\u00e1n todos los niveles de los estudios superiores previstos en el proceso de Bolonia (estudio superior, m\u00e1ster y doctorado). Tambi\u00e9n te permite acceder a Master de otras universidades aunque puede que te pidan un certificado de notas para consultar los cr\u00e9ditos realizados y asignaturas.[\/vc_column_text][vc_empty_space][\/vc_column_inner][\/vc_row_inner][\/vc_column][\/vc_row]<\/p>\n<p>[vc_row_inner][vc_column_inner]<div class=\"qodef-section-title-holder  qodef-st-standard qodef-st-title-left qodef-st-normal-space \" >\n\t<div class=\"qodef-st-inner\">\n\t\t\t\t\t<h2 class=\"qodef-st-title\" >\n\t\t\t\tSi curso 1\u00ba de una especialidad, \u00bfpuedo cambiarme a otra en 2\u00ba?\t\t\t<\/h2>\n\t\t\t\t\t<\/div>\n<\/div>[vc_empty_space][vc_column_text]<\/p>\n<p>S\u00ed, las asignaturas son convalidables en primer curso, aunque en cada especialidad se adaptan a los contenidos de cada una, para que ya desde primero puedas empezar a dise\u00f1ar sobre lo que te gusta.[\/vc_column_text][vc_empty_space][\/vc_column_inner][\/vc_row_inner]<\/p>\n<p>[vc_row_inner][vc_column_inner]<div class=\"qodef-section-title-holder  qodef-st-standard qodef-st-title-left qodef-st-normal-space \" >\n\t<div class=\"qodef-st-inner\">\n\t\t\t\t\t<h2 class=\"qodef-st-title\" >\n\t\t\t\t\u00bfLa prueba de acceso espec\u00edfica es com\u00fan a todas las especialidades?\t\t\t<\/h2>\n\t\t\t\t\t<\/div>\n<\/div>[vc_empty_space][vc_column_text]<\/p>\n<p>Es la misma, salvo en el apartado de realizaci\u00f3n de un dise\u00f1o creativo-proyectual, donde el planteamiento cambia seg\u00fan la especialidad a la que aspiras. Por lo tanto, debes decidir a qu\u00e9 especialidad te presentas cuando te inscribes en la prueba.[\/vc_column_text][vc_empty_space][\/vc_column_inner][\/vc_row_inner]<\/p>\n<p>[vc_row_inner][vc_column_inner]<div class=\"qodef-section-title-holder  qodef-st-standard qodef-st-title-left qodef-st-normal-space \" >\n\t<div class=\"qodef-st-inner\">\n\t\t\t\t\t<h2 class=\"qodef-st-title\" >\n\t\t\t\t\u00bfLa nota de corte de la prueba espec\u00edfica de acceso es la misma para todas las especialidades?\t\t\t<\/h2>\n\t\t\t\t\t<\/div>\n<\/div>[vc_empty_space][vc_column_text]<\/p>\n<p>No, depende de la cantidad de gente que se presente a cada una, de las plazas disponibles en cada convocatoria, y del nivel de notas obtenido. En todo caso, nunca ser\u00e1 inferior a un 5 (sobre 10). Si no obtienes la nota de corte necesaria para entrar a la especialidad a la que te presentas, pero has aprobado, podr\u00edas entrar a otra especialidad si sobraran plazas.[\/vc_column_text][vc_empty_space][\/vc_column_inner][\/vc_row_inner]<\/p>\n<p>[vc_row_inner][vc_column_inner]<div class=\"qodef-section-title-holder  qodef-st-standard qodef-st-title-left qodef-st-normal-space \" >\n\t<div class=\"qodef-st-inner\">\n\t\t\t\t\t<h2 class=\"qodef-st-title\" >\n\t\t\t\t\u00bfNecesito material profesional para la prueba espec\u00edfica de acceso?\t\t\t<\/h2>\n\t\t\t\t\t<\/div>\n<\/div>[vc_empty_space][vc_column_text]<\/p>\n<p>La parte te\u00f3rica (el comentario de una imagen) se realiza con un folio que te facilitamos (tr\u00e1ete un bol\u00edgrafo). La parte de dibujo art\u00edstico y la de dise\u00f1o con t\u00e9cnica de color puedes realizarla en los folios A3 que te proporcionamos, o traer tu propio papel especial si quieres. Tienes que traer tus l\u00e1pices y colores, seg\u00fan tus preferencias. Pueden ser l\u00e1pices de colores, rotuladores, pastel, ceras, o alguna t\u00e9cnica al agua, lo que mejor se te d\u00e9. Junto a las partes de la prueba, tienes una <a href=\"http:\/\/easda.es\/wp\/wp-content\/uploads\/2019\/05\/prueba-ESD_preparacio%CC%81n-ejercicio-1.pdf\">lista con materiales orientativos<\/a>. [\/vc_column_text][vc_empty_space][\/vc_column_inner][\/vc_row_inner]<\/p>\n<p>[vc_row_inner][vc_column_inner]<div class=\"qodef-section-title-holder  qodef-st-standard qodef-st-title-left qodef-st-normal-space \" >\n\t<div class=\"qodef-st-inner\">\n\t\t\t\t\t<h2 class=\"qodef-st-title\" >\n\t\t\t\t\u00bfCu\u00e1ntas convocatorias hay para la prueba espec\u00edfica de acceso?\t\t\t<\/h2>\n\t\t\t\t\t<\/div>\n<\/div>[vc_empty_space][vc_column_text]<\/p>\n<p>Hay dos, una en julio y otra en septiembre. Para cada una de ellas hay que hacer la inscripci\u00f3n por la web en el plazo correspondiente. Si para la fecha de realizaci\u00f3n de la prueba en julio no has obtenido a\u00fan el t\u00edtulo de bachiller (o equivalente), puedes presentarte a la convocatoria de septiembre. O si en julio no obtienes el acceso, puedes volver a intentarlo en septiembre, pero suelen quedar menos plazas.[\/vc_column_text][vc_empty_space][\/vc_column_inner][\/vc_row_inner]<\/p>\n<p>[vc_row_inner][vc_column_inner]<div class=\"qodef-section-title-holder  qodef-st-standard qodef-st-title-left qodef-st-normal-space \" >\n\t<div class=\"qodef-st-inner\">\n\t\t\t\t\t<h2 class=\"qodef-st-title\" >\n\t\t\t\tMe gustar\u00eda estudiar dise\u00f1o y no tengo mucha agilidad con el dibujo.\t\t\t<\/h2>\n\t\t\t\t\t<\/div>\n<\/div>[vc_empty_space][vc_column_text]<\/p>\n<p>Durante la carrera, mediante asignaturas espec\u00edficas, aprender\u00e1s a dibujar para tus ideas y proyectos. Lo importante es saber expresar tus ideas de un modo visual, y poder comunicarte a trav\u00e9s de esas im\u00e1genes.[\/vc_column_text][vc_empty_space][\/vc_column_inner][\/vc_row_inner]<\/p>\n<p>[vc_row_inner][vc_column_inner]<div class=\"qodef-section-title-holder  qodef-st-standard qodef-st-title-left qodef-st-normal-space \" >\n\t<div class=\"qodef-st-inner\">\n\t\t\t\t\t<h2 class=\"qodef-st-title\" >\n\t\t\t\t\u00bfTener un ordenador port\u00e1til es requisito obligatorio?\t\t\t<\/h2>\n\t\t\t\t\t<\/div>\n<\/div>[vc_empty_space][vc_column_text]<\/p>\n<p>No es obligatorio. En la EASDA tenemos aulas de ordenadores y tambi\u00e9n conexiones para el alumnado que trae su propio dispositivo. Utilizamos programas inform\u00e1ticos con licencia de estudiantes. Con la matr\u00edcula vienen incluidas licencias como Adobe para los dispositivos de la EASDA y los del alumnado.[\/vc_column_text][vc_empty_space][\/vc_column_inner][\/vc_row_inner]<\/p>\n<p>[vc_row_inner][vc_column_inner]<div class=\"qodef-section-title-holder  qodef-st-standard qodef-st-title-left qodef-st-normal-space \" >\n\t<div class=\"qodef-st-inner\">\n\t\t\t\t\t<h2 class=\"qodef-st-title\" >\n\t\t\t\t\u00bfQu\u00e9 horario tienen los Grados?\t\t\t<\/h2>\n\t\t\t\t\t<\/div>\n<\/div>[vc_empty_space][vc_column_text]<\/p>\n<p>Las clases son de ma\u00f1anas, entre las 8:15 y las 14:35 en primer curso, pero no est\u00e1s todas las horas. Son unas 27 horas de clases a la semana, unas dos o tres asignaturas de varias horas por d\u00eda. Hay d\u00edas que tienes 6 horas, y otros que solo tienes 4. Ten en cuenta que en cada cr\u00e9dito ECTS hay una parte presencial en la EASDA, y otra parte de trabajo aut\u00f3nomo.[\/vc_column_text][vc_empty_space][\/vc_column_inner][\/vc_row_inner]<\/p>\n<p>[vc_row_inner][vc_column_inner]<div class=\"qodef-section-title-holder  qodef-st-standard qodef-st-title-left qodef-st-normal-space \" >\n\t<div class=\"qodef-st-inner\">\n\t\t\t\t\t<h2 class=\"qodef-st-title\" >\n\t\t\t\t\u00bfEn qu\u00e9 idioma se imparten las clases?\t\t\t<\/h2>\n\t\t\t\t\t<\/div>\n<\/div>[vc_empty_space][vc_column_text]<\/p>\n<p>Se imparten en castellano o valenciano, seg\u00fan el alumnado de la clase. El alumnado puede dirigirse al profesorado indistintamente en una u otra lengua.[\/vc_column_text][vc_empty_space][\/vc_column_inner][\/vc_row_inner]<\/p>\n<p>[vc_row_inner][vc_column_inner]<div class=\"qodef-section-title-holder  qodef-st-standard qodef-st-title-left qodef-st-normal-space \" >\n\t<div class=\"qodef-st-inner\">\n\t\t\t\t\t<h2 class=\"qodef-st-title\" >\n\t\t\t\t\u00bfQu\u00e9 pasa si un a\u00f1o no puedo matricularme?\t\t\t<\/h2>\n\t\t\t\t\t<\/div>\n<\/div>[vc_empty_space][vc_column_text]<\/p>\n<p>Tal como se establece en el <a href=\"https:\/\/drive.google.com\/file\/d\/1507VsfYZcjfD06kcAABzAHZ-ZfhQquVW\/view?usp=sharing\" target=\"_blank\" rel=\"noopener\">DECRETO 117\/2022<\/a>, de 5 de agosto, del Consell, en el cual se establece la ordenaci\u00f3n de los estudiantes y las estudiantes que hayan sido desvinculados, por cualquier causa (faltas de asistencia, impago, renuncia de matr\u00edcula,&#8230;), por primera vez de los estudios que conducen en el t\u00edtulo no podr\u00e1n incorporarse en los estudios en el curso siguiente al que se produzca la desvinculaci\u00f3n y podr\u00e1n pedir el reingreso en la titulaci\u00f3n despu\u00e9s de dos cursos desvinculados de esta. Un nuevo incumplimiento de las condiciones de permanencia supondr\u00e1 la desvinculaci\u00f3n definitiva de la titulaci\u00f3n. [\/vc_column_text][vc_empty_space][\/vc_column_inner][\/vc_row_inner]<\/p>\n","protected":false},"excerpt":{"rendered":"<p>[vc_row gap=\u00bb30&#8243;][vc_column][vc_row_inner] [vc_column_inner][vc_empty_space][vc_column_text]Es el conjunto formado por todos los pa\u00edses que se han sumado a los acuerdos iniciados con la\u00a0Declaraci\u00f3n de Bolonia\u00a0(en 1999). En el EEES est\u00e1n incluidos todos los miembros de la Uni\u00f3n Europea y, adem\u00e1s, otras muchas naciones, [&hellip;]<\/p>\n","protected":false},"author":10,"featured_media":0,"parent":2756,"menu_order":0,"comment_status":"closed","ping_status":"closed","template":"","meta":{"footnotes":""},"class_list":["post-3428","page","type-page","status-publish","hentry"],"_links":{"self":[{"href":"https:\/\/easda.es\/index.php?rest_route=\/wp\/v2\/pages\/3428","targetHints":{"allow":["GET"]}}],"collection":[{"href":"https:\/\/easda.es\/index.php?rest_route=\/wp\/v2\/pages"}],"about":[{"href":"https:\/\/easda.es\/index.php?rest_route=\/wp\/v2\/types\/page"}],"author":[{"embeddable":true,"href":"https:\/\/easda.es\/index.php?rest_route=\/wp\/v2\/users\/10"}],"replies":[{"embeddable":true,"href":"https:\/\/easda.es\/index.php?rest_route=%2Fwp%2Fv2%2Fcomments&post=3428"}],"version-history":[{"count":66,"href":"https:\/\/easda.es\/index.php?rest_route=\/wp\/v2\/pages\/3428\/revisions"}],"predecessor-version":[{"id":18441,"href":"https:\/\/easda.es\/index.php?rest_route=\/wp\/v2\/pages\/3428\/revisions\/18441"}],"up":[{"embeddable":true,"href":"https:\/\/easda.es\/index.php?rest_route=\/wp\/v2\/pages\/2756"}],"wp:attachment":[{"href":"https:\/\/easda.es\/index.php?rest_route=%2Fwp%2Fv2%2Fmedia&parent=3428"}],"curies":[{"name":"wp","href":"https:\/\/api.w.org\/{rel}","templated":true}]}}