{"id":2849,"date":"2018-03-22T16:29:34","date_gmt":"2018-03-22T16:29:34","guid":{"rendered":"http:\/\/easda.es\/wp\/?page_id=2849"},"modified":"2024-10-10T14:30:27","modified_gmt":"2024-10-10T12:30:27","slug":"proyectos-direccion-obras-decoracion","status":"publish","type":"page","link":"https:\/\/easda.es\/?page_id=2849","title":{"rendered":"CFGS Proyectos de Direcci\u00f3n de Obras de Decoraci\u00f3n"},"content":{"rendered":"<p>[vc_row gap=\u00bb30&#8243;][vc_column][vc_row_inner][vc_column_inner]<div class=\"avt_masterslider_el \" >\n\t\t<!-- MasterSlider -->\n\t\t<div id=\"P_MS69f61a12cef97\" class=\"master-slider-parent msl ms-parent-id-28\" style=\"max-width:1200px;\">\n\n\t\t\t\n\t\t\t<!-- MasterSlider Main -->\n\t\t\t<div id=\"MS69f61a12cef97\" class=\"master-slider ms-skin-default\" >\n\t\t\t\t \t\t\t\t \n\t\t\t\t<div  class=\"ms-slide\" data-delay=\"3\" data-fill-mode=\"fill\"  >\n\t\t\t\t\t<img decoding=\"async\" src=\"https:\/\/easda.es\/wp-content\/plugins\/master-slider\/public\/assets\/css\/blank.gif\" alt=\"\" title=\"\" data-src=\"https:\/\/easda.es\/wp-content\/uploads\/2018\/12\/Proyecto-y-Direccion-Obras_2_1200x800.jpg\" \/>\n\n\n\t<div class=\"ms-thumb\" ><div class=\"ms-tab-context\"><div class=\"&quot;ms-tab-context&quot;\"><\/div><\/div>\n<\/div>\n\t\t\t\t<\/div>\n\t\t\t\t<div  class=\"ms-slide\" data-delay=\"3\" data-fill-mode=\"fill\"  >\n\t\t\t\t\t<img decoding=\"async\" src=\"https:\/\/easda.es\/wp-content\/plugins\/master-slider\/public\/assets\/css\/blank.gif\" alt=\"\" title=\"\" data-src=\"https:\/\/easda.es\/wp-content\/uploads\/2018\/12\/Proyecto-Direccion-Obras_1_1200x800.jpg\" \/>\n\n\n\t<div class=\"ms-thumb\" ><div class=\"ms-tab-context\"><div class=\"&quot;ms-tab-context&quot;\"><\/div><\/div>\n<\/div>\n\t\t\t\t<\/div>\n\n\t\t\t<\/div>\n\t\t\t<!-- END MasterSlider Main -->\n\n\t\t\t \n\t\t<\/div>\n\t\t<!-- END MasterSlider -->\n\n\t\t<script>\n\t\t(function ( $ ) {\n\t\t\t\"use strict\";\n\n\t\t\t$(function () {\n\t\t\t\tvar masterslider_ef97 = new MasterSlider();\n\n\t\t\t\t\/\/ slider controls\n\n\t\t\t\t\/\/ slider setup\n\t\t\t\tmasterslider_ef97.setup(\"MS69f61a12cef97\", {\n\t\t\t\t\t\twidth           : 1200,\n\t\t\t\t\t\theight          : 800,\n\t\t\t\t\t\tminHeight       : 0,\n\t\t\t\t\t\tspace           : 0,\n\t\t\t\t\t\tstart           : 1,\n\t\t\t\t\t\tgrabCursor      : true,\n\t\t\t\t\t\tswipe           : true,\n\t\t\t\t\t\tmouse           : true,\n\t\t\t\t\t\tlayout          : \"boxed\",\n\t\t\t\t\t\twheel           : false,\n\t\t\t\t\t\tautoplay        : true,\n\t\t\t\t\t\tinstantStartLayers:false,\n\t\t\t\t\t\tloop            : true,\n\t\t\t\t\t\tshuffle         : false,\n\t\t\t\t\t\tpreload         : 0,\n\t\t\t\t\t\theightLimit     : true,\n\t\t\t\t\t\tautoHeight      : false,\n\t\t\t\t\t\tsmoothHeight    : true,\n\t\t\t\t\t\tendPause        : false,\n\t\t\t\t\t\toverPause       : false,\n\t\t\t\t\t\tfillMode        : \"fill\",\n\t\t\t\t\t\tcenterControls  : true,\n\t\t\t\t\t\tstartOnAppear   : false,\n\t\t\t\t\t\tlayersMode      : \"center\",\n\t\t\t\t\t\thideLayers      : false,\n\t\t\t\t\t\tfullscreenMargin: 0,\n\t\t\t\t\t\tspeed           : 20,\n\t\t\t\t\t\tdir             : \"h\",\n\t\t\t\t\t\tparallaxMode    : 'swipe',\n\t\t\t\t\t\tview            : \"basic\"\n\t\t\t\t});\n\n\t\t\t\t\n\t\t\t\twindow.masterslider_instances = window.masterslider_instances || [];\n\t\t\t\twindow.masterslider_instances.push( masterslider_ef97 );\n\t\t\t });\n\n\t\t})(jQuery);\n\t\t<\/script>\n\n<\/div>[vc_empty_space height=\u00bb48px\u00bb][\/vc_column_inner][\/vc_row_inner][vc_row_inner][vc_column_inner]<div class=\"qodef-section-title-holder  qodef-st-standard qodef-st-title-left qodef-st-normal-space \" >\n\t<div class=\"qodef-st-inner\">\n\t\t\t\t\t<h2 class=\"qodef-st-title\" >\n\t\t\t\tCiclo Formativo de Grado Superior (CFGS) en Proyectos y Direcci\u00f3n de Obras de Decoraci\u00f3n. LOGSE.\t\t\t<\/h2>\n\t\t\t\t\t<\/div>\n<\/div>[vc_empty_space height=\u00bb24px\u00bb][vc_column_text]Nuestra escuela es la \u00fanica en la ciudad de Alicante que ofrece titulaci\u00f3n oficial de estudios de dise\u00f1o por la Conseller\u00eda de Educaci\u00f3 (<a href=\"http:\/\/easda.es\/wp\/wp-content\/uploads\/2019\/04\/1996_interiorismo_BOE.pdf\" target=\"_blank\" rel=\"noopener\">BOE 7 de septiembre de 1996<\/a>) *(consulta p\u00e1g.77 del BOE).<\/p>\n<p>Como T\u00e9cnico Superior de Artes pl\u00e1sticas y Dise\u00f1o en Proyectos y Direcci\u00f3n de Obras de Decoraci\u00f3n estar\u00e1s preparado\/a para proyectar, gestionar, coordinar y dirigir obras de organizaci\u00f3n y decoraci\u00f3n de los espacios interiores de un edificio. Adquirir\u00e1s formaci\u00f3n que te permita cualificar los espacios donde vivimos, desde los aspectos fundamentales de la distribuci\u00f3n y ordenaci\u00f3n, hasta los acabados, las texturas y las superficies, mejorando la calidad de vida. Salidas profesionales: tu trabajo se desarrollar\u00e1 tanto como profesional aut\u00f3nomo\/a, asociado\/a en cooperativa o como asalariado\/a, en estudios de interiorismo, arquitectura e ingenier\u00eda, empresas de mobiliario y decoraci\u00f3n, organismos oficiales, etc. Tambi\u00e9n puedes\u00a0 <a href=\"http:\/\/easda.es\/wp\/wp-content\/uploads\/2019\/04\/Acceso_universidad_desde_otras_titulaciones.pdf\" target=\"_blank\" rel=\"noopener\">acceder a la universidad<\/a>.<\/p>\n<p>[\/vc_column_text][\/vc_column_inner][\/vc_row_inner][\/vc_column][\/vc_row][vc_row][vc_column][vc_empty_space height=\u00bb45px\u00bb][\/vc_column][\/vc_row]<\/p>\n","protected":false},"excerpt":{"rendered":"<p>[vc_row gap=\u00bb30&#8243;][vc_column][vc_row_inner][vc_column_inner][vc_empty_space height=\u00bb48px\u00bb][\/vc_column_inner][\/vc_row_inner][vc_row_inner][vc_column_inner][vc_empty_space height=\u00bb24px\u00bb][vc_column_text]Nuestra escuela es la \u00fanica en la ciudad de Alicante que ofrece titulaci\u00f3n oficial de estudios de dise\u00f1o por la Conseller\u00eda de Educaci\u00f3 (BOE 7 de septiembre de 1996) *(consulta p\u00e1g.77 del BOE). Como T\u00e9cnico Superior de [&hellip;]<\/p>\n","protected":false},"author":10,"featured_media":0,"parent":2758,"menu_order":0,"comment_status":"closed","ping_status":"closed","template":"","meta":{"footnotes":""},"class_list":["post-2849","page","type-page","status-publish","hentry"],"_links":{"self":[{"href":"https:\/\/easda.es\/index.php?rest_route=\/wp\/v2\/pages\/2849","targetHints":{"allow":["GET"]}}],"collection":[{"href":"https:\/\/easda.es\/index.php?rest_route=\/wp\/v2\/pages"}],"about":[{"href":"https:\/\/easda.es\/index.php?rest_route=\/wp\/v2\/types\/page"}],"author":[{"embeddable":true,"href":"https:\/\/easda.es\/index.php?rest_route=\/wp\/v2\/users\/10"}],"replies":[{"embeddable":true,"href":"https:\/\/easda.es\/index.php?rest_route=%2Fwp%2Fv2%2Fcomments&post=2849"}],"version-history":[{"count":29,"href":"https:\/\/easda.es\/index.php?rest_route=\/wp\/v2\/pages\/2849\/revisions"}],"predecessor-version":[{"id":17282,"href":"https:\/\/easda.es\/index.php?rest_route=\/wp\/v2\/pages\/2849\/revisions\/17282"}],"up":[{"embeddable":true,"href":"https:\/\/easda.es\/index.php?rest_route=\/wp\/v2\/pages\/2758"}],"wp:attachment":[{"href":"https:\/\/easda.es\/index.php?rest_route=%2Fwp%2Fv2%2Fmedia&parent=2849"}],"curies":[{"name":"wp","href":"https:\/\/api.w.org\/{rel}","templated":true}]}}