{"id":2847,"date":"2018-03-22T16:29:01","date_gmt":"2018-03-22T16:29:01","guid":{"rendered":"http:\/\/easda.es\/wp\/?page_id=2847"},"modified":"2024-05-09T14:55:04","modified_gmt":"2024-05-09T12:55:04","slug":"arquitectura-efimera","status":"publish","type":"page","link":"https:\/\/easda.es\/?page_id=2847","title":{"rendered":"CFGS Arquitectura Ef\u00edmera(*)"},"content":{"rendered":"<p>[vc_row gap=\u00bb30&#8243;][vc_column][vc_row_inner][vc_column_inner]<div class=\"qodef-section-title-holder  qodef-st-standard qodef-st-title-left qodef-st-normal-space \" >\n\t<div class=\"qodef-st-inner\">\n\t\t\t\t\t<h2 class=\"qodef-st-title\" >\n\t\t\t\tPara el presente curso no est\u00e1 autorizada ninguna unidad de escolarizaci\u00f3n de esta ense\u00f1anza\t\t\t<\/h2>\n\t\t\t\t\t<\/div>\n<\/div>[vc_empty_space height=\u00bb24px\u00bb][vc_column_text]<a href=\"http:\/\/easda.es\/wp\/wp-content\/uploads\/2019\/04\/1996_arquitectura_BOE.pdf\" target=\"_blank\" rel=\"noopener\">(BOE 7 de septiembre de 1996)<\/a> *(consulta la p\u00e1g.22 del BOE).<\/p>\n<p>Como t\u00e9cnico superior de artes pl\u00e1sticas y dise\u00f1o en Arquitectura ef\u00edmera est\u00e1s preparado\/a para proyectar estructuras no permanentes que permitan una construcci\u00f3n r\u00e1pida y vers\u00e1til. Como profesional estar\u00e1s en disposici\u00f3n para actuar en el \u00e1rea de la arquitectura ef\u00edmera, dise\u00f1ando \u00abstands\u00bb feriales de una sola planta, exposiciones, quioscos, carpas, construcciones desmontables prefabricadas, estructuras ligeras, reticulares espaciales, se\u00f1alizaciones, etc., podr\u00e1s coordinar y dirigir obras propias de este nivel y proyectar, gestionar y coordinar proyectos elaborados por niveles superiores.<\/p>\n<p>Salidas profesionales: tu trabajo se desarrollar\u00e1 tanto como profesional aut\u00f3nomo\/a, asociado\/a en cooperativa o como asalariado\/a, en estudios de interiorismo, arquitectura e ingenier\u00eda, organismos oficiales, etc. Tambi\u00e9n puedes <a href=\"http:\/\/easda.es\/wp\/wp-content\/uploads\/2019\/04\/Acceso_universidad_desde_otras_titulaciones.pdf\" target=\"_blank\" rel=\"noopener\">acceder a la universidad.<\/a>[\/vc_column_text][vc_empty_space height=\u00bb45px\u00bb][\/vc_column_inner][\/vc_row_inner][\/vc_column][\/vc_row]<\/p>\n","protected":false},"excerpt":{"rendered":"<p>[vc_row gap=\u00bb30&#8243;][vc_column][vc_row_inner][vc_column_inner][vc_empty_space height=\u00bb24px\u00bb][vc_column_text](BOE 7 de septiembre de 1996) *(consulta la p\u00e1g.22 del BOE). Como t\u00e9cnico superior de artes pl\u00e1sticas y dise\u00f1o en Arquitectura ef\u00edmera est\u00e1s preparado\/a para proyectar estructuras no permanentes que permitan una construcci\u00f3n r\u00e1pida y vers\u00e1til. Como profesional [&hellip;]<\/p>\n","protected":false},"author":10,"featured_media":0,"parent":2758,"menu_order":0,"comment_status":"closed","ping_status":"closed","template":"","meta":{"footnotes":""},"class_list":["post-2847","page","type-page","status-publish","hentry"],"_links":{"self":[{"href":"https:\/\/easda.es\/index.php?rest_route=\/wp\/v2\/pages\/2847","targetHints":{"allow":["GET"]}}],"collection":[{"href":"https:\/\/easda.es\/index.php?rest_route=\/wp\/v2\/pages"}],"about":[{"href":"https:\/\/easda.es\/index.php?rest_route=\/wp\/v2\/types\/page"}],"author":[{"embeddable":true,"href":"https:\/\/easda.es\/index.php?rest_route=\/wp\/v2\/users\/10"}],"replies":[{"embeddable":true,"href":"https:\/\/easda.es\/index.php?rest_route=%2Fwp%2Fv2%2Fcomments&post=2847"}],"version-history":[{"count":17,"href":"https:\/\/easda.es\/index.php?rest_route=\/wp\/v2\/pages\/2847\/revisions"}],"predecessor-version":[{"id":16234,"href":"https:\/\/easda.es\/index.php?rest_route=\/wp\/v2\/pages\/2847\/revisions\/16234"}],"up":[{"embeddable":true,"href":"https:\/\/easda.es\/index.php?rest_route=\/wp\/v2\/pages\/2758"}],"wp:attachment":[{"href":"https:\/\/easda.es\/index.php?rest_route=%2Fwp%2Fv2%2Fmedia&parent=2847"}],"curies":[{"name":"wp","href":"https:\/\/api.w.org\/{rel}","templated":true}]}}