{"id":2840,"date":"2018-03-22T16:25:16","date_gmt":"2018-03-22T16:25:16","guid":{"rendered":"http:\/\/easda.es\/wp\/?page_id=2840"},"modified":"2024-10-10T14:29:21","modified_gmt":"2024-10-10T12:29:21","slug":"ilustracion","status":"publish","type":"page","link":"https:\/\/easda.es\/?page_id=2840","title":{"rendered":"CFGS Ilustraci\u00f3n"},"content":{"rendered":"<p>[vc_row gap=\u00bb30&#8243;][vc_column][vc_row_inner][vc_column_inner]<div class=\"avt_masterslider_el \" >\n\t\t<!-- MasterSlider -->\n\t\t<div id=\"P_MS69f37886c0e7d\" class=\"master-slider-parent msl ms-parent-id-34\" style=\"max-width:1200px;\">\n\n\t\t\t\n\t\t\t<!-- MasterSlider Main -->\n\t\t\t<div id=\"MS69f37886c0e7d\" class=\"master-slider ms-skin-default\" >\n\t\t\t\t \t\t\t\t \n\t\t\t\t<div  class=\"ms-slide\" data-delay=\"3\" data-fill-mode=\"fill\"  >\n\t\t\t\t\t<img decoding=\"async\" src=\"https:\/\/easda.es\/wp-content\/plugins\/master-slider\/public\/assets\/css\/blank.gif\" alt=\"\" title=\"\" data-src=\"https:\/\/easda.es\/wp-content\/uploads\/2019\/03\/Ilustracion-1_-1200x800.jpg\" \/>\n\n\n\t<div class=\"ms-thumb\" ><div class=\"ms-tab-context\"><div class=\"&quot;ms-tab-context&quot;\"><\/div><\/div>\n<\/div>\n\t\t\t\t<\/div>\n\t\t\t\t<div  class=\"ms-slide\" data-delay=\"3\" data-fill-mode=\"fill\"  >\n\t\t\t\t\t<img decoding=\"async\" src=\"https:\/\/easda.es\/wp-content\/plugins\/master-slider\/public\/assets\/css\/blank.gif\" alt=\"\" title=\"\" data-src=\"https:\/\/easda.es\/wp-content\/uploads\/2019\/03\/ilustracion3_-1200x800.jpg\" \/>\n\n\n\t<div class=\"ms-thumb\" ><div class=\"ms-tab-context\"><div class=\"&quot;ms-tab-context&quot;\"><\/div><\/div>\n<\/div>\n\t\t\t\t<\/div>\n\t\t\t\t<div  class=\"ms-slide\" data-delay=\"3\" data-fill-mode=\"fill\"  >\n\t\t\t\t\t<img decoding=\"async\" src=\"https:\/\/easda.es\/wp-content\/plugins\/master-slider\/public\/assets\/css\/blank.gif\" alt=\"\" title=\"\" data-src=\"https:\/\/easda.es\/wp-content\/uploads\/2019\/03\/Ilustracion2_-1200x800.jpg\" \/>\n\n\n\t<div class=\"ms-thumb\" ><div class=\"ms-tab-context\"><div class=\"&quot;ms-tab-context&quot;\"><\/div><\/div>\n<\/div>\n\t\t\t\t<\/div>\n\t\t\t\t<div  class=\"ms-slide\" data-delay=\"3\" data-fill-mode=\"fill\"  >\n\t\t\t\t\t<img decoding=\"async\" src=\"https:\/\/easda.es\/wp-content\/plugins\/master-slider\/public\/assets\/css\/blank.gif\" alt=\"\" title=\"\" data-src=\"https:\/\/easda.es\/wp-content\/uploads\/2020\/01\/Ilustracion1_autoria_300x800.jpg\" \/>\n\n\n\t<div class=\"ms-thumb\" ><div class=\"ms-tab-context\"><div class=\"&quot;ms-tab-context&quot;\"><\/div><\/div>\n<\/div>\n\t\t\t\t<\/div>\n\n\t\t\t<\/div>\n\t\t\t<!-- END MasterSlider Main -->\n\n\t\t\t \n\t\t<\/div>\n\t\t<!-- END MasterSlider -->\n\n\t\t<script>\n\t\t(function ( $ ) {\n\t\t\t\"use strict\";\n\n\t\t\t$(function () {\n\t\t\t\tvar masterslider_0e7d = new MasterSlider();\n\n\t\t\t\t\/\/ slider controls\n\n\t\t\t\t\/\/ slider setup\n\t\t\t\tmasterslider_0e7d.setup(\"MS69f37886c0e7d\", {\n\t\t\t\t\t\twidth           : 1200,\n\t\t\t\t\t\theight          : 800,\n\t\t\t\t\t\tminHeight       : 0,\n\t\t\t\t\t\tspace           : 0,\n\t\t\t\t\t\tstart           : 1,\n\t\t\t\t\t\tgrabCursor      : true,\n\t\t\t\t\t\tswipe           : true,\n\t\t\t\t\t\tmouse           : true,\n\t\t\t\t\t\tlayout          : \"boxed\",\n\t\t\t\t\t\twheel           : false,\n\t\t\t\t\t\tautoplay        : true,\n\t\t\t\t\t\tinstantStartLayers:false,\n\t\t\t\t\t\tloop            : true,\n\t\t\t\t\t\tshuffle         : false,\n\t\t\t\t\t\tpreload         : 0,\n\t\t\t\t\t\theightLimit     : true,\n\t\t\t\t\t\tautoHeight      : false,\n\t\t\t\t\t\tsmoothHeight    : true,\n\t\t\t\t\t\tendPause        : false,\n\t\t\t\t\t\toverPause       : false,\n\t\t\t\t\t\tfillMode        : \"fill\",\n\t\t\t\t\t\tcenterControls  : true,\n\t\t\t\t\t\tstartOnAppear   : false,\n\t\t\t\t\t\tlayersMode      : \"center\",\n\t\t\t\t\t\thideLayers      : false,\n\t\t\t\t\t\tfullscreenMargin: 0,\n\t\t\t\t\t\tspeed           : 20,\n\t\t\t\t\t\tdir             : \"h\",\n\t\t\t\t\t\tparallaxMode    : 'swipe',\n\t\t\t\t\t\tview            : \"fade\"\n\t\t\t\t});\n\n\t\t\t\t\n\t\t\t\twindow.masterslider_instances = window.masterslider_instances || [];\n\t\t\t\twindow.masterslider_instances.push( masterslider_0e7d );\n\t\t\t });\n\n\t\t})(jQuery);\n\t\t<\/script>\n\n<\/div>[vc_empty_space height=\u00bb48px\u00bb][\/vc_column_inner][\/vc_row_inner][vc_row_inner][vc_column_inner]<div class=\"qodef-section-title-holder  qodef-st-standard qodef-st-title-left qodef-st-normal-space \" >\n\t<div class=\"qodef-st-inner\">\n\t\t\t\t\t<h2 class=\"qodef-st-title\" >\n\t\t\t\tCiclo Formativo de Grado Superior (CFGS) en Ilustraci\u00f3n\t\t\t<\/h2>\n\t\t\t\t\t<\/div>\n<\/div>[vc_empty_space height=\u00bb24px\u00bb][vc_column_text]<a href=\"http:\/\/easda.es\/wp\/wp-content\/uploads\/2019\/04\/2013_Ilustracion_Decreto.pdf\" target=\"_blank\" rel=\"noopener\">DECRETO 127\/2013, de 20 de septiembre<\/a>, del Consell, por el que se establece el curr\u00edculo de las ense\u00f1anzas art\u00edsticas profesionales correspondientes al t\u00edtulo de T\u00e9cnico Superior de Artes Pl\u00e1sticas y Dise\u00f1o en\u00a0<strong>Ilustraci\u00f3n<\/strong>, perteneciente a la familia profesional art\u00edstica de Comunicaci\u00f3n Gr\u00e1fica y Audiovisual, en el \u00e1mbito de la Comunitat Valenciana.<\/p>\n<p><strong>Estar\u00e1s preparado\/a para:<\/strong><\/p>\n<ul>\n<li>Desarrollar tu actividad como profesional independiente realizando ilustraciones de diferentes g\u00e9nero y \u00e1mbitos, que expresen ideas o conceptos, destinadas a su edici\u00f3n.<\/li>\n<li>Desarrollar tu profesi\u00f3n como dibujante y especialista dependiente de una empresa o instituci\u00f3n.<\/li>\n<li>Colaborar con otros\/as profesionales en la ideaci\u00f3n, interpretaci\u00f3n y realizaci\u00f3n de ilustraciones con diferentes t\u00e9cnicas y estilos art\u00edsticos.<\/li>\n<\/ul>\n<p>[\/vc_column_text][\/vc_column_inner][\/vc_row_inner][\/vc_column][\/vc_row][vc_row][vc_column][vc_empty_space height=\u00bb45px\u00bb][\/vc_column][\/vc_row]<\/p>\n","protected":false},"excerpt":{"rendered":"<p>[vc_row gap=\u00bb30&#8243;][vc_column][vc_row_inner][vc_column_inner][vc_empty_space height=\u00bb48px\u00bb][\/vc_column_inner][\/vc_row_inner][vc_row_inner][vc_column_inner][vc_empty_space height=\u00bb24px\u00bb][vc_column_text]DECRETO 127\/2013, de 20 de septiembre, del Consell, por el que se establece el curr\u00edculo de las ense\u00f1anzas art\u00edsticas profesionales correspondientes al t\u00edtulo de T\u00e9cnico Superior de Artes Pl\u00e1sticas y Dise\u00f1o en\u00a0Ilustraci\u00f3n, perteneciente a la familia profesional [&hellip;]<\/p>\n","protected":false},"author":10,"featured_media":0,"parent":2758,"menu_order":0,"comment_status":"closed","ping_status":"closed","template":"","meta":{"footnotes":""},"class_list":["post-2840","page","type-page","status-publish","hentry"],"_links":{"self":[{"href":"https:\/\/easda.es\/index.php?rest_route=\/wp\/v2\/pages\/2840","targetHints":{"allow":["GET"]}}],"collection":[{"href":"https:\/\/easda.es\/index.php?rest_route=\/wp\/v2\/pages"}],"about":[{"href":"https:\/\/easda.es\/index.php?rest_route=\/wp\/v2\/types\/page"}],"author":[{"embeddable":true,"href":"https:\/\/easda.es\/index.php?rest_route=\/wp\/v2\/users\/10"}],"replies":[{"embeddable":true,"href":"https:\/\/easda.es\/index.php?rest_route=%2Fwp%2Fv2%2Fcomments&post=2840"}],"version-history":[{"count":50,"href":"https:\/\/easda.es\/index.php?rest_route=\/wp\/v2\/pages\/2840\/revisions"}],"predecessor-version":[{"id":17279,"href":"https:\/\/easda.es\/index.php?rest_route=\/wp\/v2\/pages\/2840\/revisions\/17279"}],"up":[{"embeddable":true,"href":"https:\/\/easda.es\/index.php?rest_route=\/wp\/v2\/pages\/2758"}],"wp:attachment":[{"href":"https:\/\/easda.es\/index.php?rest_route=%2Fwp%2Fv2%2Fmedia&parent=2840"}],"curies":[{"name":"wp","href":"https:\/\/api.w.org\/{rel}","templated":true}]}}