{"id":2808,"date":"2018-03-21T22:35:37","date_gmt":"2018-03-21T22:35:37","guid":{"rendered":"http:\/\/easda.es\/wp\/?page_id=2808"},"modified":"2025-05-13T12:56:58","modified_gmt":"2025-05-13T10:56:58","slug":"inscripcion-y-modos-de-acceso","status":"publish","type":"page","link":"https:\/\/easda.es\/?page_id=2808","title":{"rendered":"Inscripci\u00f3n y Modos de Acceso"},"content":{"rendered":"<p>[vc_row gap=\u00bb30&#8243;][vc_column offset=\u00bbvc_col-lg-12&#8243;][vc_row_inner][vc_column_inner][vc_single_image image=\u00bb6123&#8243; img_size=\u00bbfull\u00bb][vc_empty_space height=\u00bb48px\u00bb][\/vc_column_inner][\/vc_row_inner][vc_row_inner][vc_column_inner]<div class=\"qodef-section-title-holder  qodef-st-standard qodef-st-title-left qodef-st-normal-space \" >\n\t<div class=\"qodef-st-inner\">\n\t\t\t\t\t<h2 class=\"qodef-st-title\" >\n\t\t\t\tInscripci\u00f3n y Modos de Acceso\t\t\t<\/h2>\n\t\t\t\t\t<\/div>\n<\/div>[vc_empty_space height=\u00bb24px\u00bb][vc_column_text]<\/p>\n\n\n<p>Dentro de cada enlace puedes obtener m\u00e1s informaci\u00f3n acerca de los requisitos de acceso a los estudios ofertados en nuestra Escuela, as\u00ed como el procedimiento de inscripci\u00f3n a las distintas pruebas de acceso.<\/p>\n\n\n\n<p><a href=\"https:\/\/easda.es\/?page_id=12113\">PostGrados<\/a><\/p>\n\n\n\n<p><a href=\"http:\/\/easda.es\/\/?page_id=3406\">Grados en Dise\u00f1o<\/a><\/p>\n\n\n\n<p><a href=\"http:\/\/easda.es\/\/?page_id=4242\">Ciclos Formativos de Artes Pl\u00e1sticas y Dise\u00f1o<\/a><\/p>\n\n\n\n<p>[\/vc_column_text][vc_empty_space height=\u00bb48px\u00bb][\/vc_column_inner][\/vc_row_inner][\/vc_column][\/vc_row]<\/p>\n","protected":false},"excerpt":{"rendered":"<p>[vc_row gap=\u00bb30&#8243;][vc_column offset=\u00bbvc_col-lg-12&#8243;][vc_row_inner][vc_column_inner][vc_single_image image=\u00bb6123&#8243; img_size=\u00bbfull\u00bb][vc_empty_space height=\u00bb48px\u00bb][\/vc_column_inner][\/vc_row_inner][vc_row_inner][vc_column_inner][vc_empty_space height=\u00bb24px\u00bb][vc_column_text] Dentro de cada enlace puedes obtener m\u00e1s informaci\u00f3n acerca de los requisitos de acceso a los estudios ofertados en nuestra Escuela, as\u00ed como el procedimiento de inscripci\u00f3n a las distintas pruebas de acceso. [&hellip;]<\/p>\n","protected":false},"author":10,"featured_media":0,"parent":2742,"menu_order":0,"comment_status":"closed","ping_status":"closed","template":"","meta":{"footnotes":""},"class_list":["post-2808","page","type-page","status-publish","hentry"],"_links":{"self":[{"href":"https:\/\/easda.es\/index.php?rest_route=\/wp\/v2\/pages\/2808","targetHints":{"allow":["GET"]}}],"collection":[{"href":"https:\/\/easda.es\/index.php?rest_route=\/wp\/v2\/pages"}],"about":[{"href":"https:\/\/easda.es\/index.php?rest_route=\/wp\/v2\/types\/page"}],"author":[{"embeddable":true,"href":"https:\/\/easda.es\/index.php?rest_route=\/wp\/v2\/users\/10"}],"replies":[{"embeddable":true,"href":"https:\/\/easda.es\/index.php?rest_route=%2Fwp%2Fv2%2Fcomments&post=2808"}],"version-history":[{"count":42,"href":"https:\/\/easda.es\/index.php?rest_route=\/wp\/v2\/pages\/2808\/revisions"}],"predecessor-version":[{"id":18942,"href":"https:\/\/easda.es\/index.php?rest_route=\/wp\/v2\/pages\/2808\/revisions\/18942"}],"up":[{"embeddable":true,"href":"https:\/\/easda.es\/index.php?rest_route=\/wp\/v2\/pages\/2742"}],"wp:attachment":[{"href":"https:\/\/easda.es\/index.php?rest_route=%2Fwp%2Fv2%2Fmedia&parent=2808"}],"curies":[{"name":"wp","href":"https:\/\/api.w.org\/{rel}","templated":true}]}}