{"id":2802,"date":"2018-03-21T22:27:24","date_gmt":"2018-03-21T22:27:24","guid":{"rendered":"http:\/\/easda.es\/wp\/?page_id=2802"},"modified":"2024-09-10T09:57:18","modified_gmt":"2024-09-10T07:57:18","slug":"teachers-in","status":"publish","type":"page","link":"https:\/\/easda.es\/?page_id=2802","title":{"rendered":"Teachers In"},"content":{"rendered":"<p>[vc_row gap=\u00bb30&#8243;][vc_column][vc_row_inner][vc_column_inner][vc_single_image image=\u00bb6117&#8243; img_size=\u00bbfull\u00bb][vc_empty_space height=\u00bb48px\u00bb][\/vc_column_inner][\/vc_row_inner][vc_row_inner][vc_column_inner]<div class=\"qodef-section-title-holder  qodef-st-standard qodef-st-title-left qodef-st-normal-space \" >\n\t<div class=\"qodef-st-inner\">\n\t\t\t\t\t<h2 class=\"qodef-st-title\" >\n\t\t\t\tMovilidad Profesores\t\t\t<\/h2>\n\t\t\t\t\t<\/div>\n<\/div>[vc_empty_space height=\u00bb24px\u00bb][vc_column_text]<\/p>\n<h3>Informaci\u00f3n general<\/h3>\n<p>[\/vc_column_text][vc_column_text]<span style=\"font-weight: 400;\">Se trata de estancias cortas de un m\u00e1ximo de 5 d\u00edas (incluyendo el desplazamiento) dentro del programa <strong>Erasmus +<\/strong>. Lo que significa que deben hacerse entre los pa\u00edses asociados.<\/span>[\/vc_column_text][vc_empty_space height=\u00bb16px\u00bb][vc_column_text el_class=\u00bbtext-block\u00bb]<\/p>\n<ul>\n<li><strong>26 pa\u00edses de la Uni\u00f3n Europea:<\/strong> Alemania, Austria, B\u00e9lgica, Bulgaria, Chipre, Dinamarca, Eslovaquia, Eslovenia, Estonia, Finlandia, Francia, Grecia, Hungr\u00eda, Irlanda, Italia, Letonia, Lituania, Luxemburgo, Malta, Pa\u00edses Bajos, Polonia, Portugal, Reino Unido, Rep\u00fablica Checa, Ruman\u00eda y Suecia.<\/li>\n<li><strong>1 pa\u00eds candidato a ingresar en ella:<\/strong> Turqu\u00eda.<\/li>\n<li><strong>3 pa\u00edses asociados:<\/strong> Islandia, Liechtenstein y Noruega.<\/li>\n<\/ul>\n<p>[\/vc_column_text][vc_empty_space height=\u00bb16px\u00bb][vc_column_text]<span style=\"font-weight: 400;\">El programa est\u00e1 financiado por la Uni\u00f3n Europea a trav\u00e9s de la Agencia Nacional Erasmus.<\/span>[\/vc_column_text][vc_empty_space height=\u00bb24px\u00bb][vc_column_text]Existen dos tipos de movilidades:<\/p>\n<h3><strong>1. La movilidad de personal para formaci\u00f3n:<\/strong><\/h3>\n<p><span style=\"font-weight: 400;\">Esta acci\u00f3n, que se inscribe en el amplio objetivo de la formaci\u00f3n de personal, engloba dos tipos de movilidad:<\/span><\/p>\n<p><strong>1.1 Movilidad a una empresa:<\/strong><span style=\"font-weight: 400;\"><br \/>\n<\/span><span style=\"font-weight: 400;\"> el objetivo es la transferencia de conocimientos o competencias. Las actividades pueden ser muy variadas: seminarios, talleres, cursos, periodos de formaci\u00f3n pr\u00e1ctica\u2026 Quedan expresamente excluidos los congresos y conferencias.<\/span><\/p>\n<p><strong>1.2 Movilidad a otra instituci\u00f3n de educaci\u00f3n superior:<br \/>\n<\/strong><span style=\"font-weight: 400;\"> el objetivo es compartir experiencias y buenas pr\u00e1cticas para mejorar las aptitudes que requiere su actual puesto de trabajo. Consiste en una breve estancia durante la que podremos observar a profesionales (por ejemplo otro profesor o profesora), hacer una visitar de estudios (con el \u00e1nimo de compartir experiencias), etc\u2026<\/span>[\/vc_column_text][vc_empty_space height=\u00bb24px\u00bb][vc_column_text]<\/p>\n<h3><strong>2. La movilidad de personal para docencia:<\/strong><\/h3>\n<p><span style=\"font-weight: 400;\">Esta acci\u00f3n tiene como objetivos principales permitir al personal de las instituciones Europeas conocer de primera mano lo que hacen sus colegas en los diferentes pa\u00edses de la Uni\u00f3n, as\u00ed como permitir a los alumnos, que no han podido participar en un programa internacional, beneficiarse de la experiencia del personal en instituciones de otros pa\u00edses. Su finalidad es la de impartir docencia en la instituci\u00f3n de acogida.<\/span><\/p>\n<p>Existen de dos tipos:<\/p>\n<p><span style=\"font-weight: 400;\"><strong>2.1 Movilidad a una instituci\u00f3n de Educaci\u00f3n Superior.<\/strong> Es la m\u00e1s com\u00fan, en ella un miembro del personal de la instituci\u00f3n va a impartir docencia a la instituci\u00f3n de acogida.<\/span><\/p>\n<p><span style=\"font-weight: 400;\"><strong>2.2 Movilidad de una empresa a la instituci\u00f3n:<\/strong> consiste en invitar a un profesional a dar docencia en la instituci\u00f3n. <\/span><span style=\"font-weight: 400;\"><br \/>\n<\/span><span style=\"font-weight: 400;\">En ambos casos es obligatorio impartir al menos 8 horas lectivas.<\/span><\/p>\n<p><span style=\"font-weight: 400;\">El periodo financiado sigue siendo de 5 d\u00edas como m\u00e1ximo y un m\u00ednimo de 2.<\/span>[\/vc_column_text][vc_empty_space height=\u00bb40px\u00bb][\/vc_column_inner][\/vc_row_inner][vc_row_inner][vc_column_inner]<div class=\"qodef-section-title-holder  qodef-st-standard qodef-st-title-left qodef-st-normal-space \" >\n\t<div class=\"qodef-st-inner\">\n\t\t\t\t\t<h2 class=\"qodef-st-title\" >\n\t\t\t\tDocumentaci\u00f3n necesaria\t\t\t<\/h2>\n\t\t\t\t\t<\/div>\n<\/div>[vc_empty_space height=\u00bb24px\u00bb][vc_column_text]<\/p>\n<h3><strong>Proceso de selecci\u00f3n<\/strong><\/h3>\n<p><span style=\"font-weight: 400;\">Lo primero que debemos hacer para optar a una movilidad es presentar un proyecto. En \u00e9l deberemos especificar varias cosas como m\u00ednimo:<\/span><\/p>\n<p><span style=\"font-weight: 400;\">Instituci\u00f3n de acogida (en el caso de tener una invitaci\u00f3n, adjuntarla).<\/span><\/p>\n<p><span style=\"font-weight: 400;\">Tipo de movilidad que se quiere realizar (especificando si es 1.1, 1.2, 2.1 o 2.2).<\/span><\/p>\n<p><span style=\"font-weight: 400;\">Un objetivo global y los objetivos espec\u00edficos, los resultados que se espera obtener con las actividades de formaci\u00f3n o aprendizaje y una posible programaci\u00f3n del periodo de formaci\u00f3n.<\/span><\/p>\n<p><span style=\"font-weight: 400;\">A partir del proyecto, la Oficina Internacional realizar\u00e1 una valoraci\u00f3n teniendo en cuenta estos apartados y comunicar\u00e1 la decisi\u00f3n al solicitante.<\/span><\/p>\n<h3><strong>Duraci\u00f3n<\/strong><\/h3>\n<p><span style=\"font-weight: 400;\">Como hemos comentado, la duraci\u00f3n no puede ser superior a 5 d\u00edas ni inferior a 2. Se incluyen aqu\u00ed los d\u00edas de desplazamiento.<\/span>[\/vc_column_text][vc_empty_space height=\u00bb40px\u00bb][\/vc_column_inner][\/vc_row_inner][vc_row_inner][vc_column_inner]<div class=\"qodef-section-title-holder  qodef-st-standard qodef-st-title-left qodef-st-normal-space \" >\n\t<div class=\"qodef-st-inner\">\n\t\t\t\t\t<h2 class=\"qodef-st-title\" >\n\t\t\t\tConsejos y avisos\t\t\t<\/h2>\n\t\t\t\t\t<\/div>\n<\/div>[vc_empty_space height=\u00bb24px\u00bb][vc_column_text]<span style=\"font-weight: 400;\">Ten en cuenta que la documentaci\u00f3n tarda en hacerse, por lo que desde la oficina Erasmus necesitaremos un tiempo para poder poner en marcha las movilidades, por eso lo mejor es hacer las propuestas por lo menos con dos semanas de antelaci\u00f3n.<\/span>[\/vc_column_text][vc_empty_space height=\u00bb40px\u00bb][\/vc_column_inner][\/vc_row_inner][\/vc_column][\/vc_row]<\/p>\n<p>[vc_row_inner][vc_column_inner]<div class=\"qodef-section-title-holder  qodef-st-standard qodef-st-title-left qodef-st-normal-space \" >\n\t<div class=\"qodef-st-inner\">\n\t\t\t\t\t<h2 class=\"qodef-st-title\" >\n\t\t\t\tContacto\t\t\t<\/h2>\n\t\t\t\t\t<\/div>\n<\/div>[vc_empty_space height=\u00bb24px\u00bb][vc_column_text]<br \/>\nTelf: +34 965 17 00 98<br \/>\nFax: +34 965 17 00 61<br \/>\nEmail: <a href=\"mailto:erasmus.in@easda.es\" target=\"_blank\" rel=\"noopener\">erasmus.in@easda.es<\/a><\/p>\n<p>[\/vc_column_text][\/vc_column_inner][\/vc_row_inner]<\/p>\n","protected":false},"excerpt":{"rendered":"<p>[vc_row gap=\u00bb30&#8243;][vc_column][vc_row_inner][vc_column_inner][vc_single_image image=\u00bb6117&#8243; img_size=\u00bbfull\u00bb][vc_empty_space height=\u00bb48px\u00bb][\/vc_column_inner][\/vc_row_inner][vc_row_inner][vc_column_inner][vc_empty_space height=\u00bb24px\u00bb][vc_column_text] Informaci\u00f3n general [\/vc_column_text][vc_column_text]Se trata de estancias cortas de un m\u00e1ximo de 5 d\u00edas (incluyendo el desplazamiento) dentro del programa Erasmus +. Lo que significa que deben hacerse entre los pa\u00edses asociados.[\/vc_column_text][vc_empty_space height=\u00bb16px\u00bb][vc_column_text el_class=\u00bbtext-block\u00bb] 26 [&hellip;]<\/p>\n","protected":false},"author":10,"featured_media":0,"parent":2796,"menu_order":0,"comment_status":"closed","ping_status":"closed","template":"","meta":{"footnotes":""},"class_list":["post-2802","page","type-page","status-publish","hentry"],"_links":{"self":[{"href":"https:\/\/easda.es\/index.php?rest_route=\/wp\/v2\/pages\/2802","targetHints":{"allow":["GET"]}}],"collection":[{"href":"https:\/\/easda.es\/index.php?rest_route=\/wp\/v2\/pages"}],"about":[{"href":"https:\/\/easda.es\/index.php?rest_route=\/wp\/v2\/types\/page"}],"author":[{"embeddable":true,"href":"https:\/\/easda.es\/index.php?rest_route=\/wp\/v2\/users\/10"}],"replies":[{"embeddable":true,"href":"https:\/\/easda.es\/index.php?rest_route=%2Fwp%2Fv2%2Fcomments&post=2802"}],"version-history":[{"count":44,"href":"https:\/\/easda.es\/index.php?rest_route=\/wp\/v2\/pages\/2802\/revisions"}],"predecessor-version":[{"id":16958,"href":"https:\/\/easda.es\/index.php?rest_route=\/wp\/v2\/pages\/2802\/revisions\/16958"}],"up":[{"embeddable":true,"href":"https:\/\/easda.es\/index.php?rest_route=\/wp\/v2\/pages\/2796"}],"wp:attachment":[{"href":"https:\/\/easda.es\/index.php?rest_route=%2Fwp%2Fv2%2Fmedia&parent=2802"}],"curies":[{"name":"wp","href":"https:\/\/api.w.org\/{rel}","templated":true}]}}