{"id":2784,"date":"2018-03-21T22:11:14","date_gmt":"2018-03-21T22:11:14","guid":{"rendered":"http:\/\/easda.es\/wp\/?page_id=2784"},"modified":"2026-03-25T09:37:44","modified_gmt":"2026-03-25T08:37:44","slug":"normativa","status":"publish","type":"page","link":"https:\/\/easda.es\/?page_id=2784","title":{"rendered":"Solicitud general y Autorizaci\u00f3n"},"content":{"rendered":"<p>[vc_row_inner][vc_column_inner]<div class=\"qodef-section-title-holder  qodef-st-standard qodef-st-title-left qodef-st-normal-space \" >\n\t<div class=\"qodef-st-inner\">\n\t\t\t\t\t<h2 class=\"qodef-st-title\" >\n\t\t\t\tSolicitud general y Autorizaci\u00f3n\t\t\t<\/h2>\n\t\t\t\t\t<\/div>\n<\/div>[vc_empty_space height=\u00bb48px\u00bb][vc_column_text]<\/p>\n<p>Si necesitas una <strong>autorizaci\u00f3n<\/strong> para que una tercera persona pueda realizar tr\u00e1mites en Secretar\u00eda en tu nombre, puedes descargarte esta <a href=\"http:\/\/easda.es\/wp\/wp-content\/uploads\/2020\/02\/Autorizacion.pdf\" target=\"_blank\" rel=\"noopener noreferrer\" data-saferedirecturl=\"https:\/\/www.google.com\/url?q=http:\/\/easda.es\/wp\/wp-content\/uploads\/2020\/02\/Autorizacion.pdf&amp;source=gmail&amp;ust=1594802191521000&amp;usg=AFQjCNF8Si-Yj9X3giSWRTDwIF0m4WxaEQ\">autorizaci\u00f3n<\/a>.<\/p>\n<p>Si necesitas realizar una <strong>solicitud general<\/strong>, puedes rellenar el siguiente <a href=\"http:\/\/easda.es\/wp\/wp-content\/uploads\/2020\/01\/inst%C3%A0ncia-exposa_soli.licita.pdf\" target=\"_blank\" rel=\"noopener noreferrer\">formulario<\/a> y enviarlo por correo electr\u00f3nico a <a href=\"mailto:easdalacant.administracio@iseacv.gva.es\">administraci\u00f3n.<\/a><\/p>\n","protected":false},"excerpt":{"rendered":"<p>[vc_row_inner][vc_column_inner][vc_empty_space height=\u00bb48px\u00bb][vc_column_text] Si necesitas una autorizaci\u00f3n para que una tercera persona pueda realizar tr\u00e1mites en Secretar\u00eda en tu nombre, puedes descargarte esta autorizaci\u00f3n. Si necesitas realizar una solicitud general, puedes rellenar el siguiente formulario y enviarlo por correo electr\u00f3nico a [&hellip;]<\/p>\n","protected":false},"author":10,"featured_media":0,"parent":2742,"menu_order":0,"comment_status":"closed","ping_status":"closed","template":"","meta":{"footnotes":""},"class_list":["post-2784","page","type-page","status-publish","hentry"],"_links":{"self":[{"href":"https:\/\/easda.es\/index.php?rest_route=\/wp\/v2\/pages\/2784","targetHints":{"allow":["GET"]}}],"collection":[{"href":"https:\/\/easda.es\/index.php?rest_route=\/wp\/v2\/pages"}],"about":[{"href":"https:\/\/easda.es\/index.php?rest_route=\/wp\/v2\/types\/page"}],"author":[{"embeddable":true,"href":"https:\/\/easda.es\/index.php?rest_route=\/wp\/v2\/users\/10"}],"replies":[{"embeddable":true,"href":"https:\/\/easda.es\/index.php?rest_route=%2Fwp%2Fv2%2Fcomments&post=2784"}],"version-history":[{"count":31,"href":"https:\/\/easda.es\/index.php?rest_route=\/wp\/v2\/pages\/2784\/revisions"}],"predecessor-version":[{"id":20951,"href":"https:\/\/easda.es\/index.php?rest_route=\/wp\/v2\/pages\/2784\/revisions\/20951"}],"up":[{"embeddable":true,"href":"https:\/\/easda.es\/index.php?rest_route=\/wp\/v2\/pages\/2742"}],"wp:attachment":[{"href":"https:\/\/easda.es\/index.php?rest_route=%2Fwp%2Fv2%2Fmedia&parent=2784"}],"curies":[{"name":"wp","href":"https:\/\/api.w.org\/{rel}","templated":true}]}}