{"id":2780,"date":"2018-03-21T22:06:59","date_gmt":"2018-03-21T22:06:59","guid":{"rendered":"http:\/\/easda.es\/wp\/?page_id=2780"},"modified":"2022-04-01T21:13:18","modified_gmt":"2022-04-01T19:13:18","slug":"becas-y-convocatorias","status":"publish","type":"page","link":"https:\/\/easda.es\/?page_id=2780","title":{"rendered":"Becas y Convocatorias"},"content":{"rendered":"<p>[vc_row gap=\u00bb30&#8243;][vc_column][vc_row_inner][vc_column_inner]<div class=\"qodef-section-title-holder  qodef-st-standard qodef-st-title-left qodef-st-normal-space \" >\n\t<div class=\"qodef-st-inner\">\n\t\t\t\t\t<h2 class=\"qodef-st-title\" >\n\t\t\t\tBecas y Convocatorias\t\t\t<\/h2>\n\t\t\t\t\t<\/div>\n<\/div>[vc_empty_space height=\u00bb24px\u00bb][vc_column_text]En los siguientes enlaces pod\u00e9is obtener m\u00e1s informaci\u00f3n acerca de las becas y posibles convocatorias del Ministerio de Educaci\u00f3n, Cultura y Deporte&nbsp;y de la Conselleria de Educaci\u00f3n, Investigaci\u00f3n, Cultura y Deporte.<\/p>\n<p>Cualquier tr\u00e1mite se deber\u00e1 realizar desde las p\u00e1ginas oficiales y se puede encontrar toda la documentaci\u00f3n, requisitos y fechas en los siguientes enlaces:<\/p>\n<p><a href=\"https:\/\/www.educacionyfp.gob.es\/educacion\/mc\/becas-generales\/2019-2020\/inicio.html\" target=\"_blank\" rel=\"noopener noreferrer\">Ministerio de Educaci\u00f3n, Cultura y Deporte<\/a><\/p>\n<p><a href=\"http:\/\/www.ceice.gva.es\/web\/universidad\/ayudas-y-becas\" target=\"_blank\" rel=\"noopener noreferrer\">Conselleria de Educaci\u00f3n, Investigaci\u00f3n, Cultura y Deporte<\/a>[\/vc_column_text][vc_empty_space height=\u00bb48px\u00bb][\/vc_column_inner][\/vc_row_inner][\/vc_column][\/vc_row]<\/p>\n","protected":false},"excerpt":{"rendered":"<p>[vc_row gap=\u00bb30&#8243;][vc_column][vc_row_inner][vc_column_inner][vc_empty_space height=\u00bb24px\u00bb][vc_column_text]En los siguientes enlaces pod\u00e9is obtener m\u00e1s informaci\u00f3n acerca de las becas y posibles convocatorias del Ministerio de Educaci\u00f3n, Cultura y Deporte&nbsp;y de la Conselleria de Educaci\u00f3n, Investigaci\u00f3n, Cultura y Deporte. Cualquier tr\u00e1mite se deber\u00e1 realizar desde las [&hellip;]<\/p>\n","protected":false},"author":10,"featured_media":0,"parent":2742,"menu_order":0,"comment_status":"closed","ping_status":"closed","template":"","meta":{"footnotes":""},"class_list":["post-2780","page","type-page","status-publish","hentry"],"_links":{"self":[{"href":"https:\/\/easda.es\/index.php?rest_route=\/wp\/v2\/pages\/2780","targetHints":{"allow":["GET"]}}],"collection":[{"href":"https:\/\/easda.es\/index.php?rest_route=\/wp\/v2\/pages"}],"about":[{"href":"https:\/\/easda.es\/index.php?rest_route=\/wp\/v2\/types\/page"}],"author":[{"embeddable":true,"href":"https:\/\/easda.es\/index.php?rest_route=\/wp\/v2\/users\/10"}],"replies":[{"embeddable":true,"href":"https:\/\/easda.es\/index.php?rest_route=%2Fwp%2Fv2%2Fcomments&post=2780"}],"version-history":[{"count":15,"href":"https:\/\/easda.es\/index.php?rest_route=\/wp\/v2\/pages\/2780\/revisions"}],"predecessor-version":[{"id":12241,"href":"https:\/\/easda.es\/index.php?rest_route=\/wp\/v2\/pages\/2780\/revisions\/12241"}],"up":[{"embeddable":true,"href":"https:\/\/easda.es\/index.php?rest_route=\/wp\/v2\/pages\/2742"}],"wp:attachment":[{"href":"https:\/\/easda.es\/index.php?rest_route=%2Fwp%2Fv2%2Fmedia&parent=2780"}],"curies":[{"name":"wp","href":"https:\/\/api.w.org\/{rel}","templated":true}]}}