{"id":2776,"date":"2018-03-21T21:49:45","date_gmt":"2018-03-21T21:49:45","guid":{"rendered":"http:\/\/easda.es\/wp\/?page_id=2776"},"modified":"2025-06-09T13:41:53","modified_gmt":"2025-06-09T11:41:53","slug":"matricula","status":"publish","type":"page","link":"https:\/\/easda.es\/?page_id=2776","title":{"rendered":"Matr\u00edcula Ciclos Formativos"},"content":{"rendered":"<p>[vc_row gap=\u00bb30&#8243;][vc_column][vc_row_inner][vc_column_inner]<div class=\"qodef-section-title-holder  qodef-st-standard qodef-st-title-left qodef-st-normal-space \" >\n\t<div class=\"qodef-st-inner\">\n\t\t\t\t\t<h2 class=\"qodef-st-title\" >\n\t\t\t\tMatr\u00edcula Ciclos Formativos de Artes Pl\u00e1sticas y Dise\u00f1o\t\t\t<\/h2>\n\t\t\t\t\t<\/div>\n<\/div>[vc_empty_space height=\u00bb24px\u00bb][vc_column_text]<\/p>\n<h3><span style=\"color: #ff0000;\">Acceso directo (matr\u00edcula)<\/span><\/h3>\n<p>Una vez publicadas las listas de admitidos por acceso directo, podr\u00e1s hacer tu matr\u00edcula <strong>del 14 al 21 de julio de 2025<\/strong>.<\/p>\n<p>El alumnado admitido en Ciclos Formativos deber\u00e1 recoger previamente (a partir del 14 de julio de 2025 en la Conserjer\u00eda del Centro).<\/p>\n<p><em>***Si no vas a ocupar plaza, <a href=\"https:\/\/easda.es\/wp-content\/uploads\/2023\/03\/RenunciaPlaza.pdf\">solicita la renuncia<\/a> para que la plaza pueda ser ocupada por otra persona.<\/em><\/p>\n<p>No se podr\u00e1 realizar la matr\u00edcula sin el sobre.<\/p>\n<p>[vc_empty_space height=\u00bb24px\u00bb][vc_column_text]<\/p>\n<h3><span style=\"color: #ff0000;\">Alumnado con prueba de acceso superada<\/span><\/h3>\n<p>Convocatoria ordinaria: <strong>del 24 al 29 de julio de 2025.<\/strong><\/p>\n<p>Convocatoria extraordinaria:\u00a0<strong>del 29 de septiembre al 2 de octubre de 2025.<\/strong><\/p>\n<p>El alumnado admitido en\u00a0Ciclos Formativos deber\u00e1 recoger previamente el sobre en la Conserjer\u00eda del Centro.<\/p>\n<ul>\n<li>Ordinaria: desde\u00a016 de julio de 2025.<\/li>\n<li>Extraordinaria: desde 22 de septiembre de 2025.<\/li>\n<\/ul>\n<p><em style=\"font-size: revert; color: initial;\"><em>***Si no vas a ocupar plaza, <a href=\"https:\/\/easda.es\/wp-content\/uploads\/2023\/03\/RenunciaPlaza.pdf\">solicita la renuncia<\/a> para que la plaza pueda ser ocupada por otra persona.<\/em><\/em><\/p>\n<p>No se podr\u00e1 realizar la matr\u00edcula sin el sobre.<\/p>\n<p>La persona que no se matricule en la convocatoria ordinaria perder\u00e1 su plaza y ser\u00e1 ofertada en la convocatoria extraordinaria.<\/p>\n<p>[vc_empty_space height=\u00bb24px\u00bb][vc_column_text]<\/p>\n<h3><span style=\"color: #ff0000;\">Matr\u00edcula del alumnado que ya est\u00e1 cursando estudios en la EASDA<\/span><\/h3>\n<p>Para formalizar matr\u00edcula deb\u00e9is recoger previamente.<\/p>\n<p>No se podr\u00e1 realizar la matr\u00edcula sin el sobre.<\/p>\n<p><strong>Alumnado con todos los m\u00f3dulos superados en convocatoria ordinaria: matr\u00edcula del 17 al 19 de junio de 2025<\/strong> (recoger el sobre a partir del d\u00eda 16 de junio de 2025 en la Conserjer\u00eda del Centro).<\/p>\n<p><strong>Resto de alumnado: matr\u00edcula del 07 al 10 de julio de 2025 <\/strong>(recoger el sobre a partir del d\u00eda 4 de julio de 2025 en la Conserjer\u00eda del Centro).<\/p>\n<p>[vc_empty_space height=\u00bb24px\u00bb][vc_column_text]<\/p>\n<h3><span style=\"color: #ff0000;\">Proyecto Final (LOGSE), Proyecto Integrado (LOE) y Obra Final (LOE)<\/span><\/h3>\n<p>Para formalizar matr\u00edcula los\/as que s\u00f3lo ten\u00e9is que realizar las pr\u00e1cticas y\/o Proyecto Final, Proyecto Integrado y Obra final, deb\u00e9is recoger previamente (a partir del d\u00eda 18 de julio de 2025 en la Conserjer\u00eda del Centro). No se podr\u00e1 realizar la matr\u00edcula sin el sobre. <strong>Matr\u00edcula del 21 al 23 de julio de 2025.<\/strong><\/p>\n<p>[\/vc_column_text][vc_empty_space height=\u00bb24px\u00bb]<h3 class=\"qodef-custom-font-holder  qodef-cf-8965\"  data-item-class=\"qodef-cf-8965\">\n\t<\/h3>[vc_empty_space height=\u00bb48px\u00bb][\/vc_column_inner][\/vc_row_inner][\/vc_column][\/vc_row]<\/p>\n","protected":false},"excerpt":{"rendered":"<p>[vc_row gap=\u00bb30&#8243;][vc_column][vc_row_inner][vc_column_inner][vc_empty_space height=\u00bb24px\u00bb][vc_column_text] Acceso directo (matr\u00edcula) Una vez publicadas las listas de admitidos por acceso directo, podr\u00e1s hacer tu matr\u00edcula del 14 al 21 de julio de 2025. El alumnado admitido en Ciclos Formativos deber\u00e1 recoger previamente (a partir del [&hellip;]<\/p>\n","protected":false},"author":10,"featured_media":0,"parent":2742,"menu_order":0,"comment_status":"closed","ping_status":"closed","template":"","meta":{"footnotes":""},"class_list":["post-2776","page","type-page","status-publish","hentry"],"_links":{"self":[{"href":"https:\/\/easda.es\/index.php?rest_route=\/wp\/v2\/pages\/2776","targetHints":{"allow":["GET"]}}],"collection":[{"href":"https:\/\/easda.es\/index.php?rest_route=\/wp\/v2\/pages"}],"about":[{"href":"https:\/\/easda.es\/index.php?rest_route=\/wp\/v2\/types\/page"}],"author":[{"embeddable":true,"href":"https:\/\/easda.es\/index.php?rest_route=\/wp\/v2\/users\/10"}],"replies":[{"embeddable":true,"href":"https:\/\/easda.es\/index.php?rest_route=%2Fwp%2Fv2%2Fcomments&post=2776"}],"version-history":[{"count":88,"href":"https:\/\/easda.es\/index.php?rest_route=\/wp\/v2\/pages\/2776\/revisions"}],"predecessor-version":[{"id":19136,"href":"https:\/\/easda.es\/index.php?rest_route=\/wp\/v2\/pages\/2776\/revisions\/19136"}],"up":[{"embeddable":true,"href":"https:\/\/easda.es\/index.php?rest_route=\/wp\/v2\/pages\/2742"}],"wp:attachment":[{"href":"https:\/\/easda.es\/index.php?rest_route=%2Fwp%2Fv2%2Fmedia&parent=2776"}],"curies":[{"name":"wp","href":"https:\/\/api.w.org\/{rel}","templated":true}]}}