{"id":2768,"date":"2018-03-21T19:29:06","date_gmt":"2018-03-21T19:29:06","guid":{"rendered":"http:\/\/easda.es\/wp\/?page_id=2768"},"modified":"2025-04-10T10:24:04","modified_gmt":"2025-04-10T08:24:04","slug":"diseno-de-interiores","status":"publish","type":"page","link":"https:\/\/easda.es\/?page_id=2768","title":{"rendered":"Dise\u00f1o de Interiores"},"content":{"rendered":"<p>[vc_row][vc_column]<div class=\"avt_masterslider_el \" >\n\t\t<!-- MasterSlider -->\n\t\t<div id=\"P_MS6a0497c11e9cd\" class=\"master-slider-parent msl ms-parent-id-23\" style=\"max-width:1200px;\">\n\n\t\t\t\n\t\t\t<!-- MasterSlider Main -->\n\t\t\t<div id=\"MS6a0497c11e9cd\" class=\"master-slider ms-skin-default\" >\n\t\t\t\t \t\t\t\t \n\t\t\t\t<div  class=\"ms-slide\" data-delay=\"3\" data-fill-mode=\"fill\"  >\n\t\t\t\t\t<img decoding=\"async\" src=\"https:\/\/easda.es\/wp-content\/plugins\/master-slider\/public\/assets\/css\/blank.gif\" alt=\"\" title=\"\" data-src=\"https:\/\/easda.es\/wp-content\/uploads\/2019\/02\/Dise\u00f1o-Interiores-1_-1200x800_autoria.jpg\" \/>\n\n\n\t<div class=\"ms-thumb\" ><div class=\"ms-tab-context\"><div class=\"&quot;ms-tab-context&quot;\"><\/div><\/div>\n<\/div>\n\t\t\t\t<\/div>\n\t\t\t\t<div  class=\"ms-slide\" data-delay=\"3\" data-fill-mode=\"fill\"  >\n\t\t\t\t\t<img decoding=\"async\" src=\"https:\/\/easda.es\/wp-content\/plugins\/master-slider\/public\/assets\/css\/blank.gif\" alt=\"\" title=\"\" data-src=\"https:\/\/easda.es\/wp-content\/uploads\/2019\/02\/Dise\u00f1o-interiores-2_-1200x800_autoria.jpg\" \/>\n\n\n\t<div class=\"ms-thumb\" ><div class=\"ms-tab-context\"><div class=\"&quot;ms-tab-context&quot;\"><\/div><\/div>\n<\/div>\n\t\t\t\t<\/div>\n\t\t\t\t<div  class=\"ms-slide\" data-delay=\"3\" data-fill-mode=\"fill\"  >\n\t\t\t\t\t<img decoding=\"async\" src=\"https:\/\/easda.es\/wp-content\/plugins\/master-slider\/public\/assets\/css\/blank.gif\" alt=\"\" title=\"\" data-src=\"https:\/\/easda.es\/wp-content\/uploads\/2018\/12\/Disen\u0303oInteriores_1_1200x800.jpg\" \/>\n\n\n\t<div class=\"ms-thumb\" ><div class=\"ms-tab-context\"><div class=\"&quot;ms-tab-context&quot;\"><\/div><\/div>\n<\/div>\n\t\t\t\t<\/div>\n\t\t\t\t<div  class=\"ms-slide\" data-delay=\"3\" data-fill-mode=\"fill\"  >\n\t\t\t\t\t<img decoding=\"async\" src=\"https:\/\/easda.es\/wp-content\/plugins\/master-slider\/public\/assets\/css\/blank.gif\" alt=\"\" title=\"\" data-src=\"https:\/\/easda.es\/wp-content\/uploads\/2018\/12\/DIsen\u0303oInteriores_4_1200x800.jpg\" \/>\n\n\n\t<div class=\"ms-thumb\" ><div class=\"ms-tab-context\"><div class=\"&quot;ms-tab-context&quot;\"><\/div><\/div>\n<\/div>\n\t\t\t\t<\/div>\n\n\t\t\t<\/div>\n\t\t\t<!-- END MasterSlider Main -->\n\n\t\t\t \n\t\t<\/div>\n\t\t<!-- END MasterSlider -->\n\n\t\t<script>\n\t\t(function ( $ ) {\n\t\t\t\"use strict\";\n\n\t\t\t$(function () {\n\t\t\t\tvar masterslider_e9cd = new MasterSlider();\n\n\t\t\t\t\/\/ slider controls\n\n\t\t\t\t\/\/ slider setup\n\t\t\t\tmasterslider_e9cd.setup(\"MS6a0497c11e9cd\", {\n\t\t\t\t\t\twidth           : 1200,\n\t\t\t\t\t\theight          : 800,\n\t\t\t\t\t\tminHeight       : 0,\n\t\t\t\t\t\tspace           : 0,\n\t\t\t\t\t\tstart           : 1,\n\t\t\t\t\t\tgrabCursor      : true,\n\t\t\t\t\t\tswipe           : true,\n\t\t\t\t\t\tmouse           : true,\n\t\t\t\t\t\tlayout          : \"boxed\",\n\t\t\t\t\t\twheel           : false,\n\t\t\t\t\t\tautoplay        : true,\n\t\t\t\t\t\tinstantStartLayers:false,\n\t\t\t\t\t\tloop            : true,\n\t\t\t\t\t\tshuffle         : false,\n\t\t\t\t\t\tpreload         : 0,\n\t\t\t\t\t\theightLimit     : true,\n\t\t\t\t\t\tautoHeight      : false,\n\t\t\t\t\t\tsmoothHeight    : true,\n\t\t\t\t\t\tendPause        : false,\n\t\t\t\t\t\toverPause       : false,\n\t\t\t\t\t\tfillMode        : \"fill\",\n\t\t\t\t\t\tcenterControls  : true,\n\t\t\t\t\t\tstartOnAppear   : false,\n\t\t\t\t\t\tlayersMode      : \"center\",\n\t\t\t\t\t\thideLayers      : false,\n\t\t\t\t\t\tfullscreenMargin: 0,\n\t\t\t\t\t\tspeed           : 20,\n\t\t\t\t\t\tdir             : \"h\",\n\t\t\t\t\t\tparallaxMode    : 'swipe',\n\t\t\t\t\t\tview            : \"fade\"\n\t\t\t\t});\n\n\t\t\t\t\n\t\t\t\twindow.masterslider_instances = window.masterslider_instances || [];\n\t\t\t\twindow.masterslider_instances.push( masterslider_e9cd );\n\t\t\t });\n\n\t\t})(jQuery);\n\t\t<\/script>\n\n<\/div>[vc_empty_space]<div class=\"qodef-section-title-holder  qodef-st-standard qodef-st-title-left qodef-st-normal-space \" >\n\t<div class=\"qodef-st-inner\">\n\t\t\t\t\t<h2 class=\"qodef-st-title\" >\n\t\t\t\tGrado en Dise\u00f1o de Interiores\t\t\t<\/h2>\n\t\t\t\t\t<\/div>\n<\/div>[vc_empty_space height=\u00bb40px\u00bb][vc_column_text]<\/p>\n<p>El Grado en Dise\u00f1o de Interiores est\u00e1 encaminado a proyectar a partir de un concepto integral del proceso de dise\u00f1o. El alumnado analiza e interpreta el contexto e investiga nuevos planteamientos a las necesidades habituales anticip\u00e1ndose a la demanda social para mejorar la calidad de vida del usuario\/a.<\/p>\n<p>Los\/as alumnos\/as de interiores poseen una visi\u00f3n global que les capacita para abordar las diferentes soluciones espaciales que requieren los distintos \u00e1mbitos o servicios donde deben desarrollar su actividad. Entre ellos est\u00e1n el dise\u00f1o de espacios para el h\u00e1bitat, espacios comerciales, culturales y de ocio, el dise\u00f1o de espacios administrativos, el dise\u00f1o de espacios ef\u00edmeros, el dise\u00f1o de los espacios interiores de nuestros transportes o el paisajismo y dise\u00f1o de espacios p\u00fablicos.<\/p>\n<p>[vc_empty_space height=\u00bb18px\u00bb]<\/p>\n<p><strong>Tu perfil te permitir\u00e1 trabajar en las siguientes \u00e1reas:<\/strong><\/p>\n<ul>\n<li>Vivienda y dise\u00f1o de los espacios interiores para el h\u00e1bitat.<\/li>\n<li>Dise\u00f1o de espacios comerciales y de ocio.<\/li>\n<li>Dise\u00f1o de espacios administrativos.<\/li>\n<li>Dise\u00f1o de espacios culturales, educativos y l\u00fadicos.<\/li>\n<li>Dise\u00f1o de espacios ef\u00edmeros.<\/li>\n<li>Rehabilitaci\u00f3n de viviendas.<\/li>\n<li>Paisajismo y dise\u00f1o de espacios p\u00fablicos.<\/li>\n<li>Gesti\u00f3n empresarial de actividades creativas.<\/li>\n<li>Dise\u00f1o de los espacios interiores de los distintos sistemas de transporte.<\/li>\n<li>Gesti\u00f3n de obras, mediciones, presupuestos y prevenci\u00f3n de riesgos en el \u00e1mbito del dise\u00f1o de interiores.<\/li>\n<li>Direcci\u00f3n de obras en el \u00e1mbito del dise\u00f1o de interiores.<\/li>\n<li>Investigaci\u00f3n y docencia.<\/li>\n<\/ul>\n<p>[\/vc_column_text][\/vc_column][\/vc_row]<\/p>\n<p>[vc_empty_space height=\u00bb48px\u00bb]<\/p>\n","protected":false},"excerpt":{"rendered":"<p>[vc_row][vc_column][vc_empty_space][vc_empty_space height=\u00bb40px\u00bb][vc_column_text] El Grado en Dise\u00f1o de Interiores est\u00e1 encaminado a proyectar a partir de un concepto integral del proceso de dise\u00f1o. El alumnado analiza e interpreta el contexto e investiga nuevos planteamientos a las necesidades habituales anticip\u00e1ndose a la [&hellip;]<\/p>\n","protected":false},"author":10,"featured_media":0,"parent":2756,"menu_order":0,"comment_status":"closed","ping_status":"closed","template":"","meta":{"footnotes":""},"class_list":["post-2768","page","type-page","status-publish","hentry"],"_links":{"self":[{"href":"https:\/\/easda.es\/index.php?rest_route=\/wp\/v2\/pages\/2768","targetHints":{"allow":["GET"]}}],"collection":[{"href":"https:\/\/easda.es\/index.php?rest_route=\/wp\/v2\/pages"}],"about":[{"href":"https:\/\/easda.es\/index.php?rest_route=\/wp\/v2\/types\/page"}],"author":[{"embeddable":true,"href":"https:\/\/easda.es\/index.php?rest_route=\/wp\/v2\/users\/10"}],"replies":[{"embeddable":true,"href":"https:\/\/easda.es\/index.php?rest_route=%2Fwp%2Fv2%2Fcomments&post=2768"}],"version-history":[{"count":49,"href":"https:\/\/easda.es\/index.php?rest_route=\/wp\/v2\/pages\/2768\/revisions"}],"predecessor-version":[{"id":18537,"href":"https:\/\/easda.es\/index.php?rest_route=\/wp\/v2\/pages\/2768\/revisions\/18537"}],"up":[{"embeddable":true,"href":"https:\/\/easda.es\/index.php?rest_route=\/wp\/v2\/pages\/2756"}],"wp:attachment":[{"href":"https:\/\/easda.es\/index.php?rest_route=%2Fwp%2Fv2%2Fmedia&parent=2768"}],"curies":[{"name":"wp","href":"https:\/\/api.w.org\/{rel}","templated":true}]}}