{"id":2764,"date":"2018-03-21T19:13:04","date_gmt":"2018-03-21T19:13:04","guid":{"rendered":"http:\/\/easda.es\/wp\/?page_id=2764"},"modified":"2025-04-10T10:23:43","modified_gmt":"2025-04-10T08:23:43","slug":"diseno-de-moda","status":"publish","type":"page","link":"https:\/\/easda.es\/?page_id=2764","title":{"rendered":"Dise\u00f1o de Moda"},"content":{"rendered":"<p>[vc_row css_animation=\u00bbfadeIn\u00bb][vc_column]<div class=\"avt_masterslider_el \" >\n\t\t<!-- MasterSlider -->\n\t\t<div id=\"P_MS69e062a4b21f3\" class=\"master-slider-parent msl ms-parent-id-22\" style=\"max-width:1200px;\">\n\n\t\t\t\n\t\t\t<!-- MasterSlider Main -->\n\t\t\t<div id=\"MS69e062a4b21f3\" class=\"master-slider ms-skin-default\" >\n\t\t\t\t \t\t\t\t \n\t\t\t\t<div  class=\"ms-slide\" data-delay=\"3\" data-fill-mode=\"fill\"  >\n\t\t\t\t\t<img decoding=\"async\" src=\"https:\/\/easda.es\/wp-content\/plugins\/master-slider\/public\/assets\/css\/blank.gif\" alt=\"\" title=\"\" data-src=\"https:\/\/easda.es\/wp-content\/uploads\/2019\/02\/Dise\u00f1o-Moda_-1200x800_autoria.jpg\" \/>\n\n\n\t<div class=\"ms-thumb\" ><div class=\"ms-tab-context\"><div class=\"&quot;ms-tab-context&quot;\"><\/div><\/div>\n<\/div>\n\t\t\t\t<\/div>\n\t\t\t\t<div  class=\"ms-slide\" data-delay=\"3\" data-fill-mode=\"fill\"  >\n\t\t\t\t\t<img decoding=\"async\" src=\"https:\/\/easda.es\/wp-content\/plugins\/master-slider\/public\/assets\/css\/blank.gif\" alt=\"\" title=\"\" data-src=\"https:\/\/easda.es\/wp-content\/uploads\/2019\/02\/Dise\u00f1o-Moda-1_-1200x800_autoria.jpg\" \/>\n\n\n\t<div class=\"ms-thumb\" ><div class=\"ms-tab-context\"><div class=\"&quot;ms-tab-context&quot;\"><\/div><\/div>\n<\/div>\n\t\t\t\t<\/div>\n\t\t\t\t<div  class=\"ms-slide\" data-delay=\"3\" data-fill-mode=\"fill\"  >\n\t\t\t\t\t<img decoding=\"async\" src=\"https:\/\/easda.es\/wp-content\/plugins\/master-slider\/public\/assets\/css\/blank.gif\" alt=\"\" title=\"\" data-src=\"https:\/\/easda.es\/wp-content\/uploads\/2019\/02\/Dise\u00f1o-Moda-3_-1200x800_Autoria.jpg\" \/>\n\n\n\t<div class=\"ms-thumb\" ><div class=\"ms-tab-context\"><div class=\"&quot;ms-tab-context&quot;\"><\/div><\/div>\n<\/div>\n\t\t\t\t<\/div>\n\t\t\t\t<div  class=\"ms-slide\" data-delay=\"3\" data-fill-mode=\"fill\"  >\n\t\t\t\t\t<img decoding=\"async\" src=\"https:\/\/easda.es\/wp-content\/plugins\/master-slider\/public\/assets\/css\/blank.gif\" alt=\"\" title=\"\" data-src=\"https:\/\/easda.es\/wp-content\/uploads\/2019\/02\/Dise\u00f1o-Moda-2_-1200x800_autoria.jpg\" \/>\n\n\n\t<div class=\"ms-thumb\" ><div class=\"ms-tab-context\"><div class=\"&quot;ms-tab-context&quot;\"><\/div><\/div>\n<\/div>\n\t\t\t\t<\/div>\n\n\t\t\t<\/div>\n\t\t\t<!-- END MasterSlider Main -->\n\n\t\t\t \n\t\t<\/div>\n\t\t<!-- END MasterSlider -->\n\n\t\t<script>\n\t\t(function ( $ ) {\n\t\t\t\"use strict\";\n\n\t\t\t$(function () {\n\t\t\t\tvar masterslider_21f3 = new MasterSlider();\n\n\t\t\t\t\/\/ slider controls\n\n\t\t\t\t\/\/ slider setup\n\t\t\t\tmasterslider_21f3.setup(\"MS69e062a4b21f3\", {\n\t\t\t\t\t\twidth           : 1200,\n\t\t\t\t\t\theight          : 800,\n\t\t\t\t\t\tminHeight       : 0,\n\t\t\t\t\t\tspace           : 0,\n\t\t\t\t\t\tstart           : 1,\n\t\t\t\t\t\tgrabCursor      : true,\n\t\t\t\t\t\tswipe           : true,\n\t\t\t\t\t\tmouse           : true,\n\t\t\t\t\t\tlayout          : \"boxed\",\n\t\t\t\t\t\twheel           : false,\n\t\t\t\t\t\tautoplay        : true,\n\t\t\t\t\t\tinstantStartLayers:false,\n\t\t\t\t\t\tloop            : true,\n\t\t\t\t\t\tshuffle         : false,\n\t\t\t\t\t\tpreload         : 0,\n\t\t\t\t\t\theightLimit     : true,\n\t\t\t\t\t\tautoHeight      : false,\n\t\t\t\t\t\tsmoothHeight    : true,\n\t\t\t\t\t\tendPause        : false,\n\t\t\t\t\t\toverPause       : false,\n\t\t\t\t\t\tfillMode        : \"fill\",\n\t\t\t\t\t\tcenterControls  : true,\n\t\t\t\t\t\tstartOnAppear   : false,\n\t\t\t\t\t\tlayersMode      : \"center\",\n\t\t\t\t\t\thideLayers      : false,\n\t\t\t\t\t\tfullscreenMargin: 0,\n\t\t\t\t\t\tspeed           : 20,\n\t\t\t\t\t\tdir             : \"h\",\n\t\t\t\t\t\tparallaxMode    : 'swipe',\n\t\t\t\t\t\tview            : \"fade\"\n\t\t\t\t});\n\n\t\t\t\t\n\t\t\t\twindow.masterslider_instances = window.masterslider_instances || [];\n\t\t\t\twindow.masterslider_instances.push( masterslider_21f3 );\n\t\t\t });\n\n\t\t})(jQuery);\n\t\t<\/script>\n\n<\/div>[vc_empty_space]<div class=\"qodef-section-title-holder  qodef-st-standard qodef-st-title-left qodef-st-normal-space \" >\n\t<div class=\"qodef-st-inner\">\n\t\t\t\t\t<h2 class=\"qodef-st-title\" >\n\t\t\t\tGrado en Dise\u00f1o de Moda\t\t\t<\/h2>\n\t\t\t\t\t<\/div>\n<\/div>[vc_empty_space height=\u00bb24px\u00bb][vc_column_text]<\/p>\n<div class=\"page\" title=\"Page 10\">\n<div class=\"section\">\n<div class=\"layoutArea\">\n<div class=\"column\">\n<p>El Grado en Dise\u00f1o de Moda supone una preparaci\u00f3n de profesionales dedicados\/as al sector de la moda desde diferentes \u00e1mbitos tanto sociales como culturales y econ\u00f3micos: el dise\u00f1o de indumentaria, estilismo, direcci\u00f3n art\u00edstica o dise\u00f1o textil son solo algunas de las \u00e1reas en la que los estudios buscan un equilibrio entre la funcionalidad y la est\u00e9tica.<\/p>\n<p>[vc_empty_space height=\u00bb18px\u00bb]<\/p>\n<p><strong>Tu perfil te permitir\u00e1 trabajar en las siguientes \u00e1reas:<br \/>\n<\/strong><\/p>\n<ul>\n<li>Dise\u00f1o de moda e indumentaria.<\/li>\n<li>Coolhunter Investigaci\u00f3n de tendencias.<\/li>\n<li>Estilismo.<\/li>\n<li>Direcci\u00f3n art\u00edstica.<\/li>\n<li>Vestuario teatral y cinematogr\u00e1fico.<\/li>\n<li>Dise\u00f1o de complementos.<\/li>\n<li>Dise\u00f1o textil.<\/li>\n<li>Dise\u00f1o y gesti\u00f3n de im\u00e1gen corporativa.<\/li>\n<li>Gesti\u00f3n empresarial de actividades creativas.<\/li>\n<li>Dise\u00f1os personalizados o corporativos.<\/li>\n<li>Dise\u00f1o de moda e indumentaria para actividades espec\u00edficas.<\/li>\n<li>Sastrer\u00eda y confecci\u00f3n a medida.<\/li>\n<li>Dise\u00f1o, investigaci\u00f3n y desarrollo de nuevos conceptos, materiales, aplicaciones y productos.<\/li>\n<li>Investigaci\u00f3n y docencia.<\/li>\n<\/ul>\n<\/div>\n<\/div>\n<\/div>\n<\/div>\n<p>[\/vc_column_text][\/vc_column][\/vc_row]<\/p>\n<p>[vc_empty_space height=\u00bb48px\u00bb]<\/p>\n","protected":false},"excerpt":{"rendered":"<p>[vc_row css_animation=\u00bbfadeIn\u00bb][vc_column][vc_empty_space][vc_empty_space height=\u00bb24px\u00bb][vc_column_text] El Grado en Dise\u00f1o de Moda supone una preparaci\u00f3n de profesionales dedicados\/as al sector de la moda desde diferentes \u00e1mbitos tanto sociales como culturales y econ\u00f3micos: el dise\u00f1o de indumentaria, estilismo, direcci\u00f3n art\u00edstica o dise\u00f1o textil son [&hellip;]<\/p>\n","protected":false},"author":10,"featured_media":0,"parent":2756,"menu_order":0,"comment_status":"closed","ping_status":"closed","template":"","meta":{"footnotes":""},"class_list":["post-2764","page","type-page","status-publish","hentry"],"_links":{"self":[{"href":"https:\/\/easda.es\/index.php?rest_route=\/wp\/v2\/pages\/2764","targetHints":{"allow":["GET"]}}],"collection":[{"href":"https:\/\/easda.es\/index.php?rest_route=\/wp\/v2\/pages"}],"about":[{"href":"https:\/\/easda.es\/index.php?rest_route=\/wp\/v2\/types\/page"}],"author":[{"embeddable":true,"href":"https:\/\/easda.es\/index.php?rest_route=\/wp\/v2\/users\/10"}],"replies":[{"embeddable":true,"href":"https:\/\/easda.es\/index.php?rest_route=%2Fwp%2Fv2%2Fcomments&post=2764"}],"version-history":[{"count":90,"href":"https:\/\/easda.es\/index.php?rest_route=\/wp\/v2\/pages\/2764\/revisions"}],"predecessor-version":[{"id":18535,"href":"https:\/\/easda.es\/index.php?rest_route=\/wp\/v2\/pages\/2764\/revisions\/18535"}],"up":[{"embeddable":true,"href":"https:\/\/easda.es\/index.php?rest_route=\/wp\/v2\/pages\/2756"}],"wp:attachment":[{"href":"https:\/\/easda.es\/index.php?rest_route=%2Fwp%2Fv2%2Fmedia&parent=2764"}],"curies":[{"name":"wp","href":"https:\/\/api.w.org\/{rel}","templated":true}]}}