{"id":20509,"date":"2026-02-10T10:11:28","date_gmt":"2026-02-10T09:11:28","guid":{"rendered":"https:\/\/easda.es\/?page_id=20509"},"modified":"2026-02-11T13:43:37","modified_gmt":"2026-02-11T12:43:37","slug":"conocenos","status":"publish","type":"page","link":"https:\/\/easda.es\/?page_id=20509","title":{"rendered":"Welcome home designers"},"content":{"rendered":"<div class=\"qodef-section-title-holder  qodef-st-standard qodef-st-title-left qodef-st-normal-space \" >\n\t<div class=\"qodef-st-inner\">\n\t\t\t\t\t<h2 class=\"qodef-st-title\" >\n\t\t\t\tWelcome home designers\t\t\t<\/h2>\n\t\t\t\t\t<\/div>\n<\/div>[vc_empty_space height=\u00bb5px\u00bb][vc_column_text]<\/p>\n<p>&nbsp;<\/p>\n<p><a href=\"https:\/\/easda.es\/wp-content\/uploads\/2026\/02\/FLYER-EASDA.pdf\"><img loading=\"lazy\" decoding=\"async\" class=\"wp-image-20495 aligncenter\" src=\"https:\/\/easda.es\/wp-content\/uploads\/2026\/02\/FLYER-EASDA-211x300.jpg\" alt=\"\" width=\"419\" height=\"596\" srcset=\"https:\/\/easda.es\/wp-content\/uploads\/2026\/02\/FLYER-EASDA-211x300.jpg 211w, https:\/\/easda.es\/wp-content\/uploads\/2026\/02\/FLYER-EASDA.jpg 719w\" sizes=\"auto, (max-width: 419px) 100vw, 419px\" \/><\/a><\/p>\n<p>[vc_empty_space height=\u00bb20px\u00bb]<\/p>\n<p><span data-olk-copy-source=\"MessageBody\">En <strong>EASDA<\/strong>\u00a0<\/span>ya hemos abierto\u00a0nuestras puertas para que descubras\u00a0su talento creativo y art\u00edstico.<\/p>\n<div class=\"x_elementToProof\">\n<p class=\"x_elementToProof\" style=\"text-align: left;\">Participa en\u00a0<b>WELCOME HOME DESIGNERS 2026<\/b>, una experiencia pensada para docentes, alumnxs de bachilleratos de arte o cualquier persona que tenga inquietudes creativas.<br \/>\n[vc_empty_space height=\u00bb10px\u00bb]<\/p>\n<p class=\"x_elementToProof\" style=\"text-align: left;\"><span style=\"color: #ff0000;\"><b>Existen dos formas de conocernos:<\/b><\/span><\/p>\n<ul style=\"text-align: left;\">\n<li class=\"x_elementToProof\" role=\"presentation\"><b>Visita guiada en EASDA:<\/b>\u00a0Recorre aulas, talleres y laboratorios y descubre c\u00f3mo convertimos ideas en proyectos reales. (90 min)<\/li>\n<li class=\"x_elementToProof\" role=\"presentation\"><b>Charla en tu centro educativo:<\/b>\u00a0Si no pod\u00e9is venir, llevamos EASDA a vosotrxs con una presentaci\u00f3n din\u00e1mica. (45 min)<\/li>\n<\/ul>\n<p class=\"x_elementToProof\" style=\"text-align: left;\"><span style=\"color: #000000;\">[vc_empty_space height=\u00bb10px\u00bb]<\/span><\/p>\n<p class=\"x_elementToProof\" style=\"text-align: left;\"><span style=\"color: #ff0000;\"><b>\u00bfC\u00f3mo participar?<\/b><\/span><br \/>\n<b><\/b><\/p>\n<p>Env\u00eda un correo a\u00a0<a href=\"mailto:easdalacant.vicedireccio@iseacv.gva.es\">easdalacant.vicedireccio@iseacv.gva.es<\/a><\/p>\n<p>Descubrir\u00e9is\u00a0c\u00f3mo convertimos ideas en proyectos reales\u00a0inspiradores. Acompa\u00f1a y potencia la creatividad de tus estudiantes.<\/p>\n<p><span style=\"color: #000000;\">[vc_empty_space height=\u00bb10px\u00bb]<\/span><\/p>\n<p><strong>\u00a1Organ\u00edzalo\u00a0ya y no te\u00a0quedes fuera\u00a0del\u00a0WELCOME EASDA&#8217;26!<\/strong><\/p>\n<\/div>\n<p>[\/vc_column_text][vc_empty_space height=\u00bb48px\u00bb]<\/p>\n","protected":false},"excerpt":{"rendered":"<p>[vc_empty_space height=\u00bb5px\u00bb][vc_column_text] &nbsp; [vc_empty_space height=\u00bb20px\u00bb] En EASDA\u00a0ya hemos abierto\u00a0nuestras puertas para que descubras\u00a0su talento creativo y art\u00edstico. Participa en\u00a0WELCOME HOME DESIGNERS 2026, una experiencia pensada para docentes, alumnxs de bachilleratos de arte o cualquier persona que tenga inquietudes creativas. [vc_empty_space [&hellip;]<\/p>\n","protected":false},"author":8,"featured_media":0,"parent":0,"menu_order":0,"comment_status":"closed","ping_status":"closed","template":"","meta":{"footnotes":""},"class_list":["post-20509","page","type-page","status-publish","hentry"],"_links":{"self":[{"href":"https:\/\/easda.es\/index.php?rest_route=\/wp\/v2\/pages\/20509","targetHints":{"allow":["GET"]}}],"collection":[{"href":"https:\/\/easda.es\/index.php?rest_route=\/wp\/v2\/pages"}],"about":[{"href":"https:\/\/easda.es\/index.php?rest_route=\/wp\/v2\/types\/page"}],"author":[{"embeddable":true,"href":"https:\/\/easda.es\/index.php?rest_route=\/wp\/v2\/users\/8"}],"replies":[{"embeddable":true,"href":"https:\/\/easda.es\/index.php?rest_route=%2Fwp%2Fv2%2Fcomments&post=20509"}],"version-history":[{"count":7,"href":"https:\/\/easda.es\/index.php?rest_route=\/wp\/v2\/pages\/20509\/revisions"}],"predecessor-version":[{"id":20549,"href":"https:\/\/easda.es\/index.php?rest_route=\/wp\/v2\/pages\/20509\/revisions\/20549"}],"wp:attachment":[{"href":"https:\/\/easda.es\/index.php?rest_route=%2Fwp%2Fv2%2Fmedia&parent=20509"}],"curies":[{"name":"wp","href":"https:\/\/api.w.org\/{rel}","templated":true}]}}