{"id":19687,"date":"2025-09-22T09:09:10","date_gmt":"2025-09-22T07:09:10","guid":{"rendered":"https:\/\/easda.es\/?page_id=19687"},"modified":"2025-11-17T21:23:11","modified_gmt":"2025-11-17T20:23:11","slug":"elecciones-a-consejo-de-centro","status":"publish","type":"page","link":"https:\/\/easda.es\/?page_id=19687","title":{"rendered":"Elecciones a Consejo de centro"},"content":{"rendered":"\n<p><\/p>\n\n\n\n<p id=\"block-f1331242-eb1b-4601-9057-e40dcfb7b15c\">[vc_row gap=\u00bb30&#8243;][vc_column][vc_row_inner][vc_column_inner]<div class=\"qodef-section-title-holder  qodef-st-standard qodef-st-title-left qodef-st-normal-space \" >\n\t<div class=\"qodef-st-inner\">\n\t\t\t\t\t<h2 class=\"qodef-st-title\" >\n\t\t\t\tElecciones a Consejo de centro\t\t\t<\/h2>\n\t\t\t\t\t<\/div>\n<\/div>[vc_empty_space height=\u00bb24px\u00bb][vc_column_text]<\/p>\n\n\n<div class=\"wp-block-image\">\n<figure class=\"alignleft size-large is-resized\"><img loading=\"lazy\" decoding=\"async\" width=\"1024\" height=\"682\" src=\"https:\/\/easda.es\/wp-content\/uploads\/2025\/09\/ENTRADA_EleccionesConsejo_25_26-1024x682.jpg\" alt=\"\" class=\"wp-image-19709\" style=\"width:594px;height:auto\" srcset=\"https:\/\/easda.es\/wp-content\/uploads\/2025\/09\/ENTRADA_EleccionesConsejo_25_26-1024x682.jpg 1024w, https:\/\/easda.es\/wp-content\/uploads\/2025\/09\/ENTRADA_EleccionesConsejo_25_26-300x200.jpg 300w, https:\/\/easda.es\/wp-content\/uploads\/2025\/09\/ENTRADA_EleccionesConsejo_25_26-768x511.jpg 768w, https:\/\/easda.es\/wp-content\/uploads\/2025\/09\/ENTRADA_EleccionesConsejo_25_26.jpg 1298w\" sizes=\"auto, (max-width: 1024px) 100vw, 1024px\" \/><\/figure>\n<\/div>\n\n\n<p><br><br><br><br><br><br><br><br><br><br><br><\/p>\n\n\n\n<p><\/p>\n\n\n\n<div style=\"height:16px\" aria-hidden=\"true\" class=\"wp-block-spacer\"><\/div>\n\n\n\n<p><strong>Normativa:<\/strong><\/p>\n\n\n\n<p><a href=\"https:\/\/easda.es\/wp-content\/uploads\/2025\/09\/Consejo-de-centro_elecciones.pdf\" data-type=\"link\" data-id=\"https:\/\/easda.es\/wp-content\/uploads\/2025\/09\/Consejo-de-centro_elecciones.pdf\" target=\"_blank\" rel=\"noreferrer noopener\">RESOLUCI\u00d3N de 9 de septiembre de 2025, de la Direcci\u00f3n del Instituto Superior de Ense\u00f1anzas Art\u00edsticas de la Comunitat Valenciana, sobre elecciones a consejos de centro de los centros de ense\u00f1anzas art\u00edsticas superiores de la Comunitat Valenciana integrados en la ISEACV.<\/a><\/p>\n\n\n\n<p><a href=\"https:\/\/easda.es\/wp-content\/uploads\/2025\/11\/Resolucion_autorizacion-EASDA-elecciones_consejos_centro-ISEACV-2025_firmado.pdf\" data-type=\"link\" data-id=\"https:\/\/easda.es\/wp-content\/uploads\/2025\/11\/Resolucion_autorizacion-EASDA-elecciones_consejos_centro-ISEACV-2025_firmado.pdf\">RESOLUCI\u00d3N de 10 de noviembre de 2025, de la direcci\u00f3n del Instituto Superior&nbsp;de Ense\u00f1anzas Art\u00edsticas de la Comunitat Valenciana, por la que se autoriza, para la Escola d\u2019Art i Superior de Disseny d\u2019Alacant, la modificaci\u00f3n del calendario de elecciones a consejo de centro establecido en la RESOLUCI\u00d3N de 9 de septiembre de 2025, de la direcci\u00f3n del Instituto Superior de Ense\u00f1anzas Art\u00edsticas de la Comunitat Valenciana, sobre elecciones a consejos de centro de los centros de ense\u00f1anzas art\u00edsticas superiores de la Comunitat Valenciana integrados en el ISEACV<\/a><br><\/p>\n\n\n\n<div style=\"height:16px\" aria-hidden=\"true\" class=\"wp-block-spacer\"><\/div>\n\n\n\n<p><strong>Sorteo Junta electoral_jueves 25 de septiembre:<\/strong><\/p>\n\n\n\n<p>El pasado jueves 25 de septiembre a las 13&#8217;30 h., en Consejo de centro, se realiz\u00f3 el sorteo de personas integrantes, titulares y suplentes, de la Junta electoral.<\/p>\n\n\n\n<p>\u00abLa junta electoral estar\u00e1 compuesta por la direcci\u00f3n del centro, que ostentar\u00e1 la presidencia, una persona representante del profesorado, que actuar\u00e1 con funciones de secretar\u00eda, una del personal de administraci\u00f3n y servicios, y una del estudiantado. Todas las personas titulares y suplentes de la junta electoral, a excepci\u00f3n de la presidencia, ser\u00e1n elegidas por sorteo entre las personas inscritas en los censos correspondientes\u00bb.<\/p>\n\n\n\n<div style=\"height:17px\" aria-hidden=\"true\" class=\"wp-block-spacer\"><\/div>\n\n\n\n<p><strong>1. Junta electoral:<\/strong><\/p>\n\n\n\n<p>Tras el sorteo celebrado en Consejo de centro del d\u00eda 25 de septiembre, se constituye la Junta electoral con fecha de 30 de septiembre:<\/p>\n\n\n\n<div style=\"height:8px\" aria-hidden=\"true\" class=\"wp-block-spacer\"><\/div>\n\n\n\n<p><strong>Presidenta:<\/strong> <br>Mercedes Forner Merino, directora EASDA<\/p>\n\n\n\n<div style=\"height:17px\" aria-hidden=\"true\" class=\"wp-block-spacer\"><\/div>\n\n\n\n<p><strong>Representantes del profesorado y Secretaria:<\/strong><br>Titular y Secretaria: Raquel Garc\u00eda M\u00ednguez<br>Suplente: Ana Peris Dosda<\/p>\n\n\n\n<div style=\"height:17px\" aria-hidden=\"true\" class=\"wp-block-spacer\"><\/div>\n\n\n\n<p><strong>Representantes del estudiantado:<\/strong><br>Titular: Noah Mangas Miralles<br>Suplente: Karol Nicoll Torres Rojas<\/p>\n\n\n\n<div style=\"height:17px\" aria-hidden=\"true\" class=\"wp-block-spacer\"><\/div>\n\n\n\n<p><strong>Representante del personal de Administraci\u00f3n y Servicios:<\/strong><br>Titular: Josefa Fern\u00e1ndez Mu\u00f1oz<br>Suplente: Marco Antonio Follana Gonz\u00e1lez<\/p>\n\n\n\n<div style=\"height:17px\" aria-hidden=\"true\" class=\"wp-block-spacer\"><\/div>\n\n\n\n<p><strong>2. Censos electorales:<\/strong><\/p>\n\n\n\n<p>Tras la aprobaci\u00f3n de los censos electorales de los distintos sectores por la Junta electoral, se publican a fecha de 30 de septiembre.<br><em>(<a href=\"https:\/\/easda.es\/wp-content\/uploads\/2025\/10\/CensoConsejoCiclos.pdf\" data-type=\"link\" data-id=\"https:\/\/easda.es\/wp-content\/uploads\/2025\/10\/CensoConsejoCiclos.pdf\">censo alumnado ciclos<\/a> \/ <a href=\"https:\/\/easda.es\/wp-content\/uploads\/2025\/10\/CensoConsejoGrados.pdf\" data-type=\"link\" data-id=\"https:\/\/easda.es\/wp-content\/uploads\/2025\/10\/CensoConsejoGrados.pdf\">censo alumnado grados<\/a> \/ <a href=\"https:\/\/easda.es\/wp-content\/uploads\/2025\/10\/CensoConsejoMaster.pdf\" data-type=\"link\" data-id=\"https:\/\/easda.es\/wp-content\/uploads\/2025\/10\/CensoConsejoMaster.pdf\">censo alumnado m\u00e1ster<\/a> \/ <a href=\"https:\/\/easda.es\/wp-content\/uploads\/2025\/10\/CensoConsejoPDI.pdf\" data-type=\"link\" data-id=\"https:\/\/easda.es\/wp-content\/uploads\/2025\/10\/CensoConsejoPDI.pdf\">censo personal docente e investigador<\/a> \/ <a href=\"https:\/\/easda.es\/wp-content\/uploads\/2025\/10\/CensoConsejoPAS.pdf\" data-type=\"link\" data-id=\"https:\/\/easda.es\/wp-content\/uploads\/2025\/10\/CensoConsejoPAS.pdf\">censo personal de administraci\u00f3n y servicios<\/a>)<\/em><\/p>\n\n\n\n<div style=\"height:17px\" aria-hidden=\"true\" class=\"wp-block-spacer\"><\/div>\n\n\n\n<p><strong>3.&nbsp;Presentaci\u00f3n de candidaturas:<\/strong><br><strong>El plazo de presentaci\u00f3n de candidaturas es hasta el martes 11 de noviembre<\/strong>.<br>Presentar el <a href=\"https:\/\/easda.es\/wp-content\/uploads\/2025\/10\/Anexo-III_Presentacion-Candidatura.pdf\" data-type=\"link\" data-id=\"https:\/\/easda.es\/wp-content\/uploads\/2025\/10\/Anexo-III_Presentacion-Candidatura.pdf\" target=\"_blank\" rel=\"noreferrer noopener\">Anexo III<\/a> en Administraci\u00f3n de la EASDA en horario de ma\u00f1ana de lunes a viernes y de tarde los jueves.<\/p>\n\n\n\n<div style=\"height:12px\" aria-hidden=\"true\" class=\"wp-block-spacer\"><\/div>\n\n\n\n<p><strong>Fechas actualizadas de todo el proceso y listados:<\/strong><\/p>\n\n\n\n<p>. Hasta el martes 11 de noviembre, presentaci\u00f3n de candidaturas de los distintos sectores: alumnado, profesorado y personal de administraci\u00f3n y servicios.<br><strong>. 12 de noviembre de 2025:<\/strong> Publicaci\u00f3n de la<a href=\"https:\/\/easda.es\/wp-content\/uploads\/2025\/11\/Lista_Provisional_candidaturas_ConsejoCentro_signed.pdf\" data-type=\"link\" data-id=\"https:\/\/easda.es\/wp-content\/uploads\/2025\/11\/Lista_Provisional_candidaturas_ConsejoCentro_signed.pdf\"> lista provisional<\/a> de candidaturas.<br>. <strong>Hasta el 14 de noviembre de 2025: Plazo para posibles reclamaciones a la lista provisional de candidaturas.<\/strong><br>. Hasta el 17 de noviembre de 2025: Plazo para resolver la junta electoral las posibles reclamaciones y publicaci\u00f3n de la <a href=\"https:\/\/easda.es\/wp-content\/uploads\/2025\/11\/Lista_Definitiva_candidaturas_ConsejoCentro_signed.pdf\" data-type=\"link\" data-id=\"https:\/\/easda.es\/wp-content\/uploads\/2025\/11\/Lista_Definitiva_candidaturas_ConsejoCentro_signed.pdf\">lista definitiva<\/a> de candidaturas.<br>. 18 de noviembre de 2025: Inicio de la campa\u00f1a electoral y sorteo de las personas titulares y suplentes de la mesa electoral del estudiantado.<br>. 19 de noviembre de 2025: Puesta a disposici\u00f3n del electorado de las papeletas e inicio del voto no presencial.<br>. 24 de noviembre de 2025: Finalizaci\u00f3n de la campa\u00f1a electoral.<br>25 de noviembre de 2025: Jornada de reflexi\u00f3n.<br>. 26 de noviembre de 2025 ELECCIONES.<br>. Hasta el 2 de diciembre de 2025: Sesi\u00f3n constitutiva del Consejo de Centro.<\/p>\n\n\n\n<p id=\"block-7106cc09-339c-4c4b-a25d-193b4d2fface\">[\/vc_column_text][\/vc_column][\/vc_row]<\/p>\n\n\n\n<p><\/p>\n\n\n\n<div style=\"height:18px\" aria-hidden=\"true\" class=\"wp-block-spacer\"><\/div>\n","protected":false},"excerpt":{"rendered":"<p>[vc_row gap=\u00bb30&#8243;][vc_column][vc_row_inner][vc_column_inner][vc_empty_space height=\u00bb24px\u00bb][vc_column_text] Normativa: RESOLUCI\u00d3N de 9 de septiembre de 2025, de la Direcci\u00f3n del Instituto Superior de Ense\u00f1anzas Art\u00edsticas de la Comunitat Valenciana, sobre elecciones a consejos de centro de los centros de ense\u00f1anzas art\u00edsticas superiores de la Comunitat [&hellip;]<\/p>\n","protected":false},"author":8,"featured_media":0,"parent":2391,"menu_order":0,"comment_status":"closed","ping_status":"closed","template":"","meta":{"footnotes":""},"class_list":["post-19687","page","type-page","status-publish","hentry"],"_links":{"self":[{"href":"https:\/\/easda.es\/index.php?rest_route=\/wp\/v2\/pages\/19687","targetHints":{"allow":["GET"]}}],"collection":[{"href":"https:\/\/easda.es\/index.php?rest_route=\/wp\/v2\/pages"}],"about":[{"href":"https:\/\/easda.es\/index.php?rest_route=\/wp\/v2\/types\/page"}],"author":[{"embeddable":true,"href":"https:\/\/easda.es\/index.php?rest_route=\/wp\/v2\/users\/8"}],"replies":[{"embeddable":true,"href":"https:\/\/easda.es\/index.php?rest_route=%2Fwp%2Fv2%2Fcomments&post=19687"}],"version-history":[{"count":35,"href":"https:\/\/easda.es\/index.php?rest_route=\/wp\/v2\/pages\/19687\/revisions"}],"predecessor-version":[{"id":19978,"href":"https:\/\/easda.es\/index.php?rest_route=\/wp\/v2\/pages\/19687\/revisions\/19978"}],"up":[{"embeddable":true,"href":"https:\/\/easda.es\/index.php?rest_route=\/wp\/v2\/pages\/2391"}],"wp:attachment":[{"href":"https:\/\/easda.es\/index.php?rest_route=%2Fwp%2Fv2%2Fmedia&parent=19687"}],"curies":[{"name":"wp","href":"https:\/\/api.w.org\/{rel}","templated":true}]}}