{"id":19402,"date":"2025-09-04T11:34:34","date_gmt":"2025-09-04T09:34:34","guid":{"rendered":"https:\/\/easda.es\/?page_id=19402"},"modified":"2025-11-21T14:54:33","modified_gmt":"2025-11-21T13:54:33","slug":"intranet","status":"publish","type":"page","link":"https:\/\/easda.es\/?page_id=19402","title":{"rendered":"INTRANET (antigua)"},"content":{"rendered":"\n<p class=\"has-large-font-size\"><strong>Profesorado<\/strong><\/p>\n\n\n\n<ul class=\"wp-block-list\">\n<li><a href=\"https:\/\/gvaedu.sharepoint.com\/:u:\/r\/sites\/Section_03011124-C2\/SitePages\/Home.aspx?csf=1&amp;web=1&amp;e=cg4Evb\">Enlace a la intranet de profesorado<\/a>\n<ul class=\"wp-block-list\">\n<li>Para acceder a la intranet de profesorado debes disponer de una cuenta corporativa o identidad digital iseacv.gva.es. Puedes consultar m\u00e1s informaci\u00f3n sobre \u00e9stas en <a href=\"https:\/\/portal.edu.gva.es\/identitatdigital\/es\/que_es_id\/\" target=\"_blank\" rel=\"noreferrer noopener\">este enlace<\/a> (c\u00f3mo acceder, c\u00f3mo cambiar la contrase\u00f1a).<\/li>\n<\/ul>\n<\/li>\n<\/ul>\n\n\n\n<p class=\"has-large-font-size\"><strong>Alumnado ciclos<\/strong><\/p>\n\n\n\n<ul class=\"wp-block-list\">\n<li>Acceso al <a href=\"https:\/\/easda.edupage.org\/timetable\/\">horario p\u00fablico<\/a><\/li>\n\n\n\n<li>Acceso a Aules: <a href=\"https:\/\/aules.edu.gva.es\/especials\/login\/index.php\">https:\/\/aules.edu.gva.es\/especials\/login\/index.php<\/a>. Las instrucciones para acceder se pueden consultar en \u00abAjuda per accedir\u00bb. Para conocer tu NIA (que es el N\u00famero de Identificaci\u00f3n del Alumnado no el correo corporativo) lo puedes ver en <a href=\"https:\/\/familia.edu.gva.es\/wf-front\/myitaca\/login_wf?idioma=C\">WebFamilia<\/a> o consultar a uno de tus docentes.<\/li>\n\n\n\n<li>Acceso a la identidad digital: Puntos 6 y 10 de <a href=\"https:\/\/sway.cloud.microsoft\/xrObR23CIwfgR2Dg\">este documento<\/a>. <\/li>\n<\/ul>\n\n\n\n<p class=\"has-large-font-size\"><strong>Alumnado Grados\/M\u00e1ster<\/strong><\/p>\n\n\n\n<ul class=\"wp-block-list\">\n<li>Acceso al <a href=\"https:\/\/easda.edupage.org\/timetable\/\">horario p\u00fablico<\/a><\/li>\n\n\n\n<li><a href=\"https:\/\/easda.es\/wp-content\/uploads\/2025\/09\/horarios-optativas.pdf\">Horarios de optativas<\/a><\/li>\n\n\n\n<li>Acceso a Aules: <a href=\"https:\/\/aules.edu.gva.es\/iseacv\/login\/index.php\">https:\/\/aules.edu.gva.es\/iseacv\/login\/index.php<\/a>. Las instrucciones para acceder se pueden consultar en \u00abAjuda per accedir\u00bb<\/li>\n\n\n\n<li>Acceso a la identidad digital: Puntos 5 y 9 de <a href=\"https:\/\/sway.cloud.microsoft\/xrObR23CIwfgR2Dg\">este documento<\/a><\/li>\n\n\n\n<li>Acceso a <a href=\"https:\/\/www.google.com\/url?q=https%3A%2F%2Fartic.edu.gva.es%2FARTIC%2Feasdalacant.do&amp;sa=D&amp;sntz=1&amp;usg=AOvVaw0Ld75bPlwy0DTfw9WJ08UB\">ARTIC<\/a>: si no recuerdas la contrase\u00f1a usa el bot\u00f3n \u00abHe olvidado mi contrase\u00f1a\u00bb<\/li>\n\n\n\n<li><a href=\"https:\/\/gvaedu.sharepoint.com\/:f:\/s\/DOCUMENTAR-03011124\/Ekhnu4wYd3VBkU-sYAE7lWsBU-z8dy6TmXXMnOM0_poE_w?e=Ostur1\">Gu\u00edas docentes<\/a> de las actividades de centro<\/li>\n<\/ul>\n\n\n\n<h2 class=\"wp-block-heading\"><strong>Acceso a la WIFI<\/strong><\/h2>\n\n\n\n<p>Se debe usar la red WIFI_EDU. Como credenciales, usad el usuario y contrase\u00f1a de acceso la identidad digital. Puedes consultar m\u00e1s informaci\u00f3n en <a href=\"https:\/\/sway.cloud.microsoft\/Qp0gHfeWIc3aLmQy\">este enlace<\/a>.<\/p>\n\n\n\n<h2 class=\"wp-block-heading\"><strong>Licencias de aplicaciones<\/strong><\/h2>\n\n\n\n<ul class=\"wp-block-list\">\n<li>Adobe: las cuentas de <a href=\"https:\/\/www.adobe.com\/home\" target=\"_blank\" rel=\"noreferrer noopener\">Adobe<\/a> est\u00e1n asociadas a las identidades digitales. El alumnado y profesorado nuevo se ir\u00e1n incorporando progresivamente de manera automatizada. IMPORTANTE: Para entrar en Adobe no hay que utilizar el bot\u00f3n \u00abContinuar con Microsoft\u00bb hay que escribir la direcci\u00f3n de correo electr\u00f3nico en el campo correspondiente. <\/li>\n\n\n\n<li>Autodesk: se realizar\u00e1 directamente en la <a href=\"https:\/\/www.autodesk.com\/mx\/education\/home\" target=\"_blank\" rel=\"noreferrer noopener\">web de educaci\u00f3n de Autodesk<\/a>, proporcionando la matr\u00edcula en caso de ser estudiante, o contrato de docente, y el correo electr\u00f3nico corporativo @&#8230;.gva.es.<\/li>\n<\/ul>\n\n\n\n<h2 class=\"wp-block-heading\"><strong>Glosario de t\u00e9rminos<\/strong><\/h2>\n\n\n\n<ul class=\"wp-block-list\">\n<li><a href=\"https:\/\/artic.edu.gva.es\/ARTIC\/easdalacant.do\" target=\"_blank\" rel=\"noreferrer noopener\"><em>Artic<\/em><\/a>: Es la aplicaci\u00f3n de gesti\u00f3n para los grados y el m\u00e1ster de la escuela. A ella pueden acceder tanto alumnado como profesorado. Para acceder necesitar\u00e1s el DNI\/NIE\/Pasaporte y la contrase\u00f1a. Si has olvidado tu contrase\u00f1a tienes un bot\u00f3n para recordarla, poniendo el DNI\/NIE\/Pasaporte te enviar\u00e1 un correo, a la direcci\u00f3n que diste de alta en la matr\u00edcula, con los datos de acceso.<\/li>\n\n\n\n<li><em>Aules<\/em>: Es la plataforma para la gesti\u00f3n de cursos en linea para los centros educativos de la Generalitat Valenciana. En la escuela utilizamos dos \u00absabores\u00bb:\n<ul class=\"wp-block-list\">\n<li><a href=\"https:\/\/aules.edu.gva.es\/especials\/\" target=\"_blank\" rel=\"noreferrer noopener\">Sabor Especiales<\/a>: Para los ciclos formativos<\/li>\n\n\n\n<li><a href=\"https:\/\/aules.edu.gva.es\/iseacv\/\" target=\"_blank\" rel=\"noreferrer noopener\">Sabor Grados ISEACV<\/a>: Para los grados y m\u00e1ster.<\/li>\n<\/ul>\n<\/li>\n\n\n\n<li><em>Itaca<\/em>: Es la aplicaci\u00f3n de gesti\u00f3n para los ciclos de la escuela. A ella solo puede acceder el profesorado.<\/li>\n\n\n\n<li><a href=\"https:\/\/familia.edu.gva.es\/wf-front\/myitaca\/login_wf?idioma=C\" target=\"_blank\" rel=\"noreferrer noopener\"><em>WebFamilia<\/em><\/a>: Es la aplicaci\u00f3n de comunicaci\u00f3n para las familias del alumnado de los ciclos de la escuela. Tambi\u00e9n podr\u00e1 tener acceso el propio alumnado de los ciclos siempre que sea mayor de edad. Para acceder a WebFamilia hay que solicitarlo en la administraci\u00f3n del centro mediante el impreso correspondiente. Puedes encontrar toda la informaci\u00f3n en <a href=\"https:\/\/portal.edu.gva.es\/itaca\/es\/que-es-web-familia\/\" target=\"_blank\" rel=\"noreferrer noopener\">este enlace<\/a>.<\/li>\n\n\n\n<li><em>Identidad digital<\/em>: Es una direcci\u00f3n de correo que identifica a cada alumno\/a. Lleva asociada una cuenta de Microsoft 365 con todos los servicios que implica: correo, calendario, oneDrive&#8230; <a href=\"https:\/\/portal.edu.gva.es\/identitatdigital\/es\/que_es_id\/\" target=\"_blank\" rel=\"noreferrer noopener\">tienes toda la informaci\u00f3n aqu\u00ed<\/a>.\n<ul class=\"wp-block-list\">\n<li>Para ciclos formativos tiene el formato xxxxxx@alu.edu.gva.es<\/li>\n\n\n\n<li>Para grados y m\u00e1ster tiene el formato  xxxxxx@alu.iseacv.gva.es<\/li>\n<\/ul>\n<\/li>\n\n\n\n<li><em>NIA<\/em>: Es el N\u00famero de Identificaci\u00f3n del Alumnado de la Generalitat Valenciana, es una combinaci\u00f3n de n\u00famero que identifica a cada alumno\/alumna de forma un\u00edvoca. El alumnado de ciclos lo necesita para acceder a Aules.<\/li>\n<\/ul>\n\n\n\n<p><\/p>\n","protected":false},"excerpt":{"rendered":"<p>Profesorado Alumnado ciclos Alumnado Grados\/M\u00e1ster Acceso a la WIFI Se debe usar la red WIFI_EDU. Como credenciales, usad el usuario y contrase\u00f1a de acceso la identidad digital. Puedes consultar m\u00e1s informaci\u00f3n en este enlace. Licencias de aplicaciones Glosario de t\u00e9rminos<\/p>\n","protected":false},"author":13,"featured_media":0,"parent":0,"menu_order":0,"comment_status":"closed","ping_status":"closed","template":"","meta":{"footnotes":""},"class_list":["post-19402","page","type-page","status-publish","hentry"],"_links":{"self":[{"href":"https:\/\/easda.es\/index.php?rest_route=\/wp\/v2\/pages\/19402","targetHints":{"allow":["GET"]}}],"collection":[{"href":"https:\/\/easda.es\/index.php?rest_route=\/wp\/v2\/pages"}],"about":[{"href":"https:\/\/easda.es\/index.php?rest_route=\/wp\/v2\/types\/page"}],"author":[{"embeddable":true,"href":"https:\/\/easda.es\/index.php?rest_route=\/wp\/v2\/users\/13"}],"replies":[{"embeddable":true,"href":"https:\/\/easda.es\/index.php?rest_route=%2Fwp%2Fv2%2Fcomments&post=19402"}],"version-history":[{"count":25,"href":"https:\/\/easda.es\/index.php?rest_route=\/wp\/v2\/pages\/19402\/revisions"}],"predecessor-version":[{"id":20066,"href":"https:\/\/easda.es\/index.php?rest_route=\/wp\/v2\/pages\/19402\/revisions\/20066"}],"wp:attachment":[{"href":"https:\/\/easda.es\/index.php?rest_route=%2Fwp%2Fv2%2Fmedia&parent=19402"}],"curies":[{"name":"wp","href":"https:\/\/api.w.org\/{rel}","templated":true}]}}