{"id":19272,"date":"2025-07-17T12:36:06","date_gmt":"2025-07-17T10:36:06","guid":{"rendered":"https:\/\/easda.es\/?page_id=19272"},"modified":"2025-09-10T10:55:47","modified_gmt":"2025-09-10T08:55:47","slug":"inteligencia-artificial-generativa-para-produccion-audiovisual","status":"publish","type":"page","link":"https:\/\/easda.es\/?page_id=19272","title":{"rendered":"Inteligencia artificial generativa para producci\u00f3n audiovisual"},"content":{"rendered":"<div style=\"width: 1100px;\" class=\"wp-video\"><video class=\"wp-video-shortcode\" id=\"video-19272-1\" width=\"1100\" height=\"619\" preload=\"metadata\" controls=\"controls\"><source type=\"video\/mp4\" src=\"https:\/\/easda.es\/wp-content\/uploads\/2025\/07\/OP_IA_AV.mp4?_=1\" \/><a href=\"https:\/\/easda.es\/wp-content\/uploads\/2025\/07\/OP_IA_AV.mp4\">https:\/\/easda.es\/wp-content\/uploads\/2025\/07\/OP_IA_AV.mp4<\/a><\/video><\/div>\n<p>[vc_row][vc_column][vc_empty_space]<div class=\"qodef-section-title-holder  qodef-st-standard qodef-st-title-left qodef-st-normal-space \" >\n\t<div class=\"qodef-st-inner\">\n\t\t\t\t\t<h2 class=\"qodef-st-title\" >\n\t\t\t\tInteligencia artificial generativa para producci\u00f3n audiovisual\t\t\t<\/h2>\n\t\t\t\t\t<\/div>\n<\/div>[vc_empty_space][vc_column_text]<\/p>\n<p>Esta asignatura explora el uso creativo de la inteligencia artificial generativa (IA-G) en la producci\u00f3n audiovisual contempor\u00e1nea. A trav\u00e9s de herramientas como generadores de im\u00e1genes, texto, sonido y video, el alumnado aprender\u00e1 a integrar estas tecnolog\u00edas en procesos de ideaci\u00f3n, prototipado, storytelling y comunicaci\u00f3n visual.<\/p>\n<p>Se abordar\u00e1 tanto el aspecto t\u00e9cnico como \u00e9tico y conceptual del uso de IA en las artes visuales, fomentando una reflexi\u00f3n cr\u00edtica y experimental sobre su aplicaci\u00f3n en dise\u00f1o gr\u00e1fico, de moda, de interiores y de producto.<\/p>\n<p>Se pretende:<\/p>\n<p>&#8211; Generar material que sirva de base para el desarrollo de los proyectos audiovisuales y convirti\u00e9ndose en una herramienta que ampl\u00eda su capacidad expresiva.<br \/>\n&#8211; Explorar c\u00f3mo la IA est\u00e1 transformando los procesos creativos y t\u00e9cnicos en la producci\u00f3n de video, cine, televisi\u00f3n, publicidad y otros formatos audiovisuales.<br \/>\n&#8211; Adquirir habilidades pr\u00e1cticas en el uso de software y plataformas de IA para la generaci\u00f3n de contenido audiovisual\u00a0 aplicado a proyectos espec\u00edficos.<br \/>\n&#8211; Aprender a utilizar la IA de manera efectiva en las diferentes etapas de producci\u00f3n (preproducci\u00f3n, producci\u00f3n y\u00a0 postproducci\u00f3n) optimizando los flujos de trabajo.<br \/>\n&#8211; Desarrollar un pensamiento cr\u00edtico sobre c\u00f3mo la IA est\u00e1 transformando los roles y las habilidades de los profesionales del audiovisual,\u00a0 c\u00f3mo adaptarse a los cambios y los desaf\u00edos \u00e9ticos.<br \/>\n&#8211; Esta asignatura busca explorar c\u00f3mo los dise\u00f1adores gr\u00e1ficos, de moda, de producto y de interiores, pueden integrar la IA en su trabajo, potenciando su creatividad y adapt\u00e1ndose a un entorno en constante cambio.<br \/>\n&#8211; Ense\u00f1ar a los estudiantes a adaptarse a los cambios tecnol\u00f3gicos.<\/p>\n<h5><strong>Contenidos<\/strong><\/h5>\n<p><strong>Bloque 1: Introducci\u00f3n a la IA Generativa en el Audiovisual<\/strong><\/p>\n<p>&#8211; \u00bfQu\u00e9 es la IA generativa? Aplicaciones en la industria audiovisual<br \/>\n&#8211; Historia y evoluci\u00f3n de la inteligencia artificial en la creatividad<br \/>\n&#8211; IA responsable: \u00e9tica y consideraciones legales.<\/p>\n<p><strong>Bloque\u00a0 2: Herramientas de IA para creaci\u00f3n de contenidos<\/strong><\/p>\n<p>&#8211; Generaci\u00f3n de guiones y storytelling<br \/>\n&#8211; Uso de modelos de lenguaje para la escritura de guiones<br \/>\n(literarios y t\u00e9cnicos), as\u00ed como storyboards.<br \/>\n&#8211; Estructura narrativa y optimizaci\u00f3n de textos con IA<br \/>\n&#8211; Adaptaci\u00f3n de estilos y di\u00e1logos realistas<br \/>\n&#8211; Superando el bloqueo del escritor con IA<br \/>\n&#8211; Generaci\u00f3n de im\u00e1genes y dise\u00f1o visual<br \/>\n&#8211; Exploraci\u00f3n de herramientas y plataformas tipo: Midjourney, Adobefly, Stable Diffusion<br \/>\n&#8211; Ajustes avanzados, prompts efectivos y estilos visuales<br \/>\n&#8211; Desarrollo de moodboards y concept art con IA<br \/>\n&#8211; Generaci\u00f3n de voz y doblaje con IA<br \/>\n&#8211; Introducci\u00f3n a herramientas de s\u00edntesis de voz<br \/>\n&#8211; Creaci\u00f3n de voces personalizadas y doblaje automatizado<br \/>\n&#8211; Conversi\u00f3n de texto a voz con entonaci\u00f3n natural<br \/>\n&#8211; Herramientas tipo: ElevenLabs, Descript, Murf.AI, Veed.io, Resemble.ai, Speechify, Play.ht<br \/>\n&#8211; Generaci\u00f3n de video con IA<br \/>\n&#8211; Exploraci\u00f3n de Runway, Pika Labs, Synthesia y Rephrase.ai: generaci\u00f3n de videos desde texto<br \/>\n&#8211; Creaci\u00f3n de deepfakes y avatares virtuales: aplicaciones y riesgos. Synthesia y DeepBrain.<br \/>\n&#8211; Integraci\u00f3n con editores de v\u00eddeo tradicionales<\/p>\n<p><strong>Bloque 3: IA en Edici\u00f3n y Postproducci\u00f3n Audiovisual<\/strong><\/p>\n<p>&#8211; Integraci\u00f3n de IA en flujos de trabajo con Adobe Premiere y After Effects<br \/>\n&#8211; Aplicaci\u00f3n de la IA en retoque autom\u00e1tico, eliminaci\u00f3n de ruido y mejoras en color<br \/>\n&#8211; IA para rotoscopia y generaci\u00f3n de efectos visuales (VFX)<br \/>\n&#8211; Creaci\u00f3n de motion graphics con IA<\/p>\n<p><strong>Bloque 4: Proyecto Final<\/strong><\/p>\n<p>&#8211; Desarrollo de un proyecto audiovisual utilizando IA generativa: spot audiovisual, videominuto, videoclip, etc.<\/p>\n<p><strong>Bloque 5: Aplicaciones pr\u00e1cticas<\/strong><\/p>\n<p>&#8211; Casos de \u00e9xito<br \/>\n&#8211; Tendencias futuras<br \/>\n&#8211; \u00c9tica en la producci\u00f3n con IA<\/p>\n<h5><strong>Aplicaciones por disciplina<\/strong><\/h5>\n<p>&#8211; Moda: moodboards, fashion films, desfiles virtuales<br \/>\n&#8211; Interiores: renders conceptuales, escenograf\u00edas<br \/>\n&#8211; Producto: simulaciones, motion graphics de presentaci\u00f3n<br \/>\n&#8211; Gr\u00e1fico: videograf\u00edas, dise\u00f1o editorial animado<\/p>\n<h5><strong>Resultados de aprendizaje<\/strong><\/h5>\n<p>&#8211; Distingue entre diferentes herramientas de IA generativa que herramienta es m\u00e1s adecuada seg\u00fan los procesos de las fases de un proyecto audiovisual (preproducci\u00f3n, producci\u00f3n y posproducci\u00f3n)<br \/>\n&#8211; Estructura prompts de forma eficaz para las\u00a0 herramientas de IA de imagen, video y audio<br \/>\n&#8211; Produce piezas que responden a una funci\u00f3n comunicativa, adaptadas a la especialidad y con un estilo diferenciador con ayuda de las herramientas de IA generativa<br \/>\n&#8211; Investiga y reflexiona sobre el impacto de la IA en la creaci\u00f3n audiovisual.<\/p>\n<h5><strong>Imparte la asignatura<\/strong><\/h5>\n<p>Curso escolar 2025\/2026: Miquel Climent<\/p>\n<p>[\/vc_column_text][\/vc_column][\/vc_row]<\/p>\n","protected":false},"excerpt":{"rendered":"<p>[vc_row][vc_column][vc_empty_space][vc_empty_space][vc_column_text] Esta asignatura explora el uso creativo de la inteligencia artificial generativa (IA-G) en la producci\u00f3n audiovisual contempor\u00e1nea. A trav\u00e9s de herramientas como generadores de im\u00e1genes, texto, sonido y video, el alumnado aprender\u00e1 a integrar estas tecnolog\u00edas en procesos de [&hellip;]<\/p>\n","protected":false},"author":8,"featured_media":0,"parent":0,"menu_order":0,"comment_status":"closed","ping_status":"closed","template":"","meta":{"footnotes":""},"class_list":["post-19272","page","type-page","status-publish","hentry"],"_links":{"self":[{"href":"https:\/\/easda.es\/index.php?rest_route=\/wp\/v2\/pages\/19272","targetHints":{"allow":["GET"]}}],"collection":[{"href":"https:\/\/easda.es\/index.php?rest_route=\/wp\/v2\/pages"}],"about":[{"href":"https:\/\/easda.es\/index.php?rest_route=\/wp\/v2\/types\/page"}],"author":[{"embeddable":true,"href":"https:\/\/easda.es\/index.php?rest_route=\/wp\/v2\/users\/8"}],"replies":[{"embeddable":true,"href":"https:\/\/easda.es\/index.php?rest_route=%2Fwp%2Fv2%2Fcomments&post=19272"}],"version-history":[{"count":6,"href":"https:\/\/easda.es\/index.php?rest_route=\/wp\/v2\/pages\/19272\/revisions"}],"predecessor-version":[{"id":19821,"href":"https:\/\/easda.es\/index.php?rest_route=\/wp\/v2\/pages\/19272\/revisions\/19821"}],"wp:attachment":[{"href":"https:\/\/easda.es\/index.php?rest_route=%2Fwp%2Fv2%2Fmedia&parent=19272"}],"curies":[{"name":"wp","href":"https:\/\/api.w.org\/{rel}","templated":true}]}}