{"id":19268,"date":"2025-07-17T12:34:09","date_gmt":"2025-07-17T10:34:09","guid":{"rendered":"https:\/\/easda.es\/?page_id=19268"},"modified":"2025-07-21T13:13:24","modified_gmt":"2025-07-21T11:13:24","slug":"taller-de-diseno-de-moda-virtual-y-prototipado-3d","status":"publish","type":"page","link":"https:\/\/easda.es\/?page_id=19268","title":{"rendered":"Taller de dise\u00f1o de moda virtual y prototipado 3D"},"content":{"rendered":"<p>[vc_row][vc_column]<div class=\"avt_masterslider_el \" >\n\t\t<!-- MasterSlider -->\n\t\t<div id=\"P_MS69e095b9e8b79\" class=\"master-slider-parent msl ms-parent-id-70\" style=\"max-width:800px;\">\n\n\t\t\t\n\t\t\t<!-- MasterSlider Main -->\n\t\t\t<div id=\"MS69e095b9e8b79\" class=\"master-slider ms-skin-default\" >\n\t\t\t\t \t\t\t\t \n\t\t\t\t<div  class=\"ms-slide\" data-delay=\"3\" data-fill-mode=\"fill\"  >\n\t\t\t\t\t<img decoding=\"async\" src=\"https:\/\/easda.es\/wp-content\/plugins\/master-slider\/public\/assets\/css\/blank.gif\" alt=\"\" title=\"\" data-src=\"https:\/\/easda.es\/wp-content\/uploads\/2025\/07\/OPT_Taller_Moda_3D_4.jpg\" \/>\n\n\n\t<div class=\"ms-thumb\" ><div class=\"ms-tab-context\"><div class=\"&quot;ms-tab-context&quot;\"><\/div><\/div>\n<\/div>\n\t\t\t\t<\/div>\n\t\t\t\t<div  class=\"ms-slide\" data-delay=\"3\" data-fill-mode=\"fill\"  >\n\t\t\t\t\t<img decoding=\"async\" src=\"https:\/\/easda.es\/wp-content\/plugins\/master-slider\/public\/assets\/css\/blank.gif\" alt=\"\" title=\"\" data-src=\"https:\/\/easda.es\/wp-content\/uploads\/2025\/07\/OPT_Taller_Moda_3D_2.jpg\" \/>\n\n\n\t<div class=\"ms-thumb\" ><div class=\"ms-tab-context\"><div class=\"&quot;ms-tab-context&quot;\"><\/div><\/div>\n<\/div>\n\t\t\t\t<\/div>\n\t\t\t\t<div  class=\"ms-slide\" data-delay=\"3\" data-fill-mode=\"fill\"  >\n\t\t\t\t\t<img decoding=\"async\" src=\"https:\/\/easda.es\/wp-content\/plugins\/master-slider\/public\/assets\/css\/blank.gif\" alt=\"\" title=\"\" data-src=\"https:\/\/easda.es\/wp-content\/uploads\/2025\/07\/OPT_Taller_Moda_3D_3.jpg\" \/>\n\n\n\t<div class=\"ms-thumb\" ><div class=\"ms-tab-context\"><div class=\"&quot;ms-tab-context&quot;\"><\/div><\/div>\n<\/div>\n\t\t\t\t<\/div>\n\t\t\t\t<div  class=\"ms-slide\" data-delay=\"3\" data-fill-mode=\"fill\"  >\n\t\t\t\t\t<img decoding=\"async\" src=\"https:\/\/easda.es\/wp-content\/plugins\/master-slider\/public\/assets\/css\/blank.gif\" alt=\"\" title=\"\" data-src=\"https:\/\/easda.es\/wp-content\/uploads\/2025\/07\/OPT_MODA3D_5.jpg\" \/>\n\n\n\t<div class=\"ms-thumb\" ><div class=\"ms-tab-context\"><div class=\"&quot;ms-tab-context&quot;\"><\/div><\/div>\n<\/div>\n\t\t\t\t<\/div>\n\n\t\t\t<\/div>\n\t\t\t<!-- END MasterSlider Main -->\n\n\t\t\t \n\t\t<\/div>\n\t\t<!-- END MasterSlider -->\n\n\t\t<script>\n\t\t(function ( $ ) {\n\t\t\t\"use strict\";\n\n\t\t\t$(function () {\n\t\t\t\tvar masterslider_8b79 = new MasterSlider();\n\n\t\t\t\t\/\/ slider controls\n\n\t\t\t\t\/\/ slider setup\n\t\t\t\tmasterslider_8b79.setup(\"MS69e095b9e8b79\", {\n\t\t\t\t\t\twidth           : 1200,\n\t\t\t\t\t\theight          : 600,\n\t\t\t\t\t\tminHeight       : 0,\n\t\t\t\t\t\tspace           : 0,\n\t\t\t\t\t\tstart           : 1,\n\t\t\t\t\t\tgrabCursor      : true,\n\t\t\t\t\t\tswipe           : true,\n\t\t\t\t\t\tmouse           : true,\n\t\t\t\t\t\tlayout          : \"boxed\",\n\t\t\t\t\t\twheel           : false,\n\t\t\t\t\t\tautoplay        : true,\n\t\t\t\t\t\tinstantStartLayers:false,\n\t\t\t\t\t\tloop            : true,\n\t\t\t\t\t\tshuffle         : false,\n\t\t\t\t\t\tpreload         : 0,\n\t\t\t\t\t\theightLimit     : true,\n\t\t\t\t\t\tautoHeight      : false,\n\t\t\t\t\t\tsmoothHeight    : true,\n\t\t\t\t\t\tendPause        : false,\n\t\t\t\t\t\toverPause       : false,\n\t\t\t\t\t\tfillMode        : \"fill\",\n\t\t\t\t\t\tcenterControls  : true,\n\t\t\t\t\t\tstartOnAppear   : false,\n\t\t\t\t\t\tlayersMode      : \"center\",\n\t\t\t\t\t\thideLayers      : false,\n\t\t\t\t\t\tfullscreenMargin: 0,\n\t\t\t\t\t\tspeed           : 20,\n\t\t\t\t\t\tdir             : \"h\",\n\t\t\t\t\t\tparallaxMode    : 'swipe',\n\t\t\t\t\t\tview            : \"fade\"\n\t\t\t\t});\n\n\t\t\t\t\n\t\t\t\twindow.masterslider_instances = window.masterslider_instances || [];\n\t\t\t\twindow.masterslider_instances.push( masterslider_8b79 );\n\t\t\t });\n\n\t\t})(jQuery);\n\t\t<\/script>\n\n<\/div>[vc_empty_space]<div class=\"qodef-section-title-holder  qodef-st-standard qodef-st-title-left qodef-st-normal-space \" >\n\t<div class=\"qodef-st-inner\">\n\t\t\t\t\t<h2 class=\"qodef-st-title\" >\n\t\t\t\tTaller de dise\u00f1o de moda virtual y prototipado 3D\t\t\t<\/h2>\n\t\t\t\t\t<\/div>\n<\/div>[vc_empty_space][vc_column_text]<\/p>\n<p>El dise\u00f1o est\u00e1 cambiando. La tecnolog\u00eda ya no es solo una herramienta de apoyo: es una aliada creativa imprescindible. Esta asignatura optativa propone una inmersi\u00f3n pr\u00e1ctica en el dise\u00f1o digital a trav\u00e9s de CLO 3D, un software l\u00edder en prototipado virtual. Aprender\u00e1s a crear prendas, accesorios y objetos en 3D con una precisi\u00f3n y realismo que transforman por completo el proceso creativo y t\u00e9cnico.<br \/>\nDirigida a estudiantes de dise\u00f1o (de moda, gr\u00e1fico, producto, interiores o multimedia), la asignatura tambi\u00e9n explora aplicaciones innovadoras en el metaverso, videojuegos, publicidad o dise\u00f1o sostenible. No se requieren conocimientos previos de patronaje, solo ganas de experimentar con nuevas formas de crear.<\/p>\n<h5><strong>Contenidos<\/strong><\/h5>\n<p>El curso est\u00e1 organizado en cinco bloques tem\u00e1ticos que combinan teor\u00eda, pr\u00e1ctica y creatividad:<\/p>\n<ol>\n<li>Dise\u00f1o 3D con CLO: Familiarizaci\u00f3n con el entorno del software, simulaci\u00f3n y herramientas clave para el dise\u00f1o tridimensional.<\/li>\n<li>Patronaje Digital 2D: Creaci\u00f3n de patrones de prendas y objetos, simulaciones y herramientas avanzadas.<\/li>\n<li>Texturas e Iluminaci\u00f3n: Aplicaci\u00f3n de materiales digitales, creaci\u00f3n de mapas y t\u00e9cnicas para mejorar el realismo.<\/li>\n<li>Compatibilidad: Exportaci\u00f3n de dise\u00f1os, impresi\u00f3n de patrones, conexi\u00f3n con otros programas.<\/li>\n<li>Escenograf\u00eda y Animaci\u00f3n: Personalizaci\u00f3n de avatares, renderizado de proyectos y creaci\u00f3n de presentaciones animadas en 360\u00ba.<\/li>\n<\/ol>\n<h5>Resultados de aptendizaje<\/h5>\n<p>&#8211; Al finalizar la asignatura, el alumnado ser\u00e1 capaz de:<\/p>\n<p>&#8211; Desarrollar proyectos completos de moda y dise\u00f1o digital, optimizando recursos y mejorando la sostenibilidad.<\/p>\n<p>&#8211; Dominar CLO 3D como herramienta para comunicar y justificar dise\u00f1os de forma profesional.<\/p>\n<p>&#8211; Aplicar principios visuales y t\u00e9cnicos sobre forma, color y espacio en el entorno digital.<\/p>\n<p>&#8211; Adaptarse a nuevas tecnolog\u00edas y mantener un aprendizaje aut\u00f3nomo para evolucionar en entornos creativos cada vez m\u00e1s digitales.<\/p>\n<p>\u00bfTe interesa combinar creatividad, tecnolog\u00eda y sostenibilidad en tus proyectos? Esta asignatura es tu punto de partida para dise\u00f1ar el futuro.<\/p>\n<h5><strong>Imparte la asignatura<\/strong><\/h5>\n<p>Curso escolar 2025\/2026: Mar\u00eda Antonia P\u00e9rez Pay\u00e1 &#8211; Carmen Ci\u00f3rraga Toledo<\/p>\n<p>[\/vc_column_text][\/vc_column][\/vc_row]<\/p>\n","protected":false},"excerpt":{"rendered":"<p>[vc_row][vc_column][vc_empty_space][vc_empty_space][vc_column_text] El dise\u00f1o est\u00e1 cambiando. La tecnolog\u00eda ya no es solo una herramienta de apoyo: es una aliada creativa imprescindible. Esta asignatura optativa propone una inmersi\u00f3n pr\u00e1ctica en el dise\u00f1o digital a trav\u00e9s de CLO 3D, un software l\u00edder en [&hellip;]<\/p>\n","protected":false},"author":8,"featured_media":0,"parent":0,"menu_order":0,"comment_status":"closed","ping_status":"closed","template":"","meta":{"footnotes":""},"class_list":["post-19268","page","type-page","status-publish","hentry"],"_links":{"self":[{"href":"https:\/\/easda.es\/index.php?rest_route=\/wp\/v2\/pages\/19268","targetHints":{"allow":["GET"]}}],"collection":[{"href":"https:\/\/easda.es\/index.php?rest_route=\/wp\/v2\/pages"}],"about":[{"href":"https:\/\/easda.es\/index.php?rest_route=\/wp\/v2\/types\/page"}],"author":[{"embeddable":true,"href":"https:\/\/easda.es\/index.php?rest_route=\/wp\/v2\/users\/8"}],"replies":[{"embeddable":true,"href":"https:\/\/easda.es\/index.php?rest_route=%2Fwp%2Fv2%2Fcomments&post=19268"}],"version-history":[{"count":5,"href":"https:\/\/easda.es\/index.php?rest_route=\/wp\/v2\/pages\/19268\/revisions"}],"predecessor-version":[{"id":19301,"href":"https:\/\/easda.es\/index.php?rest_route=\/wp\/v2\/pages\/19268\/revisions\/19301"}],"wp:attachment":[{"href":"https:\/\/easda.es\/index.php?rest_route=%2Fwp%2Fv2%2Fmedia&parent=19268"}],"curies":[{"name":"wp","href":"https:\/\/api.w.org\/{rel}","templated":true}]}}