{"id":19263,"date":"2025-07-17T12:30:21","date_gmt":"2025-07-17T10:30:21","guid":{"rendered":"https:\/\/easda.es\/?page_id=19263"},"modified":"2025-07-24T12:12:21","modified_gmt":"2025-07-24T10:12:21","slug":"taller-de-ornamentaria","status":"publish","type":"page","link":"https:\/\/easda.es\/?page_id=19263","title":{"rendered":"Ornamentaria: taller de dise\u00f1o ornamental"},"content":{"rendered":"<p>[vc_row][vc_column]<div class=\"avt_masterslider_el \" >\n\t\t<!-- MasterSlider -->\n\t\t<div id=\"P_MS69e092a8622f1\" class=\"master-slider-parent msl ms-parent-id-71\" style=\"max-width:800px;\">\n\n\t\t\t\n\t\t\t<!-- MasterSlider Main -->\n\t\t\t<div id=\"MS69e092a8622f1\" class=\"master-slider ms-skin-default\" >\n\t\t\t\t \t\t\t\t \n\t\t\t\t<div  class=\"ms-slide\" data-delay=\"3\" data-fill-mode=\"fill\"  >\n\t\t\t\t\t<img decoding=\"async\" src=\"https:\/\/easda.es\/wp-content\/plugins\/master-slider\/public\/assets\/css\/blank.gif\" alt=\"\" title=\"\" data-src=\"https:\/\/easda.es\/wp-content\/uploads\/2025\/07\/OPT_T_Ornamentaria_2.jpg\" \/>\n\n\n\t<div class=\"ms-thumb\" ><div class=\"ms-tab-context\"><div class=\"&quot;ms-tab-context&quot;\"><\/div><\/div>\n<\/div>\n\t\t\t\t<\/div>\n\t\t\t\t<div  class=\"ms-slide\" data-delay=\"3\" data-fill-mode=\"fill\"  >\n\t\t\t\t\t<img decoding=\"async\" src=\"https:\/\/easda.es\/wp-content\/plugins\/master-slider\/public\/assets\/css\/blank.gif\" alt=\"\" title=\"\" data-src=\"https:\/\/easda.es\/wp-content\/uploads\/2025\/07\/OPT_T_Ornamentaria_1.jpg\" \/>\n\n\n\t<div class=\"ms-thumb\" ><div class=\"ms-tab-context\"><div class=\"&quot;ms-tab-context&quot;\"><\/div><\/div>\n<\/div>\n\t\t\t\t<\/div>\n\t\t\t\t<div  class=\"ms-slide\" data-delay=\"3\" data-fill-mode=\"fill\"  >\n\t\t\t\t\t<img decoding=\"async\" src=\"https:\/\/easda.es\/wp-content\/plugins\/master-slider\/public\/assets\/css\/blank.gif\" alt=\"\" title=\"\" data-src=\"https:\/\/easda.es\/wp-content\/uploads\/2025\/07\/OPT_T_Ornamentaria_3.jpg\" \/>\n\n\n\t<div class=\"ms-thumb\" ><div class=\"ms-tab-context\"><div class=\"&quot;ms-tab-context&quot;\"><\/div><\/div>\n<\/div>\n\t\t\t\t<\/div>\n\n\t\t\t<\/div>\n\t\t\t<!-- END MasterSlider Main -->\n\n\t\t\t \n\t\t<\/div>\n\t\t<!-- END MasterSlider -->\n\n\t\t<script>\n\t\t(function ( $ ) {\n\t\t\t\"use strict\";\n\n\t\t\t$(function () {\n\t\t\t\tvar masterslider_22f1 = new MasterSlider();\n\n\t\t\t\t\/\/ slider controls\n\n\t\t\t\t\/\/ slider setup\n\t\t\t\tmasterslider_22f1.setup(\"MS69e092a8622f1\", {\n\t\t\t\t\t\twidth           : 1200,\n\t\t\t\t\t\theight          : 600,\n\t\t\t\t\t\tminHeight       : 0,\n\t\t\t\t\t\tspace           : 0,\n\t\t\t\t\t\tstart           : 1,\n\t\t\t\t\t\tgrabCursor      : true,\n\t\t\t\t\t\tswipe           : true,\n\t\t\t\t\t\tmouse           : true,\n\t\t\t\t\t\tlayout          : \"boxed\",\n\t\t\t\t\t\twheel           : false,\n\t\t\t\t\t\tautoplay        : true,\n\t\t\t\t\t\tinstantStartLayers:false,\n\t\t\t\t\t\tloop            : true,\n\t\t\t\t\t\tshuffle         : false,\n\t\t\t\t\t\tpreload         : 0,\n\t\t\t\t\t\theightLimit     : true,\n\t\t\t\t\t\tautoHeight      : false,\n\t\t\t\t\t\tsmoothHeight    : true,\n\t\t\t\t\t\tendPause        : false,\n\t\t\t\t\t\toverPause       : false,\n\t\t\t\t\t\tfillMode        : \"fill\",\n\t\t\t\t\t\tcenterControls  : true,\n\t\t\t\t\t\tstartOnAppear   : false,\n\t\t\t\t\t\tlayersMode      : \"center\",\n\t\t\t\t\t\thideLayers      : false,\n\t\t\t\t\t\tfullscreenMargin: 0,\n\t\t\t\t\t\tspeed           : 20,\n\t\t\t\t\t\tdir             : \"h\",\n\t\t\t\t\t\tparallaxMode    : 'swipe',\n\t\t\t\t\t\tview            : \"fade\"\n\t\t\t\t});\n\n\t\t\t\t\n\t\t\t\twindow.masterslider_instances = window.masterslider_instances || [];\n\t\t\t\twindow.masterslider_instances.push( masterslider_22f1 );\n\t\t\t });\n\n\t\t})(jQuery);\n\t\t<\/script>\n\n<\/div>[vc_empty_space]<div class=\"qodef-section-title-holder  qodef-st-standard qodef-st-title-left qodef-st-normal-space \" >\n\t<div class=\"qodef-st-inner\">\n\t\t\t\t\t<h2 class=\"qodef-st-title\" >\n\t\t\t\tOrnamentaria: taller de dise\u00f1o ornamental\t\t\t<\/h2>\n\t\t\t\t\t<\/div>\n<\/div>[vc_empty_space][vc_column_text]El dise\u00f1o ornamental es un medio de expresi\u00f3n creativo, un universo gr\u00e1fico y cultural hoy en d\u00eda altamente valorado. En esta asignatura se realizar\u00e1n proyectos para la creaci\u00f3n de todo tipo de motivos ornamentales y se aprender\u00e1 su lenguaje espec\u00edfico. Es una asignatura optativa transversal a todas las especialidades, que pretende descubrir y disfrutar una especialidad atemporal que potencia la visi\u00f3n y gesti\u00f3n de nuestra comprensi\u00f3n y expresi\u00f3n visual, art\u00edstica y humana.<\/p>\n<h5 style=\"font-weight: 400;\"><strong>APLICACIONES<\/strong><\/h5>\n<p style=\"font-weight: 400;\">El Ornamento o universo del imprescindible complemento; sentir en la piel tu historia interna, proyecci\u00f3n de ritmos vitales. La iconograf\u00eda viaja a trav\u00e9s del tiempo y el espacio, una greca atraviesa nuestro mediterr\u00e1neo. molduras, lacer\u00edas, papel pintado en las paredes, baldosas hidr\u00e1ulicas, alfombras, cer\u00e1mica. Interiorismo existencial. Una modelo se camufla con el estampado de su vestido en la floresta.\u00a0 El impulso gr\u00e1fico inunda nuestra realidad e identidad con todo tipo de marcajes, patterns y repeticiones hasta vaciarlo de significado, tal como hizo Warhol con Marilyn (pero esa es otra historia).<\/p>\n<h5 style=\"font-weight: 400;\"><strong>CONTENIDOS<\/strong><\/h5>\n<ol style=\"font-weight: 400;\">\n<li>Fascinaci\u00f3n o Rechazo visceral del ornamento y respuesta de choque: un an\u00e1lisis psicol\u00f3gico, sint\u00e1ctico y morfol\u00f3gico que no nos dejar\u00e1 indiferentes.<\/li>\n<li>Definici\u00f3n y Origen de las formas decorativas; La historia de la ornamentaci\u00f3n, un viaje de ida y vuelta continuo a trav\u00e9s del tiempo.<\/li>\n<li>La Naturaleza como fuente de inspiraci\u00f3n primigenia: historia del ornamento vegetal. Y luego, la Fantas\u00eda, los mitos, tradiciones.<\/li>\n<li>Procesos de creaci\u00f3n gr\u00e1fica a partir de la sintaxis gr\u00e1fica modular. Aplicaci\u00f3n a soportes y formatos de diferentes especialidades (gr\u00e1fico, moda, interiorismo, producto).<\/li>\n<\/ol>\n<h5 style=\"font-weight: 400;\"><strong>METODOLOG\u00cdA \u00a0<\/strong><\/h5>\n<p style=\"font-weight: 400;\">Se realizar\u00e1n cuatro proyectos, uno por mes, que se guiar\u00e1n cada uno por estrategias diferentes (generalistas, espec\u00edficas, grupales e individuales) seg\u00fan los contenidos previstos.<\/p>\n<h5><strong>Imparte la asignatura<\/strong><\/h5>\n<p>Curso escolar 2025\/2026: Magdalena Lloret<\/p>\n<p>[\/vc_column_text][\/vc_column][\/vc_row]<\/p>\n","protected":false},"excerpt":{"rendered":"<p>[vc_row][vc_column][vc_empty_space][vc_empty_space][vc_column_text]El dise\u00f1o ornamental es un medio de expresi\u00f3n creativo, un universo gr\u00e1fico y cultural hoy en d\u00eda altamente valorado. En esta asignatura se realizar\u00e1n proyectos para la creaci\u00f3n de todo tipo de motivos ornamentales y se aprender\u00e1 su lenguaje espec\u00edfico. [&hellip;]<\/p>\n","protected":false},"author":8,"featured_media":0,"parent":0,"menu_order":0,"comment_status":"closed","ping_status":"closed","template":"","meta":{"footnotes":""},"class_list":["post-19263","page","type-page","status-publish","hentry"],"_links":{"self":[{"href":"https:\/\/easda.es\/index.php?rest_route=\/wp\/v2\/pages\/19263","targetHints":{"allow":["GET"]}}],"collection":[{"href":"https:\/\/easda.es\/index.php?rest_route=\/wp\/v2\/pages"}],"about":[{"href":"https:\/\/easda.es\/index.php?rest_route=\/wp\/v2\/types\/page"}],"author":[{"embeddable":true,"href":"https:\/\/easda.es\/index.php?rest_route=\/wp\/v2\/users\/8"}],"replies":[{"embeddable":true,"href":"https:\/\/easda.es\/index.php?rest_route=%2Fwp%2Fv2%2Fcomments&post=19263"}],"version-history":[{"count":10,"href":"https:\/\/easda.es\/index.php?rest_route=\/wp\/v2\/pages\/19263\/revisions"}],"predecessor-version":[{"id":19320,"href":"https:\/\/easda.es\/index.php?rest_route=\/wp\/v2\/pages\/19263\/revisions\/19320"}],"wp:attachment":[{"href":"https:\/\/easda.es\/index.php?rest_route=%2Fwp%2Fv2%2Fmedia&parent=19263"}],"curies":[{"name":"wp","href":"https:\/\/api.w.org\/{rel}","templated":true}]}}