{"id":18249,"date":"2025-03-11T13:51:07","date_gmt":"2025-03-11T12:51:07","guid":{"rendered":"https:\/\/easda.es\/?page_id=18249"},"modified":"2026-03-20T09:55:21","modified_gmt":"2026-03-20T08:55:21","slug":"__trashed","status":"publish","type":"page","link":"https:\/\/easda.es\/?page_id=18249","title":{"rendered":"Empresa"},"content":{"rendered":"\n<figure class=\"wp-block-image size-full\"><img loading=\"lazy\" decoding=\"async\" width=\"1024\" height=\"510\" src=\"https:\/\/easda.es\/wp-content\/uploads\/2022\/03\/empresa.jpg\" alt=\"\" class=\"wp-image-12007\" srcset=\"https:\/\/easda.es\/wp-content\/uploads\/2022\/03\/empresa.jpg 1024w, https:\/\/easda.es\/wp-content\/uploads\/2022\/03\/empresa-300x149.jpg 300w, https:\/\/easda.es\/wp-content\/uploads\/2022\/03\/empresa-768x383.jpg 768w\" sizes=\"auto, (max-width: 1024px) 100vw, 1024px\" \/><\/figure>\n\n\n\n<div style=\"height:19px\" aria-hidden=\"true\" class=\"wp-block-spacer\"><\/div>\n\n\n<p>[vc_row][vc_column][vc_row_inner][vc_column_inner]<div class=\"qodef-section-title-holder  qodef-st-standard qodef-st-title-left qodef-st-normal-space \" >\n\t<div class=\"qodef-st-inner\">\n\t\t\t\t\t<h2 class=\"qodef-st-title\" >\n\t\t\t\tPr\u00e1cticas en Empresa\t\t\t<\/h2>\n\t\t\t\t\t<\/div>\n<\/div>\n\n\n<div style=\"height:35px\" aria-hidden=\"true\" class=\"wp-block-spacer\"><\/div>\n\n\n\n<p class=\"has-text-color has-link-color wp-elements-992693e990543de4bdc0b4e37c579c9c\" style=\"color:#e61919\"><strong>Aportando Dise\u00f1o<\/strong><\/p>\n\n\n\n<p><a href=\"https:\/\/easda.es\/wp-content\/uploads\/2026\/03\/DOSSIER_PAE.pdf\" data-type=\"link\" data-id=\"https:\/\/easda.es\/wp-content\/uploads\/2026\/03\/DOSSIER_PAE.pdf\">Dossier Pr\u00e1cticas Acad\u00e9micas Externas<\/a><\/p>\n\n\n\n<div style=\"height:19px\" aria-hidden=\"true\" class=\"wp-block-spacer\"><\/div>\n\n\n\n<p class=\"has-text-color has-link-color wp-elements-62914016d6166493c83381de6b67c2cb\" style=\"color:#e61919\"><strong>Empresas que lo hacen posible<\/strong><\/p>\n\n\n\n<p>Aliadas que brindan la oportunidad a nuestro alumnado acogiendo pr\u00e1cticas formativas. Empresas e instituciones comprometidas con el dise\u00f1o, la comunicaci\u00f3n y el arte, donde nuestros y nuestras estudiantes aplican lo aprendido durante su formaci\u00f3n en EASDA, viviendo de cerca la realidad del mercado laboral y enriqueciendo as\u00ed su desarrollo acad\u00e9mico y personal.<\/p>\n\n\n\n<p>El acompa\u00f1amiento, la implicaci\u00f3n y la dedicaci\u00f3n de estas entidades son clave en este proceso. Su labor no solo impulsa el crecimiento profesional del alumnado, sino que tambi\u00e9n se convierte en una fuente de motivaci\u00f3n para que enfrenten con confianza y preparaci\u00f3n su futuro profesional.<\/p>\n\n\n\n<p>Desde la EASDA, nos sentimos profundamente agradecidos por su colaboraci\u00f3n y por formar parte activa de esta experiencia formativa \u00fanica.<\/p>\n\n\n\n<p><strong>\u00a1Gracias por estar ah\u00ed!<\/strong><\/p>\n\n\n\n<div style=\"height:19px\" aria-hidden=\"true\" class=\"wp-block-spacer\"><\/div>\n\n\n<div class=\"wp-block-image\">\n<figure class=\"aligncenter size-full is-resized\"><img loading=\"lazy\" decoding=\"async\" width=\"1685\" height=\"2464\" src=\"https:\/\/easda.es\/wp-content\/uploads\/2025\/05\/LOGOS_EMPRESAS.png\" alt=\"\" class=\"wp-image-19007\" style=\"width:593px;height:auto\" srcset=\"https:\/\/easda.es\/wp-content\/uploads\/2025\/05\/LOGOS_EMPRESAS.png 1685w, https:\/\/easda.es\/wp-content\/uploads\/2025\/05\/LOGOS_EMPRESAS-205x300.png 205w, https:\/\/easda.es\/wp-content\/uploads\/2025\/05\/LOGOS_EMPRESAS-700x1024.png 700w, https:\/\/easda.es\/wp-content\/uploads\/2025\/05\/LOGOS_EMPRESAS-768x1123.png 768w, https:\/\/easda.es\/wp-content\/uploads\/2025\/05\/LOGOS_EMPRESAS-1050x1536.png 1050w, https:\/\/easda.es\/wp-content\/uploads\/2025\/05\/LOGOS_EMPRESAS-1401x2048.png 1401w\" sizes=\"auto, (max-width: 1685px) 100vw, 1685px\" \/><\/figure>\n<\/div>\n\n\n<div style=\"height:13px\" aria-hidden=\"true\" class=\"wp-block-spacer\"><\/div>\n\n\n\n<p class=\"has-text-color has-link-color wp-elements-4bf03a38c2ed1a7cd43e79e30fe834ed\" style=\"color:#f60f0f\"><strong><strong>\u00bfQuieres formar parte de nuestra red de empresas colaboradoras?<\/strong><\/strong><\/p>\n\n\n\n<p><\/p>\n\n\n\n<p class=\"p1\">El dise\u00f1o en el mundo actual tan competitivo se convierte en el elemento clave que permite a cualquier empresa diferenciarse de sus competidores. Apostar por el dise\u00f1o es invertir en competitividad y en futuro. La EASDA tiene el gran reto de formar a los\/as futuros\/as profesionales del dise\u00f1o en todos los \u00e1mbitos. En este reto necesitamos la colaboraci\u00f3n de las empresas ya que nuestro alumnado debe cumplimentar sus estudios con una fase de formaci\u00f3n pr\u00e1ctica en empresas.<\/p>\n\n\n\n<p class=\"p1\">Esta fase de formaci\u00f3n pr\u00e1ctica, la empresa se encarga de tutorizar al alumnado en su toma de contacto con la realidad empresarial, gui\u00e1ndolo en la aplicaci\u00f3n pr\u00e1ctica de su aprendizaje adquirido en la EASDA y a su vez, permite a las empresas conocer de primera mano la val\u00eda de estos\/as futuros\/as profesionales del dise\u00f1o.<\/p>\n\n\n\n<p>Si est\u00e1s interesado en tener alumnado de la EASDA en pr\u00e1cticas, cumplimenta el siguiente formulario y nos pondremos en contacto: <br><strong><a href=\"https:\/\/forms.office.com\/Pages\/ResponsePage.aspx?id=FBHdc33vx0CGaVadMufim1dHG-CqO-tFiGotQlg8SytUMTM3NFJNWklaQjBKVzJUNEZYMjk3TUY1Ri4u\" target=\"_blank\" rel=\"noreferrer noopener\">Formulario petici\u00f3n alumnos en pr\u00e1cticas<\/a><\/strong><\/p>\n\n\n\n<div style=\"height:8px\" aria-hidden=\"true\" class=\"wp-block-spacer\"><\/div>\n\n\n\n<p><strong>INFORMACI\u00d3N SOBRE LAS TITULACIONES DEL ALUMNADO EN PR\u00c1CTICAS<\/strong><\/p>\n\n\n\n<p>[vc_empty_space height=\u00bb12px\u00bb][vc_wp_custommenu nav_menu=\u00bbEmpresa\u00bb el_class=\u00bbasignaturas\u00bb][\/vc_column_inner][\/vc_row_inner][\/vc_column][\/vc_row]<\/p>\n\n\n<\/p>\n\n\n<p>[vc_row][vc_column][vc_row_inner][vc_column_inner]<div class=\"qodef-section-title-holder  qodef-st-standard qodef-st-title-left qodef-st-normal-space \" >\n\t<div class=\"qodef-st-inner\">\n\t\t\t\t\t<h2 class=\"qodef-st-title\" >\n\t\t\t\tBolsa de trabajo\t\t\t<\/h2>\n\t\t\t\t\t<\/div>\n<\/div>\n\n\n\n<div style=\"height:5px\" aria-hidden=\"true\" class=\"wp-block-spacer\"><\/div>\n\n\n\n<p>La EASDA pone a disposici\u00f3n de las empresas y de los\/as profesionales del dise\u00f1o un espacio de encuentro para las ofertas y demandas de empleo.<\/p>\n\n\n\n<p><a href=\"https:\/\/forms.office.com\/Pages\/ResponsePage.aspx?id=FBHdc33vx0CGaVadMufim1dHG-CqO-tFiGotQlg8SytUMjZIWDNRSDVSVU5PTE8xT0Q3SFNHSFNCUi4u\" target=\"_blank\" rel=\"noreferrer noopener\"><strong>Formulario oferta empresas<\/strong><\/a><\/p>\n\n\n\n<p><\/p>\n\n\n\n<p><\/p>\n\n\n\n<p><\/p>\n","protected":false},"excerpt":{"rendered":"<p>[vc_row][vc_column][vc_row_inner][vc_column_inner] Aportando Dise\u00f1o Dossier Pr\u00e1cticas Acad\u00e9micas Externas Empresas que lo hacen posible Aliadas que brindan la oportunidad a nuestro alumnado acogiendo pr\u00e1cticas formativas. Empresas e instituciones comprometidas con el dise\u00f1o, la comunicaci\u00f3n y el arte, donde nuestros y nuestras estudiantes [&hellip;]<\/p>\n","protected":false},"author":8,"featured_media":0,"parent":0,"menu_order":0,"comment_status":"closed","ping_status":"closed","template":"","meta":{"footnotes":""},"class_list":["post-18249","page","type-page","status-publish","hentry"],"_links":{"self":[{"href":"https:\/\/easda.es\/index.php?rest_route=\/wp\/v2\/pages\/18249","targetHints":{"allow":["GET"]}}],"collection":[{"href":"https:\/\/easda.es\/index.php?rest_route=\/wp\/v2\/pages"}],"about":[{"href":"https:\/\/easda.es\/index.php?rest_route=\/wp\/v2\/types\/page"}],"author":[{"embeddable":true,"href":"https:\/\/easda.es\/index.php?rest_route=\/wp\/v2\/users\/8"}],"replies":[{"embeddable":true,"href":"https:\/\/easda.es\/index.php?rest_route=%2Fwp%2Fv2%2Fcomments&post=18249"}],"version-history":[{"count":45,"href":"https:\/\/easda.es\/index.php?rest_route=\/wp\/v2\/pages\/18249\/revisions"}],"predecessor-version":[{"id":20893,"href":"https:\/\/easda.es\/index.php?rest_route=\/wp\/v2\/pages\/18249\/revisions\/20893"}],"wp:attachment":[{"href":"https:\/\/easda.es\/index.php?rest_route=%2Fwp%2Fv2%2Fmedia&parent=18249"}],"curies":[{"name":"wp","href":"https:\/\/api.w.org\/{rel}","templated":true}]}}