{"id":18243,"date":"2025-03-11T13:53:58","date_gmt":"2025-03-11T12:53:58","guid":{"rendered":"https:\/\/easda.es\/?page_id=18243"},"modified":"2026-02-26T09:20:22","modified_gmt":"2026-02-26T08:20:22","slug":"empresa_ciclos","status":"publish","type":"page","link":"https:\/\/easda.es\/?page_id=18243","title":{"rendered":"Empresa_Ciclos"},"content":{"rendered":"\n<figure class=\"wp-block-image size-full\"><img loading=\"lazy\" decoding=\"async\" width=\"1024\" height=\"510\" src=\"https:\/\/easda.es\/wp-content\/uploads\/2022\/03\/empresa.jpg\" alt=\"\" class=\"wp-image-12007\" srcset=\"https:\/\/easda.es\/wp-content\/uploads\/2022\/03\/empresa.jpg 1024w, https:\/\/easda.es\/wp-content\/uploads\/2022\/03\/empresa-300x149.jpg 300w, https:\/\/easda.es\/wp-content\/uploads\/2022\/03\/empresa-768x383.jpg 768w\" sizes=\"auto, (max-width: 1024px) 100vw, 1024px\" \/><\/figure>\n\n\n\n<div style=\"height:19px\" aria-hidden=\"true\" class=\"wp-block-spacer\"><\/div>\n\n\n<p>[vc_row][vc_column][vc_row_inner][vc_column_inner]<div class=\"qodef-section-title-holder  qodef-st-standard qodef-st-title-left qodef-st-normal-space \" >\n\t<div class=\"qodef-st-inner\">\n\t\t\t\t\t<h2 class=\"qodef-st-title\" >\n\t\t\t\tEmpresa\t\t\t<\/h2>\n\t\t\t\t\t<\/div>\n<\/div>\n<div style=\"height:20px\" aria-hidden=\"true\" class=\"wp-block-spacer\"><\/div>\n\n\n\n<p class=\"has-text-color has-link-color wp-elements-caf8ccfbd030f3740cecc9f45265b9ca\" style=\"color:#ea1515\"><strong>Formaci\u00f3n en Centros de Trabajo&nbsp;&nbsp;<\/strong><\/p>\n\n\n\n<p>La Formaci\u00f3n en Centros de Trabajo (FCT) es un m\u00f3dulo profesional de formaci\u00f3n obligatorio que se cursa en todos los ciclos tanto de <strong>grado medio <\/strong>como de <strong>grado superior <\/strong>y que se desarrolla en la empresa.<\/p>\n\n\n\n<p>Como regla general, se deber\u00e1 realizar, una vez superado como m\u00ednimo el 85%\u00a0de los m\u00f3dulos\u00a0 profesionales del ciclo formativo antes de presentar su Proyecto Integrado u Obra Final.<\/p>\n\n\n\n<p>La FCT no tiene car\u00e1cter laboral ni relaci\u00f3n becaria, los alumnos que lo cursan contin\u00faan siendo estudiantes matriculados en la EASDA.<\/p>\n\n\n\n<p>Estas pr\u00e1cticas permitir\u00e1n al alumnado:<\/p>\n\n\n\n<p>1.Aplicar los conocimientos adquiridos en el centro educativo en un medio real de trabajo.<\/p>\n\n\n\n<p>2. Completar su cualificaci\u00f3n profesional mediante el conocimiento de procesos y procedimientos reales de trabajo.<\/p>\n\n\n\n<p>3. Acercarse y adaptarse al mundo laboral.<\/p>\n\n\n\n<div style=\"height:16px\" aria-hidden=\"true\" class=\"wp-block-spacer\"><\/div>\n\n\n\n<p class=\"p1 has-text-color has-link-color wp-elements-1f189971034c8d90c88aa6ee02f22aa3\" style=\"color:#ea1515\"><strong>Ciclos Formativos&nbsp;&nbsp;&nbsp;<\/strong><\/p>\n\n\n\n<figure class=\"wp-block-table is-style-regular\"><table class=\"has-fixed-layout\"><tbody><tr><td><p style=\"text-align: left;\"><strong>Especialidad<\/strong><\/p><\/td><td><p style=\"text-align: center;\"><strong>Duraci\u00f3n<\/strong><\/p><\/td><td><p style=\"text-align: center;\"><strong>Periodo<\/strong><\/p><\/td><\/tr><tr><td><p style=\"text-align: left;\">Ciclo Superior Fotograf\u00eda<\/p><\/td><td><p style=\"text-align: center;\">150 horas<\/p><\/td><td><p style=\"text-align: center;\">Abril &#8211; Junio<\/p><\/td><\/tr><tr><td><p style=\"text-align: left;\">Ciclo Superior Gr\u00e1fica Publicitaria<\/p><\/td><td><p style=\"text-align: center;\">150 horas<\/p><\/td><td><p style=\"text-align: center;\">Abril &#8211; Junio<\/p><\/td><\/tr><tr><td><p style=\"text-align: left;\">Ciclo Superior Ilustraci\u00f3n<\/p><\/td><td><p style=\"text-align: center;\">150 horas<\/p><\/td><td><p style=\"text-align: center;\">Abril &#8211; Junio<\/p><\/td><\/tr><tr><td><p style=\"text-align: left;\">Ciclo Superior Proyectos y Direcci\u00f3n de Obras de Decoraci\u00f3n<\/p><\/td><td><p style=\"text-align: center;\">50 horas<\/p><\/td><td><p style=\"text-align: center;\">Septiembre &#8211; Junio<\/p><\/td><\/tr><tr><td><p style=\"text-align: left;\">Ciclo Superior de Cer\u00e1mica Art\u00edstica<\/p><\/td><td><p style=\"text-align: center;\">100 horas<\/p><\/td><td><p style=\"text-align: center;\">Abril &#8211; Junio<\/p><\/td><\/tr><tr><td><p style=\"text-align: left;\">Ciclo Medio de Asistencia al Producto Gr\u00e1fico Interactivo<\/p><\/td><td><p style=\"text-align: center;\">100 horas<\/p><\/td><td><p style=\"text-align: center;\">Abril &#8211; Junio<\/p><\/td><\/tr><\/tbody><\/table><\/figure>\n\n\n\n<p>Contacto:&nbsp;<a href=\"mailto:fct@easda.es\"><\/a><strong><a href=\"mailto:easdalacant.fct@iseacv.gva.es\"><strong>easdalacant.fct@iseacv.gva.es<\/strong><\/a><\/strong><\/p>\n\n\n\n<div style=\"height:29px\" aria-hidden=\"true\" class=\"wp-block-spacer\"><\/div>\n\n\n\n<p class=\"has-text-color has-link-color wp-elements-0ae3956387c7136969ca97793a410e0e\" style=\"color:#ea1515\"><strong>Seguimiento de las pr\u00e1cticas<\/strong><\/p>\n\n\n\n<p><strong>En la EASDA<\/strong>: el tutor de pr\u00e1cticas del ciclo formativo correspondiente.<\/p>\n\n\n\n<p><strong>En la empresa<\/strong>: el instructor (responsable en la empresa) que coordinar\u00e1 con el tutor de pr\u00e1cticas de la EASDA.<\/p>\n\n\n\n<p>Los documentos de seguimiento del alumno se cumplimentar\u00e1n a trav\u00e9s de la plataforma SA\u00d3 de la Conselleria de Educaci\u00f3n. Incluyen todos los datos de la EASDA, la empresa y el alumno, as\u00ed como, la evaluaci\u00f3n de las pr\u00e1cticas que se realicen en la empresa.<\/p>\n\n\n\n<p>Los alumnos deber\u00e1n realizar tutor\u00edas para el seguimiento de las pr\u00e1cticas por parte del tutor. El tutor y el instructor de la empresa mantendr\u00e1n entrevistas peri\u00f3dicas para realizar el seguimiento de la actividad del alumno.<\/p>\n\n\n\n<div style=\"height:13px\" aria-hidden=\"true\" class=\"wp-block-spacer\"><\/div>\n\n\n\n<p class=\"has-text-color has-link-color wp-elements-beb9e194eba054e911d77c954fd2495f\" style=\"color:#636363\"><strong>Jefatura del Departamento de FTC:\u00a0<\/strong> <a href=\"mailto:am.fustermari@iseacv.gva.es\">Ana Fuster Mar\u00ed<\/a>\u00a0<br><\/p>\n\n\n\n<div style=\"height:32px\" aria-hidden=\"true\" class=\"wp-block-spacer\"><\/div>\n\n\n\n<p class=\"has-text-color has-link-color wp-elements-17f79d642d2b7cc1b21108e4f2d86708\" style=\"color:#ea1515\"><\/p>\n\n\n\n<p class=\"has-text-color has-link-color wp-elements-412702b192ab6f9e43518e55f9ae4fb5\" style=\"color:#ea1515\"><strong>Enlaces a la informaci\u00f3n FCT (Conselleria de Educaci\u00f3n):<\/strong><\/p>\n\n\n\n<p>. Normativa sobre FCT (Anexos)<\/p>\n\n\n\n<figure class=\"wp-block-image is-resized\"><a href=\"https:\/\/ceice.gva.es\/es\/web\/formacion-profesional\/formacio-en-empresa-fct-i-dual\" target=\"_blank\" rel=\"noreferrer noopener\"><img loading=\"lazy\" decoding=\"async\" width=\"168\" height=\"35\" src=\"https:\/\/easda.es\/wp-content\/uploads\/2019\/02\/FCTi.jpg\" alt=\"\" class=\"wp-image-6314\" style=\"width:190px;height:auto\"\/><\/a><\/figure>\n\n\n\n<div style=\"height:13px\" aria-hidden=\"true\" class=\"wp-block-spacer\"><\/div>\n\n\n\n<p>. Acceso a SA\u00d3 (plataforma para realizar el seguimiento on-line de las pr\u00e1cticas)<a href=\"https:\/\/fct.edu.gva.es\/\" target=\"_blank\" rel=\"noreferrer noopener\"><\/a><\/p>\n\n\n\n<figure class=\"wp-block-image is-resized\"><a href=\"https:\/\/fct.edu.gva.es\/\" target=\"_blank\" rel=\"noreferrer noopener\"><img loading=\"lazy\" decoding=\"async\" width=\"300\" height=\"166\" src=\"http:\/\/easda.es\/wp\/wp-content\/uploads\/2019\/02\/logo_sao-300x166.png\" alt=\"\" class=\"wp-image-6316\" style=\"aspect-ratio:1.8073089700996678;width:192px;height:auto\" srcset=\"https:\/\/easda.es\/wp-content\/uploads\/2019\/02\/logo_sao-300x166.png 300w, https:\/\/easda.es\/wp-content\/uploads\/2019\/02\/logo_sao.png 306w\" sizes=\"auto, (max-width: 300px) 100vw, 300px\" \/><\/a><\/figure>\n\n\n\n<div style=\"height:13px\" aria-hidden=\"true\" class=\"wp-block-spacer\"><\/div>\n\n\n\n<p><a href=\"http:\/\/easda.es\/wp\/wp-content\/uploads\/2019\/02\/FCT_PreguntFrecuentes_EASDA.pdf\" target=\"_blank\" rel=\"noreferrer noopener\">Preguntas frecuentes<\/a><\/p>\n","protected":false},"excerpt":{"rendered":"<p>[vc_row][vc_column][vc_row_inner][vc_column_inner] Formaci\u00f3n en Centros de Trabajo&nbsp;&nbsp; La Formaci\u00f3n en Centros de Trabajo (FCT) es un m\u00f3dulo profesional de formaci\u00f3n obligatorio que se cursa en todos los ciclos tanto de grado medio como de grado superior y que se desarrolla en [&hellip;]<\/p>\n","protected":false},"author":8,"featured_media":0,"parent":0,"menu_order":0,"comment_status":"closed","ping_status":"closed","template":"","meta":{"footnotes":""},"class_list":["post-18243","page","type-page","status-publish","hentry"],"_links":{"self":[{"href":"https:\/\/easda.es\/index.php?rest_route=\/wp\/v2\/pages\/18243","targetHints":{"allow":["GET"]}}],"collection":[{"href":"https:\/\/easda.es\/index.php?rest_route=\/wp\/v2\/pages"}],"about":[{"href":"https:\/\/easda.es\/index.php?rest_route=\/wp\/v2\/types\/page"}],"author":[{"embeddable":true,"href":"https:\/\/easda.es\/index.php?rest_route=\/wp\/v2\/users\/8"}],"replies":[{"embeddable":true,"href":"https:\/\/easda.es\/index.php?rest_route=%2Fwp%2Fv2%2Fcomments&post=18243"}],"version-history":[{"count":23,"href":"https:\/\/easda.es\/index.php?rest_route=\/wp\/v2\/pages\/18243\/revisions"}],"predecessor-version":[{"id":20770,"href":"https:\/\/easda.es\/index.php?rest_route=\/wp\/v2\/pages\/18243\/revisions\/20770"}],"wp:attachment":[{"href":"https:\/\/easda.es\/index.php?rest_route=%2Fwp%2Fv2%2Fmedia&parent=18243"}],"curies":[{"name":"wp","href":"https:\/\/api.w.org\/{rel}","templated":true}]}}