{"id":18237,"date":"2025-03-11T13:58:52","date_gmt":"2025-03-11T12:58:52","guid":{"rendered":"https:\/\/easda.es\/?page_id=18237"},"modified":"2026-01-30T11:25:02","modified_gmt":"2026-01-30T10:25:02","slug":"empresa_postgrados","status":"publish","type":"page","link":"https:\/\/easda.es\/?page_id=18237","title":{"rendered":"Empresa_PostGrados"},"content":{"rendered":"\n<figure class=\"wp-block-image size-full\"><img loading=\"lazy\" decoding=\"async\" width=\"1024\" height=\"510\" src=\"https:\/\/easda.es\/wp-content\/uploads\/2022\/03\/empresa.jpg\" alt=\"\" class=\"wp-image-12007\" srcset=\"https:\/\/easda.es\/wp-content\/uploads\/2022\/03\/empresa.jpg 1024w, https:\/\/easda.es\/wp-content\/uploads\/2022\/03\/empresa-300x149.jpg 300w, https:\/\/easda.es\/wp-content\/uploads\/2022\/03\/empresa-768x383.jpg 768w\" sizes=\"auto, (max-width: 1024px) 100vw, 1024px\" \/><\/figure>\n\n\n\n<div style=\"height:19px\" aria-hidden=\"true\" class=\"wp-block-spacer\"><\/div>\n\n\n<p>[vc_row][vc_column][vc_row_inner][vc_column_inner]<div class=\"qodef-section-title-holder  qodef-st-standard qodef-st-title-left qodef-st-normal-space \" >\n\t<div class=\"qodef-st-inner\">\n\t\t\t\t\t<h2 class=\"qodef-st-title\" >\n\t\t\t\tEmpresa\t\t\t<\/h2>\n\t\t\t\t\t<\/div>\n<\/div>\n<p>&nbsp;<\/p>\n\n\n<p class=\"p1\"><strong>ESTUDIOS POSTGRADO<\/strong><\/p>\n\n\n\n<figure class=\"wp-block-table\"><table class=\"has-fixed-layout\"><tbody><tr><td><p style=\"text-align: left;\"><strong>Especialidad<\/strong><\/p><\/td><td><p><strong>Duraci\u00f3n<\/strong><\/p><\/td><td><p style=\"text-align: center;\"><strong>Periodo<\/strong><\/p><\/td><\/tr><tr><td><p style=\"text-align: left;\">M\u00e1ster en Arte y Dise\u00f1o para Realidades Extendidas y Videojuegos<\/p><\/td><td><p style=\"text-align: center;\">200 horas<\/p><\/td><td><p style=\"text-align: center;\">Marzo &#8211; Junio<\/p><\/td><\/tr><\/tbody><\/table><\/figure>\n\n\n\n<p>Contacto:\u00a0<a href=\"mailto:easdalacant.pae@iseacv.gva.es\"><strong>easdalacant.pae@iseacv.gva.es<\/strong><\/a><\/p>\n\n\n\n<p><\/p>\n\n\n<\/p>\n\n\n<p><\/p>\n","protected":false},"excerpt":{"rendered":"<p>[vc_row][vc_column][vc_row_inner][vc_column_inner] &nbsp; ESTUDIOS POSTGRADO Especialidad Duraci\u00f3n Periodo M\u00e1ster en Arte y Dise\u00f1o para Realidades Extendidas y Videojuegos 200 horas Marzo &#8211; Junio Contacto:\u00a0easdalacant.pae@iseacv.gva.es<\/p>\n","protected":false},"author":8,"featured_media":0,"parent":0,"menu_order":0,"comment_status":"closed","ping_status":"closed","template":"","meta":{"footnotes":""},"class_list":["post-18237","page","type-page","status-publish","hentry"],"_links":{"self":[{"href":"https:\/\/easda.es\/index.php?rest_route=\/wp\/v2\/pages\/18237","targetHints":{"allow":["GET"]}}],"collection":[{"href":"https:\/\/easda.es\/index.php?rest_route=\/wp\/v2\/pages"}],"about":[{"href":"https:\/\/easda.es\/index.php?rest_route=\/wp\/v2\/types\/page"}],"author":[{"embeddable":true,"href":"https:\/\/easda.es\/index.php?rest_route=\/wp\/v2\/users\/8"}],"replies":[{"embeddable":true,"href":"https:\/\/easda.es\/index.php?rest_route=%2Fwp%2Fv2%2Fcomments&post=18237"}],"version-history":[{"count":11,"href":"https:\/\/easda.es\/index.php?rest_route=\/wp\/v2\/pages\/18237\/revisions"}],"predecessor-version":[{"id":20373,"href":"https:\/\/easda.es\/index.php?rest_route=\/wp\/v2\/pages\/18237\/revisions\/20373"}],"wp:attachment":[{"href":"https:\/\/easda.es\/index.php?rest_route=%2Fwp%2Fv2%2Fmedia&parent=18237"}],"curies":[{"name":"wp","href":"https:\/\/api.w.org\/{rel}","templated":true}]}}