{"id":17207,"date":"2024-10-03T12:50:25","date_gmt":"2024-10-03T10:50:25","guid":{"rendered":"https:\/\/easda.es\/?page_id=17207"},"modified":"2024-10-03T12:53:32","modified_gmt":"2024-10-03T10:53:32","slug":"moda-y-deporte-productos-para-la-practica-deportiva","status":"publish","type":"page","link":"https:\/\/easda.es\/?page_id=17207","title":{"rendered":"Moda y deporte. Productos para la pr\u00e1ctica deportiva"},"content":{"rendered":"<p>[vc_row][vc_column]<div class=\"avt_masterslider_el \" >\n\t\t<!-- MasterSlider -->\n\t\t<div id=\"P_MS69f393838957a\" class=\"master-slider-parent msl ms-parent-id-66\" style=\"max-width:800px;\">\n\n\t\t\t\n\t\t\t<!-- MasterSlider Main -->\n\t\t\t<div id=\"MS69f393838957a\" class=\"master-slider ms-skin-default\" >\n\t\t\t\t \t\t\t\t \n\t\t\t\t<div  class=\"ms-slide\" data-delay=\"3\" data-fill-mode=\"fill\"  >\n\t\t\t\t\t<img decoding=\"async\" src=\"https:\/\/easda.es\/wp-content\/plugins\/master-slider\/public\/assets\/css\/blank.gif\" alt=\"\" title=\"\" data-src=\"https:\/\/easda.es\/wp-content\/uploads\/2024\/10\/Masterslider_ModayComplementos_2.jpg\" \/>\n\n\n\t<div class=\"ms-thumb\" ><div class=\"ms-tab-context\"><div class=\"&quot;ms-tab-context&quot;\"><\/div><\/div>\n<\/div>\n\t\t\t\t<\/div>\n\t\t\t\t<div  class=\"ms-slide\" data-delay=\"3\" data-fill-mode=\"fill\"  >\n\t\t\t\t\t<img decoding=\"async\" src=\"https:\/\/easda.es\/wp-content\/plugins\/master-slider\/public\/assets\/css\/blank.gif\" alt=\"\" title=\"\" data-src=\"https:\/\/easda.es\/wp-content\/uploads\/2024\/10\/Masterslider_ModayComplementos.jpg\" \/>\n\n\n\t<div class=\"ms-thumb\" ><div class=\"ms-tab-context\"><div class=\"&quot;ms-tab-context&quot;\"><\/div><\/div>\n<\/div>\n\t\t\t\t<\/div>\n\n\t\t\t<\/div>\n\t\t\t<!-- END MasterSlider Main -->\n\n\t\t\t \n\t\t<\/div>\n\t\t<!-- END MasterSlider -->\n\n\t\t<script>\n\t\t(function ( $ ) {\n\t\t\t\"use strict\";\n\n\t\t\t$(function () {\n\t\t\t\tvar masterslider_957a = new MasterSlider();\n\n\t\t\t\t\/\/ slider controls\n\n\t\t\t\t\/\/ slider setup\n\t\t\t\tmasterslider_957a.setup(\"MS69f393838957a\", {\n\t\t\t\t\t\twidth           : 1200,\n\t\t\t\t\t\theight          : 600,\n\t\t\t\t\t\tminHeight       : 0,\n\t\t\t\t\t\tspace           : 0,\n\t\t\t\t\t\tstart           : 1,\n\t\t\t\t\t\tgrabCursor      : true,\n\t\t\t\t\t\tswipe           : true,\n\t\t\t\t\t\tmouse           : true,\n\t\t\t\t\t\tlayout          : \"boxed\",\n\t\t\t\t\t\twheel           : false,\n\t\t\t\t\t\tautoplay        : true,\n\t\t\t\t\t\tinstantStartLayers:false,\n\t\t\t\t\t\tloop            : true,\n\t\t\t\t\t\tshuffle         : false,\n\t\t\t\t\t\tpreload         : 0,\n\t\t\t\t\t\theightLimit     : true,\n\t\t\t\t\t\tautoHeight      : false,\n\t\t\t\t\t\tsmoothHeight    : true,\n\t\t\t\t\t\tendPause        : false,\n\t\t\t\t\t\toverPause       : false,\n\t\t\t\t\t\tfillMode        : \"fill\",\n\t\t\t\t\t\tcenterControls  : true,\n\t\t\t\t\t\tstartOnAppear   : false,\n\t\t\t\t\t\tlayersMode      : \"center\",\n\t\t\t\t\t\thideLayers      : false,\n\t\t\t\t\t\tfullscreenMargin: 0,\n\t\t\t\t\t\tspeed           : 20,\n\t\t\t\t\t\tdir             : \"h\",\n\t\t\t\t\t\tparallaxMode    : 'swipe',\n\t\t\t\t\t\tview            : \"fade\"\n\t\t\t\t});\n\n\t\t\t\t\n\t\t\t\twindow.masterslider_instances = window.masterslider_instances || [];\n\t\t\t\twindow.masterslider_instances.push( masterslider_957a );\n\t\t\t });\n\n\t\t})(jQuery);\n\t\t<\/script>\n\n<\/div>[vc_empty_space]<div class=\"qodef-section-title-holder  qodef-st-standard qodef-st-title-left qodef-st-normal-space \" >\n\t<div class=\"qodef-st-inner\">\n\t\t\t\t\t<h2 class=\"qodef-st-title\" >\n\t\t\t\tModa y deporte. Productos para la pr\u00e1ctica deportiva\t\t\t<\/h2>\n\t\t\t\t\t<\/div>\n<\/div>[vc_empty_space][vc_column_text]<\/p>\n<p>La optativa Moda y deporte introduce al alumnado en la creaci\u00f3n y desarrollo de proyectos de moda deportiva. Los proyectos estar\u00e1n inspirados en pr\u00e1cticas deportivas y objetos, dentro de par\u00e1metros que condicionan su uso, investigando tendencias y buscando soluciones innovadoras en distintos nichos de mercado.Se combinan contenidos te\u00f3ricos, t\u00e9cnicos y pr\u00e1cticos para dise\u00f1ar complementos de moda deportiva, aplicando una metodolog\u00eda proyectual.<\/p>\n<h5><strong>Contenidos<\/strong><\/h5>\n<p><strong>Introducci\u00f3n<\/strong><\/p>\n<p>&#8211; Deporte y moda. Historia. Dise\u00f1adores y firmas importantes<\/p>\n<p>&#8211; Tipos de productos y tipos de deportes<\/p>\n<p>&#8211; Condicionantes. Forma y funci\u00f3n<\/p>\n<p>&#8211; Sostenibilidad<\/p>\n<p><strong>Proyecto de dise\u00f1o: Fase de investigaci\u00f3n<\/strong><\/p>\n<p>&#8211; Briefing<\/p>\n<p>&#8211; Marcas<\/p>\n<p>&#8211; Tendencias<\/p>\n<p>&#8211; Bases del producto deportivo. Patronaje y creaci\u00f3n<\/p>\n<p><strong>Fase creativa<\/strong><\/p>\n<p>&#8211; Concepto de colecci\u00f3n<\/p>\n<p>&#8211; Inspiraci\u00f3n. Referentes<\/p>\n<p>&#8211; Estudio del color<\/p>\n<p>&#8211; Materiales. Fornituras. Condicionantes<\/p>\n<p>&#8211; Panel de c\u00f3digos estil\u00edsticos<\/p>\n<p>&#8211; Bocetos<\/p>\n<p><strong>Fase de definici\u00f3n de los dise\u00f1os<\/strong><\/p>\n<p>&#8211; Carta de color<\/p>\n<p>&#8211; Carta de materiales<\/p>\n<p>&#8211; Esquema definitivo de la colecci\u00f3n<\/p>\n<p>Bloque 5. Fase t\u00e9cnica<\/p>\n<p>&#8211; Planificaci\u00f3n de la viabilidad constructiva<\/p>\n<p>&#8211; Patronaje. Industrializaci\u00f3n<\/p>\n<p>&#8211; Prototipado<\/p>\n<p>&#8211; Ficha general del modelo<\/p>\n<p><strong>Fase de comunicaci\u00f3n del proyecto<\/strong><\/p>\n<p>&#8211; Memoria justificativa.<\/p>\n<p>&#8211; Presentaci\u00f3n del proyecto<\/p>\n<h5><strong>Resultados de aprendizaje<\/strong><\/h5>\n<ul>\n<li>Descubrir los factores condicionantes y determinantes de la indumentaria deportiva. Orientaci\u00f3n en tareas de documentaci\u00f3n e investigaci\u00f3n y desarrollo de la metodolog\u00eda de la creaci\u00f3n de productos en este \u00e1mbito.<\/li>\n<li>Conocer e identificar los diferentes tipos de complementos deportivos. Evaluar la viabilidad productiva de los dise\u00f1os.<\/li>\n<li>Mediante los conocimientos de los sistemas de construcci\u00f3n de piezas, asegurar una mejor interpretaci\u00f3n de los dise\u00f1os potenciando la creatividad, la reflexi\u00f3n y la cr\u00edtica. Resolver sucesivas problem\u00e1ticas previstas e imprevistas en el desarrollo de un proyecto.<\/li>\n<li>Elaborar piezas volum\u00e9tricas utilizando adecuadamente las propiedades f\u00edsicas, expresivas y constructivas de los materiales y los recursos t\u00e9cnicos m\u00e1s apropiados.<\/li>\n<li>Saber representar y comunicar adecuadamente los productos deportivos. Optimizar las actitudes t\u00e9cnicas del alumnado para el desarrollo del proyecto.<\/li>\n<\/ul>\n<h5><strong>Imparte la asignatura<\/strong><\/h5>\n<p>Curso escolar 2024\/2025: Manuela Hern\u00e1ndez<\/p>\n<p>[\/vc_column_text][\/vc_column][\/vc_row]<\/p>\n","protected":false},"excerpt":{"rendered":"<p>[vc_row][vc_column][vc_empty_space][vc_empty_space][vc_column_text] La optativa Moda y deporte introduce al alumnado en la creaci\u00f3n y desarrollo de proyectos de moda deportiva. Los proyectos estar\u00e1n inspirados en pr\u00e1cticas deportivas y objetos, dentro de par\u00e1metros que condicionan su uso, investigando tendencias y buscando soluciones [&hellip;]<\/p>\n","protected":false},"author":8,"featured_media":0,"parent":0,"menu_order":0,"comment_status":"closed","ping_status":"closed","template":"","meta":{"footnotes":""},"class_list":["post-17207","page","type-page","status-publish","hentry"],"_links":{"self":[{"href":"https:\/\/easda.es\/index.php?rest_route=\/wp\/v2\/pages\/17207","targetHints":{"allow":["GET"]}}],"collection":[{"href":"https:\/\/easda.es\/index.php?rest_route=\/wp\/v2\/pages"}],"about":[{"href":"https:\/\/easda.es\/index.php?rest_route=\/wp\/v2\/types\/page"}],"author":[{"embeddable":true,"href":"https:\/\/easda.es\/index.php?rest_route=\/wp\/v2\/users\/8"}],"replies":[{"embeddable":true,"href":"https:\/\/easda.es\/index.php?rest_route=%2Fwp%2Fv2%2Fcomments&post=17207"}],"version-history":[{"count":5,"href":"https:\/\/easda.es\/index.php?rest_route=\/wp\/v2\/pages\/17207\/revisions"}],"predecessor-version":[{"id":17218,"href":"https:\/\/easda.es\/index.php?rest_route=\/wp\/v2\/pages\/17207\/revisions\/17218"}],"wp:attachment":[{"href":"https:\/\/easda.es\/index.php?rest_route=%2Fwp%2Fv2%2Fmedia&parent=17207"}],"curies":[{"name":"wp","href":"https:\/\/api.w.org\/{rel}","templated":true}]}}