{"id":15993,"date":"2024-04-18T13:44:01","date_gmt":"2024-04-18T11:44:01","guid":{"rendered":"https:\/\/easda.es\/?page_id=15993"},"modified":"2025-04-09T20:49:16","modified_gmt":"2025-04-09T18:49:16","slug":"the-art-of-protection","status":"publish","type":"page","link":"https:\/\/easda.es\/?page_id=15993","title":{"rendered":"The Art of Protection"},"content":{"rendered":"<p>[vc_row gap=\u00bb30&#8243;][vc_column][vc_row_inner][vc_column_inner]<div class=\"qodef-section-title-holder  qodef-st-standard qodef-st-title-left qodef-st-normal-space \" >\n\t<div class=\"qodef-st-inner\">\n\t\t\t\t\t<h2 class=\"qodef-st-title\" >\n\t\t\t\tThe Art of Protection\t\t\t<\/h2>\n\t\t\t\t\t<\/div>\n<\/div>[vc_empty_space height=\u00bb24px\u00bb][vc_column_text]<\/p>\n\n<div class=\"wp-block-image\">\n<figure class=\"aligncenter size-large is-resized\"><img loading=\"lazy\" decoding=\"async\" width=\"1024\" height=\"512\" src=\"https:\/\/easda.es\/wp-content\/uploads\/2024\/04\/ElArteDeProteccion-1024x512.jpg\" alt=\"\" class=\"wp-image-16017\" style=\"width:831px;height:auto\" srcset=\"https:\/\/easda.es\/wp-content\/uploads\/2024\/04\/ElArteDeProteccion-1024x512.jpg 1024w, https:\/\/easda.es\/wp-content\/uploads\/2024\/04\/ElArteDeProteccion-300x150.jpg 300w, https:\/\/easda.es\/wp-content\/uploads\/2024\/04\/ElArteDeProteccion-768x384.jpg 768w, https:\/\/easda.es\/wp-content\/uploads\/2024\/04\/ElArteDeProteccion-1100x550.jpg 1100w, https:\/\/easda.es\/wp-content\/uploads\/2024\/04\/ElArteDeProteccion.jpg 1200w\" sizes=\"auto, (max-width: 1024px) 100vw, 1024px\" \/><\/figure>\n<\/div>\n\n\n<div style=\"height:15px\" aria-hidden=\"true\" class=\"wp-block-spacer\"><\/div>\n\n\n\n<p><span style=\"color: #333333;\">La monetizaci\u00f3n de la cultura es esencial para su impacto en la sociedad. El dise\u00f1o no solo es forma y funci\u00f3n, sino tambi\u00e9n una poderosa oportunidad de negocio y desarrollo. Sin embargo, la falta de protecci\u00f3n legal obstaculiza su crecimiento.<\/span><\/p>\n\n\n\n<p><span style=\"color: #333333;\">Con el proyecto <strong>\u201cEl arte de la protecci\u00f3n\u201d<\/strong>, la Escuela de Arte y Superior de Dise\u00f1o de Alicante explora c\u00f3mo la propiedad intelectual puede impulsar la creaci\u00f3n de empresas promoviendo el trabajo digno entre artistas y dise\u00f1adores. Colaboramos con universidades de pa\u00edses en desarrollo como Senegal, Uzbekist\u00e1n y Nepal, recopilando datos y proponiendo soluciones para salvaguardar la creatividad.<\/span><\/p>\n\n\n\n<p><span style=\"color: #333333;\">Ense\u00f1amos a nuestro alumnado la importancia de esta materia en el dise\u00f1o, prepar\u00e1ndolo para afrontar los retos del mundo profesional. \u00danete a nosotros en este emocionante viaje para impulsar la creatividad y el emprendimiento a trav\u00e9s del dise\u00f1o. \u00a1Dentro y fuera de Europa! <\/span><\/p>\n\n\n\n<figure class=\"wp-block-video\"><video controls src=\"https:\/\/easda.es\/EASD\/videos\/art_of_protection_EUIPO_2024.mp4\"><\/video><\/figure>\n\n\n\n<p><\/p>\n","protected":false},"excerpt":{"rendered":"<p>[vc_row gap=\u00bb30&#8243;][vc_column][vc_row_inner][vc_column_inner][vc_empty_space height=\u00bb24px\u00bb][vc_column_text] La monetizaci\u00f3n de la cultura es esencial para su impacto en la sociedad. El dise\u00f1o no solo es forma y funci\u00f3n, sino tambi\u00e9n una poderosa oportunidad de negocio y desarrollo. Sin embargo, la falta de protecci\u00f3n legal [&hellip;]<\/p>\n","protected":false},"author":8,"featured_media":0,"parent":2796,"menu_order":0,"comment_status":"closed","ping_status":"closed","template":"","meta":{"footnotes":""},"class_list":["post-15993","page","type-page","status-publish","hentry"],"_links":{"self":[{"href":"https:\/\/easda.es\/index.php?rest_route=\/wp\/v2\/pages\/15993","targetHints":{"allow":["GET"]}}],"collection":[{"href":"https:\/\/easda.es\/index.php?rest_route=\/wp\/v2\/pages"}],"about":[{"href":"https:\/\/easda.es\/index.php?rest_route=\/wp\/v2\/types\/page"}],"author":[{"embeddable":true,"href":"https:\/\/easda.es\/index.php?rest_route=\/wp\/v2\/users\/8"}],"replies":[{"embeddable":true,"href":"https:\/\/easda.es\/index.php?rest_route=%2Fwp%2Fv2%2Fcomments&post=15993"}],"version-history":[{"count":24,"href":"https:\/\/easda.es\/index.php?rest_route=\/wp\/v2\/pages\/15993\/revisions"}],"predecessor-version":[{"id":18521,"href":"https:\/\/easda.es\/index.php?rest_route=\/wp\/v2\/pages\/15993\/revisions\/18521"}],"up":[{"embeddable":true,"href":"https:\/\/easda.es\/index.php?rest_route=\/wp\/v2\/pages\/2796"}],"wp:attachment":[{"href":"https:\/\/easda.es\/index.php?rest_route=%2Fwp%2Fv2%2Fmedia&parent=15993"}],"curies":[{"name":"wp","href":"https:\/\/api.w.org\/{rel}","templated":true}]}}