{"id":15803,"date":"2024-03-11T13:27:53","date_gmt":"2024-03-11T12:27:53","guid":{"rendered":"https:\/\/easda.es\/?page_id=15803"},"modified":"2025-09-10T11:04:49","modified_gmt":"2025-09-10T09:04:49","slug":"posicionamiento-seo-y-sem-y-gestion-de-redes-sociales","status":"publish","type":"page","link":"https:\/\/easda.es\/?page_id=15803","title":{"rendered":"Posicionamiento SEO y SEM y Gesti\u00f3n de Redes Sociales"},"content":{"rendered":"<p>[vc_row][vc_column]<div class=\"avt_masterslider_el \" >\n\t\t<!-- MasterSlider -->\n\t\t<div id=\"P_MS69e0955302e7f\" class=\"master-slider-parent msl ms-parent-id-64\" style=\"max-width:800px;\">\n\n\t\t\t\n\t\t\t<!-- MasterSlider Main -->\n\t\t\t<div id=\"MS69e0955302e7f\" class=\"master-slider ms-skin-default\" >\n\t\t\t\t \t\t\t\t \n\t\t\t\t<div  class=\"ms-slide\" data-delay=\"3\" data-fill-mode=\"fill\"  >\n\t\t\t\t\t<img decoding=\"async\" src=\"https:\/\/easda.es\/wp-content\/plugins\/master-slider\/public\/assets\/css\/blank.gif\" alt=\"\" title=\"\" data-src=\"https:\/\/easda.es\/wp-content\/uploads\/2024\/03\/Optativa_Posicionamiento.jpg\" \/>\n\n\n\t<div class=\"ms-thumb\" ><div class=\"ms-tab-context\"><div class=\"&quot;ms-tab-context&quot;\"><\/div><\/div>\n<\/div>\n\t\t\t\t<\/div>\n\n\t\t\t<\/div>\n\t\t\t<!-- END MasterSlider Main -->\n\n\t\t\t \n\t\t<\/div>\n\t\t<!-- END MasterSlider -->\n\n\t\t<script>\n\t\t(function ( $ ) {\n\t\t\t\"use strict\";\n\n\t\t\t$(function () {\n\t\t\t\tvar masterslider_2e7f = new MasterSlider();\n\n\t\t\t\t\/\/ slider controls\n\n\t\t\t\t\/\/ slider setup\n\t\t\t\tmasterslider_2e7f.setup(\"MS69e0955302e7f\", {\n\t\t\t\t\t\twidth           : 1200,\n\t\t\t\t\t\theight          : 600,\n\t\t\t\t\t\tminHeight       : 0,\n\t\t\t\t\t\tspace           : 0,\n\t\t\t\t\t\tstart           : 1,\n\t\t\t\t\t\tgrabCursor      : true,\n\t\t\t\t\t\tswipe           : true,\n\t\t\t\t\t\tmouse           : true,\n\t\t\t\t\t\tlayout          : \"boxed\",\n\t\t\t\t\t\twheel           : false,\n\t\t\t\t\t\tautoplay        : true,\n\t\t\t\t\t\tinstantStartLayers:false,\n\t\t\t\t\t\tloop            : true,\n\t\t\t\t\t\tshuffle         : false,\n\t\t\t\t\t\tpreload         : 0,\n\t\t\t\t\t\theightLimit     : true,\n\t\t\t\t\t\tautoHeight      : false,\n\t\t\t\t\t\tsmoothHeight    : true,\n\t\t\t\t\t\tendPause        : false,\n\t\t\t\t\t\toverPause       : false,\n\t\t\t\t\t\tfillMode        : \"fill\",\n\t\t\t\t\t\tcenterControls  : true,\n\t\t\t\t\t\tstartOnAppear   : false,\n\t\t\t\t\t\tlayersMode      : \"center\",\n\t\t\t\t\t\thideLayers      : false,\n\t\t\t\t\t\tfullscreenMargin: 0,\n\t\t\t\t\t\tspeed           : 20,\n\t\t\t\t\t\tdir             : \"h\",\n\t\t\t\t\t\tparallaxMode    : 'swipe',\n\t\t\t\t\t\tview            : \"fade\"\n\t\t\t\t});\n\n\t\t\t\t\n\t\t\t\twindow.masterslider_instances = window.masterslider_instances || [];\n\t\t\t\twindow.masterslider_instances.push( masterslider_2e7f );\n\t\t\t });\n\n\t\t})(jQuery);\n\t\t<\/script>\n\n<\/div>[vc_empty_space]<div class=\"qodef-section-title-holder  qodef-st-standard qodef-st-title-left qodef-st-normal-space \" >\n\t<div class=\"qodef-st-inner\">\n\t\t\t\t\t<h2 class=\"qodef-st-title\" >\n\t\t\t\tPosicionamiento SEO y SEM y Gesti\u00f3n de Redes Sociales\t\t\t<\/h2>\n\t\t\t\t\t<\/div>\n<\/div>[vc_empty_space][vc_column_text]<\/p>\n<p>Con el auge de internet y la transformaci\u00f3n digital, el perfil del consumidor ha cambiado radicalmente, dando lugar a nuevas estrategias y desaf\u00edos para las marcas y empresas. Esta asignatura se enfoca en entender al nuevo consumidor digital, sus h\u00e1bitos, preferencias y c\u00f3mo interact\u00faa con las marcas en l\u00ednea, as\u00ed como el entorno emprendedor en internet, proporcionando a los estudiantes las herramientas necesarias para lanzar y posicionar sus proyectos o negocios en la web.<\/p>\n<p>Se profundizar\u00e1 en t\u00e9cnicas y estrategias esenciales como el posicionamiento SEO (Search Engine Optimization), dividido en SEO on page, que se centra en optimizar elementos dentro del sitio web para mejorar su posici\u00f3n en los motores de b\u00fasqueda, y SEO off page, que trabaja los aspectos externos que afectan la percepci\u00f3n de los motores de b\u00fasqueda sobre el sitio.<\/p>\n<p>Asimismo, se explorar\u00e1 el posicionamiento SEM (Search Engine Marketing), estrategia clave para aumentar la visibilidad del sitio web a trav\u00e9s de la publicidad pagada en los motores de b\u00fasqueda. Este m\u00f3dulo ense\u00f1ar\u00e1 c\u00f3mo crear campa\u00f1as efectivas que maximicen el retorno de inversi\u00f3n.<\/p>\n<p>Finalmente, se cubrir\u00e1 la identificaci\u00f3n de perfiles de audiencia y la gesti\u00f3n de redes sociales, ense\u00f1ando a los estudiantes a analizar datos demogr\u00e1ficos y comportamentales para crear contenido relevante y personalizado, y a gestionar la comunicaci\u00f3n y el engagement con el p\u00fablico objetivo a trav\u00e9s de estas plataformas.<\/p>\n<h5><strong>Contenidos<\/strong><\/h5>\n<ul>\n<li>Claves del nuevo entorno digital. El entorno emprendedor en internet<\/li>\n<li>El nuevo consumidor digital. An\u00e1lisis.<\/li>\n<li>Posicionamiento SEO on page<\/li>\n<li>Posicionamiento SEO off page<\/li>\n<li>Posicionamiento SEM<\/li>\n<li>Conversi\u00f3n: Landing Pages<\/li>\n<li>Social media y perfiles de audiencia<\/li>\n<\/ul>\n<h5><strong>Resultados de aprendizaje<\/strong><\/h5>\n<ul>\n<li>Identificar las caracter\u00edsticas relevantes en el contexto econ\u00f3mico, social y cultural en que tiene lugar el dise\u00f1o.<\/li>\n<li>Utilizar los recursos empresariales (humanos, financieros, t\u00e9cnicos y de conocimiento) necesarios para alcanzar los objetivos previstos.<\/li>\n<li>Demostrar habilidades de liderazgo as\u00ed como de car\u00e1cter emprendedor para la organizaci\u00f3n y planificaci\u00f3n de actividades del entorno profesional.<\/li>\n<li>Dominar la metodolog\u00eda para plantear objetivos viables as\u00ed como para desarrollar y evaluar planes de actuaci\u00f3n para lograrlos.<\/li>\n<li>Dominar la metodolog\u00eda de toma de decisiones para administrar recursos disponibles escasos y para adaptarse a las demandas del mercado.<\/li>\n<li>Conocer los criterios de investigaci\u00f3n propia de acuerdo con las necesidades del proyecto.<\/li>\n<li>Utilizar la metodolog\u00eda para plantear objetivos viables as\u00ed como gestionar proyectos de dise\u00f1o y desarrollar planes de actuaci\u00f3n para conseguir los mismos.<\/li>\n<li>Saber c\u00f3mo gestionar la marca, la comunicaci\u00f3n y la reputaci\u00f3n corporativa en el entorno digital.<\/li>\n<li>Obtener un mapa completo del escenario digital y as\u00ed conocer todos los medios y herramientas que se pueden integrar en las estrategias de marketing y comunicaci\u00f3n: marketing viral, geolocalizaci\u00f3n, gamificaci\u00f3n, affiliate marketing, etc.<\/li>\n<li>Entender c\u00f3mo crear contenidos alineados con la estrategia de marketing online<\/li>\n<\/ul>\n<h5><strong>Imparte la asignatura<\/strong><\/h5>\n<p>Curso escolar 2025\/2026: Agust\u00edn Jauregui Serrano<br \/>\n[\/vc_column_text][\/vc_column][\/vc_row]<\/p>\n","protected":false},"excerpt":{"rendered":"<p>[vc_row][vc_column][vc_empty_space][vc_empty_space][vc_column_text] Con el auge de internet y la transformaci\u00f3n digital, el perfil del consumidor ha cambiado radicalmente, dando lugar a nuevas estrategias y desaf\u00edos para las marcas y empresas. Esta asignatura se enfoca en entender al nuevo consumidor digital, sus [&hellip;]<\/p>\n","protected":false},"author":8,"featured_media":0,"parent":0,"menu_order":0,"comment_status":"closed","ping_status":"closed","template":"","meta":{"footnotes":""},"class_list":["post-15803","page","type-page","status-publish","hentry"],"_links":{"self":[{"href":"https:\/\/easda.es\/index.php?rest_route=\/wp\/v2\/pages\/15803","targetHints":{"allow":["GET"]}}],"collection":[{"href":"https:\/\/easda.es\/index.php?rest_route=\/wp\/v2\/pages"}],"about":[{"href":"https:\/\/easda.es\/index.php?rest_route=\/wp\/v2\/types\/page"}],"author":[{"embeddable":true,"href":"https:\/\/easda.es\/index.php?rest_route=\/wp\/v2\/users\/8"}],"replies":[{"embeddable":true,"href":"https:\/\/easda.es\/index.php?rest_route=%2Fwp%2Fv2%2Fcomments&post=15803"}],"version-history":[{"count":4,"href":"https:\/\/easda.es\/index.php?rest_route=\/wp\/v2\/pages\/15803\/revisions"}],"predecessor-version":[{"id":19587,"href":"https:\/\/easda.es\/index.php?rest_route=\/wp\/v2\/pages\/15803\/revisions\/19587"}],"wp:attachment":[{"href":"https:\/\/easda.es\/index.php?rest_route=%2Fwp%2Fv2%2Fmedia&parent=15803"}],"curies":[{"name":"wp","href":"https:\/\/api.w.org\/{rel}","templated":true}]}}