{"id":15780,"date":"2024-03-05T10:30:34","date_gmt":"2024-03-05T09:30:34","guid":{"rendered":"https:\/\/easda.es\/?page_id=15780"},"modified":"2025-09-10T10:53:54","modified_gmt":"2025-09-10T08:53:54","slug":"grafismo-audiovisual","status":"publish","type":"page","link":"https:\/\/easda.es\/?page_id=15780","title":{"rendered":"Grafismo Audiovisual"},"content":{"rendered":"<p>[vc_row][vc_column][vc_empty_space]<div class=\"qodef-section-title-holder  qodef-st-standard qodef-st-title-left qodef-st-normal-space \" >\n\t<div class=\"qodef-st-inner\">\n\t\t\t\t\t<h2 class=\"qodef-st-title\" >\n\t\t\t\tGrafismo Audiovisual\t\t\t<\/h2>\n\t\t\t\t\t<\/div>\n<\/div>[vc_empty_space][vc_column_text]<\/p>\n<p>El objetivo de esta asignatura es aplicar el Dise\u00f1o Gr\u00e1fico a la industria audiovisual, en campos que abarcan la identidad y branding para TV, cabeceras de series y pel\u00edculas, videoclips, publicidad, audiovisuales corporativos, cortometrajes, etc.<\/p>\n<p>Se introduce al alumnado en los fundamentos del dise\u00f1o gr\u00e1fico en movimiento y se le capacita para el an\u00e1lisis cr\u00edtico de las diferentes aplicaciones en los medios de comunicaci\u00f3n.<\/p>\n<p>Adem\u00e1s, se hace hincapi\u00e9 en los procesos de producci\u00f3n y creaci\u00f3n de piezas gr\u00e1ficas en el entorno profesional, realizando proyectos haciendo uso correcto de las herramientas inform\u00e1ticas de creaci\u00f3n audiovisual.<\/p>\n<h5><strong>Contenidos<\/strong><\/h5>\n<p>UD1. El Grafismo Audiovisual<\/p>\n<p>&#8211; Definici\u00f3n y contextualizaci\u00f3n del t\u00e9rmino.<br \/>\n&#8211; Or\u00edgenes y evoluci\u00f3n hist\u00f3rica del grafismo audiovisual.<br \/>\n&#8211; Dise\u00f1adores clave.<br \/>\n&#8211; Funciones del grafismo audiovisual.<\/p>\n<p>UD2. Manifestaciones del grafismo audiovisual.<\/p>\n<p>&#8211; La televisi\u00f3n. Terminolog\u00eda de piezas gr\u00e1ficas en el\u00a0\u00e1mbito televisivo.<br \/>\n&#8211; El grafismo cinematogr\u00e1fico. Los t\u00edtulos de cr\u00e9dito.\u00a0Tipolog\u00eda y an\u00e1lisis de\u00a0casos pr\u00e1cticos.<br \/>\n&#8211; El videoclip, videoarte y otras aplicaciones\u00a0experimentales.<br \/>\n&#8211; Multimedia e interactividad.<\/p>\n<p>UD3. Elementos expresivos del grafismo audiovisual.<\/p>\n<p>&#8211; Espacio, tiempo, imagen, sonido, tipograf\u00eda y\u00a0movimiento.<br \/>\n&#8211; Creaci\u00f3n de estructuras audiovisuales para tv, cine, RRSS\u00a0u otros medios de video digital.<\/p>\n<p>UD4. El proceso creativo de producci\u00f3n en dise\u00f1o audiovisual.<\/p>\n<p>&#8211; La funci\u00f3n del director de arte.<br \/>\n&#8211; Fases de trabajo: de la idea al proyecto de dise\u00f1o\u00a0audiovisual.<br \/>\n&#8211; Planificaci\u00f3n y realizaci\u00f3n de un proyecto de grafismo\u00a0audiovisual.<\/p>\n<h5><strong>Resultados de aprendizaje<\/strong><\/h5>\n<p>&#8211; Comprende el origen y evoluci\u00f3n de los motion graphics\u00a0y su relaci\u00f3n con el medio audiovisual y fundamenta el\u00a0proceso de creaci\u00f3n propio a partir del an\u00e1lisis y reflexi\u00f3n de\u00a0piezas emblem\u00e1ticas.<br \/>\n&#8211; Combina eficazmente los elementos de la imagen, los\u00a0principios de espacio, de tiempo, de velocidad, la tipograf\u00eda,\u00a0el sonido y el movimiento, en la construcci\u00f3n de un discurso\u00a0gr\u00e1fico audiovisual, y de acuerdo a sus objetivos\u00a0comunicativos.<br \/>\n&#8211; Elabora una pieza de dise\u00f1o gr\u00e1fico audiovisual llevando\u00a0a cabo todas las etapas del proceso hasta la obtenci\u00f3n de un\u00a0producto acabado con calidad t\u00e9cnica y art\u00edstica.<br \/>\n&#8211; Sincroniza imagen y sonido para transformar las\u00a0animaciones y expresar sobre el medio audiovisual sus\u00a0emociones, creatividad e imaginaci\u00f3n.<\/p>\n<h5><strong>Imparte la asignatura<\/strong><\/h5>\n<p>Curso escolar 2025\/2026: Miquel Climent<\/p>\n<p>[\/vc_column_text][\/vc_column][\/vc_row]<\/p>\n","protected":false},"excerpt":{"rendered":"<p>[vc_row][vc_column][vc_empty_space][vc_empty_space][vc_column_text] El objetivo de esta asignatura es aplicar el Dise\u00f1o Gr\u00e1fico a la industria audiovisual, en campos que abarcan la identidad y branding para TV, cabeceras de series y pel\u00edculas, videoclips, publicidad, audiovisuales corporativos, cortometrajes, etc. Se introduce al alumnado [&hellip;]<\/p>\n","protected":false},"author":8,"featured_media":0,"parent":0,"menu_order":0,"comment_status":"closed","ping_status":"closed","template":"","meta":{"footnotes":""},"class_list":["post-15780","page","type-page","status-publish","hentry"],"_links":{"self":[{"href":"https:\/\/easda.es\/index.php?rest_route=\/wp\/v2\/pages\/15780","targetHints":{"allow":["GET"]}}],"collection":[{"href":"https:\/\/easda.es\/index.php?rest_route=\/wp\/v2\/pages"}],"about":[{"href":"https:\/\/easda.es\/index.php?rest_route=\/wp\/v2\/types\/page"}],"author":[{"embeddable":true,"href":"https:\/\/easda.es\/index.php?rest_route=\/wp\/v2\/users\/8"}],"replies":[{"embeddable":true,"href":"https:\/\/easda.es\/index.php?rest_route=%2Fwp%2Fv2%2Fcomments&post=15780"}],"version-history":[{"count":7,"href":"https:\/\/easda.es\/index.php?rest_route=\/wp\/v2\/pages\/15780\/revisions"}],"predecessor-version":[{"id":19584,"href":"https:\/\/easda.es\/index.php?rest_route=\/wp\/v2\/pages\/15780\/revisions\/19584"}],"wp:attachment":[{"href":"https:\/\/easda.es\/index.php?rest_route=%2Fwp%2Fv2%2Fmedia&parent=15780"}],"curies":[{"name":"wp","href":"https:\/\/api.w.org\/{rel}","templated":true}]}}