{"id":15714,"date":"2024-03-04T11:10:53","date_gmt":"2024-03-04T10:10:53","guid":{"rendered":"https:\/\/easda.es\/?page_id=15714"},"modified":"2025-09-10T11:26:02","modified_gmt":"2025-09-10T09:26:02","slug":"layout-y-rendering-2","status":"publish","type":"page","link":"https:\/\/easda.es\/?page_id=15714","title":{"rendered":"T\u00e9cnicas Gr\u00e1ficas Manuales de Layout y Rendering"},"content":{"rendered":"<p>[vc_row][vc_column]<div class=\"avt_masterslider_el \" >\n\t\t<!-- MasterSlider -->\n\t\t<div id=\"P_MS69e095433ce0a\" class=\"master-slider-parent msl ms-parent-id-47\" style=\"max-width:800px;\">\n\n\t\t\t\n\t\t\t<!-- MasterSlider Main -->\n\t\t\t<div id=\"MS69e095433ce0a\" class=\"master-slider ms-skin-default\" >\n\t\t\t\t \t\t\t\t \n\t\t\t\t<div  class=\"ms-slide\" data-delay=\"3\" data-fill-mode=\"fill\"  >\n\t\t\t\t\t<img decoding=\"async\" src=\"https:\/\/easda.es\/wp-content\/plugins\/master-slider\/public\/assets\/css\/blank.gif\" alt=\"\" title=\"\" data-src=\"https:\/\/easda.es\/wp-content\/uploads\/2020\/07\/Diccionario-color-Perles-1200x600.jpg\" \/>\n\n\n\t<div class=\"ms-thumb\" ><div class=\"ms-tab-context\"><div class=\"&quot;ms-tab-context&quot;\"><\/div><\/div>\n<\/div>\n\t\t\t\t<\/div>\n\t\t\t\t<div  class=\"ms-slide\" data-delay=\"3\" data-fill-mode=\"fill\"  >\n\t\t\t\t\t<img decoding=\"async\" src=\"https:\/\/easda.es\/wp-content\/plugins\/master-slider\/public\/assets\/css\/blank.gif\" alt=\"\" title=\"\" data-src=\"https:\/\/easda.es\/wp-content\/uploads\/2020\/07\/MOODBOARD.jpg\" \/>\n\n\n\t<div class=\"ms-thumb\" ><div class=\"ms-tab-context\"><div class=\"&quot;ms-tab-context&quot;\"><\/div><\/div>\n<\/div>\n\t\t\t\t<\/div>\n\t\t\t\t<div  class=\"ms-slide\" data-delay=\"3\" data-fill-mode=\"fill\"  >\n\t\t\t\t\t<img decoding=\"async\" src=\"https:\/\/easda.es\/wp-content\/plugins\/master-slider\/public\/assets\/css\/blank.gif\" alt=\"\" title=\"\" data-src=\"https:\/\/easda.es\/wp-content\/uploads\/2020\/07\/mural-definitivo.jpg\" \/>\n\n\n\t<div class=\"ms-thumb\" ><div class=\"ms-tab-context\"><div class=\"&quot;ms-tab-context&quot;\"><\/div><\/div>\n<\/div>\n\t\t\t\t<\/div>\n\n\t\t\t<\/div>\n\t\t\t<!-- END MasterSlider Main -->\n\n\t\t\t \n\t\t<\/div>\n\t\t<!-- END MasterSlider -->\n\n\t\t<script>\n\t\t(function ( $ ) {\n\t\t\t\"use strict\";\n\n\t\t\t$(function () {\n\t\t\t\tvar masterslider_ce0a = new MasterSlider();\n\n\t\t\t\t\/\/ slider controls\n\n\t\t\t\t\/\/ slider setup\n\t\t\t\tmasterslider_ce0a.setup(\"MS69e095433ce0a\", {\n\t\t\t\t\t\twidth           : 1200,\n\t\t\t\t\t\theight          : 600,\n\t\t\t\t\t\tminHeight       : 0,\n\t\t\t\t\t\tspace           : 0,\n\t\t\t\t\t\tstart           : 1,\n\t\t\t\t\t\tgrabCursor      : true,\n\t\t\t\t\t\tswipe           : true,\n\t\t\t\t\t\tmouse           : true,\n\t\t\t\t\t\tlayout          : \"boxed\",\n\t\t\t\t\t\twheel           : false,\n\t\t\t\t\t\tautoplay        : true,\n\t\t\t\t\t\tinstantStartLayers:false,\n\t\t\t\t\t\tloop            : true,\n\t\t\t\t\t\tshuffle         : false,\n\t\t\t\t\t\tpreload         : 0,\n\t\t\t\t\t\theightLimit     : true,\n\t\t\t\t\t\tautoHeight      : false,\n\t\t\t\t\t\tsmoothHeight    : true,\n\t\t\t\t\t\tendPause        : false,\n\t\t\t\t\t\toverPause       : false,\n\t\t\t\t\t\tfillMode        : \"fill\",\n\t\t\t\t\t\tcenterControls  : true,\n\t\t\t\t\t\tstartOnAppear   : false,\n\t\t\t\t\t\tlayersMode      : \"center\",\n\t\t\t\t\t\thideLayers      : false,\n\t\t\t\t\t\tfullscreenMargin: 0,\n\t\t\t\t\t\tspeed           : 20,\n\t\t\t\t\t\tdir             : \"h\",\n\t\t\t\t\t\tparallaxMode    : 'swipe',\n\t\t\t\t\t\tview            : \"fade\"\n\t\t\t\t});\n\n\t\t\t\t\n\t\t\t\twindow.masterslider_instances = window.masterslider_instances || [];\n\t\t\t\twindow.masterslider_instances.push( masterslider_ce0a );\n\t\t\t });\n\n\t\t})(jQuery);\n\t\t<\/script>\n\n<\/div>[vc_empty_space]<div class=\"qodef-section-title-holder  qodef-st-standard qodef-st-title-left qodef-st-normal-space \" >\n\t<div class=\"qodef-st-inner\">\n\t\t\t\t\t<h2 class=\"qodef-st-title\" >\n\t\t\t\tT\u00e9cnicas Gr\u00e1ficas Manuales de Layout y Rendering\t\t\t<\/h2>\n\t\t\t\t\t<\/div>\n<\/div>[vc_empty_space][vc_column_text]<\/p>\n<p>En esta asignatura aprender\u00e1s a realizar dibujos con t\u00e9cnica mixta manual, combinando rotulador, l\u00e1piz de color y pastel. En actividades pr\u00e1cticas pensadas para que desarrolles capacidades que te permitan entender y expresar el volumen y el espacio.<\/p>\n<h5><strong>CONTENIDOS<\/strong><\/h5>\n<p><strong>Transformaci\u00f3n de formas tridimensionales<\/strong><br \/>\n&#8211; Diferentes tipos de dibujo (bocetos y presentaci\u00f3n final).<br \/>\n&#8211; Visi\u00f3n tridimensional. Valoraci\u00f3n tonal.<br \/>\n&#8211; Indicadores gr\u00e1ficos de profundidad.<br \/>\n&#8211; Creaci\u00f3n de fondos y estudio de soportes.<br \/>\n&#8211; T\u00e9cnica mixta: rotulador y collage.<\/p>\n<p><strong>Texturas y materiales<\/strong><br \/>\n&#8211; Representaci\u00f3n de superficies y materiales.<br \/>\n&#8211; Representaci\u00f3n del espacio.<br \/>\n&#8211; T\u00e9cnica mixta: rotulador, collage, l\u00e1piz de color y pastel.<\/p>\n<p><strong>Ambientaci\u00f3n<\/strong><br \/>\n&#8211; Relaciones crom\u00e1ticas fondo-figura. Color psicol\u00f3gico y simb\u00f3lico.<br \/>\n&#8211; Creaci\u00f3n de fondos y estudio de soportes.<br \/>\n&#8211; Elementos de entorno y ambientaci\u00f3n.<br \/>\n&#8211; T\u00e9cnica mixta: rotulador, collage, l\u00e1piz de color y pastel.<br \/>\n&#8211; T\u00e9cnicas auxiliares: acuarela, gouache.<\/p>\n<h5><strong>Resultados de aprendizaje<br \/>\n<\/strong><\/h5>\n<ul>\n<li>Diferencias los tipos de dibujo que corresponden a cada fase del proyecto de dise\u00f1o.<\/li>\n<li>Dominar y combinar las t\u00e9cnicas gr\u00e1ficas empleadas: l\u00e1piz de grafito, l\u00e1piz de color, rotulador, pastel y collage.<\/li>\n<li>Estructurar elementos tridimensionales (figuras geom\u00e9tricas, muebles, calzado, veh\u00edculos, etc.).<\/li>\n<li>Representar texturas, materiales y elementos de ambientaci\u00f3n (figuras humanas y formas vegetales).<\/li>\n<li>Utilizar el color como recurso compositivo y expresivo.<\/li>\n<li>Comunicar con claridad la informaci\u00f3n.<\/li>\n<\/ul>\n<h5>Imparte la asignatura<\/h5>\n<p>Curso escolar 2025\/2026: Olga Diego<\/p>\n","protected":false},"excerpt":{"rendered":"<p>[vc_row][vc_column][vc_empty_space][vc_empty_space][vc_column_text] En esta asignatura aprender\u00e1s a realizar dibujos con t\u00e9cnica mixta manual, combinando rotulador, l\u00e1piz de color y pastel. En actividades pr\u00e1cticas pensadas para que desarrolles capacidades que te permitan entender y expresar el volumen y el espacio. CONTENIDOS Transformaci\u00f3n [&hellip;]<\/p>\n","protected":false},"author":8,"featured_media":0,"parent":0,"menu_order":0,"comment_status":"closed","ping_status":"closed","template":"","meta":{"footnotes":""},"class_list":["post-15714","page","type-page","status-publish","hentry"],"_links":{"self":[{"href":"https:\/\/easda.es\/index.php?rest_route=\/wp\/v2\/pages\/15714","targetHints":{"allow":["GET"]}}],"collection":[{"href":"https:\/\/easda.es\/index.php?rest_route=\/wp\/v2\/pages"}],"about":[{"href":"https:\/\/easda.es\/index.php?rest_route=\/wp\/v2\/types\/page"}],"author":[{"embeddable":true,"href":"https:\/\/easda.es\/index.php?rest_route=\/wp\/v2\/users\/8"}],"replies":[{"embeddable":true,"href":"https:\/\/easda.es\/index.php?rest_route=%2Fwp%2Fv2%2Fcomments&post=15714"}],"version-history":[{"count":10,"href":"https:\/\/easda.es\/index.php?rest_route=\/wp\/v2\/pages\/15714\/revisions"}],"predecessor-version":[{"id":19602,"href":"https:\/\/easda.es\/index.php?rest_route=\/wp\/v2\/pages\/15714\/revisions\/19602"}],"wp:attachment":[{"href":"https:\/\/easda.es\/index.php?rest_route=%2Fwp%2Fv2%2Fmedia&parent=15714"}],"curies":[{"name":"wp","href":"https:\/\/api.w.org\/{rel}","templated":true}]}}