{"id":14197,"date":"2023-04-05T11:45:38","date_gmt":"2023-04-05T09:45:38","guid":{"rendered":"https:\/\/easda.es\/?page_id=14197"},"modified":"2025-06-03T12:51:18","modified_gmt":"2025-06-03T10:51:18","slug":"matricula-postgrados","status":"publish","type":"page","link":"https:\/\/easda.es\/?page_id=14197","title":{"rendered":"Matr\u00edcula PostGrados"},"content":{"rendered":"<p>[vc_row][vc_column]<div class=\"qodef-section-title-holder  qodef-st-standard qodef-st-title-left qodef-st-normal-space \" >\n\t<div class=\"qodef-st-inner\">\n\t\t\t\t\t<h2 class=\"qodef-st-title\" >\n\t\t\t\tMatr\u00edcula PostGrados\t\t\t<\/h2>\n\t\t\t\t\t<\/div>\n<\/div>[vc_empty_space][vc_column_text]<\/p>\n<p>Una vez finalizados los periodos de <a href=\"https:\/\/easda.es\/?page_id=12113\" target=\"_blank\" rel=\"noopener\">inscripci\u00f3n<\/a> al M\u00e1ster de AyD para realidades extendidas y videojuegos, la Comisi\u00f3n Acad\u00e9mica del T\u00edtulo de M\u00e1ster publicar\u00e1 el listado de admitidos con la puntuaci\u00f3n obtenida de acuerdo al punto 4.3 de la <a href=\"https:\/\/easda.es\/wp-content\/uploads\/2022\/04\/VERIFICA_Memoria_EASDA_-Master_ArteyDisenoparaREyVideojuegos.pdf\" target=\"_blank\" rel=\"noopener\">memoria Verifica<\/a>.<\/p>\n<p>Junto con la publicaci\u00f3n de la lista de admitidos se publicar\u00e1 el horario y los d\u00edas en que el alumnado podr\u00e1 pasar por la secretar\u00eda del centro a formalizar su matr\u00edcula.<\/p>\n<p>Las matr\u00edculas se realizar\u00e1n en dos Fases:<\/p>\n<ul>\n<li>Fase de matr\u00edcula ONLINE. Se hace mediante la aplicaci\u00f3n web de Artic.<\/li>\n<li>Fase de aporte de la documentaci\u00f3n. Se aportar\u00e1 la documentaci\u00f3n requerida a la Administraci\u00f3n de la EASDA los d\u00edas asignados.<\/li>\n<\/ul>\n<p><em>***Si no vas a ocupar plaza,\u00a0<\/em><a href=\"https:\/\/easda.es\/wp-content\/uploads\/2023\/03\/RenunciaPlaza.pdf\">solicita la renuncia<\/a><em>\u00a0para que la plaza pueda ser ocupada por otra persona.<\/em><\/p>\n<p>La matr\u00edcula podr\u00e1 no tener efecto si no se completan ambas fases.<\/p>\n<p><strong>Fase de matr\u00edcula ONLINE<\/strong> (esta fase previa a la fase de aporte de documentaci\u00f3n es\u00a0<strong>imprescindible<\/strong>): se realizar\u00e1 los d\u00edas del <strong>14 al 21 de julio\u00a0de 2025<\/strong> (para el primer plazo) y del \u00a0<strong>22 al 26 de septiembre de 2025<\/strong> (para el segundo plazo).<\/p>\n<p>Todos est\u00e1is dados de alta en Artic, vuestro usuario es el DNI\/NIE\/Pasaporte y para la contrase\u00f1a, si no os acord\u00e1is, dale a\u00a0<em>He olvidado la contrase\u00f1a<\/em>.<\/p>\n<p><strong>Fase de aporte de la documentaci\u00f3n:<\/strong>\u00a0Deber\u00e9is aportar la siguiente documentaci\u00f3n:<\/p>\n<ul>\n<li>Certificado Acad\u00e9mico Original.<\/li>\n<li>DNI, Nie o Pasaporte Original.<\/li>\n<li>Copia y original del SIP*<\/li>\n<li>Dos fotos de carnet.<\/li>\n<li>Hoja de cesi\u00f3n y autorizaci\u00f3n de uso de los trabajos realizados por los alumnos\/as (<a href=\"https:\/\/easda.es\/wp-content\/uploads\/2022\/05\/CesionDerechos-EASDA.pdf\">enlace<\/a>).<\/li>\n<li>Resguardo de la Matr\u00edcula Impreso.<\/li>\n<li>Seguro Escolar, si eres menor de 28 a\u00f1os debes traer a la Administraci\u00f3n 1,12\u20ac exactos (no tenemos cambio).<\/li>\n<li>Tasas Administrativas (Esta tasa es obligatoria y la beca no la cubre. Consiste en apertura de expediente, 25,94\u20ac y expedici\u00f3n o renovaci\u00f3n de tarjetas, 2,26\u20ac) y su respectivo justificante de pago.<\/li>\n<li>Resguardo de la Solicitud de la Beca (no pagues la tasa de la matr\u00edcula ahora) o bien Tasa de la Matr\u00edcula (se puede pagar el 100% ahora o el 50% ahora y el otro 50% antes de las vacaciones de Navidad) y justificante de pago.<\/li>\n<li>Si se diera el caso, copia y original de la documentaci\u00f3n acreditativa de la excepci\u00f3n o bonificaci\u00f3n en las tasas.<\/li>\n<\/ul>\n<p>El d\u00eda para aportar la documentaci\u00f3n a Administraci\u00f3n (horario de 16:30 a 19:00 h) es:\u00a0<strong>Jueves, 5 de octubre 2025.<\/strong><\/p>\n<p>[vc_empty_space height=\u00bb6px\u00bb]<\/p>\n<p>Publicaci\u00f3n listados admitidos primer plazo: <strong>10 de julio 2025<\/strong>.<\/p>\n<p>Publicaci\u00f3n listados admitidos segundo plazo: <strong>19 de septiembre 2025<\/strong>.<\/p>\n<p>[vc_empty_space height=\u00bb50px\u00bb][vc_column_text]<\/p>\n","protected":false},"excerpt":{"rendered":"<p>[vc_row][vc_column][vc_empty_space][vc_column_text] Una vez finalizados los periodos de inscripci\u00f3n al M\u00e1ster de AyD para realidades extendidas y videojuegos, la Comisi\u00f3n Acad\u00e9mica del T\u00edtulo de M\u00e1ster publicar\u00e1 el listado de admitidos con la puntuaci\u00f3n obtenida de acuerdo al punto 4.3 de la [&hellip;]<\/p>\n","protected":false},"author":8,"featured_media":0,"parent":0,"menu_order":0,"comment_status":"closed","ping_status":"closed","template":"","meta":{"footnotes":""},"class_list":["post-14197","page","type-page","status-publish","hentry"],"_links":{"self":[{"href":"https:\/\/easda.es\/index.php?rest_route=\/wp\/v2\/pages\/14197","targetHints":{"allow":["GET"]}}],"collection":[{"href":"https:\/\/easda.es\/index.php?rest_route=\/wp\/v2\/pages"}],"about":[{"href":"https:\/\/easda.es\/index.php?rest_route=\/wp\/v2\/types\/page"}],"author":[{"embeddable":true,"href":"https:\/\/easda.es\/index.php?rest_route=\/wp\/v2\/users\/8"}],"replies":[{"embeddable":true,"href":"https:\/\/easda.es\/index.php?rest_route=%2Fwp%2Fv2%2Fcomments&post=14197"}],"version-history":[{"count":10,"href":"https:\/\/easda.es\/index.php?rest_route=\/wp\/v2\/pages\/14197\/revisions"}],"predecessor-version":[{"id":19075,"href":"https:\/\/easda.es\/index.php?rest_route=\/wp\/v2\/pages\/14197\/revisions\/19075"}],"wp:attachment":[{"href":"https:\/\/easda.es\/index.php?rest_route=%2Fwp%2Fv2%2Fmedia&parent=14197"}],"curies":[{"name":"wp","href":"https:\/\/api.w.org\/{rel}","templated":true}]}}