{"id":12319,"date":"2022-04-06T13:15:18","date_gmt":"2022-04-06T11:15:18","guid":{"rendered":"https:\/\/easda.es\/?page_id=12319"},"modified":"2025-05-08T14:21:00","modified_gmt":"2025-05-08T12:21:00","slug":"empresas-colaboradoras","status":"publish","type":"page","link":"https:\/\/easda.es\/?page_id=12319","title":{"rendered":"Empresas Colaboradoras"},"content":{"rendered":"<p>[vc_row][vc_column][vc_row_inner][vc_column_inner]<div class=\"qodef-section-title-holder  qodef-st-standard qodef-st-title-left qodef-st-normal-space \" >\n\t<div class=\"qodef-st-inner\">\n\t\t\t\t\t<h2 class=\"qodef-st-title\" >\n\t\t\t\tEmpresas Colaboradoras\t\t\t<\/h2>\n\t\t\t\t\t<\/div>\n<\/div>[vc_empty_space height=\u00bb24px\u00bb][vc_column_text]<\/p>\n<p><span style=\"font-weight: 400;\">El objetivo de este m\u00e1ster es preparar profesionales con los perfiles que demandan las empresas del sector, contando con su colaboraci\u00f3n en la impartici\u00f3n del m\u00e1ster, y donde el alumnado pueda realizar las pr\u00e1cticas que lo preparen para el ejercicio de actividades profesionales, facilitando de este modo su empleabilidad y fomentando su capacidad de emprendimiento.&nbsp;<\/span><\/p>\n<p><span style=\"font-weight: 400;\">El m\u00e1ster cuenta con profesionales de reconocido prestigio y con larga&nbsp; trayectoria profesional en empresas del \u00e1mbito de los videojuegos y realidades extendidas.<\/span><\/p>\n\n\n<div class=\"wp-block-group\"><div class=\"wp-block-group__inner-container is-layout-constrained wp-block-group-is-layout-constrained\">\n<figure class=\"wp-block-gallery has-nested-images columns-default is-cropped wp-block-gallery-2 is-layout-flex wp-block-gallery-is-layout-flex\">\n<figure class=\"wp-block-image size-full\"><img loading=\"lazy\" decoding=\"async\" width=\"1024\" height=\"427\" data-id=\"18863\" src=\"https:\/\/easda.es\/wp-content\/uploads\/2025\/05\/LogosMaster_Colaboradores.png\" alt=\"\" class=\"wp-image-18863\" srcset=\"https:\/\/easda.es\/wp-content\/uploads\/2025\/05\/LogosMaster_Colaboradores.png 1024w, https:\/\/easda.es\/wp-content\/uploads\/2025\/05\/LogosMaster_Colaboradores-300x125.png 300w, https:\/\/easda.es\/wp-content\/uploads\/2025\/05\/LogosMaster_Colaboradores-768x320.png 768w\" sizes=\"auto, (max-width: 1024px) 100vw, 1024px\" \/><\/figure>\n<\/figure>\n<\/div><\/div>\n","protected":false},"excerpt":{"rendered":"<p>[vc_row][vc_column][vc_row_inner][vc_column_inner][vc_empty_space height=\u00bb24px\u00bb][vc_column_text] El objetivo de este m\u00e1ster es preparar profesionales con los perfiles que demandan las empresas del sector, contando con su colaboraci\u00f3n en la impartici\u00f3n del m\u00e1ster, y donde el alumnado pueda realizar las pr\u00e1cticas que lo preparen para [&hellip;]<\/p>\n","protected":false},"author":8,"featured_media":0,"parent":2756,"menu_order":0,"comment_status":"closed","ping_status":"closed","template":"","meta":{"footnotes":""},"class_list":["post-12319","page","type-page","status-publish","hentry"],"_links":{"self":[{"href":"https:\/\/easda.es\/index.php?rest_route=\/wp\/v2\/pages\/12319","targetHints":{"allow":["GET"]}}],"collection":[{"href":"https:\/\/easda.es\/index.php?rest_route=\/wp\/v2\/pages"}],"about":[{"href":"https:\/\/easda.es\/index.php?rest_route=\/wp\/v2\/types\/page"}],"author":[{"embeddable":true,"href":"https:\/\/easda.es\/index.php?rest_route=\/wp\/v2\/users\/8"}],"replies":[{"embeddable":true,"href":"https:\/\/easda.es\/index.php?rest_route=%2Fwp%2Fv2%2Fcomments&post=12319"}],"version-history":[{"count":7,"href":"https:\/\/easda.es\/index.php?rest_route=\/wp\/v2\/pages\/12319\/revisions"}],"predecessor-version":[{"id":18865,"href":"https:\/\/easda.es\/index.php?rest_route=\/wp\/v2\/pages\/12319\/revisions\/18865"}],"up":[{"embeddable":true,"href":"https:\/\/easda.es\/index.php?rest_route=\/wp\/v2\/pages\/2756"}],"wp:attachment":[{"href":"https:\/\/easda.es\/index.php?rest_route=%2Fwp%2Fv2%2Fmedia&parent=12319"}],"curies":[{"name":"wp","href":"https:\/\/api.w.org\/{rel}","templated":true}]}}