{"id":12280,"date":"2022-04-06T12:09:29","date_gmt":"2022-04-06T10:09:29","guid":{"rendered":"https:\/\/easda.es\/?page_id=12280"},"modified":"2022-07-05T08:12:07","modified_gmt":"2022-07-05T06:12:07","slug":"ficha-resumen","status":"publish","type":"page","link":"https:\/\/easda.es\/?page_id=12280","title":{"rendered":"Ficha resumen"},"content":{"rendered":"<p>[vc_row][vc_column][vc_row_inner][vc_column_inner]<div class=\"qodef-section-title-holder  qodef-st-standard qodef-st-title-left qodef-st-normal-space \" >\n\t<div class=\"qodef-st-inner\">\n\t\t\t\t\t<h2 class=\"qodef-st-title\" >\n\t\t\t\tFicha resumen\t\t\t<\/h2>\n\t\t\t\t\t<\/div>\n<\/div>[vc_empty_space height=\u00bb24px\u00bb][vc_column_text]<\/p>\n<p><span style=\"font-weight: 400;\"><strong>T\u00edtulo:\u00a0<\/strong> M\u00e1ster en Ense\u00f1anzas Art\u00edsticas en Arte y Dise\u00f1o para Realidades Extendidas y Videojuegos.<\/span><\/p>\n<p><span style=\"font-weight: 400;\"><strong>Cr\u00e9ditos:<\/strong> 60 ECTS<\/span><\/p>\n<p><span style=\"font-weight: 400;\"><strong>Duraci\u00f3n:<\/strong> 1 curso, 2 semestres<\/span><\/p>\n<p><span style=\"font-weight: 400;\"><strong>Modalidad:<\/strong> presencial<\/span><\/p>\n<p><span style=\"font-weight: 400;\"><strong>Plazas de nuevo ingreso:<\/strong> 10<\/span><\/p>\n<p><span style=\"font-weight: 400;\"><strong>Idioma en el que se imparte:<\/strong> espa\u00f1ol<\/span><\/p>\n<p><span style=\"font-weight: 400;\"><strong>Orientaci\u00f3n del t\u00edtulo:<\/strong> profesional<\/span><\/p>\n<p><span style=\"font-weight: 400;\"><strong>Centro de Gesti\u00f3n:<\/strong> EASDA<\/span><\/p>\n<p><strong>Precio:<\/strong>\u00a0El precio del M\u00e1ster, equivalente a 60 cr\u00e9ditos, es de\u00a0<del>1.891,20\u20ac (31,52\u20ac por cr\u00e9dito)<\/del>\u00a0<strong>1.702,2\u20ac<\/strong>\u00a0(28,37\u20ac por cr\u00e9dito) (*p<em>or el DECRETO LEY 2\/2022 de 22 de abril, se aplicar\u00e1 una bonificaci\u00f3n del <strong>diez por ciento sobre las tasas devengadas durante el periodo comprendido desde el d\u00eda 2 de mayo de 2022 y el 31 de diciembre de 2022<\/strong>).<\/em><\/p>\n<p>[vc_empty_space height=\u00bb48px\u00bb]<\/p>\n","protected":false},"excerpt":{"rendered":"<p>[vc_row][vc_column][vc_row_inner][vc_column_inner][vc_empty_space height=\u00bb24px\u00bb][vc_column_text] T\u00edtulo:\u00a0 M\u00e1ster en Ense\u00f1anzas Art\u00edsticas en Arte y Dise\u00f1o para Realidades Extendidas y Videojuegos. Cr\u00e9ditos: 60 ECTS Duraci\u00f3n: 1 curso, 2 semestres Modalidad: presencial Plazas de nuevo ingreso: 10 Idioma en el que se imparte: espa\u00f1ol Orientaci\u00f3n del [&hellip;]<\/p>\n","protected":false},"author":8,"featured_media":0,"parent":2756,"menu_order":0,"comment_status":"closed","ping_status":"closed","template":"","meta":{"footnotes":""},"class_list":["post-12280","page","type-page","status-publish","hentry"],"_links":{"self":[{"href":"https:\/\/easda.es\/index.php?rest_route=\/wp\/v2\/pages\/12280","targetHints":{"allow":["GET"]}}],"collection":[{"href":"https:\/\/easda.es\/index.php?rest_route=\/wp\/v2\/pages"}],"about":[{"href":"https:\/\/easda.es\/index.php?rest_route=\/wp\/v2\/types\/page"}],"author":[{"embeddable":true,"href":"https:\/\/easda.es\/index.php?rest_route=\/wp\/v2\/users\/8"}],"replies":[{"embeddable":true,"href":"https:\/\/easda.es\/index.php?rest_route=%2Fwp%2Fv2%2Fcomments&post=12280"}],"version-history":[{"count":17,"href":"https:\/\/easda.es\/index.php?rest_route=\/wp\/v2\/pages\/12280\/revisions"}],"predecessor-version":[{"id":13181,"href":"https:\/\/easda.es\/index.php?rest_route=\/wp\/v2\/pages\/12280\/revisions\/13181"}],"up":[{"embeddable":true,"href":"https:\/\/easda.es\/index.php?rest_route=\/wp\/v2\/pages\/2756"}],"wp:attachment":[{"href":"https:\/\/easda.es\/index.php?rest_route=%2Fwp%2Fv2%2Fmedia&parent=12280"}],"curies":[{"name":"wp","href":"https:\/\/api.w.org\/{rel}","templated":true}]}}