{"id":12166,"date":"2022-03-29T14:26:17","date_gmt":"2022-03-29T12:26:17","guid":{"rendered":"https:\/\/easda.es\/?page_id=12166"},"modified":"2026-03-25T09:03:31","modified_gmt":"2026-03-25T08:03:31","slug":"preguntas-frecuentes-postgrados","status":"publish","type":"page","link":"https:\/\/easda.es\/?page_id=12166","title":{"rendered":"Preguntas frecuentes Postgrados"},"content":{"rendered":"<p>[vc_row gap=\u00bb30&#8243;][vc_column][vc_row_inner]<\/p>\n<p>[vc_column_inner]<div class=\"qodef-section-title-holder  qodef-st-standard qodef-st-title-left qodef-st-normal-space \" >\n\t<div class=\"qodef-st-inner\">\n\t\t\t\t\t<h2 class=\"qodef-st-title\" >\n\t\t\t\t\u00bfQu\u00e9 es el Espacio Europeo de Ense\u00f1anza Superior (EEES)?\t\t\t<\/h2>\n\t\t\t\t\t<\/div>\n<\/div>[vc_empty_space][vc_column_text]Es el conjunto formado por todos los pa\u00edses que se han sumado a los acuerdos iniciados con la\u00a0<a href=\"https:\/\/ec.europa.eu\/education\/policies\/higher-education\/bologna-process-and-european-higher-education-area_es\" target=\"_blank\" rel=\"noopener noreferrer\">Declaraci\u00f3n de Bolonia<\/a>\u00a0(en 1999). En el EEES est\u00e1n incluidos todos los miembros de la Uni\u00f3n Europea y, adem\u00e1s, otras muchas naciones, tales como Suiza, Noruega, Rusia, etc\u00e9tera.[\/vc_column_text][vc_empty_space][\/vc_column_inner][\/vc_row_inner][vc_row_inner]<\/p>\n<p>[vc_column_inner]<div class=\"qodef-section-title-holder  qodef-st-standard qodef-st-title-left qodef-st-normal-space \" >\n\t<div class=\"qodef-st-inner\">\n\t\t\t\t\t<h2 class=\"qodef-st-title\" >\n\t\t\t\t\u00bfCu\u00e1nto cuesta estudiar un M\u00e1ster en Dise\u00f1o?\t\t\t<\/h2>\n\t\t\t\t\t<\/div>\n<\/div>[vc_empty_space][vc_column_text]<\/p>\n<p><span style=\"font-weight: 400;\">Al ser unos estudios oficiales su precio es el que fija la Generalitat Valenciana para este nivel de ense\u00f1anza. Por lo tanto, su coste no depende del mercado, ni de las decisiones de una empresa, sino de su categor\u00eda acad\u00e9mica y su car\u00e1cter oficial. El precio del M\u00e1ster, equivalente a 60 cr\u00e9ditos, es de <del>1.891,20\u20ac (31,52\u20ac por cr\u00e9dito)<\/del> <strong>1.702,2\u20ac<\/strong> (28,37\u20ac por cr\u00e9dito) (*p<em>or el DECRETO LEY 2\/2022, de 22 de abril, del Consell para la reducci\u00f3n temporal del importe de las tasas propias y precios p\u00fablicos de la Generalitat para hacer frente al impacto de la inflaci\u00f3n, se aplicar\u00e1 una bonificaci\u00f3n del <strong>diez por ciento sobre las tasas devengadas durante el periodo comprendido desde el d\u00eda 2 de mayo de 2022 y el 31 de diciembre de 2022<\/strong>).<\/em><\/span><\/p>\n<p>[\/vc_column_text][vc_empty_space][\/vc_column_inner][\/vc_row_inner][vc_row_inner]<\/p>\n<p>[vc_row_inner][vc_column_inner]<div class=\"qodef-section-title-holder  qodef-st-standard qodef-st-title-left qodef-st-normal-space \" >\n\t<div class=\"qodef-st-inner\">\n\t\t\t\t\t<h2 class=\"qodef-st-title\" >\n\t\t\t\t\u00bfQu\u00e9 horario tiene el M\u00e1ster?\t\t\t<\/h2>\n\t\t\t\t\t<\/div>\n<\/div>[vc_empty_space][vc_column_text]<\/p>\n<p><span style=\"font-weight: 400;\">Las clases son en horario de tardes, a partir de las 15 horas. Son unas 24 sesiones por semana, dos o tres asignaturas por d\u00eda. Ten en cuenta que en cada cr\u00e9dito ECTS hay una parte presencial en la EASDA, y otra parte de trabajo aut\u00f3nomo.<\/span><\/p>\n<p>[\/vc_column_text][vc_empty_space][\/vc_column_inner][\/vc_row_inner]<\/p>\n<p>[vc_row_inner][vc_column_inner]<div class=\"qodef-section-title-holder  qodef-st-standard qodef-st-title-left qodef-st-normal-space \" >\n\t<div class=\"qodef-st-inner\">\n\t\t\t\t\t<h2 class=\"qodef-st-title\" >\n\t\t\t\t\u00bfEn qu\u00e9 idioma se imparten las clases?\t\t\t<\/h2>\n\t\t\t\t\t<\/div>\n<\/div>[vc_empty_space][vc_column_text]<\/p>\n<p><span style=\"font-weight: 400;\">Se imparten en castellano o valenciano, seg\u00fan el alumnado de la clase. El alumnado puede dirigirse al profesorado indistintamente en una u otra lengua. Comprensi\u00f3n lectora en Ingl\u00e9s (algunos de los recursos y materiales que se trabajar\u00e1n pueden utilizar esta lengua).<br \/>\n<\/span>[\/vc_column_text][vc_empty_space][\/vc_column_inner][\/vc_row_inner]<\/p>\n<p>[vc_row_inner][vc_column_inner]<div class=\"qodef-section-title-holder  qodef-st-standard qodef-st-title-left qodef-st-normal-space \" >\n\t<div class=\"qodef-st-inner\">\n\t\t\t\t\t<h2 class=\"qodef-st-title\" >\n\t\t\t\t\u00bfNecesitas m\u00e1s informaci\u00f3n sobre el m\u00e1ster?\t\t\t<\/h2>\n\t\t\t\t\t<\/div>\n<\/div>[vc_empty_space][vc_column_text]<\/p>\n<p>Si tienes cualquier otra duda puedes ponerte en contacto con nosotros en el siguiente correo: <strong><a href=\"mailto:master.adrev@easda.es\" target=\"_blank\" rel=\"noreferrer noopener\">easdalacant.titols@iseacv.gva.es<\/a><\/strong><\/p>\n","protected":false},"excerpt":{"rendered":"<p>[vc_row gap=\u00bb30&#8243;][vc_column][vc_row_inner] [vc_column_inner][vc_empty_space][vc_column_text]Es el conjunto formado por todos los pa\u00edses que se han sumado a los acuerdos iniciados con la\u00a0Declaraci\u00f3n de Bolonia\u00a0(en 1999). En el EEES est\u00e1n incluidos todos los miembros de la Uni\u00f3n Europea y, adem\u00e1s, otras muchas naciones, [&hellip;]<\/p>\n","protected":false},"author":8,"featured_media":0,"parent":2756,"menu_order":0,"comment_status":"closed","ping_status":"closed","template":"","meta":{"footnotes":""},"class_list":["post-12166","page","type-page","status-publish","hentry"],"_links":{"self":[{"href":"https:\/\/easda.es\/index.php?rest_route=\/wp\/v2\/pages\/12166","targetHints":{"allow":["GET"]}}],"collection":[{"href":"https:\/\/easda.es\/index.php?rest_route=\/wp\/v2\/pages"}],"about":[{"href":"https:\/\/easda.es\/index.php?rest_route=\/wp\/v2\/types\/page"}],"author":[{"embeddable":true,"href":"https:\/\/easda.es\/index.php?rest_route=\/wp\/v2\/users\/8"}],"replies":[{"embeddable":true,"href":"https:\/\/easda.es\/index.php?rest_route=%2Fwp%2Fv2%2Fcomments&post=12166"}],"version-history":[{"count":20,"href":"https:\/\/easda.es\/index.php?rest_route=\/wp\/v2\/pages\/12166\/revisions"}],"predecessor-version":[{"id":20949,"href":"https:\/\/easda.es\/index.php?rest_route=\/wp\/v2\/pages\/12166\/revisions\/20949"}],"up":[{"embeddable":true,"href":"https:\/\/easda.es\/index.php?rest_route=\/wp\/v2\/pages\/2756"}],"wp:attachment":[{"href":"https:\/\/easda.es\/index.php?rest_route=%2Fwp%2Fv2%2Fmedia&parent=12166"}],"curies":[{"name":"wp","href":"https:\/\/api.w.org\/{rel}","templated":true}]}}